{"id":34655,"date":"2025-04-07T07:39:54","date_gmt":"2025-04-07T07:39:54","guid":{"rendered":"https:\/\/nordiskemediehus.dk\/?page_id=34655"},"modified":"2026-03-13T06:45:59","modified_gmt":"2026-03-13T06:45:59","slug":"redaktionerne","status":"publish","type":"page","link":"https:\/\/nordiskemediehus.dk\/en\/redaktionerne\/","title":{"rendered":"Redaktionerne"},"content":{"rendered":"<div data-elementor-type=\"wp-page\" data-elementor-id=\"34655\" class=\"elementor elementor-34655\" data-elementor-post-type=\"page\">\n\t\t\t\t<div class=\"elementor-element elementor-element-e002136 e-flex e-con-boxed e-con e-parent\" data-id=\"e002136\" data-element_type=\"container\" data-settings=\"{&quot;container_type&quot;:&quot;flex&quot;,&quot;content_width&quot;:&quot;boxed&quot;}\" data-core-v316-plus=\"true\">\n\t\t\t\t\t<div class=\"e-con-inner\">\n\t\t<div class=\"elementor-element elementor-element-0ff5375 e-flex e-con-boxed e-con e-child\" data-id=\"0ff5375\" data-element_type=\"container\" data-settings=\"{&quot;container_type&quot;:&quot;flex&quot;,&quot;content_width&quot;:&quot;boxed&quot;}\">\n\t\t\t\t\t<div class=\"e-con-inner\">\n\t\t\t\t<div class=\"elementor-element elementor-element-242efc9 elementor-widget elementor-widget-heading\" data-id=\"242efc9\" data-element_type=\"widget\" data-widget_type=\"heading.default\">\n\t\t\t\t<div class=\"elementor-widget-container\">\n\t\t\t<style>\/*! elementor - v3.19.0 - 28-02-2024 *\/\n.elementor-heading-title{padding:0;margin:0;line-height:1}.elementor-widget-heading .elementor-heading-title[class*=elementor-size-]>a{color:inherit;font-size:inherit;line-height:inherit}.elementor-widget-heading .elementor-heading-title.elementor-size-small{font-size:15px}.elementor-widget-heading .elementor-heading-title.elementor-size-medium{font-size:19px}.elementor-widget-heading .elementor-heading-title.elementor-size-large{font-size:29px}.elementor-widget-heading .elementor-heading-title.elementor-size-xl{font-size:39px}.elementor-widget-heading .elementor-heading-title.elementor-size-xxl{font-size:59px}<\/style><h2 class=\"elementor-heading-title elementor-size-default\">Contact the editorial teams at Nordiske Medier <\/h2>\t\t<\/div>\n\t\t\t\t<\/div>\n\t\t\t\t\t<\/div>\n\t\t\t\t<\/div>\n\t\t\t\t\t<\/div>\n\t\t\t\t<\/div>\n\t\t<div class=\"elementor-element elementor-element-daf1e54 e-flex e-con-boxed e-con e-parent\" data-id=\"daf1e54\" data-element_type=\"container\" data-settings=\"{&quot;container_type&quot;:&quot;flex&quot;,&quot;content_width&quot;:&quot;boxed&quot;}\" data-core-v316-plus=\"true\">\n\t\t\t\t\t<div class=\"e-con-inner\">\n\t\t<div class=\"elementor-element elementor-element-1ceb5e2 e-con-full e-flex e-con e-child\" data-id=\"1ceb5e2\" data-element_type=\"container\" data-settings=\"{&quot;content_width&quot;:&quot;full&quot;,&quot;container_type&quot;:&quot;flex&quot;}\">\n\t\t<div class=\"elementor-element elementor-element-14953a4 e-flex e-con-boxed e-con e-child\" data-id=\"14953a4\" data-element_type=\"container\" data-settings=\"{&quot;container_type&quot;:&quot;flex&quot;,&quot;content_width&quot;:&quot;boxed&quot;}\">\n\t\t\t\t\t<div class=\"e-con-inner\">\n\t\t\t\t<div class=\"elementor-element elementor-element-d391e5d elementor-widget__width-initial elementor-widget elementor-widget-text-editor\" data-id=\"d391e5d\" data-element_type=\"widget\" data-widget_type=\"text-editor.default\">\n\t\t\t\t<div class=\"elementor-widget-container\">\n\t\t\t<style>\/*! elementor - v3.19.0 - 28-02-2024 *\/\n.elementor-widget-text-editor.elementor-drop-cap-view-stacked .elementor-drop-cap{background-color:#69727d;color:#fff}.elementor-widget-text-editor.elementor-drop-cap-view-framed .elementor-drop-cap{color:#69727d;border:3px solid;background-color:transparent}.elementor-widget-text-editor:not(.elementor-drop-cap-view-default) .elementor-drop-cap{margin-top:8px}.elementor-widget-text-editor:not(.elementor-drop-cap-view-default) .elementor-drop-cap-letter{width:1em;height:1em}.elementor-widget-text-editor .elementor-drop-cap{float:left;text-align:center;line-height:1;font-size:50px}.elementor-widget-text-editor .elementor-drop-cap-letter{display:inline-block}<\/style>\t\t\t\t<h3><strong>Do you have a relevant news story from your company?<\/strong><\/h3><p>Feel free to tip us via the email addresses below. We review all press releases and inquiries and assess whether \u2013 and when \u2013 the story fits into our daily industry news.<\/p><p>You don\u2019t need to send a finished press release. A few key points are often enough. We also welcome images \u2014 just note that we use a wide format.<\/p><p><b>S\u00f8ren Dietrichsen <\/b>is the editor-in-chief for all media and can be contacted at the following email: <span style=\"text-decoration: underline;\"><strong><a href=\"mailto:sd@nordiskemedier.dk\">sd@nordiskemedier.dk<\/a><\/strong><\/span><\/p>\t\t\t\t\t\t<\/div>\n\t\t\t\t<\/div>\n\t\t\t\t\t<\/div>\n\t\t\t\t<\/div>\n\t\t\t\t<\/div>\n\t\t\t\t\t<\/div>\n\t\t\t\t<\/div>\n\t\t<div class=\"elementor-element elementor-element-ef33945 e-grid e-con-boxed e-con e-parent\" data-id=\"ef33945\" data-element_type=\"container\" data-settings=\"{&quot;container_type&quot;:&quot;grid&quot;,&quot;grid_columns_grid&quot;:{&quot;unit&quot;:&quot;fr&quot;,&quot;size&quot;:&quot;3&quot;,&quot;sizes&quot;:[]},&quot;grid_rows_grid&quot;:{&quot;unit&quot;:&quot;fr&quot;,&quot;size&quot;:&quot;1&quot;,&quot;sizes&quot;:[]},&quot;grid_rows_grid_mobile&quot;:{&quot;unit&quot;:&quot;fr&quot;,&quot;size&quot;:&quot;1&quot;,&quot;sizes&quot;:[]},&quot;content_width&quot;:&quot;boxed&quot;,&quot;grid_outline&quot;:&quot;yes&quot;,&quot;grid_columns_grid_tablet&quot;:{&quot;unit&quot;:&quot;fr&quot;,&quot;size&quot;:&quot;&quot;,&quot;sizes&quot;:[]},&quot;grid_columns_grid_mobile&quot;:{&quot;unit&quot;:&quot;fr&quot;,&quot;size&quot;:1,&quot;sizes&quot;:[]},&quot;grid_rows_grid_tablet&quot;:{&quot;unit&quot;:&quot;fr&quot;,&quot;size&quot;:&quot;&quot;,&quot;sizes&quot;:[]},&quot;grid_auto_flow&quot;:&quot;row&quot;,&quot;grid_auto_flow_tablet&quot;:&quot;row&quot;,&quot;grid_auto_flow_mobile&quot;:&quot;row&quot;}\" data-core-v316-plus=\"true\">\n\t\t\t\t\t<div class=\"e-con-inner\">\n\t\t\t\t<div class=\"elementor-element elementor-element-4816e08 elementor-widget elementor-widget-text-editor\" data-id=\"4816e08\" data-element_type=\"widget\" data-widget_type=\"text-editor.default\">\n\t\t\t\t<div class=\"elementor-widget-container\">\n\t\t\t\t\t\t\t<h3><strong>City editorial teams\u00a0<\/strong><\/h3><p><strong>Editor Andrea Jessen Vestergaard\u00a0<br \/><\/strong>Mail: <span style=\"text-decoration: underline;\"><a href=\"mailto:aja@nordiskemedier.dk\">aja@nordiskemedier.dk<\/a><br \/><\/span>Phone: <a href=\"tel: 4528570911\"><span style=\"text-decoration: underline;\">+45 28 57 09 11<\/span><\/a><\/p><h5><strong>Contact the editorial teams directly\u00a0<\/strong><\/h5><ul><li>Building Supply:\u00a0<span style=\"text-decoration: underline;\"><a href=\"mailto:redaktionen@building-supply.dk\">redaktionen@building-supply.dk<\/a><\/span><\/li><li>Licitationen:\u00a0<span style=\"text-decoration: underline;\"><a href=\"mailto:redaktionen@licitationen.dk\">redaktionen@licitationen.dk<\/a><\/span>\u00a0<\/li><li>Wood Supply: <span style=\"text-decoration: underline;\"><a href=\"mailto:redaktionen@wood-supply.dk\">redaktionen@wood-supply.dk<\/a><\/span><\/li><\/ul>\t\t\t\t\t\t<\/div>\n\t\t\t\t<\/div>\n\t\t\t\t<div class=\"elementor-element elementor-element-99da25e elementor-widget elementor-widget-text-editor\" data-id=\"99da25e\" data-element_type=\"widget\" data-widget_type=\"text-editor.default\">\n\t\t\t\t<div class=\"elementor-widget-container\">\n\t\t\t\t\t\t\t<h3><strong>The transport editorial teams<\/strong><\/h3><p><strong>Editor <!--StartFragment --><span class=\"cf0\">Nicolai \u00d8stergaard<br \/><\/span><\/strong>Mail: <span style=\"text-decoration: underline;\"><a href=\"mailto:nos@nordiskemedier.dk\">nos@nordiskemedier.dk<\/a><br \/><\/span>Phone: <a href=\"tel: 4526198657\"><span style=\"text-decoration: underline;\">+45 26 19 86 57<\/span><\/a><\/p><p><!--EndFragment --><\/p><h5><strong>Contact the editorial teams directly\u00a0<\/strong><\/h5><ul><li>Lastbil Magasinet: <span style=\"text-decoration: underline;\"><a href=\"mailto:red_lastbilmagasinet@nordiskemedier.dk\">red_lastbilmagasinet@nordiskemedier.dk<\/a><\/span>\u00a0<\/li><li>S\u00f8fart: <span style=\"text-decoration: underline;\"><a href=\"mailto:redaktionen@soefart.dk\">redaktionen@soefart.dk<\/a><\/span>\u00a0<\/li><li>Transportmagasinet: <span style=\"text-decoration: underline;\"><a href=\"mailto:redaktionen@transportmagasinet.dk\">redaktionen@transportmagasinet.dk<\/a><\/span>\u00a0<\/li><\/ul>\t\t\t\t\t\t<\/div>\n\t\t\t\t<\/div>\n\t\t\t\t<div class=\"elementor-element elementor-element-f73abe5 elementor-widget elementor-widget-text-editor\" data-id=\"f73abe5\" data-element_type=\"widget\" data-widget_type=\"text-editor.default\">\n\t\t\t\t<div class=\"elementor-widget-container\">\n\t\t\t\t\t\t\t<h3><strong>The motor editorial team<\/strong><\/h3><p><strong>Editor Bo Christensen\u00a0<br \/><\/strong>Mail: <span style=\"text-decoration: underline;\"><a href=\"mailto:boch@nordiskemedier.dk\">boch@nordiskemedier.dk<\/a><br \/><\/span>Phone: <a href=\"tel: 4528588843\"><span style=\"text-decoration: underline;\">+45 28 58 88 43<\/span><\/a><\/p><h5><strong>Contact the editorial team directly\u00a0<\/strong><\/h5><ul><li>Motor-magasinet: <span style=\"text-decoration: underline;\"><a href=\"mailto:redaktionen@motormagasinet.dk\">redaktionen@motormagasinet.dk<\/a><\/span><\/li><\/ul>\t\t\t\t\t\t<\/div>\n\t\t\t\t<\/div>\n\t\t\t\t\t<\/div>\n\t\t\t\t<\/div>\n\t\t<div class=\"elementor-element elementor-element-4259db3 e-grid e-con-boxed e-con e-parent\" data-id=\"4259db3\" data-element_type=\"container\" data-settings=\"{&quot;container_type&quot;:&quot;grid&quot;,&quot;grid_columns_grid&quot;:{&quot;unit&quot;:&quot;fr&quot;,&quot;size&quot;:&quot;3&quot;,&quot;sizes&quot;:[]},&quot;grid_rows_grid&quot;:{&quot;unit&quot;:&quot;fr&quot;,&quot;size&quot;:&quot;1&quot;,&quot;sizes&quot;:[]},&quot;grid_rows_grid_mobile&quot;:{&quot;unit&quot;:&quot;fr&quot;,&quot;size&quot;:&quot;1&quot;,&quot;sizes&quot;:[]},&quot;content_width&quot;:&quot;boxed&quot;,&quot;grid_outline&quot;:&quot;yes&quot;,&quot;grid_columns_grid_tablet&quot;:{&quot;unit&quot;:&quot;fr&quot;,&quot;size&quot;:&quot;&quot;,&quot;sizes&quot;:[]},&quot;grid_columns_grid_mobile&quot;:{&quot;unit&quot;:&quot;fr&quot;,&quot;size&quot;:1,&quot;sizes&quot;:[]},&quot;grid_rows_grid_tablet&quot;:{&quot;unit&quot;:&quot;fr&quot;,&quot;size&quot;:&quot;&quot;,&quot;sizes&quot;:[]},&quot;grid_auto_flow&quot;:&quot;row&quot;,&quot;grid_auto_flow_tablet&quot;:&quot;row&quot;,&quot;grid_auto_flow_mobile&quot;:&quot;row&quot;}\" data-core-v316-plus=\"true\">\n\t\t\t\t\t<div class=\"e-con-inner\">\n\t\t\t\t<div class=\"elementor-element elementor-element-3169468 elementor-widget elementor-widget-text-editor\" data-id=\"3169468\" data-element_type=\"widget\" data-widget_type=\"text-editor.default\">\n\t\t\t\t<div class=\"elementor-widget-container\">\n\t\t\t\t\t\t\t<h3><strong>The industry editorial teams<\/strong><\/h3><p><strong>Editor Jesper Ludvigsen<br \/><\/strong>Mail:\u00a0<span style=\"text-decoration: underline;\"><a href=\"mailto:jelu@nordiskemedier.dk\">jelu@nordiskemedier.dk<\/a><br \/><\/span>Phone: <a href=\"tel: 4520244111\"><span style=\"text-decoration: underline;\">+45 20 24 41 11<\/span><\/a><\/p><h5><strong>Contact the editorial teams directly<\/strong><\/h5><ul><li>Energy Supply: <span style=\"text-decoration: underline;\"><a href=\"mailto:redaktionen@energy-supply.dk\">redaktionen@energy-supply.dk<\/a><\/span><\/li><li>Food Supply: <span style=\"text-decoration: underline;\"><a href=\"mailto:redaktionen@food-supply.dk\">redaktionen@food-supply.dk<\/a><\/span><\/li><li>Metal Supply: <span style=\"text-decoration: underline;\"><a href=\"mailto:redaktionen@metal-supply.dk\">redaktionen@metal-supply.dk<\/a><\/span>\u00a0<\/li><li>Plastforum: <span style=\"text-decoration: underline;\"><a href=\"mailto:redaktionen@plastforum.dk\">redaktionen@plastforum.dk<\/a><\/span>\u00a0<\/li><li>RetailNews: <span style=\"text-decoration: underline;\"><a href=\"mailto:redaktionen@retailnews.dk\">redaktionen@retailnews.dk<\/a><\/span>\u00a0<\/li><\/ul>\t\t\t\t\t\t<\/div>\n\t\t\t\t<\/div>\n\t\t\t\t<div class=\"elementor-element elementor-element-54e1b49 elementor-widget elementor-widget-text-editor\" data-id=\"54e1b49\" data-element_type=\"widget\" data-widget_type=\"text-editor.default\">\n\t\t\t\t<div class=\"elementor-widget-container\">\n\t\t\t\t\t\t\t<h3><strong>The electronics and pharmaceutical editorial teams<\/strong><\/h3><p><strong>Editor Jesper Ludvigsen<br \/><\/strong>Mail: <span style=\"text-decoration: underline;\"><a href=\"mailto:jelu@nordiskemedier.dk\">jelu@nordiskemedier.dk<\/a><br \/><\/span>Phone: <a href=\"tel: 4520244111\"><span style=\"text-decoration: underline;\">+45 20 24 41 11<\/span><\/a><\/p><h5><strong>Contact the editorial teams directly<\/strong><\/h5><ul><li>Electronic Supply: <span style=\"text-decoration: underline;\"><a href=\"mailto:redaktionen@electronic-supply.dk\">redaktionen@electronic-supply.dk<\/a><\/span>\u00a0<\/li><li>MedTechNews: <span style=\"text-decoration: underline;\"><a href=\"mailto:redaktionen@medtechnews.dk\" target=\"_blank\" rel=\"noopener\">redaktionen@medtechnews.dk<\/a><\/span><\/li><\/ul>\t\t\t\t\t\t<\/div>\n\t\t\t\t<\/div>\n\t\t\t\t<div class=\"elementor-element elementor-element-9dd1c1a elementor-widget elementor-widget-text-editor\" data-id=\"9dd1c1a\" data-element_type=\"widget\" data-widget_type=\"text-editor.default\">\n\t\t\t\t<div class=\"elementor-widget-container\">\n\t\t\t\t\t\t\t<h3><strong>Defence and security industry<\/strong><\/h3><p><strong>Editor Jesper Ludvigsen<br \/><\/strong>Mail: <span style=\"text-decoration: underline;\"><a href=\"mailto:jelu@nordiskemedier.dk\">jelu@nordiskemedier.dk<\/a><br \/><\/span>Phone: <a href=\"tel: 4520244111\"><span style=\"text-decoration: underline;\">+45 20 24 41 11<\/span><\/a><\/p><h5><strong>Contact the editorial team directly\u00a0<\/strong><\/h5><ul><li>Defence Nordic: <span style=\"text-decoration: underline;\"><a href=\"mailto:redaktionen@defencenordic.dk\">redaktionen@defencenordic.dk<\/a><\/span><\/li><\/ul>\t\t\t\t\t\t<\/div>\n\t\t\t\t<\/div>\n\t\t\t\t\t<\/div>\n\t\t\t\t<\/div>\n\t\t<div class=\"elementor-element elementor-element-90e75d6 e-flex e-con-boxed e-con e-parent\" data-id=\"90e75d6\" data-element_type=\"container\" data-settings=\"{&quot;container_type&quot;:&quot;flex&quot;,&quot;content_width&quot;:&quot;boxed&quot;}\" data-core-v316-plus=\"true\">\n\t\t\t\t\t<div class=\"e-con-inner\">\n\t\t\t\t<div class=\"elementor-element elementor-element-0c963cc elementor-widget elementor-widget-spacer\" data-id=\"0c963cc\" data-element_type=\"widget\" data-widget_type=\"spacer.default\">\n\t\t\t\t<div class=\"elementor-widget-container\">\n\t\t\t<style>\/*! elementor - v3.19.0 - 28-02-2024 *\/\n.elementor-column .elementor-spacer-inner{height:var(--spacer-size)}.e-con{--container-widget-width:100%}.e-con-inner>.elementor-widget-spacer,.e-con>.elementor-widget-spacer{width:var(--container-widget-width,var(--spacer-size));--align-self:var(--container-widget-align-self,initial);--flex-shrink:0}.e-con-inner>.elementor-widget-spacer>.elementor-widget-container,.e-con>.elementor-widget-spacer>.elementor-widget-container{height:100%;width:100%}.e-con-inner>.elementor-widget-spacer>.elementor-widget-container>.elementor-spacer,.e-con>.elementor-widget-spacer>.elementor-widget-container>.elementor-spacer{height:100%}.e-con-inner>.elementor-widget-spacer>.elementor-widget-container>.elementor-spacer>.elementor-spacer-inner,.e-con>.elementor-widget-spacer>.elementor-widget-container>.elementor-spacer>.elementor-spacer-inner{height:var(--container-widget-height,var(--spacer-size))}.e-con-inner>.elementor-widget-spacer.elementor-widget-empty,.e-con>.elementor-widget-spacer.elementor-widget-empty{position:relative;min-height:22px;min-width:22px}.e-con-inner>.elementor-widget-spacer.elementor-widget-empty .elementor-widget-empty-icon,.e-con>.elementor-widget-spacer.elementor-widget-empty .elementor-widget-empty-icon{position:absolute;top:0;bottom:0;left:0;right:0;margin:auto;padding:0;width:22px;height:22px}<\/style>\t\t<div class=\"elementor-spacer\">\n\t\t\t<div class=\"elementor-spacer-inner\"><\/div>\n\t\t<\/div>\n\t\t\t\t<\/div>\n\t\t\t\t<\/div>\n\t\t\t\t\t<\/div>\n\t\t\t\t<\/div>\n\t\t\t\t<\/div>","protected":false},"excerpt":{"rendered":"<p>Kontakt Nordiske Mediers redaktioner Har du en relevant nyhed fra din virksomhed? Tip os gerne p\u00e5 nedenst\u00e5ende mails. Vi gennemg\u00e5r alle pressemeddelelser og henvendelser og vurderer, om &#8211; og hvorn\u00e5r &#8211; historien passer ind i vores daglige branchenyheder. Du beh\u00f8ver ikke at sende en f\u00e6rdig pressemeddelelse. Et par stikord er ofte nok. Vi modtager ogs\u00e5 [&hellip;]<\/p>","protected":false},"author":24,"featured_media":0,"parent":0,"menu_order":7,"comment_status":"closed","ping_status":"closed","template":"elementor_header_footer","meta":{"_acf_changed":false,"inline_featured_image":false,"footnotes":"","_links_to":"","_links_to_target":""},"class_list":["post-34655","page","type-page","status-publish","hentry"],"acf":[],"_links":{"self":[{"href":"https:\/\/nordiskemediehus.dk\/en\/wp-json\/wp\/v2\/pages\/34655","targetHints":{"allow":["GET"]}}],"collection":[{"href":"https:\/\/nordiskemediehus.dk\/en\/wp-json\/wp\/v2\/pages"}],"about":[{"href":"https:\/\/nordiskemediehus.dk\/en\/wp-json\/wp\/v2\/types\/page"}],"author":[{"embeddable":true,"href":"https:\/\/nordiskemediehus.dk\/en\/wp-json\/wp\/v2\/users\/24"}],"replies":[{"embeddable":true,"href":"https:\/\/nordiskemediehus.dk\/en\/wp-json\/wp\/v2\/comments?post=34655"}],"version-history":[{"count":25,"href":"https:\/\/nordiskemediehus.dk\/en\/wp-json\/wp\/v2\/pages\/34655\/revisions"}],"predecessor-version":[{"id":61937,"href":"https:\/\/nordiskemediehus.dk\/en\/wp-json\/wp\/v2\/pages\/34655\/revisions\/61937"}],"wp:attachment":[{"href":"https:\/\/nordiskemediehus.dk\/en\/wp-json\/wp\/v2\/media?parent=34655"}],"curies":[{"name":"wp","href":"https:\/\/api.w.org\/{rel}","templated":true}]}}