{"id":45034,"date":"2025-09-03T10:42:22","date_gmt":"2025-09-03T10:42:22","guid":{"rendered":"https:\/\/nordiskemediehus.dk\/?page_id=45034"},"modified":"2026-01-07T09:24:12","modified_gmt":"2026-01-07T09:24:12","slug":"2-sektion-2026","status":"publish","type":"page","link":"https:\/\/nordiskemediehus.dk\/en\/motor-magasinet\/2-sektion-2026\/","title":{"rendered":"Motor-magasinets 2. sektioner 2026"},"content":{"rendered":"<div data-elementor-type=\"wp-page\" data-elementor-id=\"45034\" class=\"elementor elementor-45034\" data-elementor-post-type=\"page\">\n\t\t\t\t<div class=\"elementor-element elementor-element-e0c26e2 e-flex e-con-boxed e-con e-parent\" data-id=\"e0c26e2\" data-element_type=\"container\" data-e-type=\"container\">\n\t\t\t\t\t<div class=\"e-con-inner\">\n\t\t\t\t<div class=\"elementor-element elementor-element-22dbb95 elementor-widget elementor-widget-heading\" data-id=\"22dbb95\" data-element_type=\"widget\" data-e-type=\"widget\" data-widget_type=\"heading.default\">\n\t\t\t\t<div class=\"elementor-widget-container\">\n\t\t\t\t\t<h2 class=\"elementor-heading-title elementor-size-default\">Motor-magasinet\u2019s second sections <\/h2>\t\t\t\t<\/div>\n\t\t\t\t<\/div>\n\t\t\t\t\t<\/div>\n\t\t\t\t<\/div>\n\t\t<div class=\"elementor-element elementor-element-009d114 e-flex e-con-boxed e-con e-parent\" data-id=\"009d114\" data-element_type=\"container\" data-e-type=\"container\">\n\t\t\t\t\t<div class=\"e-con-inner\">\n\t\t<div class=\"elementor-element elementor-element-c57f9de e-grid e-con-boxed e-con e-child\" data-id=\"c57f9de\" data-element_type=\"container\" data-e-type=\"container\">\n\t\t\t\t\t<div class=\"e-con-inner\">\n\t\t\t\t<div class=\"elementor-element elementor-element-0e8433a elementor-widget elementor-widget-image\" data-id=\"0e8433a\" data-element_type=\"widget\" data-e-type=\"widget\" data-widget_type=\"image.default\">\n\t\t\t\t<div class=\"elementor-widget-container\">\n\t\t\t\t\t\t\t\t\t\t\t\t\t\t\t<img fetchpriority=\"high\" decoding=\"async\" width=\"768\" height=\"1013\" src=\"https:\/\/nordiskemediehus.dk\/wp-content\/uploads\/2024\/05\/Daek-Profil.png\" class=\"attachment-large size-large wp-image-10923\" alt=\"\" srcset=\"https:\/\/nordiskemediehus.dk\/wp-content\/uploads\/2024\/05\/Daek-Profil.png 768w, https:\/\/nordiskemediehus.dk\/wp-content\/uploads\/2024\/05\/Daek-Profil-227x300.png 227w, https:\/\/nordiskemediehus.dk\/wp-content\/uploads\/2024\/05\/Daek-Profil-9x12.png 9w\" sizes=\"(max-width: 768px) 100vw, 768px\" \/>\t\t\t\t\t\t\t\t\t\t\t\t\t\t\t<\/div>\n\t\t\t\t<\/div>\n\t\t\t\t<div class=\"elementor-element elementor-element-564a8e1 elementor-widget elementor-widget-image\" data-id=\"564a8e1\" data-element_type=\"widget\" data-e-type=\"widget\" data-widget_type=\"image.default\">\n\t\t\t\t<div class=\"elementor-widget-container\">\n\t\t\t\t\t\t\t\t\t\t\t\t\t\t\t<img decoding=\"async\" width=\"620\" height=\"854\" src=\"https:\/\/nordiskemediehus.dk\/wp-content\/uploads\/2025\/12\/Skaermbillede-2025-12-04-100629.png\" class=\"attachment-large size-large wp-image-57071\" alt=\"\" srcset=\"https:\/\/nordiskemediehus.dk\/wp-content\/uploads\/2025\/12\/Skaermbillede-2025-12-04-100629.png 620w, https:\/\/nordiskemediehus.dk\/wp-content\/uploads\/2025\/12\/Skaermbillede-2025-12-04-100629-218x300.png 218w, https:\/\/nordiskemediehus.dk\/wp-content\/uploads\/2025\/12\/Skaermbillede-2025-12-04-100629-9x12.png 9w\" sizes=\"(max-width: 620px) 100vw, 620px\" \/>\t\t\t\t\t\t\t\t\t\t\t\t\t\t\t<\/div>\n\t\t\t\t<\/div>\n\t\t\t\t\t<\/div>\n\t\t\t\t<\/div>\n\t\t\t\t\t<\/div>\n\t\t\t\t<\/div>\n\t\t<div class=\"elementor-element elementor-element-0e76c34 e-flex e-con-boxed e-con e-parent\" data-id=\"0e76c34\" data-element_type=\"container\" data-e-type=\"container\">\n\t\t\t\t\t<div class=\"e-con-inner\">\n\t\t<div class=\"elementor-element elementor-element-691493a e-grid e-con-boxed e-con e-child\" data-id=\"691493a\" data-element_type=\"container\" data-e-type=\"container\">\n\t\t\t\t\t<div class=\"e-con-inner\">\n\t\t\t\t<div class=\"elementor-element elementor-element-49dabe5 elementor-widget elementor-widget-heading\" data-id=\"49dabe5\" data-element_type=\"widget\" data-e-type=\"widget\" data-widget_type=\"heading.default\">\n\t\t\t\t<div class=\"elementor-widget-container\">\n\t\t\t\t\t<h2 class=\"elementor-heading-title elementor-size-default\">D\u00e6k-Profil<\/h2>\t\t\t\t<\/div>\n\t\t\t\t<\/div>\n\t\t\t\t<div class=\"elementor-element elementor-element-c2ffbbe elementor-widget elementor-widget-heading\" data-id=\"c2ffbbe\" data-element_type=\"widget\" data-e-type=\"widget\" data-widget_type=\"heading.default\">\n\t\t\t\t<div class=\"elementor-widget-container\">\n\t\t\t\t\t<h2 class=\"elementor-heading-title elementor-size-default\">FTZ fair<\/h2>\t\t\t\t<\/div>\n\t\t\t\t<\/div>\n\t\t\t\t<div class=\"elementor-element elementor-element-313b7be elementor-widget elementor-widget-text-editor\" data-id=\"313b7be\" data-element_type=\"widget\" data-e-type=\"widget\" data-widget_type=\"text-editor.default\">\n\t\t\t\t<div class=\"elementor-widget-container\">\n\t\t\t\t\t\t\t\t\t<h6><strong>Published twice a year.<\/strong><\/h6>\t\t\t\t\t\t\t\t<\/div>\n\t\t\t\t<\/div>\n\t\t\t\t<div class=\"elementor-element elementor-element-60c139d elementor-widget elementor-widget-text-editor\" data-id=\"60c139d\" data-element_type=\"widget\" data-e-type=\"widget\" data-widget_type=\"text-editor.default\">\n\t\t\t\t<div class=\"elementor-widget-container\">\n\t\t\t\t\t\t\t\t\t<h6><strong>Published once a year.<\/strong><\/h6>\t\t\t\t\t\t\t\t<\/div>\n\t\t\t\t<\/div>\n\t\t\t\t<div class=\"elementor-element elementor-element-c824b84 elementor-widget elementor-widget-text-editor\" data-id=\"c824b84\" data-element_type=\"widget\" data-e-type=\"widget\" data-cta=\"se udgivelsesplan\" data-location=\"d\u00e6k-profil\" data-site=\"motor magasinet 2. sektioner\" data-widget_type=\"text-editor.default\">\n\t\t\t\t<div class=\"elementor-widget-container\">\n\t\t\t\t\t\t\t\t\t<p><span style=\"text-decoration: underline;\"><a href=\"https:\/\/nordiskemediehus.dk\/en\/motor-magasinet\/udgivelser-2026\/\">See the publication schedule<\/a><\/span><\/p>\t\t\t\t\t\t\t\t<\/div>\n\t\t\t\t<\/div>\n\t\t\t\t<div class=\"elementor-element elementor-element-e77699d elementor-widget elementor-widget-text-editor\" data-id=\"e77699d\" data-element_type=\"widget\" data-e-type=\"widget\" data-cta=\"se udgivelsesplan\" data-location=\"ftz messe\" data-site=\"motor magasinet 2. sektioner\" data-widget_type=\"text-editor.default\">\n\t\t\t\t<div class=\"elementor-widget-container\">\n\t\t\t\t\t\t\t\t\t<p><span style=\"text-decoration: underline;\"><a href=\"https:\/\/nordiskemediehus.dk\/en\/motor-magasinet\/udgivelser-2026\/\">See the publication schedule<\/a><\/span><\/p>\t\t\t\t\t\t\t\t<\/div>\n\t\t\t\t<\/div>\n\t\t\t\t\t<\/div>\n\t\t\t\t<\/div>\n\t\t\t\t\t<\/div>\n\t\t\t\t<\/div>\n\t\t<div class=\"elementor-element elementor-element-d1b868c e-flex e-con-boxed e-con e-parent\" data-id=\"d1b868c\" data-element_type=\"container\" data-e-type=\"container\">\n\t\t\t\t\t<div class=\"e-con-inner\">\n\t\t<div class=\"elementor-element elementor-element-0b4dc87 e-grid e-con-boxed e-con e-child\" data-id=\"0b4dc87\" data-element_type=\"container\" data-e-type=\"container\">\n\t\t\t\t\t<div class=\"e-con-inner\">\n\t\t<div class=\"elementor-element elementor-element-549bfb5 e-flex e-con-boxed e-con e-child\" data-id=\"549bfb5\" data-element_type=\"container\" data-e-type=\"container\">\n\t\t\t\t\t<div class=\"e-con-inner\">\n\t\t\t\t<div class=\"elementor-element elementor-element-c103c2b elementor-widget elementor-widget-text-editor\" data-id=\"c103c2b\" data-element_type=\"widget\" data-e-type=\"widget\" data-widget_type=\"text-editor.default\">\n\t\t\t\t<div class=\"elementor-widget-container\">\n\t\t\t\t\t\t\t\t\t<p>In the 2nd section <strong>D\u00e6k-Profil<\/strong> we explore the latest developments in tires and rims.<\/p>\t\t\t\t\t\t\t\t<\/div>\n\t\t\t\t<\/div>\n\t\t\t\t\t<\/div>\n\t\t\t\t<\/div>\n\t\t<div class=\"elementor-element elementor-element-938c305 e-flex e-con-boxed e-con e-child\" data-id=\"938c305\" data-element_type=\"container\" data-e-type=\"container\">\n\t\t\t\t\t<div class=\"e-con-inner\">\n\t\t<div class=\"elementor-element elementor-element-36156ef e-flex e-con-boxed e-con e-child\" data-id=\"36156ef\" data-element_type=\"container\" data-e-type=\"container\">\n\t\t\t\t\t<div class=\"e-con-inner\">\n\t\t\t\t<div class=\"elementor-element elementor-element-4745d47 elementor-widget elementor-widget-text-editor\" data-id=\"4745d47\" data-element_type=\"widget\" data-e-type=\"widget\" data-widget_type=\"text-editor.default\">\n\t\t\t\t<div class=\"elementor-widget-container\">\n\t\t\t\t\t\t\t\t\t<p><strong>FTZ fair<\/strong> brings the entire industry together under one roof. We give you the overview that ensures you are prepared to engage with the industry at one of Denmark\u2019s largest automotive trade shows. \u00a0<\/p>\t\t\t\t\t\t\t\t<\/div>\n\t\t\t\t<\/div>\n\t\t\t\t\t<\/div>\n\t\t\t\t<\/div>\n\t\t\t\t\t<\/div>\n\t\t\t\t<\/div>\n\t\t\t\t<div class=\"elementor-element elementor-element-f96fc5d elementor-widget elementor-widget-heading\" data-id=\"f96fc5d\" data-element_type=\"widget\" data-e-type=\"widget\" data-cta=\"l\u00e6s med\" data-location=\"d\u00e6k-profil\" data-site=\"motor magasinet 2. sektioner\" data-widget_type=\"heading.default\">\n\t\t\t\t<div class=\"elementor-widget-container\">\n\t\t\t\t\t<p class=\"elementor-heading-title elementor-size-default\"><a href=\"https:\/\/www.motormagasinet.dk\/epages\/archive.html\" target=\"_blank\">Read along<\/a><\/p>\t\t\t\t<\/div>\n\t\t\t\t<\/div>\n\t\t\t\t<div class=\"elementor-element elementor-element-8c47ded elementor-widget elementor-widget-heading\" data-id=\"8c47ded\" data-element_type=\"widget\" data-e-type=\"widget\" data-cta=\"l\u00e6s med\" data-location=\"ftz messe\" data-site=\"motor magasinet 2. sektioner\" data-widget_type=\"heading.default\">\n\t\t\t\t<div class=\"elementor-widget-container\">\n\t\t\t\t\t<p class=\"elementor-heading-title elementor-size-default\"><a href=\"https:\/\/www.motormagasinet.dk\/epages\/archive.html\" target=\"_blank\">Read along<\/a><\/p>\t\t\t\t<\/div>\n\t\t\t\t<\/div>\n\t\t\t\t\t<\/div>\n\t\t\t\t<\/div>\n\t\t\t\t\t<\/div>\n\t\t\t\t<\/div>\n\t\t<div class=\"elementor-element elementor-element-7aa7bbb e-flex e-con-boxed e-con e-parent\" data-id=\"7aa7bbb\" data-element_type=\"container\" data-e-type=\"container\" data-settings=\"{&quot;background_background&quot;:&quot;classic&quot;}\">\n\t\t\t\t\t<div class=\"e-con-inner\">\n\t\t<div class=\"elementor-element elementor-element-0fea7e9 e-flex e-con-boxed e-con e-child\" data-id=\"0fea7e9\" data-element_type=\"container\" data-e-type=\"container\" data-settings=\"{&quot;background_background&quot;:&quot;classic&quot;}\">\n\t\t\t\t\t<div class=\"e-con-inner\">\n\t\t<div class=\"elementor-element elementor-element-c3b9d9e e-flex e-con-boxed e-con e-child\" data-id=\"c3b9d9e\" data-element_type=\"container\" data-e-type=\"container\" data-settings=\"{&quot;background_background&quot;:&quot;classic&quot;}\">\n\t\t\t\t\t<div class=\"e-con-inner\">\n\t\t<div class=\"elementor-element elementor-element-fe13f86 e-flex e-con-boxed e-con e-child\" data-id=\"fe13f86\" data-element_type=\"container\" data-e-type=\"container\" data-settings=\"{&quot;background_background&quot;:&quot;classic&quot;}\">\n\t\t\t\t\t<div class=\"e-con-inner\">\n\t\t\t\t\t<\/div>\n\t\t\t\t<\/div>\n\t\t\t\t\t<\/div>\n\t\t\t\t<\/div>\n\t\t\t\t\t<\/div>\n\t\t\t\t<\/div>\n\t\t\t\t\t<\/div>\n\t\t\t\t<\/div>\n\t\t\t\t<\/div>","protected":false},"excerpt":{"rendered":"<p>Motor-magasinets 2. sektioner D\u00e6k-Profil FTZ Messen Udkommer to gange om \u00e5ret. Udkommer en gang om \u00e5ret. Se udgivelsesplanen Se udgivelsesplanen I 2. sektionen D\u00e6k-Profil udforsker vi den nyeste udvikling inden for d\u00e6k og f\u00e6lge. FTZ Messen samler hele branchen under \u00e9t tag. Vi giver dig overblikket, der sikrer at, du er kl\u00e6dt p\u00e5 til at [&hellip;]<\/p>\n","protected":false},"author":24,"featured_media":0,"parent":36802,"menu_order":10,"comment_status":"closed","ping_status":"closed","template":"elementor_header_footer","meta":{"_acf_changed":false,"inline_featured_image":false,"footnotes":"","_links_to":"","_links_to_target":""},"class_list":["post-45034","page","type-page","status-publish","hentry"],"acf":[],"_links":{"self":[{"href":"https:\/\/nordiskemediehus.dk\/en\/wp-json\/wp\/v2\/pages\/45034","targetHints":{"allow":["GET"]}}],"collection":[{"href":"https:\/\/nordiskemediehus.dk\/en\/wp-json\/wp\/v2\/pages"}],"about":[{"href":"https:\/\/nordiskemediehus.dk\/en\/wp-json\/wp\/v2\/types\/page"}],"author":[{"embeddable":true,"href":"https:\/\/nordiskemediehus.dk\/en\/wp-json\/wp\/v2\/users\/24"}],"replies":[{"embeddable":true,"href":"https:\/\/nordiskemediehus.dk\/en\/wp-json\/wp\/v2\/comments?post=45034"}],"version-history":[{"count":10,"href":"https:\/\/nordiskemediehus.dk\/en\/wp-json\/wp\/v2\/pages\/45034\/revisions"}],"predecessor-version":[{"id":58880,"href":"https:\/\/nordiskemediehus.dk\/en\/wp-json\/wp\/v2\/pages\/45034\/revisions\/58880"}],"up":[{"embeddable":true,"href":"https:\/\/nordiskemediehus.dk\/en\/wp-json\/wp\/v2\/pages\/36802"}],"wp:attachment":[{"href":"https:\/\/nordiskemediehus.dk\/en\/wp-json\/wp\/v2\/media?parent=45034"}],"curies":[{"name":"wp","href":"https:\/\/api.w.org\/{rel}","templated":true}]}}