{"id":45056,"date":"2025-09-03T12:51:51","date_gmt":"2025-09-03T12:51:51","guid":{"rendered":"https:\/\/nordiskemediehus.dk\/?page_id=45056"},"modified":"2026-01-07T09:46:30","modified_gmt":"2026-01-07T09:46:30","slug":"magasinet-metal-supply-hvem-er-hvem-2026","status":"publish","type":"page","link":"https:\/\/nordiskemediehus.dk\/en\/metal-supply\/magasinet-metal-supply-hvem-er-hvem-2026\/","title":{"rendered":"Metal Supply | Hvem er Hvem 2026"},"content":{"rendered":"<div data-elementor-type=\"wp-page\" data-elementor-id=\"45056\" class=\"elementor elementor-45056\" data-elementor-post-type=\"page\">\n\t\t\t\t<div class=\"elementor-element elementor-element-367ff41d e-flex e-con-boxed e-con e-parent\" data-id=\"367ff41d\" data-element_type=\"container\" data-settings=\"{&quot;background_background&quot;:&quot;classic&quot;,&quot;container_type&quot;:&quot;flex&quot;,&quot;content_width&quot;:&quot;boxed&quot;}\" data-core-v316-plus=\"true\">\n\t\t\t\t\t<div class=\"e-con-inner\">\n\t\t<div class=\"elementor-element elementor-element-7924dfb6 e-con-full e-flex e-con e-child\" data-id=\"7924dfb6\" data-element_type=\"container\" data-settings=\"{&quot;content_width&quot;:&quot;full&quot;,&quot;container_type&quot;:&quot;flex&quot;}\">\n\t\t\t\t<div class=\"elementor-element elementor-element-23c5cf3a elementor-widget elementor-widget-heading\" data-id=\"23c5cf3a\" data-element_type=\"widget\" data-widget_type=\"heading.default\">\n\t\t\t\t<div class=\"elementor-widget-container\">\n\t\t\t<style>\/*! elementor - v3.19.0 - 28-02-2024 *\/\n.elementor-heading-title{padding:0;margin:0;line-height:1}.elementor-widget-heading .elementor-heading-title[class*=elementor-size-]>a{color:inherit;font-size:inherit;line-height:inherit}.elementor-widget-heading .elementor-heading-title.elementor-size-small{font-size:15px}.elementor-widget-heading .elementor-heading-title.elementor-size-medium{font-size:19px}.elementor-widget-heading .elementor-heading-title.elementor-size-large{font-size:29px}.elementor-widget-heading .elementor-heading-title.elementor-size-xl{font-size:39px}.elementor-widget-heading .elementor-heading-title.elementor-size-xxl{font-size:59px}<\/style><h2 class=\"elementor-heading-title elementor-size-default\">Hvem er Hvem i metal- og maskinindustrien<\/h2>\t\t<\/div>\n\t\t\t\t<\/div>\n\t\t\t\t<div class=\"elementor-element elementor-element-5906ebce elementor-widget elementor-widget-text-editor\" data-id=\"5906ebce\" data-element_type=\"widget\" data-widget_type=\"text-editor.default\">\n\t\t\t\t<div class=\"elementor-widget-container\">\n\t\t\t<style>\/*! elementor - v3.19.0 - 28-02-2024 *\/\n.elementor-widget-text-editor.elementor-drop-cap-view-stacked .elementor-drop-cap{background-color:#69727d;color:#fff}.elementor-widget-text-editor.elementor-drop-cap-view-framed .elementor-drop-cap{color:#69727d;border:3px solid;background-color:transparent}.elementor-widget-text-editor:not(.elementor-drop-cap-view-default) .elementor-drop-cap{margin-top:8px}.elementor-widget-text-editor:not(.elementor-drop-cap-view-default) .elementor-drop-cap-letter{width:1em;height:1em}.elementor-widget-text-editor .elementor-drop-cap{float:left;text-align:center;line-height:1;font-size:50px}.elementor-widget-text-editor .elementor-drop-cap-letter{display:inline-block}<\/style>\t\t\t\t<h6><strong>Leading figures in the metal and machinery industry<\/strong><\/h6><p class=\"MsoNormal\">In the \"Hvem er Hvem\" universe, Metal Supply maps out the largest and most influential companies in the metal and machinery industries.<\/p><p class=\"MsoNormal\">Here you get the complete overview with a gallery of people, key figures, and contact information for management and decision-makers in the largest companies in the industry.<\/p><p>You can also find Hvem er Hvem in the Metal and Machinery Industry digitally at <strong><a href=\"https:\/\/www.metal-supply.dk\/hvemerhvem\">metal-supply.dk\/hvemerhvem<\/a><\/strong>, which is continuously updated.<\/p><p>As a subscriber to Metal Supply, you have access all year round.<\/p><p><strong>Publication date<\/strong>: 25. april 2026<br \/><strong>Deadline<\/strong>: 28. marts 2026<\/p>\t\t\t\t\t\t<\/div>\n\t\t\t\t<\/div>\n\t\t\t\t<div class=\"elementor-element elementor-element-6a505ead elementor-widget elementor-widget-heading\" data-id=\"6a505ead\" data-element_type=\"widget\" data-widget_type=\"heading.default\">\n\t\t\t\t<div class=\"elementor-widget-container\">\n\t\t\t<h2 class=\"elementor-heading-title elementor-size-default\"><a href=\"https:\/\/www.metal-supply.dk\/hvemerhvem\" target=\"_blank\">Visit <span style=\"color:#000;\">metal-supply.dk\/hvemerhvem<\/span><\/a><\/h2>\t\t<\/div>\n\t\t\t\t<\/div>\n\t\t\t\t<\/div>\n\t\t<div class=\"elementor-element elementor-element-4baf3755 e-con-full e-flex e-con e-child\" data-id=\"4baf3755\" data-element_type=\"container\" data-settings=\"{&quot;content_width&quot;:&quot;full&quot;,&quot;container_type&quot;:&quot;flex&quot;}\">\n\t\t\t\t<div class=\"elementor-element elementor-element-33574268 elementor-widget elementor-widget-image\" data-id=\"33574268\" data-element_type=\"widget\" data-widget_type=\"image.default\">\n\t\t\t\t<div class=\"elementor-widget-container\">\n\t\t\t<style>\/*! elementor - v3.19.0 - 28-02-2024 *\/\n.elementor-widget-image{text-align:center}.elementor-widget-image a{display:inline-block}.elementor-widget-image a img[src$=\".svg\"]{width:48px}.elementor-widget-image img{vertical-align:middle;display:inline-block}<\/style>\t\t\t\t\t\t\t\t\t\t<img fetchpriority=\"high\" decoding=\"async\" width=\"722\" height=\"955\" src=\"https:\/\/nordiskemediehus.dk\/wp-content\/uploads\/2025\/06\/MS-Hvem-er-Hvem-2025.png\" class=\"attachment-full size-full wp-image-41043\" alt=\"\" srcset=\"https:\/\/nordiskemediehus.dk\/wp-content\/uploads\/2025\/06\/MS-Hvem-er-Hvem-2025.png 722w, https:\/\/nordiskemediehus.dk\/wp-content\/uploads\/2025\/06\/MS-Hvem-er-Hvem-2025-227x300.png 227w, https:\/\/nordiskemediehus.dk\/wp-content\/uploads\/2025\/06\/MS-Hvem-er-Hvem-2025-9x12.png 9w\" sizes=\"(max-width: 722px) 100vw, 722px\" \/>\t\t\t\t\t\t\t\t\t\t\t\t\t<\/div>\n\t\t\t\t<\/div>\n\t\t\t\t<\/div>\n\t\t\t\t\t<\/div>\n\t\t\t\t<\/div>\n\t\t<div class=\"elementor-element elementor-element-63ca5bd e-flex e-con-boxed e-con e-parent\" data-id=\"63ca5bd\" data-element_type=\"container\" data-settings=\"{&quot;container_type&quot;:&quot;flex&quot;,&quot;content_width&quot;:&quot;boxed&quot;}\" data-core-v316-plus=\"true\">\n\t\t\t\t\t<div class=\"e-con-inner\">\n\t\t<div class=\"elementor-element elementor-element-530caa2 e-flex e-con-boxed e-con e-child\" data-id=\"530caa2\" data-element_type=\"container\" data-settings=\"{&quot;container_type&quot;:&quot;flex&quot;,&quot;content_width&quot;:&quot;boxed&quot;}\">\n\t\t\t\t\t<div class=\"e-con-inner\">\n\t\t<div class=\"elementor-element elementor-element-e3c62b2 e-flex e-con-boxed e-con e-child\" data-id=\"e3c62b2\" data-element_type=\"container\" data-settings=\"{&quot;container_type&quot;:&quot;flex&quot;,&quot;content_width&quot;:&quot;boxed&quot;}\">\n\t\t\t\t\t<div class=\"e-con-inner\">\n\t\t<div class=\"elementor-element elementor-element-5a8b23d e-con-full e-flex e-con e-child\" data-id=\"5a8b23d\" data-element_type=\"container\" data-settings=\"{&quot;content_width&quot;:&quot;full&quot;,&quot;container_type&quot;:&quot;flex&quot;}\">\n\t\t<div class=\"elementor-element elementor-element-bd762e0 e-flex e-con-boxed e-con e-child\" data-id=\"bd762e0\" data-element_type=\"container\" data-settings=\"{&quot;container_type&quot;:&quot;flex&quot;,&quot;content_width&quot;:&quot;boxed&quot;}\">\n\t\t\t\t\t<div class=\"e-con-inner\">\n\t\t<div class=\"elementor-element elementor-element-c0f6384 e-flex e-con-boxed e-con e-child\" data-id=\"c0f6384\" data-element_type=\"container\" data-settings=\"{&quot;container_type&quot;:&quot;flex&quot;,&quot;content_width&quot;:&quot;boxed&quot;}\">\n\t\t\t\t\t<div class=\"e-con-inner\">\n\t\t<div class=\"elementor-element elementor-element-6d85fe2 e-flex e-con-boxed e-con e-child\" data-id=\"6d85fe2\" data-element_type=\"container\" data-settings=\"{&quot;container_type&quot;:&quot;flex&quot;,&quot;content_width&quot;:&quot;boxed&quot;}\">\n\t\t\t\t\t<div class=\"e-con-inner\">\n\t\t<div class=\"elementor-element elementor-element-d50f8cf e-flex e-con-boxed e-con e-child\" data-id=\"d50f8cf\" data-element_type=\"container\" data-settings=\"{&quot;container_type&quot;:&quot;flex&quot;,&quot;content_width&quot;:&quot;boxed&quot;}\">\n\t\t\t\t\t<div class=\"e-con-inner\">\n\t\t\t\t<div class=\"elementor-element elementor-element-6635fdb elementor-widget elementor-widget-heading\" data-id=\"6635fdb\" data-element_type=\"widget\" data-widget_type=\"heading.default\">\n\t\t\t\t<div class=\"elementor-widget-container\">\n\t\t\t<h2 class=\"elementor-heading-title elementor-size-default\">Prices and Formats<\/h2>\t\t<\/div>\n\t\t\t\t<\/div>\n\t\t\t\t<div class=\"elementor-element elementor-element-bf786a1 e-n-tabs-mobile elementor-widget elementor-widget-n-tabs\" data-id=\"bf786a1\" data-element_type=\"widget\" data-settings=\"{&quot;tabs_justify_horizontal&quot;:&quot;center&quot;,&quot;horizontal_scroll_mobile&quot;:&quot;enable&quot;,&quot;horizontal_scroll&quot;:&quot;disable&quot;}\" data-widget_type=\"nested-tabs.default\">\n\t\t\t\t<div class=\"elementor-widget-container\">\n\t\t\t\t\t<div class=\"e-n-tabs\" data-widget-number=\"200\" aria-label=\"Tabs. Open items with Enter or Space, close with Escape and navigate using the Arrow keys.\">\n\t\t\t<div class=\"e-n-tabs-heading\" role=\"tablist\">\n\t\t\t\t\t\t\t<button id=\"e-n-tabs-title-2001\" class=\"e-n-tab-title\" aria-selected=\"true\" data-tab-index=\"1\" role=\"tab\" tabindex=\"0\" aria-controls=\"e-n-tab-content-2001\" style=\"--n-tabs-title-order: 1;\">\n\t\t\t\t<span class=\"e-n-tab-icon\">\n\t\t\t\t\t\t\t\t\t\t\t\t\t\t<\/span>\n\t\t\t\t<span class=\"e-n-tab-title-text\">\n\t\t\t\t\tMagazine\t\t\t\t<\/span>\n\t\t\t<\/button>\n\t\t\t\t\t<\/div>\n\t\t\t<div class=\"e-n-tabs-content\">\n\t\t\t\t<div id=\"e-n-tab-content-2001\" role=\"tabpanel\" aria-labelledby=\"e-n-tabs-title-2001\" data-tab-index=\"1\" style=\"--n-tabs-title-order: 1;\" class=\"e-active elementor-element elementor-element-4a00431 e-flex e-con-boxed e-con e-child\" data-id=\"4a00431\" data-element_type=\"container\" data-settings=\"{&quot;container_type&quot;:&quot;flex&quot;,&quot;content_width&quot;:&quot;boxed&quot;}\">\n\t\t\t\t\t<div class=\"e-con-inner\">\n\t\t<div class=\"elementor-element elementor-element-9f809f0 e-flex e-con-boxed e-con e-child\" data-id=\"9f809f0\" data-element_type=\"container\" data-settings=\"{&quot;container_type&quot;:&quot;flex&quot;,&quot;content_width&quot;:&quot;boxed&quot;}\">\n\t\t\t\t\t<div class=\"e-con-inner\">\n\t\t\t\t<div class=\"elementor-element elementor-element-0484c5a elementor-widget elementor-widget-toggle\" data-id=\"0484c5a\" data-element_type=\"widget\" data-widget_type=\"toggle.default\">\n\t\t\t\t<div class=\"elementor-widget-container\">\n\t\t\t<style>\/*! elementor - v3.19.0 - 28-02-2024 *\/\n.elementor-toggle{text-align:left}.elementor-toggle .elementor-tab-title{font-weight:700;line-height:1;margin:0;padding:15px;border-bottom:1px solid #d5d8dc;cursor:pointer;outline:none}.elementor-toggle .elementor-tab-title .elementor-toggle-icon{display:inline-block;width:1em}.elementor-toggle .elementor-tab-title .elementor-toggle-icon svg{margin-inline-start:-5px;width:1em;height:1em}.elementor-toggle .elementor-tab-title .elementor-toggle-icon.elementor-toggle-icon-right{float:right;text-align:right}.elementor-toggle .elementor-tab-title .elementor-toggle-icon.elementor-toggle-icon-left{float:left;text-align:left}.elementor-toggle .elementor-tab-title .elementor-toggle-icon .elementor-toggle-icon-closed{display:block}.elementor-toggle .elementor-tab-title .elementor-toggle-icon .elementor-toggle-icon-opened{display:none}.elementor-toggle .elementor-tab-title.elementor-active{border-bottom:none}.elementor-toggle .elementor-tab-title.elementor-active .elementor-toggle-icon-closed{display:none}.elementor-toggle .elementor-tab-title.elementor-active .elementor-toggle-icon-opened{display:block}.elementor-toggle .elementor-tab-content{padding:15px;border-bottom:1px solid #d5d8dc;display:none}@media (max-width:767px){.elementor-toggle .elementor-tab-title{padding:12px}.elementor-toggle .elementor-tab-content{padding:12px 10px}}.e-con-inner>.elementor-widget-toggle,.e-con>.elementor-widget-toggle{width:var(--container-widget-width);--flex-grow:var(--container-widget-flex-grow)}<\/style>\t\t<div class=\"elementor-toggle\">\n\t\t\t\t\t\t\t<div class=\"elementor-toggle-item\">\n\t\t\t\t\t<div id=\"elementor-tab-title-4731\" class=\"elementor-tab-title\" data-tab=\"1\" role=\"button\" aria-controls=\"elementor-tab-content-4731\" aria-expanded=\"false\">\n\t\t\t\t\t\t\t\t\t\t\t\t<span class=\"elementor-toggle-icon elementor-toggle-icon-right\" aria-hidden=\"true\">\n\t\t\t\t\t\t\t\t\t\t\t\t\t\t\t<span class=\"elementor-toggle-icon-closed\"><svg class=\"e-font-icon-svg e-fas-chevron-right\" viewbox=\"0 0 320 512\" xmlns=\"http:\/\/www.w3.org\/2000\/svg\"><path d=\"M285.476 272.971L91.132 467.314c-9.373 9.373-24.569 9.373-33.941 0l-22.667-22.667c-9.357-9.357-9.375-24.522-.04-33.901L188.505 256 34.484 101.255c-9.335-9.379-9.317-24.544.04-33.901l22.667-22.667c9.373-9.373 24.569-9.373 33.941 0L285.475 239.03c9.373 9.372 9.373 24.568.001 33.941z\"><\/path><\/svg><\/span>\n\t\t\t\t\t\t\t\t<span class=\"elementor-toggle-icon-opened\"><svg class=\"elementor-toggle-icon-opened e-font-icon-svg e-fas-chevron-down\" viewbox=\"0 0 448 512\" xmlns=\"http:\/\/www.w3.org\/2000\/svg\"><path d=\"M207.029 381.476L12.686 187.132c-9.373-9.373-9.373-24.569 0-33.941l22.667-22.667c9.357-9.357 24.522-9.375 33.901-.04L224 284.505l154.745-154.021c9.379-9.335 24.544-9.317 33.901.04l22.667 22.667c9.373 9.373 9.373 24.569 0 33.941L240.971 381.476c-9.373 9.372-24.569 9.372-33.942 0z\"><\/path><\/svg><\/span>\n\t\t\t\t\t\t\t\t\t\t\t\t\t<\/span>\n\t\t\t\t\t\t\t\t\t\t\t\t<a class=\"elementor-toggle-title\" tabindex=\"0\">Print formats<\/a>\n\t\t\t\t\t<\/div>\n\n\t\t\t\t\t<div id=\"elementor-tab-content-4731\" class=\"elementor-tab-content elementor-clearfix\" data-tab=\"1\" role=\"region\" aria-labelledby=\"elementor-tab-title-4731\"><table style=\"border-collapse: collapse; width: 100%;\">\n<tbody>\n<tr>\n<td style=\"width: 25%;\">\n<p><img decoding=\"async\" class=\"alignnone size-full wp-image-15114\" src=\"https:\/\/nordiskemediehus.dk\/wp-content\/uploads\/2024\/07\/magasin-opslag-430-x-285-mm-scaled.jpg\" alt=\"\" width=\"2560\" height=\"1895\" srcset=\"https:\/\/nordiskemediehus.dk\/wp-content\/uploads\/2024\/07\/magasin-opslag-430-x-285-mm-scaled.jpg 2560w, https:\/\/nordiskemediehus.dk\/wp-content\/uploads\/2024\/07\/magasin-opslag-430-x-285-mm-300x222.jpg 300w, https:\/\/nordiskemediehus.dk\/wp-content\/uploads\/2024\/07\/magasin-opslag-430-x-285-mm-1024x758.jpg 1024w, https:\/\/nordiskemediehus.dk\/wp-content\/uploads\/2024\/07\/magasin-opslag-430-x-285-mm-768x569.jpg 768w, https:\/\/nordiskemediehus.dk\/wp-content\/uploads\/2024\/07\/magasin-opslag-430-x-285-mm-1536x1137.jpg 1536w, https:\/\/nordiskemediehus.dk\/wp-content\/uploads\/2024\/07\/magasin-opslag-430-x-285-mm-2048x1516.jpg 2048w, https:\/\/nordiskemediehus.dk\/wp-content\/uploads\/2024\/07\/magasin-opslag-430-x-285-mm-16x12.jpg 16w\" sizes=\"(max-width: 2560px) 100vw, 2560px\" \/><\/p>\n<h6 style=\"padding-left: 20px;\"><strong>Spread<\/strong><\/h6>\n<p style=\"padding-left: 20px;\">Format: 430 x 285 mm (8 x 285 mm)<br>Call +45 28 30 89 39 for information on prices<\/p>\n<\/td>\n<td style=\"width: 25%;\">\n<p><img decoding=\"async\" class=\"alignnone size-full wp-image-15115\" src=\"https:\/\/nordiskemediehus.dk\/wp-content\/uploads\/2024\/07\/magasin-helside-215x285-mm-scaled.jpg\" alt=\"\" width=\"2560\" height=\"1895\" srcset=\"https:\/\/nordiskemediehus.dk\/wp-content\/uploads\/2024\/07\/magasin-helside-215x285-mm-scaled.jpg 2560w, https:\/\/nordiskemediehus.dk\/wp-content\/uploads\/2024\/07\/magasin-helside-215x285-mm-300x222.jpg 300w, https:\/\/nordiskemediehus.dk\/wp-content\/uploads\/2024\/07\/magasin-helside-215x285-mm-1024x758.jpg 1024w, https:\/\/nordiskemediehus.dk\/wp-content\/uploads\/2024\/07\/magasin-helside-215x285-mm-768x569.jpg 768w, https:\/\/nordiskemediehus.dk\/wp-content\/uploads\/2024\/07\/magasin-helside-215x285-mm-1536x1137.jpg 1536w, https:\/\/nordiskemediehus.dk\/wp-content\/uploads\/2024\/07\/magasin-helside-215x285-mm-2048x1516.jpg 2048w, https:\/\/nordiskemediehus.dk\/wp-content\/uploads\/2024\/07\/magasin-helside-215x285-mm-16x12.jpg 16w\" sizes=\"(max-width: 2560px) 100vw, 2560px\" \/><\/p>\n<h6 style=\"padding-left: 20px;\"><strong>Full page<\/strong><\/h6>\n<p style=\"padding-left: 20px;\">Format: 215 x 285 mm (4 x 285 mm)<br>Call +45 28 30 89 39 for information on prices<\/p>\n<\/td>\n<td style=\"width: 25%;\">\n<p><img loading=\"lazy\" decoding=\"async\" class=\"alignnone size-full wp-image-15118\" src=\"https:\/\/nordiskemediehus.dk\/wp-content\/uploads\/2024\/07\/magasin-halvside-190-x-125-mm-scaled.jpg\" alt=\"\" width=\"2560\" height=\"1895\" srcset=\"https:\/\/nordiskemediehus.dk\/wp-content\/uploads\/2024\/07\/magasin-halvside-190-x-125-mm-scaled.jpg 2560w, https:\/\/nordiskemediehus.dk\/wp-content\/uploads\/2024\/07\/magasin-halvside-190-x-125-mm-300x222.jpg 300w, https:\/\/nordiskemediehus.dk\/wp-content\/uploads\/2024\/07\/magasin-halvside-190-x-125-mm-1024x758.jpg 1024w, https:\/\/nordiskemediehus.dk\/wp-content\/uploads\/2024\/07\/magasin-halvside-190-x-125-mm-768x568.jpg 768w, https:\/\/nordiskemediehus.dk\/wp-content\/uploads\/2024\/07\/magasin-halvside-190-x-125-mm-1536x1137.jpg 1536w, https:\/\/nordiskemediehus.dk\/wp-content\/uploads\/2024\/07\/magasin-halvside-190-x-125-mm-2048x1516.jpg 2048w, https:\/\/nordiskemediehus.dk\/wp-content\/uploads\/2024\/07\/magasin-halvside-190-x-125-mm-16x12.jpg 16w\" sizes=\"(max-width: 2560px) 100vw, 2560px\" \/><\/p>\n<h6 style=\"padding-left: 20px;\"><strong>Half-page horizontal format<\/strong><\/h6>\n<p style=\"padding-left: 20px;\">Format: 190 x 125 mm (4 x 125 mm)<br>Call +45 28 30 89 39 for information on prices<\/p>\n<\/td>\n<\/tr>\n<\/tbody>\n<\/table><\/div>\n\t\t\t\t<\/div>\n\t\t\t\t\t\t\t\t\t\t<script type=\"application\/ld+json\">{\"@context\":\"https:\\\/\\\/schema.org\",\"@type\":\"FAQPage\",\"mainEntity\":[{\"@type\":\"Question\",\"name\":\"Printformater\",\"acceptedAnswer\":{\"@type\":\"Answer\",\"text\":\"<table style=\\\"border-collapse: collapse; width: 100%;\\\">\\n<tbody>\\n<tr>\\n<td style=\\\"width: 25%;\\\">\\n<p><img class=\\\"alignnone size-full wp-image-15114\\\" src=\\\"https:\\\/\\\/nordiskemediehus.dk\\\/wp-content\\\/uploads\\\/2024\\\/07\\\/magasin-opslag-430-x-285-mm-scaled.jpg\\\" alt=\\\"\\\" width=\\\"2560\\\" height=\\\"1895\\\"><\\\/p>\\n<h6 style=\\\"padding-left: 20px;\\\"><strong>Opslag<\\\/strong><\\\/h6>\\n<p style=\\\"padding-left: 20px;\\\">Format: 430 x 285 mm (8 x 285 mm)<br>Ring +45 28 30 89 39 for informationer om priser<\\\/p>\\n<\\\/td>\\n<td style=\\\"width: 25%;\\\">\\n<p><img class=\\\"alignnone size-full wp-image-15115\\\" src=\\\"https:\\\/\\\/nordiskemediehus.dk\\\/wp-content\\\/uploads\\\/2024\\\/07\\\/magasin-helside-215x285-mm-scaled.jpg\\\" alt=\\\"\\\" width=\\\"2560\\\" height=\\\"1895\\\"><\\\/p>\\n<h6 style=\\\"padding-left: 20px;\\\"><strong>Helside<\\\/strong><\\\/h6>\\n<p style=\\\"padding-left: 20px;\\\">Format: 215 x 285 mm (4 x 285 mm)<br>Ring +45 28 30 89 39 for informationer om priser<\\\/p>\\n<\\\/td>\\n<td style=\\\"width: 25%;\\\">\\n<p><img class=\\\"alignnone size-full wp-image-15118\\\" src=\\\"https:\\\/\\\/nordiskemediehus.dk\\\/wp-content\\\/uploads\\\/2024\\\/07\\\/magasin-halvside-190-x-125-mm-scaled.jpg\\\" alt=\\\"\\\" width=\\\"2560\\\" height=\\\"1895\\\"><\\\/p>\\n<h6 style=\\\"padding-left: 20px;\\\"><strong>Halvside tv\\u00e6rformat<\\\/strong><\\\/h6>\\n<p style=\\\"padding-left: 20px;\\\">Format: 190 x 125 mm (4 x 125 mm)<br>Ring +45 28 30 89 39 for informationer om priser<\\\/p>\\n<\\\/td>\\n<\\\/tr>\\n<\\\/tbody>\\n<\\\/table>\"}}]}<\/script>\n\t\t\t\t\t<\/div>\n\t\t\t\t<\/div>\n\t\t\t\t<\/div>\n\t\t\t\t\t<\/div>\n\t\t\t\t<\/div>\n\t\t\t\t\t<\/div>\n\t\t\t\t<\/div>\n\t\t\t\t\t<\/div>\n\t\t<\/div>\n\t\t\t\t<\/div>\n\t\t\t\t<\/div>\n\t\t\t\t\t<\/div>\n\t\t\t\t<\/div>\n\t\t\t\t\t<\/div>\n\t\t\t\t<\/div>\n\t\t\t\t\t<\/div>\n\t\t\t\t<\/div>\n\t\t\t\t\t<\/div>\n\t\t\t\t<\/div>\n\t\t\t\t<\/div>\n\t\t\t\t\t<\/div>\n\t\t\t\t<\/div>\n\t\t\t\t\t<\/div>\n\t\t\t\t<\/div>\n\t\t\t\t\t<\/div>\n\t\t\t\t<\/div>\n\t\t<div class=\"elementor-element elementor-element-5dbdf40 e-flex e-con-boxed e-con e-parent\" data-id=\"5dbdf40\" data-element_type=\"container\" data-settings=\"{&quot;container_type&quot;:&quot;flex&quot;,&quot;content_width&quot;:&quot;boxed&quot;}\" data-core-v316-plus=\"true\">\n\t\t\t\t\t<div class=\"e-con-inner\">\n\t\t<div class=\"elementor-element elementor-element-870735b e-flex e-con-boxed e-con e-child\" data-id=\"870735b\" data-element_type=\"container\" data-settings=\"{&quot;background_background&quot;:&quot;classic&quot;,&quot;container_type&quot;:&quot;flex&quot;,&quot;content_width&quot;:&quot;boxed&quot;}\">\n\t\t\t\t\t<div class=\"e-con-inner\">\n\t\t\t\t<div class=\"elementor-element elementor-element-349c559 elementor-align-center elementor-widget elementor-widget-button\" data-id=\"349c559\" data-element_type=\"widget\" data-cta=\"tekniske specifikationer\" data-location=\"main\" data-site=\"metal supply hvem er hvem\" data-widget_type=\"button.default\">\n\t\t\t\t<div class=\"elementor-widget-container\">\n\t\t\t\t\t<div class=\"elementor-button-wrapper\">\n\t\t\t<a class=\"elementor-button elementor-button-link elementor-size-sm\" href=\"https:\/\/nordiskemediehus.dk\/en\/tekniske-specifikationer\/\">\n\t\t\t\t\t\t<span class=\"elementor-button-content-wrapper\">\n\t\t\t\t\t\t<span class=\"elementor-button-text\">See technical specifications<\/span>\n\t\t<\/span>\n\t\t\t\t\t<\/a>\n\t\t<\/div>\n\t\t\t\t<\/div>\n\t\t\t\t<\/div>\n\t\t\t\t\t<\/div>\n\t\t\t\t<\/div>\n\t\t\t\t\t<\/div>\n\t\t\t\t<\/div>\n\t\t<div class=\"elementor-element elementor-element-6913280 e-flex e-con-boxed e-con e-parent\" data-id=\"6913280\" data-element_type=\"container\" data-settings=\"{&quot;background_background&quot;:&quot;classic&quot;,&quot;container_type&quot;:&quot;flex&quot;,&quot;content_width&quot;:&quot;boxed&quot;}\" data-core-v316-plus=\"true\">\n\t\t\t\t\t<div class=\"e-con-inner\">\n\t\t\t\t<div class=\"elementor-element elementor-element-7b2b816 elementor-widget elementor-widget-heading\" data-id=\"7b2b816\" data-element_type=\"widget\" data-widget_type=\"heading.default\">\n\t\t\t\t<div class=\"elementor-widget-container\">\n\t\t\t<h3 class=\"elementor-heading-title elementor-size-default\">Contact one of our sales representatives directly<\/h3>\t\t<\/div>\n\t\t\t\t<\/div>\n\t\t\t\t\t<\/div>\n\t\t\t\t<\/div>\n\t\t<div class=\"elementor-element elementor-element-fed86c9 e-flex e-con-boxed e-con e-parent\" data-id=\"fed86c9\" data-element_type=\"container\" data-settings=\"{&quot;background_background&quot;:&quot;classic&quot;,&quot;container_type&quot;:&quot;flex&quot;,&quot;content_width&quot;:&quot;boxed&quot;}\" data-core-v316-plus=\"true\">\n\t\t\t\t\t<div class=\"e-con-inner\">\n\t\t\t\t<div class=\"elementor-element elementor-element-dccaddd elementor-widget elementor-widget-text-editor\" data-id=\"dccaddd\" data-element_type=\"widget\" data-widget_type=\"text-editor.default\">\n\t\t\t\t<div class=\"elementor-widget-container\">\n\t\t\t\t\t\t\t<p>Kim Kempf Falkenhard<br \/>Sales Director <br \/>Phone: <a href=\"tel: 4555207207\"><span style=\"text-decoration: underline;\">+45 55 20 72 07<\/span><\/a><br \/>Mail: <span style=\"text-decoration: underline;\"><a href=\"mailto:kkf@nordiskemedier.dk\">kkf@nordiskemedier.dk<\/a><\/span><\/p>\t\t\t\t\t\t<\/div>\n\t\t\t\t<\/div>\n\t\t\t\t<div class=\"elementor-element elementor-element-d47239e elementor-widget elementor-widget-text-editor\" data-id=\"d47239e\" data-element_type=\"widget\" data-widget_type=\"text-editor.default\">\n\t\t\t\t<div class=\"elementor-widget-container\">\n\t\t\t\t\t\t\t<p>Baris Karakurt<br \/>Sales Manager<br \/>Phone: <span style=\"text-decoration: underline;\"><a href=\"tel: 4528308939\">+45 28 30 89 39<\/a><\/span><br \/>Mail: <span style=\"text-decoration: underline;\"><a href=\"mailto:bka@nordiskemedier.dk\">bka@nordiskemedier.dk<\/a><\/span><\/p>\t\t\t\t\t\t<\/div>\n\t\t\t\t<\/div>\n\t\t\t\t<div class=\"elementor-element elementor-element-9507cb3 elementor-widget elementor-widget-text-editor\" data-id=\"9507cb3\" data-element_type=\"widget\" data-widget_type=\"text-editor.default\">\n\t\t\t\t<div class=\"elementor-widget-container\">\n\t\t\t\t\t\t\t<p>Tim Borup J\u00f8rgensen<br \/>Commercial Coordinator<br \/>Phone: <a href=\"tel: 4525728383\"><span style=\"text-decoration: underline;\">+45 25 72 83 83<\/span><\/a><br \/>Mail: <span style=\"text-decoration: underline;\"><a href=\"mailto:tbj@nordiskemedier.dk\">tbj@nordiskemedier.dk<\/a><\/span><\/p>\t\t\t\t\t\t<\/div>\n\t\t\t\t<\/div>\n\t\t\t\t<div class=\"elementor-element elementor-element-a8cc4bd elementor-widget elementor-widget-text-editor\" data-id=\"a8cc4bd\" data-element_type=\"widget\" data-widget_type=\"text-editor.default\">\n\t\t\t\t<div class=\"elementor-widget-container\">\n\t\t\t\t\t\t\t<p>Christian Andersen<br \/>Commercial Coordinator - Online<br \/>Phone: <a href=\"tel: 4522459845\"><span style=\"text-decoration: underline;\">+45 22 45 98 45<\/span><\/a><br \/>Mail: <span style=\"text-decoration: underline;\"><a href=\"mailto:ca@nordiskemedier.dk\">ca@nordiskemedier.dk<\/a><\/span><\/p>\t\t\t\t\t\t<\/div>\n\t\t\t\t<\/div>\n\t\t\t\t\t<\/div>\n\t\t\t\t<\/div>\n\t\t\t\t<\/div>","protected":false},"excerpt":{"rendered":"<p>Hvem er Hvem i metal- og maskinindustrien Metal- og maskinindustriens toneangivne personer I \u2019Hvem er Hvem\u2019-universet kortl\u00e6gger Metal Supply de st\u00f8rste og mest toneangivende virksomheder i metal- og maskinindustrien. Her f\u00e5r du det totale overblik med persongalleri, n\u00f8gletal og kontaktinformationer p\u00e5 ledelse og beslutningstagere fra de st\u00f8rste virksomheder i branchen. Du kan ogs\u00e5 finde Hvem [&hellip;]<\/p>","protected":false},"author":24,"featured_media":0,"parent":3865,"menu_order":10,"comment_status":"closed","ping_status":"closed","template":"elementor_header_footer","meta":{"_acf_changed":false,"inline_featured_image":false,"footnotes":"","_links_to":"","_links_to_target":""},"class_list":["post-45056","page","type-page","status-publish","hentry"],"acf":[],"_links":{"self":[{"href":"https:\/\/nordiskemediehus.dk\/en\/wp-json\/wp\/v2\/pages\/45056","targetHints":{"allow":["GET"]}}],"collection":[{"href":"https:\/\/nordiskemediehus.dk\/en\/wp-json\/wp\/v2\/pages"}],"about":[{"href":"https:\/\/nordiskemediehus.dk\/en\/wp-json\/wp\/v2\/types\/page"}],"author":[{"embeddable":true,"href":"https:\/\/nordiskemediehus.dk\/en\/wp-json\/wp\/v2\/users\/24"}],"replies":[{"embeddable":true,"href":"https:\/\/nordiskemediehus.dk\/en\/wp-json\/wp\/v2\/comments?post=45056"}],"version-history":[{"count":10,"href":"https:\/\/nordiskemediehus.dk\/en\/wp-json\/wp\/v2\/pages\/45056\/revisions"}],"predecessor-version":[{"id":58896,"href":"https:\/\/nordiskemediehus.dk\/en\/wp-json\/wp\/v2\/pages\/45056\/revisions\/58896"}],"up":[{"embeddable":true,"href":"https:\/\/nordiskemediehus.dk\/en\/wp-json\/wp\/v2\/pages\/3865"}],"wp:attachment":[{"href":"https:\/\/nordiskemediehus.dk\/en\/wp-json\/wp\/v2\/media?parent=45056"}],"curies":[{"name":"wp","href":"https:\/\/api.w.org\/{rel}","templated":true}]}}