{"id":46543,"date":"2025-09-11T11:13:50","date_gmt":"2025-09-11T11:13:50","guid":{"rendered":"https:\/\/nordiskemediehus.dk\/?page_id=46543"},"modified":"2026-01-07T12:27:18","modified_gmt":"2026-01-07T12:27:18","slug":"magasinet-soefart-hvem-er-hvem-2026","status":"publish","type":"page","link":"https:\/\/nordiskemediehus.dk\/en\/soefart\/magasinet-soefart-hvem-er-hvem-2026\/","title":{"rendered":"S\u00f8fart | Hvem er Hvem 2026"},"content":{"rendered":"\t\t<div data-elementor-type=\"wp-page\" data-elementor-id=\"46543\" class=\"elementor elementor-46543\" data-elementor-post-type=\"page\">\n\t\t\t\t<div class=\"elementor-element elementor-element-367ff41d e-flex e-con-boxed e-con e-parent\" data-id=\"367ff41d\" data-element_type=\"container\" data-e-type=\"container\" data-settings=\"{&quot;background_background&quot;:&quot;classic&quot;}\">\n\t\t\t\t\t<div class=\"e-con-inner\">\n\t\t<div class=\"elementor-element elementor-element-7924dfb6 e-con-full e-flex e-con e-child\" data-id=\"7924dfb6\" data-element_type=\"container\" data-e-type=\"container\">\n\t\t\t\t<div class=\"elementor-element elementor-element-23c5cf3a elementor-widget elementor-widget-heading\" data-id=\"23c5cf3a\" data-element_type=\"widget\" data-e-type=\"widget\" data-widget_type=\"heading.default\">\n\t\t\t\t<div class=\"elementor-widget-container\">\n\t\t\t\t\t<h2 class=\"elementor-heading-title elementor-size-default\"><a href=\"https:\/\/www.soefart.dk\/hvemerhvem\">HVEM ER HVEM I DET BL\u00c5 DANMARK <\/a><\/h2>\t\t\t\t<\/div>\n\t\t\t\t<\/div>\n\t\t\t\t<div class=\"elementor-element elementor-element-5906ebce elementor-widget elementor-widget-text-editor\" data-id=\"5906ebce\" data-element_type=\"widget\" data-e-type=\"widget\" data-widget_type=\"text-editor.default\">\n\t\t\t\t<div class=\"elementor-widget-container\">\n\t\t\t\t\t\t\t\t\t<h6><strong>Kom t\u00e6t p\u00e5 de mest toneangivende virksomheder i marineindustrien<\/strong><\/h6><p>I \u2019Hvem er Hvem\u2019-universet kortl\u00e6gger S\u00f8fart de st\u00f8rste og mest toneangivende akt\u00f8rer i den danske marineindustri.<\/p><p>\u2019Hvem er Hvem\u2019-virksomhederne pr\u00e6senteres med en beskrivelse af kerneforretningen samt overblik over ledelse, n\u00f8glepersoner, kontaktoplysninger og n\u00f8gletal.<\/p><p>\u00a0<\/p><p><strong>Udgivelse: 24. marts 2026<\/strong><br \/><strong>Deadline: 24. februar 2026<\/strong><\/p>\t\t\t\t\t\t\t\t<\/div>\n\t\t\t\t<\/div>\n\t\t\t\t<div class=\"elementor-element elementor-element-6a505ead elementor-widget elementor-widget-heading\" data-id=\"6a505ead\" data-element_type=\"widget\" data-e-type=\"widget\" data-cta=\"l\u00e6s med\" data-location=\"main\" data-site=\"s\u00f8fart hvem er hvem\" data-widget_type=\"heading.default\">\n\t\t\t\t<div class=\"elementor-widget-container\">\n\t\t\t\t\t<p class=\"elementor-heading-title elementor-size-default\"><a href=\"https:\/\/www.soefart.dk\/hvemerhvem\" target=\"_blank\">L\u00e6s med <\/a><\/p>\t\t\t\t<\/div>\n\t\t\t\t<\/div>\n\t\t\t\t<\/div>\n\t\t<div class=\"elementor-element elementor-element-4baf3755 e-con-full e-flex e-con e-child\" data-id=\"4baf3755\" data-element_type=\"container\" data-e-type=\"container\">\n\t\t\t\t<div class=\"elementor-element elementor-element-33574268 elementor-widget elementor-widget-image\" data-id=\"33574268\" data-element_type=\"widget\" data-e-type=\"widget\" data-widget_type=\"image.default\">\n\t\t\t\t<div class=\"elementor-widget-container\">\n\t\t\t\t\t\t\t\t\t\t\t\t\t\t\t\t<a href=\"https:\/\/www.soefart.dk\/hvemerhvem\">\n\t\t\t\t\t\t\t<img fetchpriority=\"high\" decoding=\"async\" width=\"768\" height=\"1017\" src=\"https:\/\/nordiskemediehus.dk\/wp-content\/uploads\/2024\/05\/Hvem-er-Hvem-i-Det-Blaa-Danmark.png\" class=\"attachment-full size-full wp-image-11084\" alt=\"\" srcset=\"https:\/\/nordiskemediehus.dk\/wp-content\/uploads\/2024\/05\/Hvem-er-Hvem-i-Det-Blaa-Danmark.png 768w, https:\/\/nordiskemediehus.dk\/wp-content\/uploads\/2024\/05\/Hvem-er-Hvem-i-Det-Blaa-Danmark-227x300.png 227w, https:\/\/nordiskemediehus.dk\/wp-content\/uploads\/2024\/05\/Hvem-er-Hvem-i-Det-Blaa-Danmark-9x12.png 9w\" sizes=\"(max-width: 768px) 100vw, 768px\" \/>\t\t\t\t\t\t\t\t<\/a>\n\t\t\t\t\t\t\t\t\t\t\t\t\t\t\t<\/div>\n\t\t\t\t<\/div>\n\t\t\t\t<\/div>\n\t\t\t\t\t<\/div>\n\t\t\t\t<\/div>\n\t\t<div class=\"elementor-element elementor-element-63ca5bd e-flex e-con-boxed e-con e-parent\" data-id=\"63ca5bd\" data-element_type=\"container\" data-e-type=\"container\">\n\t\t\t\t\t<div class=\"e-con-inner\">\n\t\t<div class=\"elementor-element elementor-element-530caa2 e-flex e-con-boxed e-con e-child\" data-id=\"530caa2\" data-element_type=\"container\" data-e-type=\"container\">\n\t\t\t\t\t<div class=\"e-con-inner\">\n\t\t<div class=\"elementor-element elementor-element-e3c62b2 e-flex e-con-boxed e-con e-child\" data-id=\"e3c62b2\" data-element_type=\"container\" data-e-type=\"container\">\n\t\t\t\t\t<div class=\"e-con-inner\">\n\t\t<div class=\"elementor-element elementor-element-5a8b23d e-con-full e-flex e-con e-child\" data-id=\"5a8b23d\" data-element_type=\"container\" data-e-type=\"container\">\n\t\t<div class=\"elementor-element elementor-element-bd762e0 e-flex e-con-boxed e-con e-child\" data-id=\"bd762e0\" data-element_type=\"container\" data-e-type=\"container\">\n\t\t\t\t\t<div class=\"e-con-inner\">\n\t\t<div class=\"elementor-element elementor-element-c0f6384 e-flex e-con-boxed e-con e-child\" data-id=\"c0f6384\" data-element_type=\"container\" data-e-type=\"container\">\n\t\t\t\t\t<div class=\"e-con-inner\">\n\t\t<div class=\"elementor-element elementor-element-6d85fe2 e-flex e-con-boxed e-con e-child\" data-id=\"6d85fe2\" data-element_type=\"container\" data-e-type=\"container\">\n\t\t\t\t\t<div class=\"e-con-inner\">\n\t\t<div class=\"elementor-element elementor-element-d50f8cf e-flex e-con-boxed e-con e-child\" data-id=\"d50f8cf\" data-element_type=\"container\" data-e-type=\"container\">\n\t\t\t\t\t<div class=\"e-con-inner\">\n\t\t\t\t<div class=\"elementor-element elementor-element-6635fdb elementor-widget elementor-widget-heading\" data-id=\"6635fdb\" data-element_type=\"widget\" data-e-type=\"widget\" data-widget_type=\"heading.default\">\n\t\t\t\t<div class=\"elementor-widget-container\">\n\t\t\t\t\t<h2 class=\"elementor-heading-title elementor-size-default\">Priser og formater<\/h2>\t\t\t\t<\/div>\n\t\t\t\t<\/div>\n\t\t\t\t<div class=\"elementor-element elementor-element-bf786a1 e-n-tabs-mobile elementor-widget elementor-widget-n-tabs\" data-id=\"bf786a1\" data-element_type=\"widget\" data-e-type=\"widget\" data-settings=\"{&quot;tabs_justify_horizontal&quot;:&quot;center&quot;,&quot;horizontal_scroll_mobile&quot;:&quot;enable&quot;,&quot;horizontal_scroll&quot;:&quot;disable&quot;}\" data-widget_type=\"nested-tabs.default\">\n\t\t\t\t<div class=\"elementor-widget-container\">\n\t\t\t\t\t\t\t<div class=\"e-n-tabs\" data-widget-number=\"200771233\" aria-label=\"Tabs. Open items with Enter or Space, close with Escape and navigate using the Arrow keys.\">\n\t\t\t<div class=\"e-n-tabs-heading\" role=\"tablist\">\n\t\t\t\t\t<button id=\"e-n-tab-title-2007712331\" data-tab-title-id=\"e-n-tab-title-2007712331\" class=\"e-n-tab-title\" aria-selected=\"true\" data-tab-index=\"1\" role=\"tab\" tabindex=\"0\" aria-controls=\"e-n-tab-content-2007712331\" style=\"--n-tabs-title-order: 1;\">\n\t\t\t\t\t\t<span class=\"e-n-tab-title-text\">\n\t\t\t\tHvem er Hvem\t\t\t<\/span>\n\t\t<\/button>\n\t\t\t\t\t<\/div>\n\t\t\t<div class=\"e-n-tabs-content\">\n\t\t\t\t<div id=\"e-n-tab-content-2007712331\" role=\"tabpanel\" aria-labelledby=\"e-n-tab-title-2007712331\" data-tab-index=\"1\" style=\"--n-tabs-title-order: 1;\" class=\"e-active elementor-element elementor-element-4a00431 e-flex e-con-boxed e-con e-child\" data-id=\"4a00431\" data-element_type=\"container\" data-e-type=\"container\">\n\t\t\t\t\t<div class=\"e-con-inner\">\n\t\t<div class=\"elementor-element elementor-element-9f809f0 e-flex e-con-boxed e-con e-child\" data-id=\"9f809f0\" data-element_type=\"container\" data-e-type=\"container\">\n\t\t\t\t\t<div class=\"e-con-inner\">\n\t\t\t\t<div class=\"elementor-element elementor-element-0484c5a elementor-widget elementor-widget-toggle\" data-id=\"0484c5a\" data-element_type=\"widget\" data-e-type=\"widget\" data-widget_type=\"toggle.default\">\n\t\t\t\t<div class=\"elementor-widget-container\">\n\t\t\t\t\t\t\t<div class=\"elementor-toggle\">\n\t\t\t\t\t\t\t<div class=\"elementor-toggle-item\">\n\t\t\t\t\t<div id=\"elementor-tab-title-4731\" class=\"elementor-tab-title\" data-tab=\"1\" role=\"button\" aria-controls=\"elementor-tab-content-4731\" aria-expanded=\"false\">\n\t\t\t\t\t\t\t\t\t\t\t\t<span class=\"elementor-toggle-icon elementor-toggle-icon-right\" aria-hidden=\"true\">\n\t\t\t\t\t\t\t\t\t\t\t\t\t\t\t<span class=\"elementor-toggle-icon-closed\"><svg class=\"e-font-icon-svg e-fas-chevron-right\" viewBox=\"0 0 320 512\" xmlns=\"http:\/\/www.w3.org\/2000\/svg\"><path d=\"M285.476 272.971L91.132 467.314c-9.373 9.373-24.569 9.373-33.941 0l-22.667-22.667c-9.357-9.357-9.375-24.522-.04-33.901L188.505 256 34.484 101.255c-9.335-9.379-9.317-24.544.04-33.901l22.667-22.667c9.373-9.373 24.569-9.373 33.941 0L285.475 239.03c9.373 9.372 9.373 24.568.001 33.941z\"><\/path><\/svg><\/span>\n\t\t\t\t\t\t\t\t<span class=\"elementor-toggle-icon-opened\"><svg class=\"elementor-toggle-icon-opened e-font-icon-svg e-fas-chevron-down\" viewBox=\"0 0 448 512\" xmlns=\"http:\/\/www.w3.org\/2000\/svg\"><path d=\"M207.029 381.476L12.686 187.132c-9.373-9.373-9.373-24.569 0-33.941l22.667-22.667c9.357-9.357 24.522-9.375 33.901-.04L224 284.505l154.745-154.021c9.379-9.335 24.544-9.317 33.901.04l22.667 22.667c9.373 9.373 9.373 24.569 0 33.941L240.971 381.476c-9.373 9.372-24.569 9.372-33.942 0z\"><\/path><\/svg><\/span>\n\t\t\t\t\t\t\t\t\t\t\t\t\t<\/span>\n\t\t\t\t\t\t\t\t\t\t\t\t<a class=\"elementor-toggle-title\" tabindex=\"0\">Printformater<\/a>\n\t\t\t\t\t<\/div>\n\n\t\t\t\t\t<div id=\"elementor-tab-content-4731\" class=\"elementor-tab-content elementor-clearfix\" data-tab=\"1\" role=\"region\" aria-labelledby=\"elementor-tab-title-4731\"><table style=\"border-collapse: collapse; width: 100%;\"><tbody><tr><td style=\"width: 25%;\"><p><img decoding=\"async\" class=\"alignnone size-full wp-image-9640\" src=\"https:\/\/nordiskemediehus.dk\/wp-content\/uploads\/2024\/05\/MS-Opslag-546x365-mm-scaled.jpg\" alt=\"\" width=\"2560\" height=\"1895\" srcset=\"https:\/\/nordiskemediehus.dk\/wp-content\/uploads\/2024\/05\/MS-Opslag-546x365-mm-scaled.jpg 2560w, https:\/\/nordiskemediehus.dk\/wp-content\/uploads\/2024\/05\/MS-Opslag-546x365-mm-300x222.jpg 300w, https:\/\/nordiskemediehus.dk\/wp-content\/uploads\/2024\/05\/MS-Opslag-546x365-mm-1024x758.jpg 1024w, https:\/\/nordiskemediehus.dk\/wp-content\/uploads\/2024\/05\/MS-Opslag-546x365-mm-768x568.jpg 768w, https:\/\/nordiskemediehus.dk\/wp-content\/uploads\/2024\/05\/MS-Opslag-546x365-mm-1536x1137.jpg 1536w, https:\/\/nordiskemediehus.dk\/wp-content\/uploads\/2024\/05\/MS-Opslag-546x365-mm-2048x1516.jpg 2048w, https:\/\/nordiskemediehus.dk\/wp-content\/uploads\/2024\/05\/MS-Opslag-546x365-mm-16x12.jpg 16w\" sizes=\"(max-width: 2560px) 100vw, 2560px\" \/><\/p><h6 style=\"padding-left: 20px;\"><strong>Opslag<\/strong><\/h6><p style=\"padding-left: 20px;\">Format: 430 x 285 mm (12 x 360 mm)<\/p><p style=\"padding-left: 20px;\">Ring +45 28 30 89 39 for informationer om priser.<\/p><\/td><td style=\"width: 25%;\"><p><img decoding=\"async\" class=\"alignnone size-full wp-image-9637\" src=\"https:\/\/nordiskemediehus.dk\/wp-content\/uploads\/2024\/05\/MS-Helside-266x365-mm-scaled.jpg\" alt=\"\" width=\"2560\" height=\"1895\" srcset=\"https:\/\/nordiskemediehus.dk\/wp-content\/uploads\/2024\/05\/MS-Helside-266x365-mm-scaled.jpg 2560w, https:\/\/nordiskemediehus.dk\/wp-content\/uploads\/2024\/05\/MS-Helside-266x365-mm-300x222.jpg 300w, https:\/\/nordiskemediehus.dk\/wp-content\/uploads\/2024\/05\/MS-Helside-266x365-mm-1024x758.jpg 1024w, https:\/\/nordiskemediehus.dk\/wp-content\/uploads\/2024\/05\/MS-Helside-266x365-mm-768x568.jpg 768w, https:\/\/nordiskemediehus.dk\/wp-content\/uploads\/2024\/05\/MS-Helside-266x365-mm-1536x1137.jpg 1536w, https:\/\/nordiskemediehus.dk\/wp-content\/uploads\/2024\/05\/MS-Helside-266x365-mm-2048x1516.jpg 2048w, https:\/\/nordiskemediehus.dk\/wp-content\/uploads\/2024\/05\/MS-Helside-266x365-mm-16x12.jpg 16w\" sizes=\"(max-width: 2560px) 100vw, 2560px\" \/><\/p><h6 style=\"padding-left: 20px;\"><strong>Helside<\/strong><\/h6><p style=\"padding-left: 20px;\">Format: 215 x 285 mm (6 x 285 mm)<\/p><p style=\"padding-left: 20px;\">Ring +45 28 30 89 39 for informationer om priser.<\/p><\/td><td style=\"width: 25%;\"><p><img loading=\"lazy\" decoding=\"async\" class=\"alignnone size-full wp-image-9636\" src=\"https:\/\/nordiskemediehus.dk\/wp-content\/uploads\/2024\/05\/MS-Halvside-tvaerformat-266x180-mm-scaled.jpg\" alt=\"\" width=\"2560\" height=\"1895\" srcset=\"https:\/\/nordiskemediehus.dk\/wp-content\/uploads\/2024\/05\/MS-Halvside-tvaerformat-266x180-mm-scaled.jpg 2560w, https:\/\/nordiskemediehus.dk\/wp-content\/uploads\/2024\/05\/MS-Halvside-tvaerformat-266x180-mm-300x222.jpg 300w, https:\/\/nordiskemediehus.dk\/wp-content\/uploads\/2024\/05\/MS-Halvside-tvaerformat-266x180-mm-1024x758.jpg 1024w, https:\/\/nordiskemediehus.dk\/wp-content\/uploads\/2024\/05\/MS-Halvside-tvaerformat-266x180-mm-768x568.jpg 768w, https:\/\/nordiskemediehus.dk\/wp-content\/uploads\/2024\/05\/MS-Halvside-tvaerformat-266x180-mm-1536x1137.jpg 1536w, https:\/\/nordiskemediehus.dk\/wp-content\/uploads\/2024\/05\/MS-Halvside-tvaerformat-266x180-mm-2048x1516.jpg 2048w, https:\/\/nordiskemediehus.dk\/wp-content\/uploads\/2024\/05\/MS-Halvside-tvaerformat-266x180-mm-16x12.jpg 16w\" sizes=\"(max-width: 2560px) 100vw, 2560px\" \/><\/p><h6 style=\"padding-left: 20px;\"><strong>Halvside tv\u00e6rformat<\/strong><\/h6><p style=\"padding-left: 20px;\">Format: 190 x 125 mm (6 x 125 mm)<\/p><p style=\"padding-left: 20px;\">Ring +45 28 30 89 39 for informationer om priser.<\/p><\/td><\/tr><\/tbody><\/table><\/div>\n\t\t\t\t<\/div>\n\t\t\t\t\t\t\t\t\t\t<script type=\"application\/ld+json\">{\"@context\":\"https:\\\/\\\/schema.org\",\"@type\":\"FAQPage\",\"mainEntity\":[{\"@type\":\"Question\",\"name\":\"Printformater\",\"acceptedAnswer\":{\"@type\":\"Answer\",\"text\":\"<table style=\\\"border-collapse: collapse; width: 100%;\\\"><tbody><tr><td style=\\\"width: 25%;\\\"><p><img class=\\\"alignnone size-full wp-image-9640\\\" src=\\\"https:\\\/\\\/nordiskemediehus.dk\\\/wp-content\\\/uploads\\\/2024\\\/05\\\/MS-Opslag-546x365-mm-scaled.jpg\\\" alt=\\\"\\\" width=\\\"2560\\\" height=\\\"1895\\\" \\\/><\\\/p><h6 style=\\\"padding-left: 20px;\\\"><strong>Opslag<\\\/strong><\\\/h6><p style=\\\"padding-left: 20px;\\\">Format: 430 x 285 mm (12 x 360 mm)<\\\/p><p style=\\\"padding-left: 20px;\\\">Ring +45 28 30 89 39 for informationer om priser.<\\\/p><\\\/td><td style=\\\"width: 25%;\\\"><p><img class=\\\"alignnone size-full wp-image-9637\\\" src=\\\"https:\\\/\\\/nordiskemediehus.dk\\\/wp-content\\\/uploads\\\/2024\\\/05\\\/MS-Helside-266x365-mm-scaled.jpg\\\" alt=\\\"\\\" width=\\\"2560\\\" height=\\\"1895\\\" \\\/><\\\/p><h6 style=\\\"padding-left: 20px;\\\"><strong>Helside<\\\/strong><\\\/h6><p style=\\\"padding-left: 20px;\\\">Format: 215 x 285 mm (6 x 285 mm)<\\\/p><p style=\\\"padding-left: 20px;\\\">Ring +45 28 30 89 39 for informationer om priser.<\\\/p><\\\/td><td style=\\\"width: 25%;\\\"><p><img class=\\\"alignnone size-full wp-image-9636\\\" src=\\\"https:\\\/\\\/nordiskemediehus.dk\\\/wp-content\\\/uploads\\\/2024\\\/05\\\/MS-Halvside-tvaerformat-266x180-mm-scaled.jpg\\\" alt=\\\"\\\" width=\\\"2560\\\" height=\\\"1895\\\" \\\/><\\\/p><h6 style=\\\"padding-left: 20px;\\\"><strong>Halvside tv\\u00e6rformat<\\\/strong><\\\/h6><p style=\\\"padding-left: 20px;\\\">Format: 190 x 125 mm (6 x 125 mm)<\\\/p><p style=\\\"padding-left: 20px;\\\">Ring +45 28 30 89 39 for informationer om priser.<\\\/p><\\\/td><\\\/tr><\\\/tbody><\\\/table>\"}}]}<\/script>\n\t\t\t\t\t<\/div>\n\t\t\t\t\t\t<\/div>\n\t\t\t\t<\/div>\n\t\t\t\t\t<\/div>\n\t\t\t\t<\/div>\n\t\t\t\t\t<\/div>\n\t\t\t\t<\/div>\n\t\t\t\t\t<\/div>\n\t\t<\/div>\n\t\t\t\t\t\t<\/div>\n\t\t\t\t<\/div>\n\t\t\t\t\t<\/div>\n\t\t\t\t<\/div>\n\t\t\t\t\t<\/div>\n\t\t\t\t<\/div>\n\t\t\t\t\t<\/div>\n\t\t\t\t<\/div>\n\t\t\t\t\t<\/div>\n\t\t\t\t<\/div>\n\t\t\t\t<\/div>\n\t\t\t\t\t<\/div>\n\t\t\t\t<\/div>\n\t\t\t\t\t<\/div>\n\t\t\t\t<\/div>\n\t\t\t\t\t<\/div>\n\t\t\t\t<\/div>\n\t\t<div class=\"elementor-element elementor-element-385d68f e-flex e-con-boxed e-con e-parent\" data-id=\"385d68f\" data-element_type=\"container\" data-e-type=\"container\">\n\t\t\t\t\t<div class=\"e-con-inner\">\n\t\t<div class=\"elementor-element elementor-element-84cd26c e-flex e-con-boxed e-con e-child\" data-id=\"84cd26c\" data-element_type=\"container\" data-e-type=\"container\" data-settings=\"{&quot;background_background&quot;:&quot;classic&quot;}\">\n\t\t\t\t\t<div class=\"e-con-inner\">\n\t\t\t\t<div class=\"elementor-element elementor-element-c38717f elementor-align-center elementor-widget elementor-widget-button\" data-id=\"c38717f\" data-element_type=\"widget\" data-e-type=\"widget\" data-widget_type=\"button.default\">\n\t\t\t\t<div class=\"elementor-widget-container\">\n\t\t\t\t\t\t\t\t\t<div class=\"elementor-button-wrapper\">\n\t\t\t\t\t<a class=\"elementor-button elementor-button-link elementor-size-sm\" href=\"https:\/\/nordiskemediehus.dk\/tekniske-specifikationer\/\">\n\t\t\t\t\t\t<span class=\"elementor-button-content-wrapper\">\n\t\t\t\t\t\t\t\t\t<span class=\"elementor-button-text\">Se tekniske specifikationer<\/span>\n\t\t\t\t\t<\/span>\n\t\t\t\t\t<\/a>\n\t\t\t\t<\/div>\n\t\t\t\t\t\t\t\t<\/div>\n\t\t\t\t<\/div>\n\t\t\t\t\t<\/div>\n\t\t\t\t<\/div>\n\t\t\t\t\t<\/div>\n\t\t\t\t<\/div>\n\t\t<div class=\"elementor-element elementor-element-6913280 e-flex e-con-boxed e-con e-parent\" data-id=\"6913280\" data-element_type=\"container\" data-e-type=\"container\" data-settings=\"{&quot;background_background&quot;:&quot;classic&quot;}\">\n\t\t\t\t\t<div class=\"e-con-inner\">\n\t\t\t\t<div class=\"elementor-element elementor-element-7b2b816 elementor-widget elementor-widget-heading\" data-id=\"7b2b816\" data-element_type=\"widget\" data-e-type=\"widget\" data-widget_type=\"heading.default\">\n\t\t\t\t<div class=\"elementor-widget-container\">\n\t\t\t\t\t<h3 class=\"elementor-heading-title elementor-size-default\">Kontakt en af vores s\u00e6lgere direkte<\/h3>\t\t\t\t<\/div>\n\t\t\t\t<\/div>\n\t\t\t\t\t<\/div>\n\t\t\t\t<\/div>\n\t\t<div class=\"elementor-element elementor-element-fed86c9 e-flex e-con-boxed e-con e-parent\" data-id=\"fed86c9\" data-element_type=\"container\" data-e-type=\"container\" data-settings=\"{&quot;background_background&quot;:&quot;classic&quot;}\">\n\t\t\t\t\t<div class=\"e-con-inner\">\n\t\t\t\t<div class=\"elementor-element elementor-element-dccaddd elementor-widget elementor-widget-text-editor\" data-id=\"dccaddd\" data-element_type=\"widget\" data-e-type=\"widget\" data-widget_type=\"text-editor.default\">\n\t\t\t\t<div class=\"elementor-widget-container\">\n\t\t\t\t\t\t\t\t\t<p>Kim Kempf Falkenhard<br \/>Salgsdirekt\u00f8r <br \/>Telefon: <a href=\"tel:+4555207207\"><span style=\"text-decoration: underline;\">+45 55 20 72 07<\/span><\/a><br \/>E-mail: <span style=\"text-decoration: underline;\"><a href=\"mailto:kkf@nordiskemedier.dk\">kkf@nordiskemedier.dk<\/a><\/span><\/p>\t\t\t\t\t\t\t\t<\/div>\n\t\t\t\t<\/div>\n\t\t\t\t<div class=\"elementor-element elementor-element-d47239e elementor-widget elementor-widget-text-editor\" data-id=\"d47239e\" data-element_type=\"widget\" data-e-type=\"widget\" data-widget_type=\"text-editor.default\">\n\t\t\t\t<div class=\"elementor-widget-container\">\n\t\t\t\t\t\t\t\t\t<p>Baris Karakurt<br \/>Salgschef<br \/>Telefon: <a href=\"tel:+4528308939\"><span style=\"text-decoration: underline;\">+45 28 30 89 39<\/span><\/a><br \/>E-mail: <span style=\"text-decoration: underline;\"><a href=\"mailto:bka@nordiskemedier.dk\">bka@nordiskemedier.dk<\/a><\/span><\/p>\t\t\t\t\t\t\t\t<\/div>\n\t\t\t\t<\/div>\n\t\t\t\t<div class=\"elementor-element elementor-element-9507cb3 elementor-widget elementor-widget-text-editor\" data-id=\"9507cb3\" data-element_type=\"widget\" data-e-type=\"widget\" data-widget_type=\"text-editor.default\">\n\t\t\t\t<div class=\"elementor-widget-container\">\n\t\t\t\t\t\t\t\t\t<p>Tim Borup J\u00f8rgensen<br \/>Kommerciel koordinator<br \/>Telefon: <a href=\"tel:+4525728383\"><span style=\"text-decoration: underline;\">+45 25 72 83 83<\/span><\/a><br \/>E-mail: <span style=\"text-decoration: underline;\"><a href=\"mailto:tbj@nordiskemedier.dk\">tbj@nordiskemedier.dk<\/a><\/span><\/p>\t\t\t\t\t\t\t\t<\/div>\n\t\t\t\t<\/div>\n\t\t\t\t<div class=\"elementor-element elementor-element-a8cc4bd elementor-widget elementor-widget-text-editor\" data-id=\"a8cc4bd\" data-element_type=\"widget\" data-e-type=\"widget\" data-widget_type=\"text-editor.default\">\n\t\t\t\t<div class=\"elementor-widget-container\">\n\t\t\t\t\t\t\t\t\t<p>Christian Andersen<br \/>Kommerciel koordinator &#8211; Online<br \/>Telefon: <a href=\"tel:+4522459845\"><span style=\"text-decoration: underline;\">+45 22 45 98 45<\/span><\/a><br \/>E-mail: <span style=\"text-decoration: underline;\"><a href=\"mailto:ca@nordiskemedier.dk\">ca@nordiskemedier.dk<\/a><\/span><\/p>\t\t\t\t\t\t\t\t<\/div>\n\t\t\t\t<\/div>\n\t\t\t\t\t<\/div>\n\t\t\t\t<\/div>\n\t\t\t\t<\/div>\n\t\t","protected":false},"excerpt":{"rendered":"<p>HVEM ER HVEM I DET BL\u00c5 DANMARK Kom t\u00e6t p\u00e5 de mest toneangivende virksomheder i marineindustrien I \u2019Hvem er Hvem\u2019-universet kortl\u00e6gger S\u00f8fart de st\u00f8rste og mest toneangivende akt\u00f8rer i den danske marineindustri. \u2019Hvem er Hvem\u2019-virksomhederne pr\u00e6senteres med en beskrivelse af kerneforretningen samt overblik over ledelse, n\u00f8glepersoner, kontaktoplysninger og n\u00f8gletal. \u00a0 Udgivelse: 24. marts 2026Deadline: 24. [&hellip;]<\/p>\n","protected":false},"author":24,"featured_media":0,"parent":4129,"menu_order":10,"comment_status":"closed","ping_status":"closed","template":"elementor_header_footer","meta":{"_acf_changed":false,"inline_featured_image":false,"footnotes":"","_links_to":"","_links_to_target":""},"class_list":["post-46543","page","type-page","status-publish","hentry"],"acf":[],"_links":{"self":[{"href":"https:\/\/nordiskemediehus.dk\/en\/wp-json\/wp\/v2\/pages\/46543","targetHints":{"allow":["GET"]}}],"collection":[{"href":"https:\/\/nordiskemediehus.dk\/en\/wp-json\/wp\/v2\/pages"}],"about":[{"href":"https:\/\/nordiskemediehus.dk\/en\/wp-json\/wp\/v2\/types\/page"}],"author":[{"embeddable":true,"href":"https:\/\/nordiskemediehus.dk\/en\/wp-json\/wp\/v2\/users\/24"}],"replies":[{"embeddable":true,"href":"https:\/\/nordiskemediehus.dk\/en\/wp-json\/wp\/v2\/comments?post=46543"}],"version-history":[{"count":10,"href":"https:\/\/nordiskemediehus.dk\/en\/wp-json\/wp\/v2\/pages\/46543\/revisions"}],"predecessor-version":[{"id":58986,"href":"https:\/\/nordiskemediehus.dk\/en\/wp-json\/wp\/v2\/pages\/46543\/revisions\/58986"}],"up":[{"embeddable":true,"href":"https:\/\/nordiskemediehus.dk\/en\/wp-json\/wp\/v2\/pages\/4129"}],"wp:attachment":[{"href":"https:\/\/nordiskemediehus.dk\/en\/wp-json\/wp\/v2\/media?parent=46543"}],"curies":[{"name":"wp","href":"https:\/\/api.w.org\/{rel}","templated":true}]}}