{"id":48034,"date":"2025-09-17T08:59:17","date_gmt":"2025-09-17T08:59:17","guid":{"rendered":"https:\/\/nordiskemediehus.dk\/?page_id=48034"},"modified":"2026-01-29T14:21:37","modified_gmt":"2026-01-29T14:21:37","slug":"udgivelsesplan","status":"publish","type":"page","link":"https:\/\/nordiskemediehus.dk\/en\/transportmagasinet-no\/udgivelsesplan\/","title":{"rendered":"TransportMagasinet NO | Udgivelsesplan 2026"},"content":{"rendered":"<div data-elementor-type=\"wp-page\" data-elementor-id=\"48034\" class=\"elementor elementor-48034\" data-elementor-post-type=\"page\">\n\t\t\t\t<div class=\"elementor-element elementor-element-3089cc5 e-flex e-con-boxed e-con e-parent\" data-id=\"3089cc5\" data-element_type=\"container\" data-e-type=\"container\" data-settings=\"{&quot;background_background&quot;:&quot;classic&quot;}\">\n\t\t\t\t\t<div class=\"e-con-inner\">\n\t\t<div class=\"elementor-element elementor-element-9572436 e-con-full e-flex e-con e-child\" data-id=\"9572436\" data-element_type=\"container\" data-e-type=\"container\">\n\t\t<div class=\"elementor-element elementor-element-33735fb e-grid e-con-boxed e-con e-child\" data-id=\"33735fb\" data-element_type=\"container\" data-e-type=\"container\">\n\t\t\t\t\t<div class=\"e-con-inner\">\n\t\t<div class=\"elementor-element elementor-element-fd3985a e-flex e-con-boxed e-con e-child\" data-id=\"fd3985a\" data-element_type=\"container\" data-e-type=\"container\">\n\t\t\t\t\t<div class=\"e-con-inner\">\n\t\t\t\t<div class=\"elementor-element elementor-element-e6c6bf0 elementor-widget elementor-widget-heading\" data-id=\"e6c6bf0\" data-element_type=\"widget\" data-e-type=\"widget\" data-widget_type=\"heading.default\">\n\t\t\t\t<div class=\"elementor-widget-container\">\n\t\t\t\t\t<h2 class=\"elementor-heading-title elementor-size-default\"><a href=\"https:\/\/www.tungt.no\/?industryId=123\">TransportMagasinet<\/a><\/h2>\t\t\t\t<\/div>\n\t\t\t\t<\/div>\n\t\t\t\t<div class=\"elementor-element elementor-element-5906ebce elementor-widget__width-initial elementor-widget elementor-widget-text-editor\" data-id=\"5906ebce\" data-element_type=\"widget\" data-e-type=\"widget\" data-widget_type=\"text-editor.default\">\n\t\t\t\t<div class=\"elementor-widget-container\">\n\t\t\t\t\t\t\t\t\t<div class=\"ewa-rteLine\" style=\"text-align: center;\"><p style=\"text-align: left;\"><strong>TransportMagasinet<\/strong> is a part of <em>tungt.no<\/em>\u2013universe and the leading business media for the Norwegian transport industry. With a strong digital presence on <strong><a href=\"https:\/\/www.tungt.no\/transport\">tungt.no\/transport<\/a><\/strong>a daily newsletter and a magazine published 10 times a year, we keep both hauliers and drivers updated on the latest news and trends in the industry. This makes TransportMagasinet the obvious platform for you who want to get your message across to the industry\u2019s key players.\u00a0<\/p><p>\u00a0<\/p><\/div><div><h2 style=\"font-family: 'Titillium Web', sans-serif; font-weight: 600; line-height: 1.2em; color: #e7580e; font-size: 18px; text-align: left;\" data-elementor-setting-key=\"title\" data-pen-placeholder=\"Skriv her...\">Visit <a href=\"https:\/\/www.tungt.no\/?industryId=123\"><span style=\"color: #000000;\">tungt.no\/transport<\/span><\/a><\/h2><\/div>\t\t\t\t\t\t\t\t<\/div>\n\t\t\t\t<\/div>\n\t\t\t\t\t<\/div>\n\t\t\t\t<\/div>\n\t\t<div class=\"elementor-element elementor-element-4e5b90c e-flex e-con-boxed e-con e-child\" data-id=\"4e5b90c\" data-element_type=\"container\" data-e-type=\"container\">\n\t\t\t\t\t<div class=\"e-con-inner\">\n\t\t\t\t<div class=\"elementor-element elementor-element-e8eb10e elementor-widget elementor-widget-image\" data-id=\"e8eb10e\" data-element_type=\"widget\" data-e-type=\"widget\" data-widget_type=\"image.default\">\n\t\t\t\t<div class=\"elementor-widget-container\">\n\t\t\t\t\t\t\t\t\t\t\t\t\t\t\t<img fetchpriority=\"high\" decoding=\"async\" width=\"800\" height=\"499\" src=\"https:\/\/nordiskemediehus.dk\/wp-content\/uploads\/2024\/08\/02-Macbook-Pro-Mockup-Tungt-NO-e1744290073583-1024x639.png\" class=\"attachment-large size-large wp-image-18721\" alt=\"\" srcset=\"https:\/\/nordiskemediehus.dk\/wp-content\/uploads\/2024\/08\/02-Macbook-Pro-Mockup-Tungt-NO-e1744290073583-1024x639.png 1024w, https:\/\/nordiskemediehus.dk\/wp-content\/uploads\/2024\/08\/02-Macbook-Pro-Mockup-Tungt-NO-e1744290073583-300x187.png 300w, https:\/\/nordiskemediehus.dk\/wp-content\/uploads\/2024\/08\/02-Macbook-Pro-Mockup-Tungt-NO-e1744290073583-768x479.png 768w, https:\/\/nordiskemediehus.dk\/wp-content\/uploads\/2024\/08\/02-Macbook-Pro-Mockup-Tungt-NO-e1744290073583-1536x958.png 1536w, https:\/\/nordiskemediehus.dk\/wp-content\/uploads\/2024\/08\/02-Macbook-Pro-Mockup-Tungt-NO-e1744290073583-2048x1277.png 2048w, https:\/\/nordiskemediehus.dk\/wp-content\/uploads\/2024\/08\/02-Macbook-Pro-Mockup-Tungt-NO-e1744290073583-18x12.png 18w\" sizes=\"(max-width: 800px) 100vw, 800px\" \/>\t\t\t\t\t\t\t\t\t\t\t\t\t\t\t<\/div>\n\t\t\t\t<\/div>\n\t\t\t\t\t<\/div>\n\t\t\t\t<\/div>\n\t\t\t\t\t<\/div>\n\t\t\t\t<\/div>\n\t\t\t\t<\/div>\n\t\t\t\t\t<\/div>\n\t\t\t\t<\/div>\n\t\t<div class=\"elementor-element elementor-element-e89a36c e-flex e-con-boxed e-con e-parent\" data-id=\"e89a36c\" data-element_type=\"container\" data-e-type=\"container\">\n\t\t\t\t\t<div class=\"e-con-inner\">\n\t\t<div class=\"elementor-element elementor-element-363e379 e-flex e-con-boxed e-con e-child\" data-id=\"363e379\" data-element_type=\"container\" data-e-type=\"container\">\n\t\t\t\t\t<div class=\"e-con-inner\">\n\t\t<div class=\"elementor-element elementor-element-ed3ab19 custom-graph-section e-flex e-con-boxed e-con e-child\" data-id=\"ed3ab19\" data-element_type=\"container\" data-e-type=\"container\">\n\t\t\t\t\t<div class=\"e-con-inner\">\n\t\t<div class=\"elementor-element elementor-element-5625b91 e-flex e-con-boxed e-con e-child\" data-id=\"5625b91\" data-element_type=\"container\" data-e-type=\"container\">\n\t\t\t\t\t<div class=\"e-con-inner\">\n\t\t<div class=\"elementor-element elementor-element-b784001 e-flex e-con-boxed e-con e-child\" data-id=\"b784001\" data-element_type=\"container\" data-e-type=\"container\">\n\t\t\t\t\t<div class=\"e-con-inner\">\n\t\t<div class=\"elementor-element elementor-element-05a471c e-flex e-con-boxed e-con e-child\" data-id=\"05a471c\" data-element_type=\"container\" data-e-type=\"container\">\n\t\t\t\t\t<div class=\"e-con-inner\">\n\t\t<div class=\"elementor-element elementor-element-14be544 e-con-full e-flex e-con e-child\" data-id=\"14be544\" data-element_type=\"container\" data-e-type=\"container\">\n\t\t\t\t<div class=\"elementor-element elementor-element-2bdd05c elementor-widget elementor-widget-menu-anchor\" data-id=\"2bdd05c\" data-element_type=\"widget\" data-e-type=\"widget\" data-widget_type=\"menu-anchor.default\">\n\t\t\t\t<div class=\"elementor-widget-container\">\n\t\t\t\t\t\t\t<div class=\"elementor-menu-anchor\" id=\"TRAudgivelsesplan-NO\"><\/div>\n\t\t\t\t\t\t<\/div>\n\t\t\t\t<\/div>\n\t\t\t\t<\/div>\n\t\t\t\t<div class=\"elementor-element elementor-element-5d257bd .custom-graph-section elementor-widget elementor-widget-image\" data-id=\"5d257bd\" data-element_type=\"widget\" data-e-type=\"widget\" data-widget_type=\"image.default\">\n\t\t\t\t<div class=\"elementor-widget-container\">\n\t\t\t\t\t\t\t\t\t\t\t\t\t\t\t\t<a href=\"https:\/\/www.tungt.no\/?industryId=123\">\n\t\t\t\t\t\t\t<img decoding=\"async\" width=\"107\" height=\"31\" src=\"https:\/\/nordiskemediehus.dk\/wp-content\/uploads\/2025\/09\/transportmagasinet_original_logo.svg\" class=\"attachment-full size-full wp-image-48917\" alt=\"\" \/>\t\t\t\t\t\t\t\t<\/a>\n\t\t\t\t\t\t\t\t\t\t\t\t\t\t\t<\/div>\n\t\t\t\t<\/div>\n\t\t\t\t<div class=\"elementor-element elementor-element-e67123a elementor-widget elementor-widget-heading\" data-id=\"e67123a\" data-element_type=\"widget\" data-e-type=\"widget\" data-widget_type=\"heading.default\">\n\t\t\t\t<div class=\"elementor-widget-container\">\n\t\t\t\t\t<h2 class=\"elementor-heading-title elementor-size-default\">Udgivelsesplan for TransportMagasinet<\/h2>\t\t\t\t<\/div>\n\t\t\t\t<\/div>\n\t\t\t\t<div class=\"elementor-element elementor-element-f8c0496 elementor-widget elementor-widget-text-editor\" data-id=\"f8c0496\" data-element_type=\"widget\" data-e-type=\"widget\" data-widget_type=\"text-editor.default\">\n\t\t\t\t<div class=\"elementor-widget-container\">\n\t\t\t\t\t\t\t\t\t<table width=\"655\"><tbody><tr><td width=\"212\">\u00a0<\/td><td width=\"91\"><h6><strong>Deadline<\/strong><\/h6><\/td><td width=\"105\"><h6><strong>Publication date<\/strong><\/h6><\/td><td width=\"247\"><h6><strong>Trade fairs 2026<\/strong><\/h6><\/td><\/tr><tr><td>TransportMagasinet no. 1<\/td><td>22-01-2026<\/td><td>04-02-2026<\/td><td>\u00a0<\/td><\/tr><tr><td>TransportMagasinet no. 2<\/td><td>26-02-2026<\/td><td>11-03-2026<\/td><td>\u00a0<\/td><\/tr><tr><td>TransportMagasinet no. 3<\/td><td>26-03-2026<\/td><td>14-04-2026<\/td><td>Transport fair in Lillestr\u00f8m, April 23\u201325<\/td><\/tr><tr><td>\u00a0<\/td><td>\u00a0<\/td><td>\u00a0<\/td><td>Euro Expo: Trondheim, April 15\u201316<\/td><\/tr><tr><td>TransportMagasinet no. 4<\/td><td>07-05-2026<\/td><td>20-05-2026<\/td><td>Euro Expo: Bergen, May 20\u201321<\/td><\/tr><tr><td>TransportMagasinet no. 5<\/td><td>28-05-2026<\/td><td>10-06-2026<\/td><td>\u00a0<\/td><\/tr><tr><td>TransportMagasinet no. 6<\/td><td>13-08-2026<\/td><td>26-08-2026<\/td><td>Dyrsku\u2019n<\/td><\/tr><tr><td>TransportMagasinet no. 7<\/td><td>10-09-2026<\/td><td>23-09-2026<\/td><td>\u00a0<\/td><\/tr><tr><td>TransportMagasinet no. 8<\/td><td>08-10-2026<\/td><td>21-10-2026<\/td><td>\u00a0<\/td><\/tr><tr><td>TransportMagasinet no. 9<\/td><td>05-11-2026<\/td><td>18-11-2026<\/td><td>\u00a0<\/td><\/tr><tr><td>TransportMagasinet no. 10<\/td><td>26-11-2026<\/td><td>09-12-2026<\/td><td>\u00a0<\/td><\/tr><\/tbody><\/table>\t\t\t\t\t\t\t\t<\/div>\n\t\t\t\t<\/div>\n\t\t\t\t\t<\/div>\n\t\t\t\t<\/div>\n\t\t\t\t\t<\/div>\n\t\t\t\t<\/div>\n\t\t\t\t\t<\/div>\n\t\t\t\t<\/div>\n\t\t\t\t\t<\/div>\n\t\t\t\t<\/div>\n\t\t\t\t\t<\/div>\n\t\t\t\t<\/div>\n\t\t\t\t\t<\/div>\n\t\t\t\t<\/div>\n\t\t<div class=\"elementor-element elementor-element-20a3d71 e-flex e-con-boxed e-con e-parent\" data-id=\"20a3d71\" data-element_type=\"container\" data-e-type=\"container\">\n\t\t\t\t\t<div class=\"e-con-inner\">\n\t\t<div class=\"elementor-element elementor-element-7d71abf e-flex e-con-boxed e-con e-child\" data-id=\"7d71abf\" data-element_type=\"container\" data-e-type=\"container\">\n\t\t\t\t\t<div class=\"e-con-inner\">\n\t\t\t\t<div class=\"elementor-element elementor-element-48cf5d2 elementor-widget elementor-widget-shortcode\" data-id=\"48cf5d2\" data-element_type=\"widget\" data-e-type=\"widget\" data-cta=\"print udgivelsesplan\" data-location=\"main\" data-site=\"transportmagasinet NO\" data-widget_type=\"shortcode.default\">\n\t\t\t\t<div class=\"elementor-widget-container\">\n\t\t\t\t\t\t\t<div class=\"elementor-shortcode\"><button type=\"button\" class=\"pdf-export-btn print-knap\" data-selector=\".custom-graph-section,.custom-table-section\">Print PDF<\/button><\/div>\n\t\t\t\t\t\t<\/div>\n\t\t\t\t<\/div>\n\t\t\t\t\t<\/div>\n\t\t\t\t<\/div>\n\t\t\t\t\t<\/div>\n\t\t\t\t<\/div>\n\t\t<div class=\"elementor-element elementor-element-c47ab70 e-flex e-con-boxed e-con e-parent\" data-id=\"c47ab70\" data-element_type=\"container\" data-e-type=\"container\" data-settings=\"{&quot;background_background&quot;:&quot;classic&quot;}\">\n\t\t\t\t\t<div class=\"e-con-inner\">\n\t\t<div class=\"elementor-element elementor-element-3aa3f1f e-flex e-con-boxed e-con e-child\" data-id=\"3aa3f1f\" data-element_type=\"container\" data-e-type=\"container\" data-settings=\"{&quot;background_background&quot;:&quot;classic&quot;}\">\n\t\t\t\t\t<div class=\"e-con-inner\">\n\t\t<div class=\"elementor-element elementor-element-9921174 e-flex e-con-boxed e-con e-child\" data-id=\"9921174\" data-element_type=\"container\" data-e-type=\"container\" data-settings=\"{&quot;background_background&quot;:&quot;classic&quot;}\">\n\t\t\t\t\t<div class=\"e-con-inner\">\n\t\t<div class=\"elementor-element elementor-element-59f15df e-flex e-con-boxed e-con e-child\" data-id=\"59f15df\" data-element_type=\"container\" data-e-type=\"container\" data-settings=\"{&quot;background_background&quot;:&quot;classic&quot;}\">\n\t\t\t\t\t<div class=\"e-con-inner\">\n\t\t<div class=\"elementor-element elementor-element-761bf96 e-flex e-con-boxed e-con e-child\" data-id=\"761bf96\" data-element_type=\"container\" data-e-type=\"container\" data-settings=\"{&quot;background_background&quot;:&quot;classic&quot;}\">\n\t\t\t\t\t<div class=\"e-con-inner\">\n\t\t<div class=\"elementor-element elementor-element-b4f7e93 e-flex e-con-boxed e-con e-child\" data-id=\"b4f7e93\" data-element_type=\"container\" data-e-type=\"container\" data-settings=\"{&quot;background_background&quot;:&quot;classic&quot;}\">\n\t\t\t\t\t<div class=\"e-con-inner\">\n\t\t<div class=\"elementor-element elementor-element-3348c5e e-flex e-con-boxed e-con e-child\" data-id=\"3348c5e\" data-element_type=\"container\" data-e-type=\"container\" data-settings=\"{&quot;background_background&quot;:&quot;classic&quot;}\">\n\t\t\t\t\t<div class=\"e-con-inner\">\n\t\t\t\t\t<\/div>\n\t\t\t\t<\/div>\n\t\t\t\t\t<\/div>\n\t\t\t\t<\/div>\n\t\t\t\t\t<\/div>\n\t\t\t\t<\/div>\n\t\t\t\t\t<\/div>\n\t\t\t\t<\/div>\n\t\t\t\t\t<\/div>\n\t\t\t\t<\/div>\n\t\t\t\t\t<\/div>\n\t\t\t\t<\/div>\n\t\t\t\t\t<\/div>\n\t\t\t\t<\/div>\n\t\t\t\t<\/div>","protected":false},"excerpt":{"rendered":"<p>TransportMagasinet TransportMagasinet er en del af tungt.no-universet og norsk transportbranches f\u00f8rende erhvervsmedie. Med en st\u00e6rk digital tilstedev\u00e6relse p\u00e5 tungt.no\/transport, et dagligt nyhedsbrev og et magasin, der publiceres 10 gange \u00e5rligt, holder vi b\u00e5de vognm\u00e6nd og chauff\u00f8rer opdateret p\u00e5 de seneste nyheder og tendenser i branchen. Det g\u00f8r TransportMagasinet til en oplagt platform for dig, der [&hellip;]<\/p>\n","protected":false},"author":4,"featured_media":0,"parent":26533,"menu_order":10,"comment_status":"closed","ping_status":"closed","template":"elementor_header_footer","meta":{"_acf_changed":false,"inline_featured_image":false,"footnotes":"","_links_to":"","_links_to_target":""},"class_list":["post-48034","page","type-page","status-publish","hentry"],"acf":[],"_links":{"self":[{"href":"https:\/\/nordiskemediehus.dk\/en\/wp-json\/wp\/v2\/pages\/48034","targetHints":{"allow":["GET"]}}],"collection":[{"href":"https:\/\/nordiskemediehus.dk\/en\/wp-json\/wp\/v2\/pages"}],"about":[{"href":"https:\/\/nordiskemediehus.dk\/en\/wp-json\/wp\/v2\/types\/page"}],"author":[{"embeddable":true,"href":"https:\/\/nordiskemediehus.dk\/en\/wp-json\/wp\/v2\/users\/4"}],"replies":[{"embeddable":true,"href":"https:\/\/nordiskemediehus.dk\/en\/wp-json\/wp\/v2\/comments?post=48034"}],"version-history":[{"count":13,"href":"https:\/\/nordiskemediehus.dk\/en\/wp-json\/wp\/v2\/pages\/48034\/revisions"}],"predecessor-version":[{"id":60061,"href":"https:\/\/nordiskemediehus.dk\/en\/wp-json\/wp\/v2\/pages\/48034\/revisions\/60061"}],"up":[{"embeddable":true,"href":"https:\/\/nordiskemediehus.dk\/en\/wp-json\/wp\/v2\/pages\/26533"}],"wp:attachment":[{"href":"https:\/\/nordiskemediehus.dk\/en\/wp-json\/wp\/v2\/media?parent=48034"}],"curies":[{"name":"wp","href":"https:\/\/api.w.org\/{rel}","templated":true}]}}