{"id":20994,"date":"2024-09-04T10:45:40","date_gmt":"2024-09-04T10:45:40","guid":{"rendered":"https:\/\/nordiskemediehus.dk\/?page_id=20994"},"modified":"2025-02-28T10:15:46","modified_gmt":"2025-02-28T10:15:46","slug":"handelsbetingelser-og-privatlivspolitik-se","status":"publish","type":"page","link":"https:\/\/nordiskemediehus.dk\/no\/handelsbetingelser-og-privatlivspolitik-se\/","title":{"rendered":"Villkor och sekretesspolicy"},"content":{"rendered":"<div data-elementor-type=\"wp-page\" data-elementor-id=\"20994\" class=\"elementor elementor-20994\" data-elementor-post-type=\"page\">\n\t\t\t\t<div class=\"elementor-element elementor-element-e8df775 e-flex e-con-boxed e-con e-parent\" data-id=\"e8df775\" data-element_type=\"container\" data-e-type=\"container\" data-settings=\"{&quot;background_background&quot;:&quot;classic&quot;}\">\n\t\t\t\t\t<div class=\"e-con-inner\">\n\t\t\t\t\t<\/div>\n\t\t\t\t<\/div>\n\t\t<div class=\"elementor-element elementor-element-494ebd4 e-flex e-con-boxed e-con e-parent\" data-id=\"494ebd4\" data-element_type=\"container\" data-e-type=\"container\" data-settings=\"{&quot;background_background&quot;:&quot;classic&quot;}\">\n\t\t\t\t\t<div class=\"e-con-inner\">\n\t\t<div class=\"elementor-element elementor-element-84cc3a7 e-flex e-con-boxed e-con e-child\" data-id=\"84cc3a7\" data-element_type=\"container\" data-e-type=\"container\">\n\t\t\t\t\t<div class=\"e-con-inner\">\n\t\t\t\t<div class=\"elementor-element elementor-element-ef11ee5 elementor-widget elementor-widget-heading\" data-id=\"ef11ee5\" data-element_type=\"widget\" data-e-type=\"widget\" data-widget_type=\"heading.default\">\n\t\t\t\t<div class=\"elementor-widget-container\">\n\t\t\t\t\t<h2 class=\"elementor-heading-title elementor-size-default\">Villkor och sekretesspolicy f\u00f6r \nNordiske Medier\n<\/h2>\t\t\t\t<\/div>\n\t\t\t\t<\/div>\n\t\t\t\t\t<\/div>\n\t\t\t\t<\/div>\n\t\t\t\t\t<\/div>\n\t\t\t\t<\/div>\n\t\t<div class=\"elementor-element elementor-element-69106e8 e-flex e-con-boxed e-con e-parent\" data-id=\"69106e8\" data-element_type=\"container\" data-e-type=\"container\">\n\t\t\t\t\t<div class=\"e-con-inner\">\n\t\t<div class=\"elementor-element elementor-element-31107c6 e-con-full e-flex e-con e-child\" data-id=\"31107c6\" data-element_type=\"container\" data-e-type=\"container\">\n\t\t\t\t<div class=\"elementor-element elementor-element-a19717f e-n-tabs-none elementor-widget elementor-widget-n-tabs\" data-id=\"a19717f\" data-element_type=\"widget\" data-e-type=\"widget\" data-settings=\"{&quot;horizontal_scroll_mobile&quot;:&quot;disable&quot;,&quot;tabs_justify_horizontal_tablet&quot;:&quot;start&quot;,&quot;tabs_justify_horizontal&quot;:&quot;center&quot;,&quot;tabs_justify_horizontal_mobile&quot;:&quot;center&quot;,&quot;horizontal_scroll&quot;:&quot;disable&quot;}\" data-no-translation=\"\" data-widget_type=\"nested-tabs.default\">\n\t\t\t\t<div class=\"elementor-widget-container\">\n\t\t\t\t\t<style>.elementor-element-a19717f{display:none !important}<\/style>\t\t\t\t<\/div>\n\t\t\t\t<\/div>\n\t\t\t\t<\/div>\n\t\t\t\t\t<\/div>\n\t\t\t\t<\/div>\n\t\t\t\t<\/div>","protected":false},"excerpt":{"rendered":"<p>Villkor och sekretesspolicy f\u00f6r Nordiske Medier Prenumeration Online- och printannonsering Event Medlemskap Projektagenten Allm\u00e4nna prenumerationsvillkor F\u00f6ljande allm\u00e4nna prenumerationsvillkor (h\u00e4danefter kallade \u201dPrenumerationsvillkor\u201d) g\u00e4ller f\u00f6r alla prenumerationsprodukter (h\u00e4danefter kallat \u201dPrenumerationen\u201d) fr\u00e5n Nordiske Medier Stockholm AB, Org. nr.: 556259-1197, Sundbybergsv\u00e4gen 1, 171 73 Solna (h\u00e4danefter kallade \u201dNordiske Medier\u201d). 1. Prenumeration 1.1. F\u00f6r att teckna en prenumeration hos Nordiske [&hellip;]<\/p>\n","protected":false},"author":2,"featured_media":0,"parent":0,"menu_order":5,"comment_status":"closed","ping_status":"closed","template":"elementor_header_footer","meta":{"_acf_changed":false,"inline_featured_image":false,"footnotes":"","_links_to":"","_links_to_target":""},"class_list":["post-20994","page","type-page","status-publish","hentry"],"acf":[],"_links":{"self":[{"href":"https:\/\/nordiskemediehus.dk\/no\/wp-json\/wp\/v2\/pages\/20994","targetHints":{"allow":["GET"]}}],"collection":[{"href":"https:\/\/nordiskemediehus.dk\/no\/wp-json\/wp\/v2\/pages"}],"about":[{"href":"https:\/\/nordiskemediehus.dk\/no\/wp-json\/wp\/v2\/types\/page"}],"author":[{"embeddable":true,"href":"https:\/\/nordiskemediehus.dk\/no\/wp-json\/wp\/v2\/users\/2"}],"replies":[{"embeddable":true,"href":"https:\/\/nordiskemediehus.dk\/no\/wp-json\/wp\/v2\/comments?post=20994"}],"version-history":[{"count":10,"href":"https:\/\/nordiskemediehus.dk\/no\/wp-json\/wp\/v2\/pages\/20994\/revisions"}],"predecessor-version":[{"id":32756,"href":"https:\/\/nordiskemediehus.dk\/no\/wp-json\/wp\/v2\/pages\/20994\/revisions\/32756"}],"wp:attachment":[{"href":"https:\/\/nordiskemediehus.dk\/no\/wp-json\/wp\/v2\/media?parent=20994"}],"curies":[{"name":"wp","href":"https:\/\/api.w.org\/{rel}","templated":true}]}}