{"id":2120,"date":"2023-12-20T09:13:36","date_gmt":"2023-12-20T09:13:36","guid":{"rendered":"https:\/\/2024.nordiske-medier.dk\/om-os-2\/"},"modified":"2025-11-18T08:48:21","modified_gmt":"2025-11-18T08:48:21","slug":"om-os","status":"publish","type":"page","link":"https:\/\/nordiskemediehus.dk\/no\/om-os\/","title":{"rendered":"Om oss"},"content":{"rendered":"<div data-elementor-type=\"wp-page\" data-elementor-id=\"2120\" class=\"elementor elementor-2120\" data-elementor-post-type=\"page\">\n\t\t\t\t<div class=\"elementor-element elementor-element-21c92a9e e-flex e-con-boxed e-con e-parent\" data-id=\"21c92a9e\" data-element_type=\"container\" data-e-type=\"container\" data-settings=\"{&quot;background_background&quot;:&quot;video&quot;,&quot;background_video_link&quot;:&quot;https:\\\/\\\/nordiskemediehus.dk\\\/wp-content\\\/uploads\\\/2024\\\/03\\\/MEDARBEJDERFILM-FINAL-M.-OSLO.mp4&quot;,&quot;background_play_on_mobile&quot;:&quot;yes&quot;}\">\n\t\t\t\t\t<div class=\"e-con-inner\">\n\t\t<div class=\"elementor-background-video-container\">\n\t\t\t\t\t\t\t<video class=\"elementor-background-video-hosted\" role=\"presentation\" autoplay muted playsinline loop><\/video>\n\t\t\t\t\t<\/div>\t\t\t<\/div>\n\t\t\t\t<\/div>\n\t\t<div class=\"elementor-element elementor-element-6add404f e-flex e-con-boxed e-con e-parent\" data-id=\"6add404f\" data-element_type=\"container\" data-e-type=\"container\" data-settings=\"{&quot;background_background&quot;:&quot;classic&quot;}\">\n\t\t\t\t\t<div class=\"e-con-inner\">\n\t\t\t\t<div class=\"elementor-element elementor-element-516c95d8 elementor-widget elementor-widget-heading\" data-id=\"516c95d8\" data-element_type=\"widget\" data-e-type=\"widget\" data-widget_type=\"heading.default\">\n\t\t\t\t<div class=\"elementor-widget-container\">\n\t\t\t\t\t<h2 class=\"elementor-heading-title elementor-size-default\">Nordens sterkeste fagmediehus<\/h2>\t\t\t\t<\/div>\n\t\t\t\t<\/div>\n\t\t\t\t<div class=\"elementor-element elementor-element-8d7b76c elementor-widget elementor-widget-heading\" data-id=\"8d7b76c\" data-element_type=\"widget\" data-e-type=\"widget\" data-widget_type=\"heading.default\">\n\t\t\t\t<div class=\"elementor-widget-container\">\n\t\t\t\t\t<h3 class=\"elementor-heading-title elementor-size-default\">Nordiske Medier er Skandinavias sterkeste virksomhet innen fagmedier, med over 50 faste titler i Danmark, Sverige og Norge \u2013 b\u00e5de p\u00e5 print og online. I tillegg st\u00e5r vi bak utgivelsen av mer enn 100 ulike spesialmagasiner og nyhetsbrev. Alltid med n\u00f8ye prioritert innhold til en definert og skreddersydd m\u00e5lgruppe.<\/h3>\t\t\t\t<\/div>\n\t\t\t\t<\/div>\n\t\t\t\t<div class=\"elementor-element elementor-element-89dc049 elementor-widget elementor-widget-text-editor\" data-id=\"89dc049\" data-element_type=\"widget\" data-e-type=\"widget\" data-widget_type=\"text-editor.default\">\n\t\t\t\t<div class=\"elementor-widget-container\">\n\t\t\t\t\t\t\t\t\t<p>Vi dekker det nordiske n\u00e6ringslivet tett med konstruktive, troverdige og uavhengige nyheter. Nordiske Medier sender ut daglige\/ukentlige nyhetsbrev p\u00e5 nett til over 550 000 mottakere, og vi har omtrent 450 000 lesere p\u00e5 v\u00e5re trykte medier.<\/p>\n<p>Nordiske Medier har totalt ca. 200 ansatte med base i K\u00f8benhavn, Aalborg, Oslo, Stockholm og Helsingborg. Vi har en samlet omsetning p\u00e5 over 200 millioner kroner og er en solid bedrift med god \u00f8konomi.<\/p>\n<p>Redaksjonelt best\u00e5r vi av ca. 75 journalister og redakt\u00f8rer som jobber p\u00e5 tvers av mange bransjer. Vi dekker den l\u00f8pende nyhetsstr\u00f8mmen, lager grundige bransjeanalyser, portretter, artikler osv. Alltid med fokus p\u00e5 \u00e5 inspirere bedriftene vi skriver om og for. Og alltid med fokus p\u00e5 \u00e5 levere innhold av h\u00f8y faglig kvalitet til leserne v\u00e5re, som er faglige eksperter innenfor de bransjene de er engasjert i.<\/p>\n<p>Salgsmessig er vi et tilsvarende stort team av konsulenter som gir r\u00e5d til v\u00e5re kunder om \u00e5 sette sammen riktig markedsf\u00f8ringspalett gjennom riktige kanaler - og selvf\u00f8lgelig til riktig m\u00e5lgruppe. V\u00e5re produkter omfatter trykte medier, online medier, arrangementer, r\u00e5dgivning innen s\u00f8kemotoroptimalisering og sosiale medieplattformer. Vi har ogs\u00e5 et team av tekstforfattere og grafiske designere som kan hjelpe v\u00e5re kunder med \u00e5 utforme deres bannere, annonser, native advertising, innstikk osv.<\/p>\n<p>I motsetning til de bredere mediene, skriver vi om b\u00e5de store og sm\u00e5 bedrifter. Vi fokuserer p\u00e5 de overordnede teknologiske, politiske og konjunkturmessige forholdene som har betydning for n\u00e6ringslivet, men dekker ogs\u00e5 det som skjer hos bedriftene i bransjen, inkludert kolleger, kunder og leverand\u00f8rer.<\/p>\n<p>Nordiske Medier er en del av Det Nordjyske Mediehus, som med r\u00f8tter som strekker seg mer enn 250 \u00e5r tilbake i tid, er en av de sentrale akt\u00f8rene i den danske mediebransjen.<\/p>\t\t\t\t\t\t\t\t<\/div>\n\t\t\t\t<\/div>\n\t\t\t\t\t<\/div>\n\t\t\t\t<\/div>\n\t\t<div class=\"elementor-element elementor-element-1eb33ca e-flex e-con-boxed e-con e-parent\" data-id=\"1eb33ca\" data-element_type=\"container\" data-e-type=\"container\" data-settings=\"{&quot;background_background&quot;:&quot;classic&quot;}\">\n\t\t\t\t\t<div class=\"e-con-inner\">\n\t\t<div class=\"elementor-element elementor-element-52af333b e-flex e-con-boxed e-con e-child\" data-id=\"52af333b\" data-element_type=\"container\" data-e-type=\"container\" data-settings=\"{&quot;background_background&quot;:&quot;classic&quot;}\">\n\t\t\t\t\t<div class=\"e-con-inner\">\n\t\t\t\t<div class=\"elementor-element elementor-element-1a47ab8f elementor-widget elementor-widget-heading\" data-id=\"1a47ab8f\" data-element_type=\"widget\" data-e-type=\"widget\" data-widget_type=\"heading.default\">\n\t\t\t\t<div class=\"elementor-widget-container\">\n\t\t\t\t\t<h2 class=\"elementor-heading-title elementor-size-default\">Visjon<\/h2>\t\t\t\t<\/div>\n\t\t\t\t<\/div>\n\t\t\t\t<div class=\"elementor-element elementor-element-68264fd elementor-widget elementor-widget-heading\" data-id=\"68264fd\" data-element_type=\"widget\" data-e-type=\"widget\" data-widget_type=\"heading.default\">\n\t\t\t\t<div class=\"elementor-widget-container\">\n\t\t\t\t\t<h2 class=\"elementor-heading-title elementor-size-default\">Vi \u00f8nsker \u00e5 v\u00e6re n\u00e6ringslivets foretrukne B2B-mediehus i Norden.<\/h2>\t\t\t\t<\/div>\n\t\t\t\t<\/div>\n\t\t\t\t\t<\/div>\n\t\t\t\t<\/div>\n\t\t<div class=\"elementor-element elementor-element-3c872817 e-flex e-con-boxed e-con e-child\" data-id=\"3c872817\" data-element_type=\"container\" data-e-type=\"container\" data-settings=\"{&quot;background_background&quot;:&quot;classic&quot;}\">\n\t\t\t\t\t<div class=\"e-con-inner\">\n\t\t\t\t<div class=\"elementor-element elementor-element-82015ef elementor-widget elementor-widget-heading\" data-id=\"82015ef\" data-element_type=\"widget\" data-e-type=\"widget\" data-widget_type=\"heading.default\">\n\t\t\t\t<div class=\"elementor-widget-container\">\n\t\t\t\t\t<h2 class=\"elementor-heading-title elementor-size-default\">Misjon<\/h2>\t\t\t\t<\/div>\n\t\t\t\t<\/div>\n\t\t\t\t<div class=\"elementor-element elementor-element-2db56b9d elementor-widget elementor-widget-text-editor\" data-id=\"2db56b9d\" data-element_type=\"widget\" data-e-type=\"widget\" data-widget_type=\"text-editor.default\">\n\t\t\t\t<div class=\"elementor-widget-container\">\n\t\t\t\t\t\t\t\t\t<div>Gjennom v\u00e5re medier og produkter skaper vi kontakt mellom profesjonelle akt\u00f8rer og hjelper v\u00e5re kunder til bedre forretning.<\/div><div>\u00a0<\/div><div>Vi er bransjens samlingspunkt som informerer og inspirerer.<\/div>\t\t\t\t\t\t\t\t<\/div>\n\t\t\t\t<\/div>\n\t\t\t\t\t<\/div>\n\t\t\t\t<\/div>\n\t\t<div class=\"elementor-element elementor-element-52aebd7f e-flex e-con-boxed e-con e-child\" data-id=\"52aebd7f\" data-element_type=\"container\" data-e-type=\"container\" data-settings=\"{&quot;background_background&quot;:&quot;classic&quot;}\">\n\t\t\t\t\t<div class=\"e-con-inner\">\n\t\t\t\t<div class=\"elementor-element elementor-element-59e91184 elementor-widget elementor-widget-heading\" data-id=\"59e91184\" data-element_type=\"widget\" data-e-type=\"widget\" data-widget_type=\"heading.default\">\n\t\t\t\t<div class=\"elementor-widget-container\">\n\t\t\t\t\t<h2 class=\"elementor-heading-title elementor-size-default\">Verdier<\/h2>\t\t\t\t<\/div>\n\t\t\t\t<\/div>\n\t\t\t\t<div class=\"elementor-element elementor-element-669a02c4 elementor-widget elementor-widget-heading\" data-id=\"669a02c4\" data-element_type=\"widget\" data-e-type=\"widget\" data-widget_type=\"heading.default\">\n\t\t\t\t<div class=\"elementor-widget-container\">\n\t\t\t\t\t<h2 class=\"elementor-heading-title elementor-size-default\">Modige<br \/>\nOrdentlige<br \/>\nEngasjerte<br \/>\n\u00c5pne<\/h2>\t\t\t\t<\/div>\n\t\t\t\t<\/div>\n\t\t\t\t\t<\/div>\n\t\t\t\t<\/div>\n\t\t\t\t\t<\/div>\n\t\t\t\t<\/div>\n\t\t<div class=\"elementor-element elementor-element-71b29075 e-flex e-con-boxed e-con e-parent\" data-id=\"71b29075\" data-element_type=\"container\" data-e-type=\"container\" data-settings=\"{&quot;background_background&quot;:&quot;classic&quot;}\">\n\t\t\t\t\t<div class=\"e-con-inner\">\n\t\t\t\t<div class=\"elementor-element elementor-element-29553d0d elementor-widget elementor-widget-heading\" data-id=\"29553d0d\" data-element_type=\"widget\" data-e-type=\"widget\" data-widget_type=\"heading.default\">\n\t\t\t\t<div class=\"elementor-widget-container\">\n\t\t\t\t\t<h2 class=\"elementor-heading-title elementor-size-default\">V\u00e5r historie<\/h2>\t\t\t\t<\/div>\n\t\t\t\t<\/div>\n\t\t\t\t\t<\/div>\n\t\t\t\t<\/div>\n\t\t<div class=\"elementor-element elementor-element-6b1ca502 e-flex e-con-boxed e-con e-parent\" data-id=\"6b1ca502\" data-element_type=\"container\" data-e-type=\"container\" data-settings=\"{&quot;background_background&quot;:&quot;classic&quot;}\">\n\t\t\t\t\t<div class=\"e-con-inner\">\n\t\t\t\t<div class=\"elementor-element elementor-element-6124e146 elementor-invisible elementor-widget elementor-widget-qi_addons_for_elementor_timeline\" data-id=\"6124e146\" data-element_type=\"widget\" data-e-type=\"widget\" data-settings=\"{&quot;_animation&quot;:&quot;fadeIn&quot;}\" data-widget_type=\"qi_addons_for_elementor_timeline.default\">\n\t\t\t\t<div class=\"elementor-widget-container\">\n\t\t\t\t\t<div class=\"qodef-shortcode qodef-m qodef-qi-timeline qodef-timeline--vertical qodef-timeline-layout--vertical-side qodef-line--outside qodef-point--standard\">\n\t<div class=\"qodef-e qodef-e-item elementor-repeater-item-6ad0ef7 qodef-obverse\">\n\t<div class=\"qodef-e-line-holder\">\n\t\t<span class=\"qodef-e-line\"><\/span>\n\t<\/div>\n\t<div class=\"qodef-e-item-inner\">\n\t\t<div class=\"qodef-e-point-holder\">\n\t\t\t<div class=\"qodef-e-point\">\n\t\t\t\t\t\t\t<\/div>\n\t\t<\/div>\n\t\t<div class=\"qodef-e-item-content\">\n\t\t\t<div class=\"qodef-e-side-holder\">\n\t\t\t\t<div class=\"qodef-e-image\">\n\t<\/div>\n\t\t\t<\/div>\n\t\t\t<div class=\"qodef-e-content-holder\">\n\t\t\t\t\t<div class=\"qodef-e-date\">\n\t\t2023\t<\/div>\n\t\t\t\t\t\t<h4 class=\"qodef-e-title\">\n\t\tOppkj\u00f8p\t\t<\/h4>\n\t\t\t\t\t\t<p class=\"qodef-e-text\">\n\t\tDanske Transportmedier blir kj\u00f8pt opp. Nordiske Medier i Danmark har n\u00e5 20 fagmedier.\t<\/p>\n\t\t\t\t<\/div>\n\t\t<\/div>\n\t<\/div>\n<\/div>\n<div class=\"qodef-e qodef-e-item elementor-repeater-item-5482bff qodef-reverse\">\n\t<div class=\"qodef-e-line-holder\">\n\t\t<span class=\"qodef-e-line\"><\/span>\n\t<\/div>\n\t<div class=\"qodef-e-item-inner\">\n\t\t<div class=\"qodef-e-point-holder\">\n\t\t\t<div class=\"qodef-e-point\">\n\t\t\t\t\t\t\t<\/div>\n\t\t<\/div>\n\t\t<div class=\"qodef-e-item-content\">\n\t\t\t<div class=\"qodef-e-side-holder\">\n\t\t\t\t<div class=\"qodef-e-image\">\n\t<\/div>\n\t\t\t<\/div>\n\t\t\t<div class=\"qodef-e-content-holder\">\n\t\t\t\t\t<div class=\"qodef-e-date\">\n\t\t2022\t<\/div>\n\t\t\t\t\t\t<h4 class=\"qodef-e-title\">\n\t\tProsjektagenten Sverige\t\t<\/h4>\n\t\t\t\t\t\t<p class=\"qodef-e-text\">\n\t\tProsjektagenten blir lansert i Sverige.\t<\/p>\n\t\t\t\t<\/div>\n\t\t<\/div>\n\t<\/div>\n<\/div>\n<div class=\"qodef-e qodef-e-item elementor-repeater-item-c11109e qodef-obverse\">\n\t<div class=\"qodef-e-line-holder\">\n\t\t<span class=\"qodef-e-line\"><\/span>\n\t<\/div>\n\t<div class=\"qodef-e-item-inner\">\n\t\t<div class=\"qodef-e-point-holder\">\n\t\t\t<div class=\"qodef-e-point\">\n\t\t\t\t\t\t\t<\/div>\n\t\t<\/div>\n\t\t<div class=\"qodef-e-item-content\">\n\t\t\t<div class=\"qodef-e-side-holder\">\n\t\t\t\t<div class=\"qodef-e-image\">\n\t<\/div>\n\t\t\t<\/div>\n\t\t\t<div class=\"qodef-e-content-holder\">\n\t\t\t\t\t<div class=\"qodef-e-date\">\n\t\t2021\t<\/div>\n\t\t\t\t\t\t<h4 class=\"qodef-e-title\">\n\t\tProsjektagenten\t\t<\/h4>\n\t\t\t\t\t\t<p class=\"qodef-e-text\">\n\t\tProsjektagenten blir lansert i Danmark.\t<\/p>\n\t\t\t\t<\/div>\n\t\t<\/div>\n\t<\/div>\n<\/div>\n<div class=\"qodef-e qodef-e-item elementor-repeater-item-fb5a382 qodef-reverse\">\n\t<div class=\"qodef-e-line-holder\">\n\t\t<span class=\"qodef-e-line\"><\/span>\n\t<\/div>\n\t<div class=\"qodef-e-item-inner\">\n\t\t<div class=\"qodef-e-point-holder\">\n\t\t\t<div class=\"qodef-e-point\">\n\t\t\t\t\t\t\t<\/div>\n\t\t<\/div>\n\t\t<div class=\"qodef-e-item-content\">\n\t\t\t<div class=\"qodef-e-side-holder\">\n\t\t\t\t<div class=\"qodef-e-image\">\n\t<\/div>\n\t\t\t<\/div>\n\t\t\t<div class=\"qodef-e-content-holder\">\n\t\t\t\t\t<div class=\"qodef-e-date\">\n\t\t2019\t<\/div>\n\t\t\t\t\t\t<h4 class=\"qodef-e-title\">\n\t\tNy direkt\u00f8r\t\t<\/h4>\n\t\t\t\t\t\t<p class=\"qodef-e-text\">\n\t\tNordiske Medier f\u00e5r ny administrerende direkt\u00f8r, Jesper Hansen.\t<\/p>\n\t\t\t\t<\/div>\n\t\t<\/div>\n\t<\/div>\n<\/div>\n<div class=\"qodef-e qodef-e-item elementor-repeater-item-980fd27 qodef-obverse\">\n\t<div class=\"qodef-e-line-holder\">\n\t\t<span class=\"qodef-e-line\"><\/span>\n\t<\/div>\n\t<div class=\"qodef-e-item-inner\">\n\t\t<div class=\"qodef-e-point-holder\">\n\t\t\t<div class=\"qodef-e-point\">\n\t\t\t\t\t\t\t<\/div>\n\t\t<\/div>\n\t\t<div class=\"qodef-e-item-content\">\n\t\t\t<div class=\"qodef-e-side-holder\">\n\t\t\t\t<div class=\"qodef-e-image\">\n\t<\/div>\n\t\t\t<\/div>\n\t\t\t<div class=\"qodef-e-content-holder\">\n\t\t\t\t\t<div class=\"qodef-e-date\">\n\t\t2018\t<\/div>\n\t\t\t\t\t\t<h4 class=\"qodef-e-title\">\n\t\tDet Nordjyske Mediehus\t\t<\/h4>\n\t\t\t\t\t\t<p class=\"qodef-e-text\">\n\t\tKontoret i Aalborg flytter inn i Langagervej 1 hos Det Nordjyske Mediehus.\nKontoret p\u00e5 Sj\u00e6lland flytter fra Herlev til N\u00f8rrebro p\u00e5 Mimersgade 47.\t<\/p>\n\t\t\t\t<\/div>\n\t\t<\/div>\n\t<\/div>\n<\/div>\n<div class=\"qodef-e qodef-e-item elementor-repeater-item-2e644d1 qodef-reverse\">\n\t<div class=\"qodef-e-line-holder\">\n\t\t<span class=\"qodef-e-line\"><\/span>\n\t<\/div>\n\t<div class=\"qodef-e-item-inner\">\n\t\t<div class=\"qodef-e-point-holder\">\n\t\t\t<div class=\"qodef-e-point\">\n\t\t\t\t\t\t\t<\/div>\n\t\t<\/div>\n\t\t<div class=\"qodef-e-item-content\">\n\t\t\t<div class=\"qodef-e-side-holder\">\n\t\t\t\t<div class=\"qodef-e-image\">\n\t<\/div>\n\t\t\t<\/div>\n\t\t\t<div class=\"qodef-e-content-holder\">\n\t\t\t\t\t<div class=\"qodef-e-date\">\n\t\t2017\t<\/div>\n\t\t\t\t\t\t<h4 class=\"qodef-e-title\">\n\t\tMentor Communication\t\t<\/h4>\n\t\t\t\t\t\t<p class=\"qodef-e-text\">\n\t\tI januar 2017 blir svenske Mentor Communications en del av Nordiske Medier.\n23 svenske medier legges til portef\u00f8ljen.\t<\/p>\n\t\t\t\t<\/div>\n\t\t<\/div>\n\t<\/div>\n<\/div>\n<div class=\"qodef-e qodef-e-item elementor-repeater-item-35818d3 qodef-obverse\">\n\t<div class=\"qodef-e-line-holder\">\n\t\t<span class=\"qodef-e-line\"><\/span>\n\t<\/div>\n\t<div class=\"qodef-e-item-inner\">\n\t\t<div class=\"qodef-e-point-holder\">\n\t\t\t<div class=\"qodef-e-point\">\n\t\t\t\t\t\t\t<\/div>\n\t\t<\/div>\n\t\t<div class=\"qodef-e-item-content\">\n\t\t\t<div class=\"qodef-e-side-holder\">\n\t\t\t\t<div class=\"qodef-e-image\">\n\t<\/div>\n\t\t\t<\/div>\n\t\t\t<div class=\"qodef-e-content-holder\">\n\t\t\t\t\t<div class=\"qodef-e-date\">\n\t\t2016\t<\/div>\n\t\t\t\t\t\t<h4 class=\"qodef-e-title\">\n\t\tS\u00f8fart\t\t<\/h4>\n\t\t\t\t\t\t<p class=\"qodef-e-text\">\n\t\tVi kj\u00f8per 65\u202f% av S\u00f8fart, og mediet lanseres p\u00e5 v\u00e5r plattform i juni 2016.\nFra 18. februar 2016 blir Metal Supply et nyhetsbrev.\t<\/p>\n\t\t\t\t<\/div>\n\t\t<\/div>\n\t<\/div>\n<\/div>\n<div class=\"qodef-e qodef-e-item elementor-repeater-item-3e080c4 qodef-reverse\">\n\t<div class=\"qodef-e-line-holder\">\n\t\t<span class=\"qodef-e-line\"><\/span>\n\t<\/div>\n\t<div class=\"qodef-e-item-inner\">\n\t\t<div class=\"qodef-e-point-holder\">\n\t\t\t<div class=\"qodef-e-point\">\n\t\t\t\t\t\t\t<\/div>\n\t\t<\/div>\n\t\t<div class=\"qodef-e-item-content\">\n\t\t\t<div class=\"qodef-e-side-holder\">\n\t\t\t\t<div class=\"qodef-e-image\">\n\t<\/div>\n\t\t\t<\/div>\n\t\t\t<div class=\"qodef-e-content-holder\">\n\t\t\t\t\t<div class=\"qodef-e-date\">\n\t\t2015\t<\/div>\n\t\t\t\t\t\t<h4 class=\"qodef-e-title\">\n\t\tNordiske Medier AS\t\t<\/h4>\n\t\t\t\t\t\t<p class=\"qodef-e-text\">\n\t\tIndustry Supply Danmark A\/S og Danske Fagmedier blir til Nordiske Medier A\/S, med avdelinger i Aalborg og Herlev.\nI Sverige blir navnet Nordiske Medier G\u00f6teborg AB. I Norge, Nordiske Medier AS.\nVi kj\u00f8per Industri-Nyt i Hjallerup og lanserer det i oktober under navnet Leder IDAG.\t<\/p>\n\t\t\t\t<\/div>\n\t\t<\/div>\n\t<\/div>\n<\/div>\n<div class=\"qodef-e qodef-e-item elementor-repeater-item-464593f qodef-obverse\">\n\t<div class=\"qodef-e-line-holder\">\n\t\t<span class=\"qodef-e-line\"><\/span>\n\t<\/div>\n\t<div class=\"qodef-e-item-inner\">\n\t\t<div class=\"qodef-e-point-holder\">\n\t\t\t<div class=\"qodef-e-point\">\n\t\t\t\t\t\t\t<\/div>\n\t\t<\/div>\n\t\t<div class=\"qodef-e-item-content\">\n\t\t\t<div class=\"qodef-e-side-holder\">\n\t\t\t\t<div class=\"qodef-e-image\">\n\t<\/div>\n\t\t\t<\/div>\n\t\t\t<div class=\"qodef-e-content-holder\">\n\t\t\t\t\t<div class=\"qodef-e-date\">\n\t\t2014\t<\/div>\n\t\t\t\t\t\t<h4 class=\"qodef-e-title\">\n\t\tDanske Fagmedier\t\t<\/h4>\n\t\t\t\t\t\t<p class=\"qodef-e-text\">\n\t\tIndustribasen, en nettbasert auksjons- og markedsplass for kj\u00f8pere og selgere i industrien, overtas 2. april 2014 og blir en del av familien.\nDanske Fagmediers trykte medier er blant Danmarks eldste og mest veletablerte fagblader. Mediene lanseres p\u00e5 v\u00e5r plattform i mars 2015.\nBuilding Supply SE lanseres 1. oktober 2014.\t<\/p>\n\t\t\t\t<\/div>\n\t\t<\/div>\n\t<\/div>\n<\/div>\n<div class=\"qodef-e qodef-e-item elementor-repeater-item-c7ec207 qodef-reverse\">\n\t<div class=\"qodef-e-line-holder\">\n\t\t<span class=\"qodef-e-line\"><\/span>\n\t<\/div>\n\t<div class=\"qodef-e-item-inner\">\n\t\t<div class=\"qodef-e-point-holder\">\n\t\t\t<div class=\"qodef-e-point\">\n\t\t\t\t\t\t\t<\/div>\n\t\t<\/div>\n\t\t<div class=\"qodef-e-item-content\">\n\t\t\t<div class=\"qodef-e-side-holder\">\n\t\t\t\t<div class=\"qodef-e-image\">\n\t<\/div>\n\t\t\t<\/div>\n\t\t\t<div class=\"qodef-e-content-holder\">\n\t\t\t\t\t<div class=\"qodef-e-date\">\n\t\t2013\t<\/div>\n\t\t\t\t\t\t<h4 class=\"qodef-e-title\">\n\t\tIndustry Supply Norge\t\t<\/h4>\n\t\t\t\t\t\t<p class=\"qodef-e-text\">\n\t\tVi starter opp i Norge under navnet Industry Supply Norge AS.\nKontoret i Danmark flytter fra NOVI til Nytorv i Aalborg.\t<\/p>\n\t\t\t\t<\/div>\n\t\t<\/div>\n\t<\/div>\n<\/div>\n<div class=\"qodef-e qodef-e-item elementor-repeater-item-de4c282 qodef-obverse\">\n\t<div class=\"qodef-e-line-holder\">\n\t\t<span class=\"qodef-e-line\"><\/span>\n\t<\/div>\n\t<div class=\"qodef-e-item-inner\">\n\t\t<div class=\"qodef-e-point-holder\">\n\t\t\t<div class=\"qodef-e-point\">\n\t\t\t\t\t\t\t<\/div>\n\t\t<\/div>\n\t\t<div class=\"qodef-e-item-content\">\n\t\t\t<div class=\"qodef-e-side-holder\">\n\t\t\t\t<div class=\"qodef-e-image\">\n\t<\/div>\n\t\t\t<\/div>\n\t\t\t<div class=\"qodef-e-content-holder\">\n\t\t\t\t\t<div class=\"qodef-e-date\">\n\t\t2012\t<\/div>\n\t\t\t\t\t\t<h4 class=\"qodef-e-title\">\n\t\tNordjyske Medier\t\t<\/h4>\n\t\t\t\t\t\t<p class=\"qodef-e-text\">\n\t\tNordiske Medier blir en integrert del av Nordjyske Medier-konsernet. Det er akkurat her vi velger \u00e5 starte Nordiske Mediers historiske tidslinje. Dette skiftet markerer begynnelsen p\u00e5 en ny epoke for Nordiske Medier.\t<\/p>\n\t\t\t\t<\/div>\n\t\t<\/div>\n\t<\/div>\n<\/div>\n<\/div>\n\t\t\t\t<\/div>\n\t\t\t\t<\/div>\n\t\t\t\t\t<\/div>\n\t\t\t\t<\/div>\n\t\t<div class=\"elementor-element elementor-element-ac69987 e-flex e-con-boxed e-con e-parent\" data-id=\"ac69987\" data-element_type=\"container\" data-e-type=\"container\">\n\t\t\t\t\t<div class=\"e-con-inner\">\n\t\t\t\t<div class=\"elementor-element elementor-element-f0c3184 elementor-widget elementor-widget-spacer\" data-id=\"f0c3184\" data-element_type=\"widget\" data-e-type=\"widget\" data-widget_type=\"spacer.default\">\n\t\t\t\t<div class=\"elementor-widget-container\">\n\t\t\t\t\t\t\t<div class=\"elementor-spacer\">\n\t\t\t<div class=\"elementor-spacer-inner\"><\/div>\n\t\t<\/div>\n\t\t\t\t\t\t<\/div>\n\t\t\t\t<\/div>\n\t\t\t\t\t<\/div>\n\t\t\t\t<\/div>\n\t\t<div class=\"elementor-element elementor-element-2d8db4e e-flex e-con-boxed e-con e-parent\" data-id=\"2d8db4e\" data-element_type=\"container\" data-e-type=\"container\">\n\t\t\t\t\t<div class=\"e-con-inner\">\n\t\t\t\t<div class=\"elementor-element elementor-element-43ad973 elementor-widget elementor-widget-text-editor\" data-id=\"43ad973\" data-element_type=\"widget\" data-e-type=\"widget\" data-widget_type=\"text-editor.default\">\n\t\t\t\t<div class=\"elementor-widget-container\">\n\t\t\t\t\t\t\t\t\t<p><strong>Nordiske Medier AS<\/strong> eies av <strong>Det Nordjyske Mediehus.<\/strong> Du kan se den aktuelle ESG-rapporten <span style=\"text-decoration: underline;\"><a href=\"https:\/\/detnordjyskemediehus.dk\/om-os\/jura-og-etik\/esg-rapporter\/\" target=\"_blank\" rel=\"noopener\"><strong>her.<\/strong><\/a><\/span><\/p>\t\t\t\t\t\t\t\t<\/div>\n\t\t\t\t<\/div>\n\t\t\t\t\t<\/div>\n\t\t\t\t<\/div>\n\t\t<div class=\"elementor-element elementor-element-12e4845 e-flex e-con-boxed e-con e-parent\" data-id=\"12e4845\" data-element_type=\"container\" data-e-type=\"container\">\n\t\t\t\t\t<div class=\"e-con-inner\">\n\t\t\t\t\t<\/div>\n\t\t\t\t<\/div>\n\t\t<div class=\"elementor-element elementor-element-f42de49 e-flex e-con-boxed e-con e-parent\" data-id=\"f42de49\" data-element_type=\"container\" data-e-type=\"container\">\n\t\t\t\t\t<div class=\"e-con-inner\">\n\t\t\t\t<div class=\"elementor-element elementor-element-56c2c36 elementor-widget elementor-widget-spacer\" data-id=\"56c2c36\" data-element_type=\"widget\" data-e-type=\"widget\" data-widget_type=\"spacer.default\">\n\t\t\t\t<div class=\"elementor-widget-container\">\n\t\t\t\t\t\t\t<div class=\"elementor-spacer\">\n\t\t\t<div class=\"elementor-spacer-inner\"><\/div>\n\t\t<\/div>\n\t\t\t\t\t\t<\/div>\n\t\t\t\t<\/div>\n\t\t\t\t\t<\/div>\n\t\t\t\t<\/div>\n\t\t\t\t<\/div>","protected":false},"excerpt":{"rendered":"<p>Nordens st\u00e6rkeste fagmediehus Nordiske Medier er Skandinaviens st\u00e6rkeste virksomhed inden for fagmedier med flere end 50 faste titler i Danmark, Sverige og Norge \u2013 b\u00e5de print og online. Derudover st\u00e5r vi bag udgivelsen af over 100 forskellige specialmagasiner og nyhedsbreve. Altid med skarpt prioriteret indhold til en defineret og skr\u00e6ddersyet m\u00e5lgruppe. Vi d\u00e6kker nordisk erhvervsliv [&hellip;]<\/p>\n","protected":false},"author":1,"featured_media":0,"parent":0,"menu_order":19,"comment_status":"closed","ping_status":"closed","template":"elementor_header_footer","meta":{"_acf_changed":false,"inline_featured_image":false,"footnotes":"","_links_to":"","_links_to_target":""},"class_list":["post-2120","page","type-page","status-publish","hentry"],"acf":[],"_links":{"self":[{"href":"https:\/\/nordiskemediehus.dk\/no\/wp-json\/wp\/v2\/pages\/2120","targetHints":{"allow":["GET"]}}],"collection":[{"href":"https:\/\/nordiskemediehus.dk\/no\/wp-json\/wp\/v2\/pages"}],"about":[{"href":"https:\/\/nordiskemediehus.dk\/no\/wp-json\/wp\/v2\/types\/page"}],"author":[{"embeddable":true,"href":"https:\/\/nordiskemediehus.dk\/no\/wp-json\/wp\/v2\/users\/1"}],"replies":[{"embeddable":true,"href":"https:\/\/nordiskemediehus.dk\/no\/wp-json\/wp\/v2\/comments?post=2120"}],"version-history":[{"count":10,"href":"https:\/\/nordiskemediehus.dk\/no\/wp-json\/wp\/v2\/pages\/2120\/revisions"}],"predecessor-version":[{"id":55569,"href":"https:\/\/nordiskemediehus.dk\/no\/wp-json\/wp\/v2\/pages\/2120\/revisions\/55569"}],"wp:attachment":[{"href":"https:\/\/nordiskemediehus.dk\/no\/wp-json\/wp\/v2\/media?parent=2120"}],"curies":[{"name":"wp","href":"https:\/\/api.w.org\/{rel}","templated":true}]}}