{"id":37688,"date":"2025-05-23T12:06:51","date_gmt":"2025-05-23T12:06:51","guid":{"rendered":"https:\/\/nordiskemediehus.dk\/?page_id=37688"},"modified":"2025-10-13T11:18:35","modified_gmt":"2025-10-13T11:18:35","slug":"topbanner","status":"publish","type":"page","link":"https:\/\/nordiskemediehus.dk\/no\/topbanner\/","title":{"rendered":"Toppbanner"},"content":{"rendered":"<div data-elementor-type=\"wp-page\" data-elementor-id=\"37688\" class=\"elementor elementor-37688\" data-elementor-post-type=\"page\">\n\t\t\t\t<div class=\"elementor-element elementor-element-e6a247f e-flex e-con-boxed e-con e-parent\" data-id=\"e6a247f\" data-element_type=\"container\" data-settings=\"{&quot;container_type&quot;:&quot;flex&quot;,&quot;content_width&quot;:&quot;boxed&quot;}\" data-core-v316-plus=\"true\">\n\t\t\t\t\t<div class=\"e-con-inner\">\n\t\t\t\t<div class=\"elementor-element elementor-element-96c2dda elementor-widget elementor-widget-heading\" data-id=\"96c2dda\" data-element_type=\"widget\" data-widget_type=\"heading.default\">\n\t\t\t\t<div class=\"elementor-widget-container\">\n\t\t\t<style>\/*! elementor - v3.19.0 - 28-02-2024 *\/\n.elementor-heading-title{padding:0;margin:0;line-height:1}.elementor-widget-heading .elementor-heading-title[class*=elementor-size-]>a{color:inherit;font-size:inherit;line-height:inherit}.elementor-widget-heading .elementor-heading-title.elementor-size-small{font-size:15px}.elementor-widget-heading .elementor-heading-title.elementor-size-medium{font-size:19px}.elementor-widget-heading .elementor-heading-title.elementor-size-large{font-size:29px}.elementor-widget-heading .elementor-heading-title.elementor-size-xl{font-size:39px}.elementor-widget-heading .elementor-heading-title.elementor-size-xxl{font-size:59px}<\/style><h2 class=\"elementor-heading-title elementor-size-default\">Toppbanner<\/h2>\t\t<\/div>\n\t\t\t\t<\/div>\n\t\t\t\t\t<\/div>\n\t\t\t\t<\/div>\n\t\t<div class=\"elementor-element elementor-element-cc34b12 e-flex e-con-boxed e-con e-parent\" data-id=\"cc34b12\" data-element_type=\"container\" data-settings=\"{&quot;container_type&quot;:&quot;flex&quot;,&quot;content_width&quot;:&quot;boxed&quot;}\" data-core-v316-plus=\"true\">\n\t\t\t\t\t<div class=\"e-con-inner\">\n\t\t\t\t<div class=\"elementor-element elementor-element-750a69b elementor-widget elementor-widget-image\" data-id=\"750a69b\" data-element_type=\"widget\" data-widget_type=\"image.default\">\n\t\t\t\t<div class=\"elementor-widget-container\">\n\t\t\t<style>\/*! elementor - v3.19.0 - 28-02-2024 *\/\n.elementor-widget-image{text-align:center}.elementor-widget-image a{display:inline-block}.elementor-widget-image a img[src$=\".svg\"]{width:48px}.elementor-widget-image img{vertical-align:middle;display:inline-block}<\/style>\t\t\t\t\t\t\t\t\t\t<img decoding=\"async\" src=\"https:\/\/nordiskemediehus.dk\/wp-content\/uploads\/elementor\/thumbs\/GettyImages-815199134_SH-rd8mjhfh8p05vt19vsnrc4xco76xnrtlix7joc16ko.jpg\" title=\"GettyImages-815199134_SH\" alt=\"GettyImages-815199134_SH\" loading=\"lazy\" \/>\t\t\t\t\t\t\t\t\t\t\t\t\t<\/div>\n\t\t\t\t<\/div>\n\t\t\t\t\t<\/div>\n\t\t\t\t<\/div>\n\t\t<div class=\"elementor-element elementor-element-500c87b e-flex e-con-boxed e-con e-parent\" data-id=\"500c87b\" data-element_type=\"container\" data-settings=\"{&quot;container_type&quot;:&quot;flex&quot;,&quot;content_width&quot;:&quot;boxed&quot;}\" data-core-v316-plus=\"true\">\n\t\t\t\t\t<div class=\"e-con-inner\">\n\t\t\t\t<div class=\"elementor-element elementor-element-6e76580 elementor-widget elementor-widget-text-editor\" data-id=\"6e76580\" data-element_type=\"widget\" data-widget_type=\"text-editor.default\">\n\t\t\t\t<div class=\"elementor-widget-container\">\n\t\t\t<style>\/*! elementor - v3.19.0 - 28-02-2024 *\/\n.elementor-widget-text-editor.elementor-drop-cap-view-stacked .elementor-drop-cap{background-color:#69727d;color:#fff}.elementor-widget-text-editor.elementor-drop-cap-view-framed .elementor-drop-cap{color:#69727d;border:3px solid;background-color:transparent}.elementor-widget-text-editor:not(.elementor-drop-cap-view-default) .elementor-drop-cap{margin-top:8px}.elementor-widget-text-editor:not(.elementor-drop-cap-view-default) .elementor-drop-cap-letter{width:1em;height:1em}.elementor-widget-text-editor .elementor-drop-cap{float:left;text-align:center;line-height:1;font-size:50px}.elementor-widget-text-editor .elementor-drop-cap-letter{display:inline-block}<\/style>\t\t\t\t<div data-id=\"31d7022\" data-element_type=\"widget\" data-widget_type=\"image-box.default\"><div class=\"elementor-element elementor-element-31d7022 elementor-position-top elementor-widget elementor-widget-image-box\" data-id=\"31d7022\" data-element_type=\"widget\" data-widget_type=\"image-box.default\"><div class=\"elementor-widget-container\"><div class=\"elementor-image-box-wrapper\"><div class=\"elementor-image-box-content\"><p class=\"elementor-image-box-description\" style=\"text-align: left;\">Topbanner er placeret \u00f8verst p\u00e5 mediets hjemmeside.\u00a0<\/p><p class=\"elementor-image-box-description\" style=\"text-align: left;\">Placering p\u00e5 forsiden og artikelsiderne.<\/p><p class=\"elementor-image-box-description\" style=\"text-align: left;\"><span style=\"white-space-collapse: preserve;\">\u00a0<\/span><\/p><p class=\"elementor-image-box-description\" style=\"text-align: left;\"><span style=\"white-space-collapse: preserve;\"><b>Enheter:<\/b> Desktop, tablet, mobil.<\/span><\/p><\/div><\/div><\/div><\/div><div class=\"elementor-element elementor-element-61df756 elementor-widget elementor-widget-text-editor\" style=\"text-align: left;\" data-id=\"61df756\" data-element_type=\"widget\" data-widget_type=\"text-editor.default\"><div class=\"elementor-widget-container\"><p><b style=\"white-space-collapse: preserve;\">Format:<\/b><span style=\"white-space-collapse: preserve;\"> 930\u00d7180 px (BxH) <\/span><b>Filformater:<\/b> HTML5, JPEG, GIF eller PNG<\/p><p><b>Maks. v\u00e6gt statisk billede eller animeret GIF:<\/b> 70 kB.<br \/><b>Maks. v\u00e6gt HTML5 <span style=\"white-space-collapse: preserve;\">(ikke komprimert) eller script<\/span>:<\/b>\u00a01 MB<\/p><\/div><\/div><\/div>\t\t\t\t\t\t<\/div>\n\t\t\t\t<\/div>\n\t\t\t\t\t<\/div>\n\t\t\t\t<\/div>\n\t\t<div class=\"elementor-element elementor-element-e8edf39 e-flex e-con-boxed e-con e-parent\" data-id=\"e8edf39\" data-element_type=\"container\" data-settings=\"{&quot;container_type&quot;:&quot;flex&quot;,&quot;content_width&quot;:&quot;boxed&quot;}\" data-core-v316-plus=\"true\">\n\t\t\t\t\t<div class=\"e-con-inner\">\n\t\t\t\t<div class=\"elementor-element elementor-element-90d6632 elementor-widget elementor-widget-heading\" data-id=\"90d6632\" data-element_type=\"widget\" data-widget_type=\"heading.default\">\n\t\t\t\t<div class=\"elementor-widget-container\">\n\t\t\t<h2 class=\"elementor-heading-title elementor-size-default\">Vejledning til design af online bannerannoncer<\/h2>\t\t<\/div>\n\t\t\t\t<\/div>\n\t\t\t\t\t<\/div>\n\t\t\t\t<\/div>\n\t\t<div class=\"elementor-element elementor-element-fca68f7 e-flex e-con-boxed e-con e-parent\" data-id=\"fca68f7\" data-element_type=\"container\" data-settings=\"{&quot;container_type&quot;:&quot;flex&quot;,&quot;content_width&quot;:&quot;boxed&quot;}\" data-core-v316-plus=\"true\">\n\t\t\t\t\t<div class=\"e-con-inner\">\n\t\t\t\t<div class=\"elementor-element elementor-element-471ebca elementor-widget elementor-widget-text-editor\" data-id=\"471ebca\" data-element_type=\"widget\" data-widget_type=\"text-editor.default\">\n\t\t\t\t<div class=\"elementor-widget-container\">\n\t\t\t\t\t\t\t<p data-start=\"190\" data-end=\"393\">Online bannerannoncer er et effektivt v\u00e6rkt\u00f8j til at styrke virksomhedens profil og synligg\u00f8re produkter, kampagner eller ydelser.&nbsp;<br>Form\u00e5let er at skabe opm\u00e6rksomhed \u2013 s\u00e5 hold det enkelt, skarpt og m\u00e5lrettet.<\/p>\n<p data-start=\"190\" data-end=\"393\"><br>For at sikre et professionelt og effektivt udtryk anbefaler vi f\u00f8lgende:<\/p>\n<ul data-start=\"395\" data-end=\"846\">\n<li data-start=\"395\" data-end=\"485\">\n<p data-start=\"397\" data-end=\"485\"><b><span data-start=\"397\" data-end=\"410\">Typografi<\/span>: <\/b>Brug en tydelig skrifttype i minimum <span data-start=\"449\" data-end=\"460\"><b>12 pkt.<\/b><\/span> for optimal l\u00e6sbarhed.<\/p>\n<\/li>\n<li data-start=\"395\" data-end=\"485\">\n<p data-start=\"397\" data-end=\"485\"><span style=\"background-color: transparent;\" data-start=\"488\" data-end=\"497\"><b>Tekst<\/b><\/span><span style=\"background-color: transparent;\"><b>:<\/b> Hold teksten kort og pr\u00e6cis \u2013 budskabet skal kunne afl\u00e6ses hurtigt.<\/span><\/p>\n<\/li>\n<li data-start=\"569\" data-end=\"648\">\n<p data-start=\"571\" data-end=\"648\"><b><span data-start=\"571\" data-end=\"593\" style=\"\">Animation og video<\/span>:<\/b> Undg\u00e5 lange animationer. <span data-start=\"620\" data-end=\"646\"><b>Maks. varighed: 20 sek.<\/b><\/span><\/p>\n<\/li>\n<li data-start=\"649\" data-end=\"727\">\n<p data-start=\"651\" data-end=\"727\"><b><span data-start=\"651\" data-end=\"663\">Bilder<\/span>: <\/b>Anvend gerne billeder eller grafiske elementer som blikfang.<\/p>\n<\/li>\n<li data-start=\"728\" data-end=\"846\">\n<p data-start=\"730\" data-end=\"846\"><b><span data-start=\"730\" data-end=\"754\">Call to Action (CTA)<\/span>:<\/b> Afslut annoncen med en tydelig opfordring \u2013 fx: <em data-start=\"804\" data-end=\"814\">Les mer<\/em>, <em data-start=\"816\" data-end=\"826\">Klikk her<\/em> eller <em data-start=\"833\" data-end=\"845\">Tilmeld nu<\/em>.<\/p>\n<\/li>\n<\/ul>\t\t\t\t\t\t<\/div>\n\t\t\t\t<\/div>\n\t\t\t\t\t<\/div>\n\t\t\t\t<\/div>\n\t\t\t\t<\/div>","protected":false},"excerpt":{"rendered":"<p>Topbanner Topbanner er placeret \u00f8verst p\u00e5 mediets hjemmeside. Placering p\u00e5 forsiden og artikelsiderne. Enheder: Desktop, tablet, mobil. Format: 930\u00d7180 px (BxH) Filformater: HTML5, JPEG, GIF eller PNG Maks. v\u00e6gt statisk billede eller animeret GIF: 70 kB. Maks. v\u00e6gt HTML5 ( ikke komprimeret) eller script:\u00a01 MB Vejledning til design af online bannerannoncer Online bannerannoncer er et [&hellip;]<\/p>","protected":false},"author":4,"featured_media":0,"parent":0,"menu_order":0,"comment_status":"closed","ping_status":"closed","template":"","meta":{"_acf_changed":false,"inline_featured_image":false,"footnotes":"","_links_to":"","_links_to_target":""},"class_list":["post-37688","page","type-page","status-publish","hentry"],"acf":[],"_links":{"self":[{"href":"https:\/\/nordiskemediehus.dk\/no\/wp-json\/wp\/v2\/pages\/37688","targetHints":{"allow":["GET"]}}],"collection":[{"href":"https:\/\/nordiskemediehus.dk\/no\/wp-json\/wp\/v2\/pages"}],"about":[{"href":"https:\/\/nordiskemediehus.dk\/no\/wp-json\/wp\/v2\/types\/page"}],"author":[{"embeddable":true,"href":"https:\/\/nordiskemediehus.dk\/no\/wp-json\/wp\/v2\/users\/4"}],"replies":[{"embeddable":true,"href":"https:\/\/nordiskemediehus.dk\/no\/wp-json\/wp\/v2\/comments?post=37688"}],"version-history":[{"count":10,"href":"https:\/\/nordiskemediehus.dk\/no\/wp-json\/wp\/v2\/pages\/37688\/revisions"}],"predecessor-version":[{"id":53249,"href":"https:\/\/nordiskemediehus.dk\/no\/wp-json\/wp\/v2\/pages\/37688\/revisions\/53249"}],"wp:attachment":[{"href":"https:\/\/nordiskemediehus.dk\/no\/wp-json\/wp\/v2\/media?parent=37688"}],"curies":[{"name":"wp","href":"https:\/\/api.w.org\/{rel}","templated":true}]}}