{"id":48080,"date":"2025-09-17T11:16:23","date_gmt":"2025-09-17T11:16:23","guid":{"rendered":"https:\/\/nordiskemediehus.dk\/?page_id=48080"},"modified":"2026-01-30T11:47:43","modified_gmt":"2026-01-30T11:47:43","slug":"udgivelser","status":"publish","type":"page","link":"https:\/\/nordiskemediehus.dk\/no\/anleggsmagasinet\/udgivelser\/","title":{"rendered":"AnleggsMagasinet | Udgivelsesplan 2026"},"content":{"rendered":"\t\t<div data-elementor-type=\"wp-page\" data-elementor-id=\"48080\" class=\"elementor elementor-48080\" data-elementor-post-type=\"page\">\n\t\t\t\t<div class=\"elementor-element elementor-element-068859c e-flex e-con-boxed e-con e-parent\" data-id=\"068859c\" data-element_type=\"container\" data-e-type=\"container\" data-settings=\"{&quot;background_background&quot;:&quot;classic&quot;}\">\n\t\t\t\t\t<div class=\"e-con-inner\">\n\t\t<div class=\"elementor-element elementor-element-35f1e59 e-con-full e-flex e-con e-child\" data-id=\"35f1e59\" data-element_type=\"container\" data-e-type=\"container\">\n\t\t<div class=\"elementor-element elementor-element-268fd52 e-grid e-con-boxed e-con e-child\" data-id=\"268fd52\" data-element_type=\"container\" data-e-type=\"container\">\n\t\t\t\t\t<div class=\"e-con-inner\">\n\t\t<div class=\"elementor-element elementor-element-2dfb6b8 e-flex e-con-boxed e-con e-child\" data-id=\"2dfb6b8\" data-element_type=\"container\" data-e-type=\"container\">\n\t\t\t\t\t<div class=\"e-con-inner\">\n\t\t\t\t<div class=\"elementor-element elementor-element-af7dfef elementor-widget elementor-widget-heading\" data-id=\"af7dfef\" data-element_type=\"widget\" data-e-type=\"widget\" data-widget_type=\"heading.default\">\n\t\t\t\t<div class=\"elementor-widget-container\">\n\t\t\t\t\t<h2 class=\"elementor-heading-title elementor-size-default\"><a href=\"https:\/\/www.tungt.no\/anlegg\">AnleggsMagasinet<\/a><\/h2>\t\t\t\t<\/div>\n\t\t\t\t<\/div>\n\t\t\t\t<div class=\"elementor-element elementor-element-5906ebce elementor-widget__width-initial elementor-widget elementor-widget-text-editor\" data-id=\"5906ebce\" data-element_type=\"widget\" data-e-type=\"widget\" data-widget_type=\"text-editor.default\">\n\t\t\t\t<div class=\"elementor-widget-container\">\n\t\t\t\t\t\t\t\t\t<div class=\"ewa-rteLine\" style=\"text-align: center;\"><p style=\"text-align: left;\"><strong>AnleggsMagasinet<\/strong> er en del af tungt.no-universet. Vi er Norges f\u00f8rende medie for entrepren\u00f8rer, maskinf\u00f8rere og leverand\u00f8rer i bygge- og anl\u00e6gsbranchen. Vi leverer nyheder om alt fra nye maskiner og teknologi til regler og markedstendenser. Vi udkommer digitalt p\u00e5\u00a0<strong><a href=\"http:\/\/tungt.no\/anlegg\">tungt.no\/anlegg <\/a><\/strong>d\u00f8gnet rundt, og\u00a0flere gange om ugen udsender vi nyhedsbreve, der samler branchens seneste nyheder. Hertil publicerer vi et fysisk magasin ti gange \u00e5rligt. Dermed st\u00e5r AnleggsMagasinet som den oplagte kanal, n\u00e5r du \u00f8nsker at ramme beslutningstagerne i norsk byggeri og anl\u00e6g.<\/p><p>\u00a0<\/p><\/div><div><h2 style=\"font-family: 'Titillium Web', sans-serif; font-weight: 600; line-height: 1.2em; color: #e7580e; font-size: 18px; text-align: left;\" data-elementor-setting-key=\"title\" data-pen-placeholder=\"Skriv her...\">Bes\u00f8g <span style=\"color: #000000;\"><a href=\"https:\/\/www.tungt.no\/anlegg\" target=\"_blank\" rel=\"noopener\">tungt.no\/anlegg<\/a><\/span><\/h2><\/div>\t\t\t\t\t\t\t\t<\/div>\n\t\t\t\t<\/div>\n\t\t\t\t\t<\/div>\n\t\t\t\t<\/div>\n\t\t\t\t<div class=\"elementor-element elementor-element-1046bb6 elementor-widget elementor-widget-image\" data-id=\"1046bb6\" data-element_type=\"widget\" data-e-type=\"widget\" data-widget_type=\"image.default\">\n\t\t\t\t<div class=\"elementor-widget-container\">\n\t\t\t\t\t\t\t\t\t\t\t\t\t\t\t\t<a href=\"https:\/\/www.tungt.no\/anlegg\">\n\t\t\t\t\t\t\t<img fetchpriority=\"high\" decoding=\"async\" width=\"4070\" height=\"2538\" src=\"https:\/\/nordiskemediehus.dk\/wp-content\/uploads\/2024\/08\/02-Macbook-Pro-Mockup-Tungt-NO-e1744290073583.png\" class=\"attachment-full size-full wp-image-18721\" alt=\"\" srcset=\"https:\/\/nordiskemediehus.dk\/wp-content\/uploads\/2024\/08\/02-Macbook-Pro-Mockup-Tungt-NO-e1744290073583.png 4070w, https:\/\/nordiskemediehus.dk\/wp-content\/uploads\/2024\/08\/02-Macbook-Pro-Mockup-Tungt-NO-e1744290073583-300x187.png 300w, https:\/\/nordiskemediehus.dk\/wp-content\/uploads\/2024\/08\/02-Macbook-Pro-Mockup-Tungt-NO-e1744290073583-1024x639.png 1024w, https:\/\/nordiskemediehus.dk\/wp-content\/uploads\/2024\/08\/02-Macbook-Pro-Mockup-Tungt-NO-e1744290073583-768x479.png 768w, https:\/\/nordiskemediehus.dk\/wp-content\/uploads\/2024\/08\/02-Macbook-Pro-Mockup-Tungt-NO-e1744290073583-1536x958.png 1536w, https:\/\/nordiskemediehus.dk\/wp-content\/uploads\/2024\/08\/02-Macbook-Pro-Mockup-Tungt-NO-e1744290073583-2048x1277.png 2048w, https:\/\/nordiskemediehus.dk\/wp-content\/uploads\/2024\/08\/02-Macbook-Pro-Mockup-Tungt-NO-e1744290073583-18x12.png 18w\" sizes=\"(max-width: 4070px) 100vw, 4070px\" \/>\t\t\t\t\t\t\t\t<\/a>\n\t\t\t\t\t\t\t\t\t\t\t\t\t\t\t<\/div>\n\t\t\t\t<\/div>\n\t\t\t\t\t<\/div>\n\t\t\t\t<\/div>\n\t\t\t\t<\/div>\n\t\t\t\t\t<\/div>\n\t\t\t\t<\/div>\n\t\t<div class=\"elementor-element elementor-element-1ea85dd custom-graph-section e-flex e-con-boxed e-con e-parent\" data-id=\"1ea85dd\" data-element_type=\"container\" data-e-type=\"container\" id=\"printSection\">\n\t\t\t\t\t<div class=\"e-con-inner\">\n\t\t<div class=\"elementor-element elementor-element-82f9eab e-flex e-con-boxed e-con e-child\" data-id=\"82f9eab\" data-element_type=\"container\" data-e-type=\"container\">\n\t\t\t\t\t<div class=\"e-con-inner\">\n\t\t<div class=\"elementor-element elementor-element-0a98a29 e-flex e-con-boxed e-con e-child\" data-id=\"0a98a29\" data-element_type=\"container\" data-e-type=\"container\">\n\t\t\t\t\t<div class=\"e-con-inner\">\n\t\t<div class=\"elementor-element elementor-element-c5018c5 e-con-full e-flex e-con e-child\" data-id=\"c5018c5\" data-element_type=\"container\" data-e-type=\"container\">\n\t\t\t\t<div class=\"elementor-element elementor-element-2fb7f3c elementor-widget elementor-widget-menu-anchor\" data-id=\"2fb7f3c\" data-element_type=\"widget\" data-e-type=\"widget\" data-widget_type=\"menu-anchor.default\">\n\t\t\t\t<div class=\"elementor-widget-container\">\n\t\t\t\t\t\t\t<div class=\"elementor-menu-anchor\" id=\"An-utgivningsplan\"><\/div>\n\t\t\t\t\t\t<\/div>\n\t\t\t\t<\/div>\n\t\t\t\t<\/div>\n\t\t<div class=\"elementor-element elementor-element-59ad2fa custom-graph-section e-flex e-con-boxed e-con e-child\" data-id=\"59ad2fa\" data-element_type=\"container\" data-e-type=\"container\">\n\t\t\t\t\t<div class=\"e-con-inner\">\n\t\t<div class=\"elementor-element elementor-element-f663db4 e-flex e-con-boxed e-con e-child\" data-id=\"f663db4\" data-element_type=\"container\" data-e-type=\"container\">\n\t\t\t\t\t<div class=\"e-con-inner\">\n\t\t<div class=\"elementor-element elementor-element-d9bf08e e-flex e-con-boxed e-con e-child\" data-id=\"d9bf08e\" data-element_type=\"container\" data-e-type=\"container\">\n\t\t\t\t\t<div class=\"e-con-inner\">\n\t\t<div class=\"elementor-element elementor-element-4185eed e-flex e-con-boxed e-con e-child\" data-id=\"4185eed\" data-element_type=\"container\" data-e-type=\"container\">\n\t\t\t\t\t<div class=\"e-con-inner\">\n\t\t\t\t<div class=\"elementor-element elementor-element-791899c .custom-graph-section elementor-widget elementor-widget-image\" data-id=\"791899c\" data-element_type=\"widget\" data-e-type=\"widget\" data-widget_type=\"image.default\">\n\t\t\t\t<div class=\"elementor-widget-container\">\n\t\t\t\t\t\t\t\t\t\t\t\t\t\t\t\t<a href=\"https:\/\/www.tungt.no\/anlegg\">\n\t\t\t\t\t\t\t<img decoding=\"async\" width=\"100\" height=\"26\" src=\"https:\/\/nordiskemediehus.dk\/wp-content\/uploads\/2024\/10\/Anleggs-til-hjemmeside-e1729601699312.png\" class=\"attachment-full size-full wp-image-26540\" alt=\"\" srcset=\"https:\/\/nordiskemediehus.dk\/wp-content\/uploads\/2024\/10\/Anleggs-til-hjemmeside-e1729601699312.png 100w, https:\/\/nordiskemediehus.dk\/wp-content\/uploads\/2024\/10\/Anleggs-til-hjemmeside-e1729601699312-18x5.png 18w\" sizes=\"(max-width: 100px) 100vw, 100px\" \/>\t\t\t\t\t\t\t\t<\/a>\n\t\t\t\t\t\t\t\t\t\t\t\t\t\t\t<\/div>\n\t\t\t\t<\/div>\n\t\t\t\t<div class=\"elementor-element elementor-element-1695ee0 elementor-widget elementor-widget-heading\" data-id=\"1695ee0\" data-element_type=\"widget\" data-e-type=\"widget\" data-widget_type=\"heading.default\">\n\t\t\t\t<div class=\"elementor-widget-container\">\n\t\t\t\t\t<h2 class=\"elementor-heading-title elementor-size-default\">Udgivelsesplan for AnleggsMagasinet<\/h2>\t\t\t\t<\/div>\n\t\t\t\t<\/div>\n\t\t\t\t<div class=\"elementor-element elementor-element-f8c0496 elementor-widget elementor-widget-text-editor\" data-id=\"f8c0496\" data-element_type=\"widget\" data-e-type=\"widget\" data-widget_type=\"text-editor.default\">\n\t\t\t\t<div class=\"elementor-widget-container\">\n\t\t\t\t\t\t\t\t\t<table width=\"617\"><tbody><tr><td width=\"174\">\u00a0<\/td><td width=\"91\"><h6><strong>Deadline<\/strong><\/h6><\/td><td width=\"105\"><h6><strong>Udgivelsesdato<\/strong><\/h6><\/td><td width=\"247\"><h6><strong>Messer 2026<\/strong><\/h6><\/td><\/tr><tr><td>AanleggsMagasinet nr. 1<\/td><td>22-01-2026<\/td><td>04-02-2026<\/td><td>\u00a0<\/td><\/tr><tr><td>AanleggsMagasinet nr. 2<\/td><td>26-02-2026<\/td><td>11-03-2026<\/td><td>\u00a0<\/td><\/tr><tr><td>AanleggsMagasinet nr. 3<\/td><td>26-03-2026<\/td><td>14-04-2026<\/td><td>Transportmesse p\u00e5 Lillestr\u00f8m 23\/4-25\/4<\/td><\/tr><tr><td>\u00a0<\/td><td>\u00a0<\/td><td>\u00a0<\/td><td>Euro Expo: Trondheim 15\/4-16\/4<\/td><\/tr><tr><td>AanleggsMagasinet nr. 4<\/td><td>07-05-2026<\/td><td>20-05-2026<\/td><td>Euro Expo: Bergen 20\/5-21\/5<\/td><\/tr><tr><td>AanleggsMagasinet nr. 5<\/td><td>28-05-2026<\/td><td>10-06-2026<\/td><td>\u00a0<\/td><\/tr><tr><td>AanleggsMagasinet nr. 6<\/td><td>13-08-2026<\/td><td>26-08-2026<\/td><td>Dyrsku&#8217;n<\/td><\/tr><tr><td>AanleggsMagasinet nr. 7<\/td><td>10-09-2026<\/td><td>23-09-2026<\/td><td>\u00a0<\/td><\/tr><tr><td>AanleggsMagasinet nr. 8<\/td><td>08-10-2026<\/td><td>21-10-2026<\/td><td>\u00a0<\/td><\/tr><tr><td>AanleggsMagasinet nr. 9<\/td><td>05-11-2026<\/td><td>18-11-2026<\/td><td>\u00a0<\/td><\/tr><tr><td>AanleggsMagasinet nr. 10<\/td><td>26-11-2026<\/td><td>09-12-2026<\/td><td>\u00a0<\/td><\/tr><\/tbody><\/table>\t\t\t\t\t\t\t\t<\/div>\n\t\t\t\t<\/div>\n\t\t\t\t\t<\/div>\n\t\t\t\t<\/div>\n\t\t\t\t\t<\/div>\n\t\t\t\t<\/div>\n\t\t\t\t\t<\/div>\n\t\t\t\t<\/div>\n\t\t\t\t\t<\/div>\n\t\t\t\t<\/div>\n\t\t\t\t\t<\/div>\n\t\t\t\t<\/div>\n\t\t\t\t\t<\/div>\n\t\t\t\t<\/div>\n\t\t\t\t\t<\/div>\n\t\t\t\t<\/div>\n\t\t<div class=\"elementor-element elementor-element-adcc6de e-flex e-con-boxed e-con e-parent\" data-id=\"adcc6de\" data-element_type=\"container\" data-e-type=\"container\">\n\t\t\t\t\t<div class=\"e-con-inner\">\n\t\t\t\t<div class=\"elementor-element elementor-element-ee4c0f9 elementor-widget elementor-widget-shortcode\" data-id=\"ee4c0f9\" data-element_type=\"widget\" data-e-type=\"widget\" data-cta=\"print udgivelsesplan\" data-location=\"main\" data-site=\"anleggsmagasinet\" data-widget_type=\"shortcode.default\">\n\t\t\t\t<div class=\"elementor-widget-container\">\n\t\t\t\t\t\t\t<div class=\"elementor-shortcode\">[export_pdf_button selector=\".custom-graph-section,.custom-table-section\"]<\/div>\n\t\t\t\t\t\t<\/div>\n\t\t\t\t<\/div>\n\t\t\t\t\t<\/div>\n\t\t\t\t<\/div>\n\t\t<div class=\"elementor-element elementor-element-3e36d7d e-flex e-con-boxed e-con e-parent\" data-id=\"3e36d7d\" data-element_type=\"container\" data-e-type=\"container\" data-settings=\"{&quot;background_background&quot;:&quot;classic&quot;}\">\n\t\t\t\t\t<div class=\"e-con-inner\">\n\t\t<div class=\"elementor-element elementor-element-d31d128 e-flex e-con-boxed e-con e-child\" data-id=\"d31d128\" data-element_type=\"container\" data-e-type=\"container\" data-settings=\"{&quot;background_background&quot;:&quot;classic&quot;}\">\n\t\t\t\t\t<div class=\"e-con-inner\">\n\t\t<div class=\"elementor-element elementor-element-2146aab e-flex e-con-boxed e-con e-child\" data-id=\"2146aab\" data-element_type=\"container\" data-e-type=\"container\" data-settings=\"{&quot;background_background&quot;:&quot;classic&quot;}\">\n\t\t\t\t\t<div class=\"e-con-inner\">\n\t\t<div class=\"elementor-element elementor-element-4adb597 e-flex e-con-boxed e-con e-child\" data-id=\"4adb597\" data-element_type=\"container\" data-e-type=\"container\" data-settings=\"{&quot;background_background&quot;:&quot;classic&quot;}\">\n\t\t\t\t\t<div class=\"e-con-inner\">\n\t\t<div class=\"elementor-element elementor-element-7d016a2 e-flex e-con-boxed e-con e-child\" data-id=\"7d016a2\" data-element_type=\"container\" data-e-type=\"container\" data-settings=\"{&quot;background_background&quot;:&quot;classic&quot;}\">\n\t\t\t\t\t<div class=\"e-con-inner\">\n\t\t<div class=\"elementor-element elementor-element-221e9a2 e-flex e-con-boxed e-con e-child\" data-id=\"221e9a2\" data-element_type=\"container\" data-e-type=\"container\" data-settings=\"{&quot;background_background&quot;:&quot;classic&quot;}\">\n\t\t\t\t\t<div class=\"e-con-inner\">\n\t\t<div class=\"elementor-element elementor-element-5c37320 e-flex e-con-boxed e-con e-child\" data-id=\"5c37320\" data-element_type=\"container\" data-e-type=\"container\" data-settings=\"{&quot;background_background&quot;:&quot;classic&quot;}\">\n\t\t\t\t\t<div class=\"e-con-inner\">\n\t\t\t\t\t<\/div>\n\t\t\t\t<\/div>\n\t\t\t\t\t<\/div>\n\t\t\t\t<\/div>\n\t\t\t\t\t<\/div>\n\t\t\t\t<\/div>\n\t\t\t\t\t<\/div>\n\t\t\t\t<\/div>\n\t\t\t\t\t<\/div>\n\t\t\t\t<\/div>\n\t\t\t\t\t<\/div>\n\t\t\t\t<\/div>\n\t\t\t\t\t<\/div>\n\t\t\t\t<\/div>\n\t\t\t\t<\/div>\n\t\t","protected":false},"excerpt":{"rendered":"<p>AnleggsMagasinet AnleggsMagasinet er en del af tungt.no-universet. Vi er Norges f\u00f8rende medie for entrepren\u00f8rer, maskinf\u00f8rere og leverand\u00f8rer i bygge- og anl\u00e6gsbranchen. Vi leverer nyheder om alt fra nye maskiner og teknologi til regler og markedstendenser. Vi udkommer digitalt p\u00e5\u00a0tungt.no\/anlegg d\u00f8gnet rundt, og\u00a0flere gange om ugen udsender vi nyhedsbreve, der samler branchens seneste nyheder. Hertil publicerer [&hellip;]<\/p>\n","protected":false},"author":4,"featured_media":0,"parent":26531,"menu_order":10,"comment_status":"closed","ping_status":"closed","template":"elementor_header_footer","meta":{"_acf_changed":false,"inline_featured_image":false,"footnotes":"","_links_to":"","_links_to_target":""},"class_list":["post-48080","page","type-page","status-publish","hentry"],"acf":[],"_links":{"self":[{"href":"https:\/\/nordiskemediehus.dk\/no\/wp-json\/wp\/v2\/pages\/48080","targetHints":{"allow":["GET"]}}],"collection":[{"href":"https:\/\/nordiskemediehus.dk\/no\/wp-json\/wp\/v2\/pages"}],"about":[{"href":"https:\/\/nordiskemediehus.dk\/no\/wp-json\/wp\/v2\/types\/page"}],"author":[{"embeddable":true,"href":"https:\/\/nordiskemediehus.dk\/no\/wp-json\/wp\/v2\/users\/4"}],"replies":[{"embeddable":true,"href":"https:\/\/nordiskemediehus.dk\/no\/wp-json\/wp\/v2\/comments?post=48080"}],"version-history":[{"count":12,"href":"https:\/\/nordiskemediehus.dk\/no\/wp-json\/wp\/v2\/pages\/48080\/revisions"}],"predecessor-version":[{"id":60126,"href":"https:\/\/nordiskemediehus.dk\/no\/wp-json\/wp\/v2\/pages\/48080\/revisions\/60126"}],"up":[{"embeddable":true,"href":"https:\/\/nordiskemediehus.dk\/no\/wp-json\/wp\/v2\/pages\/26531"}],"wp:attachment":[{"href":"https:\/\/nordiskemediehus.dk\/no\/wp-json\/wp\/v2\/media?parent=48080"}],"curies":[{"name":"wp","href":"https:\/\/api.w.org\/{rel}","templated":true}]}}