{"id":50869,"date":"2025-09-26T09:02:16","date_gmt":"2025-09-26T09:02:16","guid":{"rendered":"https:\/\/nordiskemediehus.dk\/?page_id=50869"},"modified":"2026-01-30T12:57:27","modified_gmt":"2026-01-30T12:57:27","slug":"onlinebanneformater","status":"publish","type":"page","link":"https:\/\/nordiskemediehus.dk\/no\/onlinebanneformater\/","title":{"rendered":"Bannerformater"},"content":{"rendered":"<div data-elementor-type=\"wp-page\" data-elementor-id=\"50869\" class=\"elementor elementor-50869\" data-elementor-post-type=\"page\">\n\t\t\t\t<div class=\"elementor-element elementor-element-9b9fe3f e-flex e-con-boxed e-con e-parent\" data-id=\"9b9fe3f\" data-element_type=\"container\" data-settings=\"{&quot;background_background&quot;:&quot;classic&quot;,&quot;container_type&quot;:&quot;flex&quot;,&quot;content_width&quot;:&quot;boxed&quot;}\" data-core-v316-plus=\"true\">\n\t\t\t\t\t<div class=\"e-con-inner\">\n\t\t<div class=\"elementor-element elementor-element-dcbeb5e e-flex e-con-boxed e-con e-child\" data-id=\"dcbeb5e\" data-element_type=\"container\" data-settings=\"{&quot;background_background&quot;:&quot;classic&quot;,&quot;container_type&quot;:&quot;flex&quot;,&quot;content_width&quot;:&quot;boxed&quot;}\">\n\t\t\t\t\t<div class=\"e-con-inner\">\n\t\t<div class=\"elementor-element elementor-element-ef76dd0 e-flex e-con-boxed e-con e-child\" data-id=\"ef76dd0\" data-element_type=\"container\" data-settings=\"{&quot;background_background&quot;:&quot;classic&quot;,&quot;container_type&quot;:&quot;flex&quot;,&quot;content_width&quot;:&quot;boxed&quot;}\">\n\t\t\t\t\t<div class=\"e-con-inner\">\n\t\t<div class=\"elementor-element elementor-element-02ea3a6 e-flex e-con-boxed e-con e-child\" data-id=\"02ea3a6\" data-element_type=\"container\" data-settings=\"{&quot;container_type&quot;:&quot;flex&quot;,&quot;content_width&quot;:&quot;boxed&quot;}\">\n\t\t\t\t\t<div class=\"e-con-inner\">\n\t\t\t\t<div class=\"elementor-element elementor-element-c62e8e5 elementor-widget elementor-widget-heading\" data-id=\"c62e8e5\" data-element_type=\"widget\" data-widget_type=\"heading.default\">\n\t\t\t\t<div class=\"elementor-widget-container\">\n\t\t\t<style>\/*! elementor - v3.19.0 - 28-02-2024 *\/\n.elementor-heading-title{padding:0;margin:0;line-height:1}.elementor-widget-heading .elementor-heading-title[class*=elementor-size-]>a{color:inherit;font-size:inherit;line-height:inherit}.elementor-widget-heading .elementor-heading-title.elementor-size-small{font-size:15px}.elementor-widget-heading .elementor-heading-title.elementor-size-medium{font-size:19px}.elementor-widget-heading .elementor-heading-title.elementor-size-large{font-size:29px}.elementor-widget-heading .elementor-heading-title.elementor-size-xl{font-size:39px}.elementor-widget-heading .elementor-heading-title.elementor-size-xxl{font-size:59px}<\/style><h2 class=\"elementor-heading-title elementor-size-default\">Online bannerformater<\/h2>\t\t<\/div>\n\t\t\t\t<\/div>\n\t\t\t\t\t<\/div>\n\t\t\t\t<\/div>\n\t\t\t\t\t<\/div>\n\t\t\t\t<\/div>\n\t\t\t\t\t<\/div>\n\t\t\t\t<\/div>\n\t\t\t\t\t<\/div>\n\t\t\t\t<\/div>\n\t\t<div class=\"elementor-element elementor-element-bf8ebbd e-flex e-con-boxed e-con e-parent\" data-id=\"bf8ebbd\" data-element_type=\"container\" data-settings=\"{&quot;container_type&quot;:&quot;flex&quot;,&quot;content_width&quot;:&quot;boxed&quot;}\" data-core-v316-plus=\"true\">\n\t\t\t\t\t<div class=\"e-con-inner\">\n\t\t\t\t<div class=\"elementor-element elementor-element-fa0a498 elementor-widget elementor-widget-menu-anchor\" data-id=\"fa0a498\" data-element_type=\"widget\" data-widget_type=\"menu-anchor.default\">\n\t\t\t\t<div class=\"elementor-widget-container\">\n\t\t\t<style>\/*! elementor - v3.19.0 - 28-02-2024 *\/\nbody.elementor-page .elementor-widget-menu-anchor{margin-bottom:0}<\/style>\t\t<div id=\"Retningslinjer\" class=\"elementor-menu-anchor\"><\/div>\n\t\t\t\t<\/div>\n\t\t\t\t<\/div>\n\t\t\t\t\t<\/div>\n\t\t\t\t<\/div>\n\t\t<div class=\"elementor-element elementor-element-53ced33 e-flex e-con-boxed e-con e-parent\" data-id=\"53ced33\" data-element_type=\"container\" data-settings=\"{&quot;container_type&quot;:&quot;flex&quot;,&quot;content_width&quot;:&quot;boxed&quot;}\" data-core-v316-plus=\"true\">\n\t\t\t\t\t<div class=\"e-con-inner\">\n\t\t<div class=\"elementor-element elementor-element-8aeb3ef e-flex e-con-boxed e-con e-child\" data-id=\"8aeb3ef\" data-element_type=\"container\" data-settings=\"{&quot;container_type&quot;:&quot;flex&quot;,&quot;content_width&quot;:&quot;boxed&quot;}\">\n\t\t\t\t\t<div class=\"e-con-inner\">\n\t\t\t\t<div class=\"elementor-element elementor-element-d1c4d92 elementor-widget elementor-widget-heading\" data-id=\"d1c4d92\" data-element_type=\"widget\" data-widget_type=\"heading.default\">\n\t\t\t\t<div class=\"elementor-widget-container\">\n\t\t\t<h2 class=\"elementor-heading-title elementor-size-default\"><a href=\"#Retningslinjer\">Retningslinjer for annonsering<\/a><\/h2>\t\t<\/div>\n\t\t\t\t<\/div>\n\t\t\t\t\t<\/div>\n\t\t\t\t<\/div>\n\t\t\t\t\t<\/div>\n\t\t\t\t<\/div>\n\t\t<div class=\"elementor-element elementor-element-0a7a91f e-flex e-con-boxed e-con e-parent\" data-id=\"0a7a91f\" data-element_type=\"container\" data-settings=\"{&quot;container_type&quot;:&quot;flex&quot;,&quot;content_width&quot;:&quot;boxed&quot;}\" data-core-v316-plus=\"true\">\n\t\t\t\t\t<div class=\"e-con-inner\">\n\t\t\t\t<div class=\"elementor-element elementor-element-1daed60 elementor-widget elementor-widget-text-editor\" data-id=\"1daed60\" data-element_type=\"widget\" data-widget_type=\"text-editor.default\">\n\t\t\t\t<div class=\"elementor-widget-container\">\n\t\t\t\t\t\t\t<p>Det skal v\u00e6re tydelig for leserne hva som er annonser, og hva som er artikler skrevet av redaksjonen. Derfor m\u00e5 annonser skille seg ut fra layoutet \u2013 b\u00e5de p\u00e5 portalen og i nyhetsbrevet, slik at leserne ikke blir villedet til \u00e5 tro at en annonse er en redaksjonell artikkel.<\/p><p>Generelt bes annons\u00f8rer om \u00e5 bruke en annen skrifttype enn v\u00e5r. P\u00e5 nettstedet vises ordet \u00abAnnonse\u00bb automatisk rett over banneret, men ved annonsering i nyhetsbrevet b\u00f8r ordet \u00abAnnonse\u00bb tydelig fremg\u00e5 \u00f8verst i annonsen, dersom det ikke allerede er helt klart at det er en annonse \u2013 slik at vi f\u00f8lger lovverket p\u00e5 omr\u00e5det. Dersom vi vurderer at annonsen ligger for n\u00e6rt de redaksjonelle tekstene, vil vi be om at skrifttypen endres og\/eller at selskapets logo legges til, slik at det er tydelig at det er en annonse. Dette gj\u00f8res for \u00e5 etterleve reglene fastsatt av Forbrukertilsynet. Videre er det kun tillatt \u00e5 markedsf\u00f8re egen virksomhet og egne produkter \u2013 dvs. ingen villedende eller negativ omtale av konkurrentene. Alt dette for \u00e5 sikre at vi f\u00f8lger markedsf\u00f8ringsloven.\u00a0<\/p>\t\t\t\t\t\t<\/div>\n\t\t\t\t<\/div>\n\t\t\t\t\t<\/div>\n\t\t\t\t<\/div>\n\t\t<div class=\"elementor-element elementor-element-cd1c378 e-flex e-con-boxed e-con e-parent\" data-id=\"cd1c378\" data-element_type=\"container\" data-settings=\"{&quot;container_type&quot;:&quot;flex&quot;,&quot;content_width&quot;:&quot;boxed&quot;}\" data-core-v316-plus=\"true\">\n\t\t\t\t\t<div class=\"e-con-inner\">\n\t\t<div class=\"elementor-element elementor-element-ce8f3b2 e-flex e-con-boxed e-con e-child\" data-id=\"ce8f3b2\" data-element_type=\"container\" data-settings=\"{&quot;container_type&quot;:&quot;flex&quot;,&quot;content_width&quot;:&quot;boxed&quot;}\">\n\t\t\t\t\t<div class=\"e-con-inner\">\n\t\t\t\t<div class=\"elementor-element elementor-element-8dc3026 elementor-widget elementor-widget-toggle\" data-id=\"8dc3026\" data-element_type=\"widget\" data-widget_type=\"toggle.default\">\n\t\t\t\t<div class=\"elementor-widget-container\">\n\t\t\t<style>\/*! elementor - v3.19.0 - 28-02-2024 *\/\n.elementor-toggle{text-align:left}.elementor-toggle .elementor-tab-title{font-weight:700;line-height:1;margin:0;padding:15px;border-bottom:1px solid #d5d8dc;cursor:pointer;outline:none}.elementor-toggle .elementor-tab-title .elementor-toggle-icon{display:inline-block;width:1em}.elementor-toggle .elementor-tab-title .elementor-toggle-icon svg{margin-inline-start:-5px;width:1em;height:1em}.elementor-toggle .elementor-tab-title .elementor-toggle-icon.elementor-toggle-icon-right{float:right;text-align:right}.elementor-toggle .elementor-tab-title .elementor-toggle-icon.elementor-toggle-icon-left{float:left;text-align:left}.elementor-toggle .elementor-tab-title .elementor-toggle-icon .elementor-toggle-icon-closed{display:block}.elementor-toggle .elementor-tab-title .elementor-toggle-icon .elementor-toggle-icon-opened{display:none}.elementor-toggle .elementor-tab-title.elementor-active{border-bottom:none}.elementor-toggle .elementor-tab-title.elementor-active .elementor-toggle-icon-closed{display:none}.elementor-toggle .elementor-tab-title.elementor-active .elementor-toggle-icon-opened{display:block}.elementor-toggle .elementor-tab-content{padding:15px;border-bottom:1px solid #d5d8dc;display:none}@media (max-width:767px){.elementor-toggle .elementor-tab-title{padding:12px}.elementor-toggle .elementor-tab-content{padding:12px 10px}}.e-con-inner>.elementor-widget-toggle,.e-con>.elementor-widget-toggle{width:var(--container-widget-width);--flex-grow:var(--container-widget-flex-grow)}<\/style>\t\t<div class=\"elementor-toggle\">\n\t\t\t\t\t\t\t<div class=\"elementor-toggle-item\">\n\t\t\t\t\t<div id=\"elementor-tab-title-1481\" class=\"elementor-tab-title\" data-tab=\"1\" role=\"button\" aria-controls=\"elementor-tab-content-1481\" aria-expanded=\"false\">\n\t\t\t\t\t\t\t\t\t\t\t\t<span class=\"elementor-toggle-icon elementor-toggle-icon-right\" aria-hidden=\"true\">\n\t\t\t\t\t\t\t\t\t\t\t\t\t\t\t<span class=\"elementor-toggle-icon-closed\"><svg class=\"e-font-icon-svg e-fas-chevron-right\" viewbox=\"0 0 320 512\" xmlns=\"http:\/\/www.w3.org\/2000\/svg\"><path d=\"M285.476 272.971L91.132 467.314c-9.373 9.373-24.569 9.373-33.941 0l-22.667-22.667c-9.357-9.357-9.375-24.522-.04-33.901L188.505 256 34.484 101.255c-9.335-9.379-9.317-24.544.04-33.901l22.667-22.667c9.373-9.373 24.569-9.373 33.941 0L285.475 239.03c9.373 9.372 9.373 24.568.001 33.941z\"><\/path><\/svg><\/span>\n\t\t\t\t\t\t\t\t<span class=\"elementor-toggle-icon-opened\"><svg class=\"elementor-toggle-icon-opened e-font-icon-svg e-fas-chevron-down\" viewbox=\"0 0 448 512\" xmlns=\"http:\/\/www.w3.org\/2000\/svg\"><path d=\"M207.029 381.476L12.686 187.132c-9.373-9.373-9.373-24.569 0-33.941l22.667-22.667c9.357-9.357 24.522-9.375 33.901-.04L224 284.505l154.745-154.021c9.379-9.335 24.544-9.317 33.901.04l22.667 22.667c9.373 9.373 9.373 24.569 0 33.941L240.971 381.476c-9.373 9.372-24.569 9.372-33.942 0z\"><\/path><\/svg><\/span>\n\t\t\t\t\t\t\t\t\t\t\t\t\t<\/span>\n\t\t\t\t\t\t\t\t\t\t\t\t<a class=\"elementor-toggle-title\" tabindex=\"0\">Bannerannonsering <\/a>\n\t\t\t\t\t<\/div>\n\n\t\t\t\t\t<div id=\"elementor-tab-content-1481\" class=\"elementor-tab-content elementor-clearfix\" data-tab=\"1\" role=\"region\" aria-labelledby=\"elementor-tab-title-1481\"><p>Alle bannere leveres i faste st\u00f8rrelser basert p\u00e5 v\u00e5re spesifikasjoner. Det er viktig at retningslinjene f\u00f8lges for \u00e5 sikre at materialet er synlig p\u00e5 alle typer skjermer \u2013 b\u00e5de desktop, nettbrett og mobil.<\/p><p>Vi st\u00f8tter f\u00f8lgende filformater: HTML5, JPEG, GIF og PNG.<\/p><p>Alle bannere roterer automatisk hvert 15. sekund.\u00a0<\/p><p><strong>Spesifikt for videobannere (HTML5):<\/strong><\/p><p>Ved levering av videomateriale skal vi motta en zip-fil med alt kilde\u00admateriale. Filst\u00f8rrelsen kan maksimalt v\u00e6re 1 MB, og videoens varighet kan h\u00f8yst v\u00e6re 15 sekunder.<\/p><p><span style=\"letter-spacing: 0px;\">HTML5-filer kan kun brukes til bannere p\u00e5 mediesidene, da filtypen ikke kan h\u00e5ndteres av e-postprogrammer.<\/span><\/p><\/div>\n\t\t\t\t<\/div>\n\t\t\t\t\t\t\t<div class=\"elementor-toggle-item\">\n\t\t\t\t\t<div id=\"elementor-tab-title-1482\" class=\"elementor-tab-title\" data-tab=\"2\" role=\"button\" aria-controls=\"elementor-tab-content-1482\" aria-expanded=\"false\">\n\t\t\t\t\t\t\t\t\t\t\t\t<span class=\"elementor-toggle-icon elementor-toggle-icon-right\" aria-hidden=\"true\">\n\t\t\t\t\t\t\t\t\t\t\t\t\t\t\t<span class=\"elementor-toggle-icon-closed\"><svg class=\"e-font-icon-svg e-fas-chevron-right\" viewbox=\"0 0 320 512\" xmlns=\"http:\/\/www.w3.org\/2000\/svg\"><path d=\"M285.476 272.971L91.132 467.314c-9.373 9.373-24.569 9.373-33.941 0l-22.667-22.667c-9.357-9.357-9.375-24.522-.04-33.901L188.505 256 34.484 101.255c-9.335-9.379-9.317-24.544.04-33.901l22.667-22.667c9.373-9.373 24.569-9.373 33.941 0L285.475 239.03c9.373 9.372 9.373 24.568.001 33.941z\"><\/path><\/svg><\/span>\n\t\t\t\t\t\t\t\t<span class=\"elementor-toggle-icon-opened\"><svg class=\"elementor-toggle-icon-opened e-font-icon-svg e-fas-chevron-down\" viewbox=\"0 0 448 512\" xmlns=\"http:\/\/www.w3.org\/2000\/svg\"><path d=\"M207.029 381.476L12.686 187.132c-9.373-9.373-9.373-24.569 0-33.941l22.667-22.667c9.357-9.357 24.522-9.375 33.901-.04L224 284.505l154.745-154.021c9.379-9.335 24.544-9.317 33.901.04l22.667 22.667c9.373 9.373 9.373 24.569 0 33.941L240.971 381.476c-9.373 9.372-24.569 9.372-33.942 0z\"><\/path><\/svg><\/span>\n\t\t\t\t\t\t\t\t\t\t\t\t\t<\/span>\n\t\t\t\t\t\t\t\t\t\t\t\t<a class=\"elementor-toggle-title\" tabindex=\"0\">Kan jeg f\u00e5 hjelp til grafikken?<\/a>\n\t\t\t\t\t<\/div>\n\n\t\t\t\t\t<div id=\"elementor-tab-content-1482\" class=\"elementor-tab-content elementor-clearfix\" data-tab=\"2\" role=\"region\" aria-labelledby=\"elementor-tab-title-1482\"><p>Om dere trenger en grafiker til \u00e5 hjelpe med utformingen, gjelder f\u00f8lgende krav for bilder, logoer og tekst:<\/p><p>Bilder skal v\u00e6re minst 200 DPI \/ 300 DPI, avhengig av om det gjelder annonsering i avis eller magasin, og skal v\u00e6re i filformatene .jpg, .tiff, .eps, .psd og .png. Logo og grafiske elementer leveres som .eps- eller .ai-vektorgrafikk.<\/p><p>Teksten sendes separat i .docx-format eller i e-posten med materiale.<br \/>Materiale til produksjon av oss m\u00e5 mottas senest 10 dager f\u00f8r annonsekampanjen skal starte.<\/p><p>Bannerne utarbeides gratis ved bestilling av bannere for minimum 2 m\u00e5neder, ellers er prisen 500 kr per banner.<\/p><\/div>\n\t\t\t\t<\/div>\n\t\t\t\t\t\t\t<div class=\"elementor-toggle-item\">\n\t\t\t\t\t<div id=\"elementor-tab-title-1483\" class=\"elementor-tab-title\" data-tab=\"3\" role=\"button\" aria-controls=\"elementor-tab-content-1483\" aria-expanded=\"false\">\n\t\t\t\t\t\t\t\t\t\t\t\t<span class=\"elementor-toggle-icon elementor-toggle-icon-right\" aria-hidden=\"true\">\n\t\t\t\t\t\t\t\t\t\t\t\t\t\t\t<span class=\"elementor-toggle-icon-closed\"><svg class=\"e-font-icon-svg e-fas-chevron-right\" viewbox=\"0 0 320 512\" xmlns=\"http:\/\/www.w3.org\/2000\/svg\"><path d=\"M285.476 272.971L91.132 467.314c-9.373 9.373-24.569 9.373-33.941 0l-22.667-22.667c-9.357-9.357-9.375-24.522-.04-33.901L188.505 256 34.484 101.255c-9.335-9.379-9.317-24.544.04-33.901l22.667-22.667c9.373-9.373 24.569-9.373 33.941 0L285.475 239.03c9.373 9.372 9.373 24.568.001 33.941z\"><\/path><\/svg><\/span>\n\t\t\t\t\t\t\t\t<span class=\"elementor-toggle-icon-opened\"><svg class=\"elementor-toggle-icon-opened e-font-icon-svg e-fas-chevron-down\" viewbox=\"0 0 448 512\" xmlns=\"http:\/\/www.w3.org\/2000\/svg\"><path d=\"M207.029 381.476L12.686 187.132c-9.373-9.373-9.373-24.569 0-33.941l22.667-22.667c9.357-9.357 24.522-9.375 33.901-.04L224 284.505l154.745-154.021c9.379-9.335 24.544-9.317 33.901.04l22.667 22.667c9.373 9.373 9.373 24.569 0 33.941L240.971 381.476c-9.373 9.372-24.569 9.372-33.942 0z\"><\/path><\/svg><\/span>\n\t\t\t\t\t\t\t\t\t\t\t\t\t<\/span>\n\t\t\t\t\t\t\t\t\t\t\t\t<a class=\"elementor-toggle-title\" tabindex=\"0\">Levering av ferdig materiale<\/a>\n\t\t\t\t\t<\/div>\n\n\t\t\t\t\t<div id=\"elementor-tab-content-1483\" class=\"elementor-tab-content elementor-clearfix\" data-tab=\"3\" role=\"region\" aria-labelledby=\"elementor-tab-title-1483\"><p>Levering av ferdig materiell har frist to arbeidsdager f\u00f8r oppstart.<\/p><p>Annonsemateriellet inkl. lenke til landingsside sendes direkte til e-postadressen:\u00a0<span style=\"text-decoration: underline;\"><a href=\"mailto:online@nordiskemedier.dk\">online@nordiskemedier.dk<\/a><\/span><\/p><\/div>\n\t\t\t\t<\/div>\n\t\t\t\t\t\t\t\t\t\t<script type=\"application\/ld+json\">{\"@context\":\"https:\\\/\\\/schema.org\",\"@type\":\"FAQPage\",\"mainEntity\":[{\"@type\":\"Question\",\"name\":\"Bannerannoncering\",\"acceptedAnswer\":{\"@type\":\"Answer\",\"text\":\"<p>Alle bannere leveres i faste st\\u00f8rrelser ud fra vores specifikationer. Det er vigtigt, at retningslinjerne overholdes, s\\u00e5 det sikres, at materialet er synligt p\\u00e5 alle typer af sk\\u00e6rme \\u2013 b\\u00e5de desktop, tablet og mobil.<\\\/p><p>Vi underst\\u00f8tter f\\u00f8lgende filformater: HTML5, JPEG, GIF og PNG.<\\\/p><p>Alle bannere roterer automatisk hvert 15. sekund.\\u00a0<\\\/p><p><strong>Specifikt for videobannere (HTML5):<\\\/strong><\\\/p><p>Ved levering af videomateriale skal vi have tilsendt en zip-fil med hele kildematerialet i. Hertil g\\u00e6lder, at filst\\u00f8rrelsen maksimalt m\\u00e5 v\\u00e6re 1 MB, og videoens varighed m\\u00e5 h\\u00f8jest v\\u00e6re 15 sekunder.<\\\/p><p><span style=\\\"letter-spacing: 0px;\\\">HTML5-filer kan kun bruges til bannere p\\u00e5 mediesiderne, da filtypen ikke kan h\\u00e5ndteres af mailprogrammer.<\\\/span><\\\/p>\"}},{\"@type\":\"Question\",\"name\":\"Kan jeg f\\u00e5 hj\\u00e6lp til grafikken?\",\"acceptedAnswer\":{\"@type\":\"Answer\",\"text\":\"<p>Har I brug for en grafiker til at hj\\u00e6lpe med jeres udformning, er der f\\u00f8lgende krav til billeder, logoer og tekst:<\\\/p><p>Billeder skal v\\u00e6re min. 200 DPI \\\/ 300 DPI, afh\\u00e6ngigt af om det er annoncering i avis- eller magasinudgivelse, og skal v\\u00e6re i filformaterne .jpg, .tiff, .eps, .psd og .png. Logo og grafiske elementer leveres som .eps eller .ai vektorgrafik.<\\\/p><p>Teksten sendes separat i et .docx-format eller i mailen med materiale.<br \\\/>Materiale til produktion af os skal modtages senest 10 dage f\\u00f8r, annoncekampagnen skal starte op.<\\\/p><p>Bannerne udarbejdes gratis, n\\u00e5r der bestilles bannere for min. 2 m\\u00e5neder, ellers er prisen 500 kr. pr. banner.<\\\/p>\"}},{\"@type\":\"Question\",\"name\":\"Levering af f\\u00e6rdigt materiale\",\"acceptedAnswer\":{\"@type\":\"Answer\",\"text\":\"<p>Levering af f\\u00e6rdigt materiale har deadline to hverdage inden opstart.<\\\/p><p>Annoncematerialet inkl. link til landingpage sendes direkte til e-mailen:\\u00a0<span style=\\\"text-decoration: underline;\\\"><a href=\\\"mailto:online@nordiskemedier.dk\\\">online@nordiskemedier.dk<\\\/a><\\\/span><\\\/p>\"}}]}<\/script>\n\t\t\t\t\t<\/div>\n\t\t\t\t<\/div>\n\t\t\t\t<\/div>\n\t\t\t\t\t<\/div>\n\t\t\t\t<\/div>\n\t\t\t\t\t<\/div>\n\t\t\t\t<\/div>\n\t\t<div class=\"elementor-element elementor-element-b3797ae e-flex e-con-boxed e-con e-parent\" data-id=\"b3797ae\" data-element_type=\"container\" data-settings=\"{&quot;background_background&quot;:&quot;classic&quot;,&quot;container_type&quot;:&quot;flex&quot;,&quot;content_width&quot;:&quot;boxed&quot;}\" data-core-v316-plus=\"true\">\n\t\t\t\t\t<div class=\"e-con-inner\">\n\t\t<div class=\"elementor-element elementor-element-11721a9 e-flex e-con-boxed e-con e-child\" data-id=\"11721a9\" data-element_type=\"container\" data-settings=\"{&quot;background_background&quot;:&quot;classic&quot;,&quot;container_type&quot;:&quot;flex&quot;,&quot;content_width&quot;:&quot;boxed&quot;}\">\n\t\t\t\t\t<div class=\"e-con-inner\">\n\t\t<div class=\"elementor-element elementor-element-6e06f92 e-flex e-con-boxed e-con e-child\" data-id=\"6e06f92\" data-element_type=\"container\" data-settings=\"{&quot;background_background&quot;:&quot;classic&quot;,&quot;container_type&quot;:&quot;flex&quot;,&quot;content_width&quot;:&quot;boxed&quot;}\">\n\t\t\t\t\t<div class=\"e-con-inner\">\n\t\t<div class=\"elementor-element elementor-element-37dfee4 e-flex e-con-boxed e-con e-child\" data-id=\"37dfee4\" data-element_type=\"container\" data-settings=\"{&quot;background_background&quot;:&quot;classic&quot;,&quot;container_type&quot;:&quot;flex&quot;,&quot;content_width&quot;:&quot;boxed&quot;}\">\n\t\t\t\t\t<div class=\"e-con-inner\">\n\t\t\t\t\t<\/div>\n\t\t\t\t<\/div>\n\t\t\t\t\t<\/div>\n\t\t\t\t<\/div>\n\t\t\t\t\t<\/div>\n\t\t\t\t<\/div>\n\t\t\t\t\t<\/div>\n\t\t\t\t<\/div>\n\t\t\t\t<\/div>","protected":false},"excerpt":{"rendered":"<p>Online bannerformater Billboard banner Billboard banner vises \u00f8verst p\u00e5 mediets hjemmeside. Enheder: Desktop, tablet, mobilDesktop-format: 1568 x 864 pixels (BxH)Mindre sk\u00e6rme: 980 x 540 pixels (BxH)Mobil: 300 x 100 pixels (BxH)Filformater: JPEG, GIF, PNG, HTML eller script Maks. filst\u00f8rrelse:Statisk billede eller animeret GIF: 150 kBHTML5 (ikke komprimeret) eller script: 1 MB Bem\u00e6rk: Ved video anbefales [&hellip;]<\/p>","protected":false},"author":2,"featured_media":0,"parent":0,"menu_order":9,"comment_status":"closed","ping_status":"closed","template":"","meta":{"_acf_changed":false,"inline_featured_image":false,"footnotes":"","_links_to":"","_links_to_target":""},"class_list":["post-50869","page","type-page","status-publish","hentry"],"acf":[],"_links":{"self":[{"href":"https:\/\/nordiskemediehus.dk\/no\/wp-json\/wp\/v2\/pages\/50869","targetHints":{"allow":["GET"]}}],"collection":[{"href":"https:\/\/nordiskemediehus.dk\/no\/wp-json\/wp\/v2\/pages"}],"about":[{"href":"https:\/\/nordiskemediehus.dk\/no\/wp-json\/wp\/v2\/types\/page"}],"author":[{"embeddable":true,"href":"https:\/\/nordiskemediehus.dk\/no\/wp-json\/wp\/v2\/users\/2"}],"replies":[{"embeddable":true,"href":"https:\/\/nordiskemediehus.dk\/no\/wp-json\/wp\/v2\/comments?post=50869"}],"version-history":[{"count":11,"href":"https:\/\/nordiskemediehus.dk\/no\/wp-json\/wp\/v2\/pages\/50869\/revisions"}],"predecessor-version":[{"id":60171,"href":"https:\/\/nordiskemediehus.dk\/no\/wp-json\/wp\/v2\/pages\/50869\/revisions\/60171"}],"wp:attachment":[{"href":"https:\/\/nordiskemediehus.dk\/no\/wp-json\/wp\/v2\/media?parent=50869"}],"curies":[{"name":"wp","href":"https:\/\/api.w.org\/{rel}","templated":true}]}}