{"id":131,"date":"2023-05-30T12:37:11","date_gmt":"2023-05-30T12:37:11","guid":{"rendered":"https:\/\/2023.nordiske-medier.dk\/?page_id=131"},"modified":"2026-04-16T12:14:09","modified_gmt":"2026-04-16T12:14:09","slug":"kontakt","status":"publish","type":"page","link":"https:\/\/nordiskemediehus.dk\/se\/kontakt\/","title":{"rendered":"Kontakta"},"content":{"rendered":"<div data-elementor-type=\"wp-page\" data-elementor-id=\"131\" class=\"elementor elementor-131\" data-elementor-post-type=\"page\">\n\t\t\t\t<div class=\"elementor-element elementor-element-40d22b9 e-flex e-con-boxed e-con e-parent\" data-id=\"40d22b9\" data-element_type=\"container\" data-e-type=\"container\">\n\t\t\t\t\t<div class=\"e-con-inner\">\n\t\t\t\t<div class=\"elementor-element elementor-element-7b3d8ab elementor-widget elementor-widget-heading\" data-id=\"7b3d8ab\" data-element_type=\"widget\" data-e-type=\"widget\" data-widget_type=\"heading.default\">\n\t\t\t\t<div class=\"elementor-widget-container\">\n\t\t\t\t\t<h2 class=\"elementor-heading-title elementor-size-default\">Vad kan vi hj\u00e4lpa till med? <\/h2>\t\t\t\t<\/div>\n\t\t\t\t<\/div>\n\t\t\t\t<div class=\"elementor-element elementor-element-fb1502c elementor-widget elementor-widget-text-editor\" data-id=\"fb1502c\" data-element_type=\"widget\" data-e-type=\"widget\" data-no-translation=\"\" data-widget_type=\"text-editor.default\">\n\t\t\t\t<div class=\"elementor-widget-container\">\n\t\t\t\t\t<style>.elementor-element-fb1502c{display:none !important}<\/style>\t\t\t\t<\/div>\n\t\t\t\t<\/div>\n\t\t\t\t<div class=\"elementor-element elementor-element-aac8300 elementor-widget elementor-widget-text-editor\" data-id=\"aac8300\" data-element_type=\"widget\" data-e-type=\"widget\" data-no-translation=\"\" data-widget_type=\"text-editor.default\">\n\t\t\t\t<div class=\"elementor-widget-container\">\n\t\t\t\t\t\t\t\t\t<p data-start=\"98\" data-end=\"226\">Hos Nordiske Medier vill vi att v\u00e5ra kunder ska vara n\u00f6jda och glada. D\u00e4rf\u00f6r st\u00e5r vi redo att hj\u00e4lpa dig med alla dina fr\u00e5gor.<\/p><p data-start=\"228\" data-end=\"280\">Du kan ocks\u00e5 hitta svar p\u00e5 vanliga fr\u00e5gor i v\u00e5r <a href=\"https:\/\/nordiskemediehus.dk\/se\/kontakt\/faq-se\/\"><strong>FAQ<\/strong><\/a>.<\/p>\t\t\t\t\t\t\t\t<\/div>\n\t\t\t\t<\/div>\n\t\t\t\t<div class=\"elementor-element elementor-element-a7be660 elementor-widget elementor-widget-text-editor\" data-id=\"a7be660\" data-element_type=\"widget\" data-e-type=\"widget\" data-no-translation=\"\" data-widget_type=\"text-editor.default\">\n\t\t\t\t<div class=\"elementor-widget-container\">\n\t\t\t\t\t<style>.elementor-element-a7be660{display:none !important}<\/style>\t\t\t\t<\/div>\n\t\t\t\t<\/div>\n\t\t\t\t<div class=\"elementor-element elementor-element-65f2be7 elementor-widget elementor-widget-text-editor\" data-id=\"65f2be7\" data-element_type=\"widget\" data-e-type=\"widget\" data-no-translation=\"\" data-widget_type=\"text-editor.default\">\n\t\t\t\t<div class=\"elementor-widget-container\">\n\t\t\t\t\t<style>.elementor-element-65f2be7{display:none !important}<\/style>\t\t\t\t<\/div>\n\t\t\t\t<\/div>\n\t\t\t\t<div class=\"elementor-element elementor-element-ac85935 elementor-widget elementor-widget-text-editor\" data-id=\"ac85935\" data-element_type=\"widget\" data-e-type=\"widget\" data-widget_type=\"text-editor.default\">\n\t\t\t\t<div class=\"elementor-widget-container\">\n\t\t\t\t\t<style>.elementor-element-ac85935{display:none !important}<\/style>\t\t\t\t<\/div>\n\t\t\t\t<\/div>\n\t\t\t\t<div class=\"elementor-element elementor-element-2a7b9e8 elementor-widget elementor-widget-text-editor\" data-id=\"2a7b9e8\" data-element_type=\"widget\" data-e-type=\"widget\" data-no-translation=\"\" data-widget_type=\"text-editor.default\">\n\t\t\t\t<div class=\"elementor-widget-container\">\n\t\t\t\t\t\t\t\t\t<h6><b>Kontakta Prenumaration p\u00e5:<\/b><\/h6><p>Har du fr\u00e5gor om prenumeration, kontakta oss p\u00e5 <span style=\"text-decoration: underline;\"><strong><a href=\"mailto:prenumeration@nordiskemedier.se\">prenumeration@nordiskemedier.se<\/a><\/strong><\/span><\/p><p>Har du fr\u00e5gor om <b>medlemskap <\/b>eller <b>annonsering<\/b> kan du kontakta oss p\u00e5 <span style=\"text-decoration: underline;\"><strong><a href=\"mailto:annons@nordiskemedier.se\">annons@nordiskemedier.se<\/a><\/strong><\/span><\/p>\t\t\t\t\t\t\t\t<\/div>\n\t\t\t\t<\/div>\n\t\t\t\t<div class=\"elementor-element elementor-element-820e527 elementor-widget elementor-widget-text-editor\" data-id=\"820e527\" data-element_type=\"widget\" data-e-type=\"widget\" data-widget_type=\"text-editor.default\">\n\t\t\t\t<div class=\"elementor-widget-container\">\n\t\t\t\t\t<style>.elementor-element-820e527{display:none !important}<\/style>\t\t\t\t<\/div>\n\t\t\t\t<\/div>\n\t\t\t\t<div class=\"elementor-element elementor-element-3c20694 elementor-widget elementor-widget-text-editor\" data-id=\"3c20694\" data-element_type=\"widget\" data-e-type=\"widget\" data-no-translation=\"\" data-widget_type=\"text-editor.default\">\n\t\t\t\t<div class=\"elementor-widget-container\">\n\t\t\t\t\t<style>.elementor-element-3c20694{display:none !important}<\/style>\t\t\t\t<\/div>\n\t\t\t\t<\/div>\n\t\t\t\t\t<\/div>\n\t\t\t\t<\/div>\n\t\t<div class=\"elementor-element elementor-element-4e69f7a e-flex e-con-boxed e-con e-parent\" data-id=\"4e69f7a\" data-element_type=\"container\" data-e-type=\"container\">\n\t\t\t\t\t<div class=\"e-con-inner\">\n\t\t\t\t<div class=\"elementor-element elementor-element-cf268bc elementor-widget elementor-widget-spacer\" data-id=\"cf268bc\" data-element_type=\"widget\" data-e-type=\"widget\" data-widget_type=\"spacer.default\">\n\t\t\t\t<div class=\"elementor-widget-container\">\n\t\t\t\t\t\t\t<div class=\"elementor-spacer\">\n\t\t\t<div class=\"elementor-spacer-inner\"><\/div>\n\t\t<\/div>\n\t\t\t\t\t\t<\/div>\n\t\t\t\t<\/div>\n\t\t\t\t\t<\/div>\n\t\t\t\t<\/div>\n\t\t<div class=\"elementor-element elementor-element-e002136 e-flex e-con-boxed e-con e-parent\" data-id=\"e002136\" data-element_type=\"container\" data-e-type=\"container\">\n\t\t\t\t\t<div class=\"e-con-inner\">\n\t\t<div class=\"elementor-element elementor-element-0ff5375 e-flex e-con-boxed e-con e-child\" data-id=\"0ff5375\" data-element_type=\"container\" data-e-type=\"container\">\n\t\t\t\t\t<div class=\"e-con-inner\">\n\t\t\t\t<div class=\"elementor-element elementor-element-242efc9 elementor-widget elementor-widget-heading\" data-id=\"242efc9\" data-element_type=\"widget\" data-e-type=\"widget\" data-widget_type=\"heading.default\">\n\t\t\t\t<div class=\"elementor-widget-container\">\n\t\t\t\t\t<h2 class=\"elementor-heading-title elementor-size-default\">Nordiske Mediers adresser i Norden<\/h2>\t\t\t\t<\/div>\n\t\t\t\t<\/div>\n\t\t\t\t\t<\/div>\n\t\t\t\t<\/div>\n\t\t\t\t\t<\/div>\n\t\t\t\t<\/div>\n\t\t<div class=\"elementor-element elementor-element-602f8e6 e-flex e-con-boxed e-con e-parent\" data-id=\"602f8e6\" data-element_type=\"container\" data-e-type=\"container\">\n\t\t\t\t\t<div class=\"e-con-inner\">\n\t\t<div class=\"elementor-element elementor-element-34952a1 e-grid e-con-boxed e-con e-child\" data-id=\"34952a1\" data-element_type=\"container\" data-e-type=\"container\">\n\t\t\t\t\t<div class=\"e-con-inner\">\n\t\t\t\t<div class=\"elementor-element elementor-element-75ffe01 elementor-widget elementor-widget-text-editor\" data-id=\"75ffe01\" data-element_type=\"widget\" data-e-type=\"widget\" data-widget_type=\"text-editor.default\">\n\t\t\t\t<div class=\"elementor-widget-container\">\n\t\t\t\t\t\t\t\t\t<h6><strong>Nordiske Medier A\/S<br \/>K\u00f8benhavn<\/strong><\/h6><p>Mimersgade 47, 5. sal<br \/>DK-2200 K\u00f8benhavn N<\/p><p>Telefon:\u00a0 <span style=\"text-decoration: underline;\"><a href=\"tel:+4572286970\">+45 72 28 69 70<\/a><\/span><\/p><p>E-post:<a style=\"background-color: #ffffff;\" href=\"https:\/\/nordiskemediehus.dk\/se\/kontakt\/\">\u00a0<span style=\"text-decoration: underline;\">info@nordiskemedier.dk<\/span><\/a><\/p><h6><strong>CVR<\/strong>: 10150825<\/h6>\t\t\t\t\t\t\t\t<\/div>\n\t\t\t\t<\/div>\n\t\t\t\t<div class=\"elementor-element elementor-element-0d3348b elementor-widget elementor-widget-text-editor\" data-id=\"0d3348b\" data-element_type=\"widget\" data-e-type=\"widget\" data-widget_type=\"text-editor.default\">\n\t\t\t\t<div class=\"elementor-widget-container\">\n\t\t\t\t\t\t\t\t\t<h6><strong>Nordiske Medier A\/S<br \/>\u00c5rhus<\/strong><\/h6><p>Gunnar Clausens Vej 28<br \/>DK-8260 Viby J<\/p>\t\t\t\t\t\t\t\t<\/div>\n\t\t\t\t<\/div>\n\t\t\t\t<div class=\"elementor-element elementor-element-13be543 elementor-widget elementor-widget-text-editor\" data-id=\"13be543\" data-element_type=\"widget\" data-e-type=\"widget\" data-widget_type=\"text-editor.default\">\n\t\t\t\t<div class=\"elementor-widget-container\">\n\t\t\t\t\t\t\t\t\t<h6><strong>Nordiske Medier A\/S<br \/>Aalborg<\/strong><\/h6><p>\u00d8stre Havnegade 63-65<br \/>DK-9000 Aalborg<\/p>\t\t\t\t\t\t\t\t<\/div>\n\t\t\t\t<\/div>\n\t\t\t\t<div class=\"elementor-element elementor-element-43e6127 elementor-widget elementor-widget-text-editor\" data-id=\"43e6127\" data-element_type=\"widget\" data-e-type=\"widget\" data-widget_type=\"text-editor.default\">\n\t\t\t\t<div class=\"elementor-widget-container\">\n\t\t\t\t\t\t\t\t\t<h6><strong>Nordiske Medier A\/S<br \/>Odense<\/strong><\/h6><p>Havnegade 29, 2. sal<br \/>DK-5000 Odense C<\/p>\t\t\t\t\t\t\t\t<\/div>\n\t\t\t\t<\/div>\n\t\t\t\t<div class=\"elementor-element elementor-element-444c2cb elementor-widget elementor-widget-text-editor\" data-id=\"444c2cb\" data-element_type=\"widget\" data-e-type=\"widget\" data-widget_type=\"text-editor.default\">\n\t\t\t\t<div class=\"elementor-widget-container\">\n\t\t\t\t\t\t\t\t\t<h6><strong>Nordiske Medier <br \/>Stockholm AB<\/strong><\/h6><p>Greta Garbos v\u00e4g 13, v\u00e5ning 4<br \/>SE-169 40 Solna<\/p><h6><strong>Org<\/strong>. nr. 556259-1197<\/h6>\t\t\t\t\t\t\t\t<\/div>\n\t\t\t\t<\/div>\n\t\t\t\t<div class=\"elementor-element elementor-element-a7098e8 elementor-widget elementor-widget-text-editor\" data-id=\"a7098e8\" data-element_type=\"widget\" data-e-type=\"widget\" data-widget_type=\"text-editor.default\">\n\t\t\t\t<div class=\"elementor-widget-container\">\n\t\t\t\t\t\t\t\t\t<h6><strong>Nordiske Medier <br>Hudiksvall AB<\/strong><\/h6>\n<p class=\"x_MsoNormal\">H\u00e5staholmen 3,<br>SE-824 44 Hudiksvall<span style=\"font-family: inherit; font-size: 1rem;\">&nbsp;<\/span><\/p>\t\t\t\t\t\t\t\t<\/div>\n\t\t\t\t<\/div>\n\t\t\t\t<div class=\"elementor-element elementor-element-c0a1b02 elementor-widget elementor-widget-text-editor\" data-id=\"c0a1b02\" data-element_type=\"widget\" data-e-type=\"widget\" data-widget_type=\"text-editor.default\">\n\t\t\t\t<div class=\"elementor-widget-container\">\n\t\t\t\t\t\t\t\t\t<h6><strong>Nordiske Medier <br \/>Helsingborg\u00a0AB<\/strong><\/h6><p>Grenadj\u00e4rgatan 10, <br \/>SE-254 53 Helsingborg<\/p><h6>\u00a0<\/h6>\t\t\t\t\t\t\t\t<\/div>\n\t\t\t\t<\/div>\n\t\t\t\t<div class=\"elementor-element elementor-element-d98edf3 elementor-widget elementor-widget-text-editor\" data-id=\"d98edf3\" data-element_type=\"widget\" data-e-type=\"widget\" data-widget_type=\"text-editor.default\">\n\t\t\t\t<div class=\"elementor-widget-container\">\n\t\t\t\t\t\t\t\t\t<h6><strong>Nordiske Medier <br \/>Oslo AS<\/strong><\/h6><p>Nydalsveien 12, <br \/>Postboks 24 Nydalen<br \/>NO-0412 Oslo<\/p><p>Telefon: <span style=\"text-decoration: underline;\"><a href=\"tel:+4798698959\">+47 98 69 89 59<\/a><\/span><br \/><span style=\"color: var( --e-global-color-text ); font-family: var( --e-global-typography-text-font-family ), Sans-serif; font-size: var( --e-global-typography-text-font-size ); font-style: var( --e-global-typography-text-font-style ); font-weight: var( --e-global-typography-text-font-weight ); letter-spacing: var( --e-global-typography-text-letter-spacing ); text-transform: var( --e-global-typography-text-text-transform ); text-align: var(--text-align);\">E-post:<\/span> <a href=\"mailto:abonnement@nordiskemedier.no\"><span style=\"color: var( --e-global-color-text ); font-family: var( --e-global-typography-text-font-family ), Sans-serif; font-size: var( --e-global-typography-text-font-size ); font-style: var( --e-global-typography-text-font-style ); font-weight: var( --e-global-typography-text-font-weight ); letter-spacing: var( --e-global-typography-text-letter-spacing ); text-transform: var( --e-global-typography-text-text-transform ); text-align: var(--text-align);\"><span style=\"text-decoration: underline;\">abonnement@nordiskemedier.no<\/span><\/span><\/a><\/p><h6><strong>Org<\/strong>. nr. 824 562 342<\/h6>\t\t\t\t\t\t\t\t<\/div>\n\t\t\t\t<\/div>\n\t\t\t\t\t<\/div>\n\t\t\t\t<\/div>\n\t\t\t\t\t<\/div>\n\t\t\t\t<\/div>\n\t\t<div class=\"elementor-element elementor-element-2270a69 e-flex e-con-boxed e-con e-parent\" data-id=\"2270a69\" data-element_type=\"container\" data-e-type=\"container\">\n\t\t\t\t\t<div class=\"e-con-inner\">\n\t\t\t\t<div class=\"elementor-element elementor-element-94c1fd8 elementor-widget elementor-widget-heading\" data-id=\"94c1fd8\" data-element_type=\"widget\" data-e-type=\"widget\" data-widget_type=\"heading.default\">\n\t\t\t\t<div class=\"elementor-widget-container\">\n\t\t\t\t\t<style>.elementor-element-94c1fd8{display:none !important}<\/style>\t\t\t\t<\/div>\n\t\t\t\t<\/div>\n\t\t\t\t\t<\/div>\n\t\t\t\t<\/div>\n\t\t<div class=\"elementor-element elementor-element-e3f3692 e-flex e-con-boxed e-con e-parent\" data-id=\"e3f3692\" data-element_type=\"container\" data-e-type=\"container\">\n\t\t\t\t\t<div class=\"e-con-inner\">\n\t\t\t\t<div class=\"elementor-element elementor-element-2077ce5 elementor-widget elementor-widget-spacer\" data-id=\"2077ce5\" data-element_type=\"widget\" data-e-type=\"widget\" data-widget_type=\"spacer.default\">\n\t\t\t\t<div class=\"elementor-widget-container\">\n\t\t\t\t\t\t\t<div class=\"elementor-spacer\">\n\t\t\t<div class=\"elementor-spacer-inner\"><\/div>\n\t\t<\/div>\n\t\t\t\t\t\t<\/div>\n\t\t\t\t<\/div>\n\t\t\t\t\t<\/div>\n\t\t\t\t<\/div>\n\t\t<div class=\"elementor-element elementor-element-d72d85a e-flex e-con-boxed e-con e-parent\" data-id=\"d72d85a\" data-element_type=\"container\" data-e-type=\"container\">\n\t\t\t\t\t<div class=\"e-con-inner\">\n\t\t\t\t<div class=\"elementor-element elementor-element-161f8ff elementor-widget__width-initial elementor-widget elementor-widget-text-editor\" data-id=\"161f8ff\" data-element_type=\"widget\" data-e-type=\"widget\" data-widget_type=\"text-editor.default\">\n\t\t\t\t<div class=\"elementor-widget-container\">\n\t\t\t\t\t\t\t\t\t<p>Nordiske Mediers Whistleblowerportal ger dig m\u00f6jlighet att rapportera konfidentiellt om ol\u00e4mpligt och olagligt beteende inom Det Nordjyske Mediehus och Nordiske Medier. Du kan inte anv\u00e4nda systemet f\u00f6r att meddela oss om andra br\u00e5dskande \u00e4renden.<\/p><h6><strong><span style=\"text-decoration: underline;\"><a href=\"https:\/\/app.sibilum.com\/radserver\/emsserver.dll\/PUBWBsite\/DetNordjyskeMedieHus\" target=\"_blank\" rel=\"noopener\">Rapportera h\u00e4r<\/a><\/span><\/strong><\/h6>\t\t\t\t\t\t\t\t<\/div>\n\t\t\t\t<\/div>\n\t\t\t\t\t<\/div>\n\t\t\t\t<\/div>\n\t\t<div class=\"elementor-element elementor-element-ba9761d e-flex e-con-boxed e-con e-parent\" data-id=\"ba9761d\" data-element_type=\"container\" data-e-type=\"container\">\n\t\t\t\t\t<div class=\"e-con-inner\">\n\t\t\t\t\t<\/div>\n\t\t\t\t<\/div>\n\t\t<div class=\"elementor-element elementor-element-be1e2ef e-flex e-con-boxed e-con e-parent\" data-id=\"be1e2ef\" data-element_type=\"container\" data-e-type=\"container\">\n\t\t\t\t\t<div class=\"e-con-inner\">\n\t\t\t\t<div class=\"elementor-element elementor-element-6253dcc elementor-widget elementor-widget-spacer\" data-id=\"6253dcc\" data-element_type=\"widget\" data-e-type=\"widget\" data-widget_type=\"spacer.default\">\n\t\t\t\t<div class=\"elementor-widget-container\">\n\t\t\t\t\t\t\t<div class=\"elementor-spacer\">\n\t\t\t<div class=\"elementor-spacer-inner\"><\/div>\n\t\t<\/div>\n\t\t\t\t\t\t<\/div>\n\t\t\t\t<\/div>\n\t\t\t\t\t<\/div>\n\t\t\t\t<\/div>\n\t\t\t\t<\/div>","protected":false},"excerpt":{"rendered":"<p>Hvad kan vi hj\u00e6lpe med? Hos Nordiske Medier \u00f8nsker vi, at vores kunder er glade og tilfredse. Derfor sidder vi klar til at hj\u00e6lpe dig med alle dine sp\u00f8rgsm\u00e5l.\u00a0 Du kan ogs\u00e5 finde svar p\u00e5 ofte stillede sp\u00f8rgsm\u00e5l i vores FAQ. Hos Nordiske Medier vill vi att v\u00e5ra kunder ska vara n\u00f6jda och glada. D\u00e4rf\u00f6r [&hellip;]<\/p>\n","protected":false},"author":1,"featured_media":0,"parent":0,"menu_order":7,"comment_status":"closed","ping_status":"closed","template":"elementor_header_footer","meta":{"_acf_changed":false,"inline_featured_image":false,"footnotes":"","_links_to":"","_links_to_target":""},"class_list":["post-131","page","type-page","status-publish","hentry"],"acf":[],"_links":{"self":[{"href":"https:\/\/nordiskemediehus.dk\/se\/wp-json\/wp\/v2\/pages\/131","targetHints":{"allow":["GET"]}}],"collection":[{"href":"https:\/\/nordiskemediehus.dk\/se\/wp-json\/wp\/v2\/pages"}],"about":[{"href":"https:\/\/nordiskemediehus.dk\/se\/wp-json\/wp\/v2\/types\/page"}],"author":[{"embeddable":true,"href":"https:\/\/nordiskemediehus.dk\/se\/wp-json\/wp\/v2\/users\/1"}],"replies":[{"embeddable":true,"href":"https:\/\/nordiskemediehus.dk\/se\/wp-json\/wp\/v2\/comments?post=131"}],"version-history":[{"count":16,"href":"https:\/\/nordiskemediehus.dk\/se\/wp-json\/wp\/v2\/pages\/131\/revisions"}],"predecessor-version":[{"id":62460,"href":"https:\/\/nordiskemediehus.dk\/se\/wp-json\/wp\/v2\/pages\/131\/revisions\/62460"}],"wp:attachment":[{"href":"https:\/\/nordiskemediehus.dk\/se\/wp-json\/wp\/v2\/media?parent=131"}],"curies":[{"name":"wp","href":"https:\/\/api.w.org\/{rel}","templated":true}]}}