{"id":2120,"date":"2023-12-20T09:13:36","date_gmt":"2023-12-20T09:13:36","guid":{"rendered":"https:\/\/2024.nordiske-medier.dk\/om-os-2\/"},"modified":"2025-11-18T08:48:21","modified_gmt":"2025-11-18T08:48:21","slug":"om-os","status":"publish","type":"page","link":"https:\/\/nordiskemediehus.dk\/se\/om-os\/","title":{"rendered":"Om oss"},"content":{"rendered":"<div data-elementor-type=\"wp-page\" data-elementor-id=\"2120\" class=\"elementor elementor-2120\" data-elementor-post-type=\"page\">\n\t\t\t\t<div class=\"elementor-element elementor-element-21c92a9e e-flex e-con-boxed e-con e-parent\" data-id=\"21c92a9e\" data-element_type=\"container\" data-e-type=\"container\" data-settings=\"{&quot;background_background&quot;:&quot;video&quot;,&quot;background_video_link&quot;:&quot;https:\\\/\\\/nordiskemediehus.dk\\\/wp-content\\\/uploads\\\/2024\\\/03\\\/MEDARBEJDERFILM-FINAL-M.-OSLO.mp4&quot;,&quot;background_play_on_mobile&quot;:&quot;yes&quot;}\">\n\t\t\t\t\t<div class=\"e-con-inner\">\n\t\t<div class=\"elementor-background-video-container\">\n\t\t\t\t\t\t\t<video class=\"elementor-background-video-hosted\" role=\"presentation\" autoplay muted playsinline loop><\/video>\n\t\t\t\t\t<\/div>\t\t\t<\/div>\n\t\t\t\t<\/div>\n\t\t<div class=\"elementor-element elementor-element-6add404f e-flex e-con-boxed e-con e-parent\" data-id=\"6add404f\" data-element_type=\"container\" data-e-type=\"container\" data-settings=\"{&quot;background_background&quot;:&quot;classic&quot;}\">\n\t\t\t\t\t<div class=\"e-con-inner\">\n\t\t\t\t<div class=\"elementor-element elementor-element-516c95d8 elementor-widget elementor-widget-heading\" data-id=\"516c95d8\" data-element_type=\"widget\" data-e-type=\"widget\" data-widget_type=\"heading.default\">\n\t\t\t\t<div class=\"elementor-widget-container\">\n\t\t\t\t\t<h2 class=\"elementor-heading-title elementor-size-default\">Nordens starkaste fackmediehus<\/h2>\t\t\t\t<\/div>\n\t\t\t\t<\/div>\n\t\t\t\t<div class=\"elementor-element elementor-element-8d7b76c elementor-widget elementor-widget-heading\" data-id=\"8d7b76c\" data-element_type=\"widget\" data-e-type=\"widget\" data-widget_type=\"heading.default\">\n\t\t\t\t<div class=\"elementor-widget-container\">\n\t\t\t\t\t<h3 class=\"elementor-heading-title elementor-size-default\">Nordiske Medier \u00e4r Skandinaviens starkaste f\u00f6retag inom fackmedier med \u00f6ver 50 fasta titlar i Danmark, Sverige och Norge, b\u00e5de i tryck och digitalt. Dessutom st\u00e5r vi bakom utgivningen av \u00f6ver 100 olika specialmagasin och nyhetsbrev. Alltid med noggrant prioriterat inneh\u00e5ll f\u00f6r en tydligt definierad och skr\u00e4ddarsydd m\u00e5lgrupp.<\/h3>\t\t\t\t<\/div>\n\t\t\t\t<\/div>\n\t\t\t\t<div class=\"elementor-element elementor-element-89dc049 elementor-widget elementor-widget-text-editor\" data-id=\"89dc049\" data-element_type=\"widget\" data-e-type=\"widget\" data-widget_type=\"text-editor.default\">\n\t\t\t\t<div class=\"elementor-widget-container\">\n\t\t\t\t\t\t\t\t\t<p>Vi bevakar det nordiska n\u00e4ringslivet med konstruktiva, trov\u00e4rdiga och oberoende nyheter. Nordiske Medier skickar dagligen och veckovis ut digitala nyhetsbrev till \u00f6ver 550 000 mottagare, och vi har cirka 450 000 l\u00e4sare av v\u00e5ra tryckta medier.<\/p>\n<p>Nordiske Medier har totalt omkring 200 anst\u00e4llda med bas i K\u00f6penhamn, Aalborg, Oslo, Stockholm och Helsingborg. V\u00e5r samlade oms\u00e4ttning \u00f6verstiger 200 miljoner kronor och vi \u00e4r ett stabilt f\u00f6retag med en god ekonomi.<\/p>\n<p>Redaktionellt best\u00e5r vi av cirka 75 journalister och redakt\u00f6rer som arbetar med ett stort antal branscher. Vi bevakar de senaste nyheterna och producerar djupg\u00e5ende branschanalyser, portr\u00e4tt och artiklar, alltid med fokus p\u00e5 att inspirera de f\u00f6retag vi skriver om och f\u00f6r samt att leverera inneh\u00e5ll av h\u00f6g fackm\u00e4ssig kvalitet till v\u00e5ra l\u00e4sare, som \u00e4r experter inom sina respektive branscher.<\/p>\n<p>Vi hj\u00e4lper v\u00e5ra kunder att n\u00e5 r\u00e4tt m\u00e5lgrupp genom r\u00e4tt kanaler. V\u00e5rt erbjudande omfattar tryckta medier, digitala medier, event samt r\u00e5dgivning inom s\u00f6kmotoroptimering och sociala medier. Vi har \u00e4ven ett team av journalister och grafiska formgivare som hj\u00e4lper v\u00e5ra kunder att utforma banners, annonser, native advertising med mera.<\/p>\n<p>Till skillnad fr\u00e5n andra medief\u00f6retag skriver vi om b\u00e5de stora och sm\u00e5 f\u00f6retag. Vi fokuserar p\u00e5 de \u00f6vergripande teknologiska, politiska och konjunkturm\u00e4ssiga f\u00f6rh\u00e5llandena som p\u00e5verkar n\u00e4ringslivet, men vi t\u00e4cker ocks\u00e5 vad som h\u00e4nder hos branschens f\u00f6retag, inklusive kollegor, kunder och leverant\u00f6rer.<\/p>\n<p>Nordiske Medier \u00e4r en del av Det Nordjyske Mediehus, vars historia str\u00e4cker sig mer \u00e4n 250 \u00e5r tillbaka i tiden och som \u00e4r en av de centrala akt\u00f6rerna i den danska mediebranschen.<\/p>\t\t\t\t\t\t\t\t<\/div>\n\t\t\t\t<\/div>\n\t\t\t\t\t<\/div>\n\t\t\t\t<\/div>\n\t\t<div class=\"elementor-element elementor-element-1eb33ca e-flex e-con-boxed e-con e-parent\" data-id=\"1eb33ca\" data-element_type=\"container\" data-e-type=\"container\" data-settings=\"{&quot;background_background&quot;:&quot;classic&quot;}\">\n\t\t\t\t\t<div class=\"e-con-inner\">\n\t\t<div class=\"elementor-element elementor-element-52af333b e-flex e-con-boxed e-con e-child\" data-id=\"52af333b\" data-element_type=\"container\" data-e-type=\"container\" data-settings=\"{&quot;background_background&quot;:&quot;classic&quot;}\">\n\t\t\t\t\t<div class=\"e-con-inner\">\n\t\t\t\t<div class=\"elementor-element elementor-element-1a47ab8f elementor-widget elementor-widget-heading\" data-id=\"1a47ab8f\" data-element_type=\"widget\" data-e-type=\"widget\" data-widget_type=\"heading.default\">\n\t\t\t\t<div class=\"elementor-widget-container\">\n\t\t\t\t\t<h2 class=\"elementor-heading-title elementor-size-default\">Vision<\/h2>\t\t\t\t<\/div>\n\t\t\t\t<\/div>\n\t\t\t\t<div class=\"elementor-element elementor-element-68264fd elementor-widget elementor-widget-heading\" data-id=\"68264fd\" data-element_type=\"widget\" data-e-type=\"widget\" data-widget_type=\"heading.default\">\n\t\t\t\t<div class=\"elementor-widget-container\">\n\t\t\t\t\t<h2 class=\"elementor-heading-title elementor-size-default\">Vi vill vara n\u00e4ringslivets fr\u00e4msta B2B-mediehus i Norden.<\/h2>\t\t\t\t<\/div>\n\t\t\t\t<\/div>\n\t\t\t\t\t<\/div>\n\t\t\t\t<\/div>\n\t\t<div class=\"elementor-element elementor-element-3c872817 e-flex e-con-boxed e-con e-child\" data-id=\"3c872817\" data-element_type=\"container\" data-e-type=\"container\" data-settings=\"{&quot;background_background&quot;:&quot;classic&quot;}\">\n\t\t\t\t\t<div class=\"e-con-inner\">\n\t\t\t\t<div class=\"elementor-element elementor-element-82015ef elementor-widget elementor-widget-heading\" data-id=\"82015ef\" data-element_type=\"widget\" data-e-type=\"widget\" data-widget_type=\"heading.default\">\n\t\t\t\t<div class=\"elementor-widget-container\">\n\t\t\t\t\t<h2 class=\"elementor-heading-title elementor-size-default\">Mission<\/h2>\t\t\t\t<\/div>\n\t\t\t\t<\/div>\n\t\t\t\t<div class=\"elementor-element elementor-element-2db56b9d elementor-widget elementor-widget-text-editor\" data-id=\"2db56b9d\" data-element_type=\"widget\" data-e-type=\"widget\" data-widget_type=\"text-editor.default\">\n\t\t\t\t<div class=\"elementor-widget-container\">\n\t\t\t\t\t\t\t\t\t<div>Genom v\u00e5ra medier och produkter skapar vi kontakt mellan professionella akt\u00f6rer och hj\u00e4lper v\u00e5ra kunder till en b\u00e4ttre aff\u00e4r.<\/div><div>\u00a0<\/div><div>Vi \u00e4r branschens samlingspunkt som informerar och inspirerar.<\/div>\t\t\t\t\t\t\t\t<\/div>\n\t\t\t\t<\/div>\n\t\t\t\t\t<\/div>\n\t\t\t\t<\/div>\n\t\t<div class=\"elementor-element elementor-element-52aebd7f e-flex e-con-boxed e-con e-child\" data-id=\"52aebd7f\" data-element_type=\"container\" data-e-type=\"container\" data-settings=\"{&quot;background_background&quot;:&quot;classic&quot;}\">\n\t\t\t\t\t<div class=\"e-con-inner\">\n\t\t\t\t<div class=\"elementor-element elementor-element-59e91184 elementor-widget elementor-widget-heading\" data-id=\"59e91184\" data-element_type=\"widget\" data-e-type=\"widget\" data-widget_type=\"heading.default\">\n\t\t\t\t<div class=\"elementor-widget-container\">\n\t\t\t\t\t<h2 class=\"elementor-heading-title elementor-size-default\">V\u00e4rderingar<\/h2>\t\t\t\t<\/div>\n\t\t\t\t<\/div>\n\t\t\t\t<div class=\"elementor-element elementor-element-669a02c4 elementor-widget elementor-widget-heading\" data-id=\"669a02c4\" data-element_type=\"widget\" data-e-type=\"widget\" data-widget_type=\"heading.default\">\n\t\t\t\t<div class=\"elementor-widget-container\">\n\t\t\t\t\t<h2 class=\"elementor-heading-title elementor-size-default\">Modiga<br \/>\nHederliga<br \/>\nPassionerade<br \/>\n\u00d6ppna<\/h2>\t\t\t\t<\/div>\n\t\t\t\t<\/div>\n\t\t\t\t\t<\/div>\n\t\t\t\t<\/div>\n\t\t\t\t\t<\/div>\n\t\t\t\t<\/div>\n\t\t<div class=\"elementor-element elementor-element-71b29075 e-flex e-con-boxed e-con e-parent\" data-id=\"71b29075\" data-element_type=\"container\" data-e-type=\"container\" data-settings=\"{&quot;background_background&quot;:&quot;classic&quot;}\">\n\t\t\t\t\t<div class=\"e-con-inner\">\n\t\t\t\t<div class=\"elementor-element elementor-element-29553d0d elementor-widget elementor-widget-heading\" data-id=\"29553d0d\" data-element_type=\"widget\" data-e-type=\"widget\" data-widget_type=\"heading.default\">\n\t\t\t\t<div class=\"elementor-widget-container\">\n\t\t\t\t\t<h2 class=\"elementor-heading-title elementor-size-default\">V\u00e5r historia<\/h2>\t\t\t\t<\/div>\n\t\t\t\t<\/div>\n\t\t\t\t\t<\/div>\n\t\t\t\t<\/div>\n\t\t<div class=\"elementor-element elementor-element-6b1ca502 e-flex e-con-boxed e-con e-parent\" data-id=\"6b1ca502\" data-element_type=\"container\" data-e-type=\"container\" data-settings=\"{&quot;background_background&quot;:&quot;classic&quot;}\">\n\t\t\t\t\t<div class=\"e-con-inner\">\n\t\t\t\t<div class=\"elementor-element elementor-element-6124e146 elementor-invisible elementor-widget elementor-widget-qi_addons_for_elementor_timeline\" data-id=\"6124e146\" data-element_type=\"widget\" data-e-type=\"widget\" data-settings=\"{&quot;_animation&quot;:&quot;fadeIn&quot;}\" data-widget_type=\"qi_addons_for_elementor_timeline.default\">\n\t\t\t\t<div class=\"elementor-widget-container\">\n\t\t\t\t\t<div class=\"qodef-shortcode qodef-m qodef-qi-timeline qodef-timeline--vertical qodef-timeline-layout--vertical-side qodef-line--outside qodef-point--standard\">\n\t<div class=\"qodef-e qodef-e-item elementor-repeater-item-6ad0ef7 qodef-obverse\">\n\t<div class=\"qodef-e-line-holder\">\n\t\t<span class=\"qodef-e-line\"><\/span>\n\t<\/div>\n\t<div class=\"qodef-e-item-inner\">\n\t\t<div class=\"qodef-e-point-holder\">\n\t\t\t<div class=\"qodef-e-point\">\n\t\t\t\t\t\t\t<\/div>\n\t\t<\/div>\n\t\t<div class=\"qodef-e-item-content\">\n\t\t\t<div class=\"qodef-e-side-holder\">\n\t\t\t\t<div class=\"qodef-e-image\">\n\t<\/div>\n\t\t\t<\/div>\n\t\t\t<div class=\"qodef-e-content-holder\">\n\t\t\t\t\t<div class=\"qodef-e-date\">\n\t\t2023\t<\/div>\n\t\t\t\t\t\t<h4 class=\"qodef-e-title\">\n\t\tUppk\u00f6p\t\t<\/h4>\n\t\t\t\t\t\t<p class=\"qodef-e-text\">\n\t\tDanske Transportmedier f\u00f6rv\u00e4rvas. Nordiske Medier i Danmark har nu 20 branschmedier.\t<\/p>\n\t\t\t\t<\/div>\n\t\t<\/div>\n\t<\/div>\n<\/div>\n<div class=\"qodef-e qodef-e-item elementor-repeater-item-5482bff qodef-reverse\">\n\t<div class=\"qodef-e-line-holder\">\n\t\t<span class=\"qodef-e-line\"><\/span>\n\t<\/div>\n\t<div class=\"qodef-e-item-inner\">\n\t\t<div class=\"qodef-e-point-holder\">\n\t\t\t<div class=\"qodef-e-point\">\n\t\t\t\t\t\t\t<\/div>\n\t\t<\/div>\n\t\t<div class=\"qodef-e-item-content\">\n\t\t\t<div class=\"qodef-e-side-holder\">\n\t\t\t\t<div class=\"qodef-e-image\">\n\t<\/div>\n\t\t\t<\/div>\n\t\t\t<div class=\"qodef-e-content-holder\">\n\t\t\t\t\t<div class=\"qodef-e-date\">\n\t\t2022\t<\/div>\n\t\t\t\t\t\t<h4 class=\"qodef-e-title\">\n\t\tProjektagenten Sverige\t\t<\/h4>\n\t\t\t\t\t\t<p class=\"qodef-e-text\">\n\t\tProjektagenten lanseras i Sverige.\t<\/p>\n\t\t\t\t<\/div>\n\t\t<\/div>\n\t<\/div>\n<\/div>\n<div class=\"qodef-e qodef-e-item elementor-repeater-item-c11109e qodef-obverse\">\n\t<div class=\"qodef-e-line-holder\">\n\t\t<span class=\"qodef-e-line\"><\/span>\n\t<\/div>\n\t<div class=\"qodef-e-item-inner\">\n\t\t<div class=\"qodef-e-point-holder\">\n\t\t\t<div class=\"qodef-e-point\">\n\t\t\t\t\t\t\t<\/div>\n\t\t<\/div>\n\t\t<div class=\"qodef-e-item-content\">\n\t\t\t<div class=\"qodef-e-side-holder\">\n\t\t\t\t<div class=\"qodef-e-image\">\n\t<\/div>\n\t\t\t<\/div>\n\t\t\t<div class=\"qodef-e-content-holder\">\n\t\t\t\t\t<div class=\"qodef-e-date\">\n\t\t2021\t<\/div>\n\t\t\t\t\t\t<h4 class=\"qodef-e-title\">\n\t\tProjektagenten\t\t<\/h4>\n\t\t\t\t\t\t<p class=\"qodef-e-text\">\n\t\tProjektagenten lanseras i Danmark.\t<\/p>\n\t\t\t\t<\/div>\n\t\t<\/div>\n\t<\/div>\n<\/div>\n<div class=\"qodef-e qodef-e-item elementor-repeater-item-fb5a382 qodef-reverse\">\n\t<div class=\"qodef-e-line-holder\">\n\t\t<span class=\"qodef-e-line\"><\/span>\n\t<\/div>\n\t<div class=\"qodef-e-item-inner\">\n\t\t<div class=\"qodef-e-point-holder\">\n\t\t\t<div class=\"qodef-e-point\">\n\t\t\t\t\t\t\t<\/div>\n\t\t<\/div>\n\t\t<div class=\"qodef-e-item-content\">\n\t\t\t<div class=\"qodef-e-side-holder\">\n\t\t\t\t<div class=\"qodef-e-image\">\n\t<\/div>\n\t\t\t<\/div>\n\t\t\t<div class=\"qodef-e-content-holder\">\n\t\t\t\t\t<div class=\"qodef-e-date\">\n\t\t2019\t<\/div>\n\t\t\t\t\t\t<h4 class=\"qodef-e-title\">\n\t\tNy direkt\u00f6r\t\t<\/h4>\n\t\t\t\t\t\t<p class=\"qodef-e-text\">\n\t\tNordiske Medier f\u00e5r ny VD, Jesper Hansen.\t<\/p>\n\t\t\t\t<\/div>\n\t\t<\/div>\n\t<\/div>\n<\/div>\n<div class=\"qodef-e qodef-e-item elementor-repeater-item-980fd27 qodef-obverse\">\n\t<div class=\"qodef-e-line-holder\">\n\t\t<span class=\"qodef-e-line\"><\/span>\n\t<\/div>\n\t<div class=\"qodef-e-item-inner\">\n\t\t<div class=\"qodef-e-point-holder\">\n\t\t\t<div class=\"qodef-e-point\">\n\t\t\t\t\t\t\t<\/div>\n\t\t<\/div>\n\t\t<div class=\"qodef-e-item-content\">\n\t\t\t<div class=\"qodef-e-side-holder\">\n\t\t\t\t<div class=\"qodef-e-image\">\n\t<\/div>\n\t\t\t<\/div>\n\t\t\t<div class=\"qodef-e-content-holder\">\n\t\t\t\t\t<div class=\"qodef-e-date\">\n\t\t2018\t<\/div>\n\t\t\t\t\t\t<h4 class=\"qodef-e-title\">\n\t\tDet Nordjyske Mediehus\t\t<\/h4>\n\t\t\t\t\t\t<p class=\"qodef-e-text\">\n\t\tKontoret i Aalborg flyttar in p\u00e5 Langagervej 1 hos Det Nordjyske Mediehus.\nKontoret p\u00e5 Sj\u00e4lland flyttar fr\u00e5n Herlev till N\u00f8rrebro p\u00e5 Mimersgade 47.\t<\/p>\n\t\t\t\t<\/div>\n\t\t<\/div>\n\t<\/div>\n<\/div>\n<div class=\"qodef-e qodef-e-item elementor-repeater-item-2e644d1 qodef-reverse\">\n\t<div class=\"qodef-e-line-holder\">\n\t\t<span class=\"qodef-e-line\"><\/span>\n\t<\/div>\n\t<div class=\"qodef-e-item-inner\">\n\t\t<div class=\"qodef-e-point-holder\">\n\t\t\t<div class=\"qodef-e-point\">\n\t\t\t\t\t\t\t<\/div>\n\t\t<\/div>\n\t\t<div class=\"qodef-e-item-content\">\n\t\t\t<div class=\"qodef-e-side-holder\">\n\t\t\t\t<div class=\"qodef-e-image\">\n\t<\/div>\n\t\t\t<\/div>\n\t\t\t<div class=\"qodef-e-content-holder\">\n\t\t\t\t\t<div class=\"qodef-e-date\">\n\t\t2017\t<\/div>\n\t\t\t\t\t\t<h4 class=\"qodef-e-title\">\n\t\tMentor Communication\t\t<\/h4>\n\t\t\t\t\t\t<p class=\"qodef-e-text\">\n\t\tI januari 2017 blir svenska Mentor Communications en del av Nordiske Medier.\n23 svenska medier l\u00e4ggs till i portf\u00f6ljen.\t<\/p>\n\t\t\t\t<\/div>\n\t\t<\/div>\n\t<\/div>\n<\/div>\n<div class=\"qodef-e qodef-e-item elementor-repeater-item-35818d3 qodef-obverse\">\n\t<div class=\"qodef-e-line-holder\">\n\t\t<span class=\"qodef-e-line\"><\/span>\n\t<\/div>\n\t<div class=\"qodef-e-item-inner\">\n\t\t<div class=\"qodef-e-point-holder\">\n\t\t\t<div class=\"qodef-e-point\">\n\t\t\t\t\t\t\t<\/div>\n\t\t<\/div>\n\t\t<div class=\"qodef-e-item-content\">\n\t\t\t<div class=\"qodef-e-side-holder\">\n\t\t\t\t<div class=\"qodef-e-image\">\n\t<\/div>\n\t\t\t<\/div>\n\t\t\t<div class=\"qodef-e-content-holder\">\n\t\t\t\t\t<div class=\"qodef-e-date\">\n\t\t2016\t<\/div>\n\t\t\t\t\t\t<h4 class=\"qodef-e-title\">\n\t\tS\u00f8fart\t\t<\/h4>\n\t\t\t\t\t\t<p class=\"qodef-e-text\">\n\t\tVi k\u00f6per 65\u202f% av S\u00f8fart, och mediet lanseras p\u00e5 v\u00e5r plattform i juni 2016.\nFr\u00e5n och med den 18 februari 2016 blir Metal Supply ett nyhetsbrev.\t<\/p>\n\t\t\t\t<\/div>\n\t\t<\/div>\n\t<\/div>\n<\/div>\n<div class=\"qodef-e qodef-e-item elementor-repeater-item-3e080c4 qodef-reverse\">\n\t<div class=\"qodef-e-line-holder\">\n\t\t<span class=\"qodef-e-line\"><\/span>\n\t<\/div>\n\t<div class=\"qodef-e-item-inner\">\n\t\t<div class=\"qodef-e-point-holder\">\n\t\t\t<div class=\"qodef-e-point\">\n\t\t\t\t\t\t\t<\/div>\n\t\t<\/div>\n\t\t<div class=\"qodef-e-item-content\">\n\t\t\t<div class=\"qodef-e-side-holder\">\n\t\t\t\t<div class=\"qodef-e-image\">\n\t<\/div>\n\t\t\t<\/div>\n\t\t\t<div class=\"qodef-e-content-holder\">\n\t\t\t\t\t<div class=\"qodef-e-date\">\n\t\t2015\t<\/div>\n\t\t\t\t\t\t<h4 class=\"qodef-e-title\">\n\t\tNordiske Medier\t\t<\/h4>\n\t\t\t\t\t\t<p class=\"qodef-e-text\">\n\t\tIndustry Supply Danmark A\/S och Danske Fagmedier blir till Nordiske Medier A\/S, med kontor i Aalborg och Herlev.\nI Sverige blir namnet Nordiske Medier G\u00f6teborg AB. I Norge, Nordiske Medier AS.\nVi k\u00f6per Industri-Nyt i Hjallerup och lanserar det i oktober under namnet Leder IDAG.\t<\/p>\n\t\t\t\t<\/div>\n\t\t<\/div>\n\t<\/div>\n<\/div>\n<div class=\"qodef-e qodef-e-item elementor-repeater-item-464593f qodef-obverse\">\n\t<div class=\"qodef-e-line-holder\">\n\t\t<span class=\"qodef-e-line\"><\/span>\n\t<\/div>\n\t<div class=\"qodef-e-item-inner\">\n\t\t<div class=\"qodef-e-point-holder\">\n\t\t\t<div class=\"qodef-e-point\">\n\t\t\t\t\t\t\t<\/div>\n\t\t<\/div>\n\t\t<div class=\"qodef-e-item-content\">\n\t\t\t<div class=\"qodef-e-side-holder\">\n\t\t\t\t<div class=\"qodef-e-image\">\n\t<\/div>\n\t\t\t<\/div>\n\t\t\t<div class=\"qodef-e-content-holder\">\n\t\t\t\t\t<div class=\"qodef-e-date\">\n\t\t2014\t<\/div>\n\t\t\t\t\t\t<h4 class=\"qodef-e-title\">\n\t\tDanske Fagmedier\t\t<\/h4>\n\t\t\t\t\t\t<p class=\"qodef-e-text\">\n\t\tIndustribasen, en online auktions- och marknadsplats f\u00f6r k\u00f6pare och s\u00e4ljare inom industrin, \u00f6vertas den 2 april 2014 och blir en del av familjen.\nDanske Fagmediers tryckta medier \u00e4r bland Danmarks \u00e4ldsta och mest v\u00e4letablerade facktidningar. Medierna lanseras online p\u00e5 v\u00e5r plattform i mars 2015.\nBuilding Supply SE lanseras den 1 oktober 2014.\t<\/p>\n\t\t\t\t<\/div>\n\t\t<\/div>\n\t<\/div>\n<\/div>\n<div class=\"qodef-e qodef-e-item elementor-repeater-item-c7ec207 qodef-reverse\">\n\t<div class=\"qodef-e-line-holder\">\n\t\t<span class=\"qodef-e-line\"><\/span>\n\t<\/div>\n\t<div class=\"qodef-e-item-inner\">\n\t\t<div class=\"qodef-e-point-holder\">\n\t\t\t<div class=\"qodef-e-point\">\n\t\t\t\t\t\t\t<\/div>\n\t\t<\/div>\n\t\t<div class=\"qodef-e-item-content\">\n\t\t\t<div class=\"qodef-e-side-holder\">\n\t\t\t\t<div class=\"qodef-e-image\">\n\t<\/div>\n\t\t\t<\/div>\n\t\t\t<div class=\"qodef-e-content-holder\">\n\t\t\t\t\t<div class=\"qodef-e-date\">\n\t\t2013\t<\/div>\n\t\t\t\t\t\t<h4 class=\"qodef-e-title\">\n\t\tIndustry Supply Norge\t\t<\/h4>\n\t\t\t\t\t\t<p class=\"qodef-e-text\">\n\t\tVi startar upp i Norge under namnet Industry Supply Norge AS.\nKontoret i Danmark flyttar fr\u00e5n NOVI till Nytorv i Aalborg.\t<\/p>\n\t\t\t\t<\/div>\n\t\t<\/div>\n\t<\/div>\n<\/div>\n<div class=\"qodef-e qodef-e-item elementor-repeater-item-de4c282 qodef-obverse\">\n\t<div class=\"qodef-e-line-holder\">\n\t\t<span class=\"qodef-e-line\"><\/span>\n\t<\/div>\n\t<div class=\"qodef-e-item-inner\">\n\t\t<div class=\"qodef-e-point-holder\">\n\t\t\t<div class=\"qodef-e-point\">\n\t\t\t\t\t\t\t<\/div>\n\t\t<\/div>\n\t\t<div class=\"qodef-e-item-content\">\n\t\t\t<div class=\"qodef-e-side-holder\">\n\t\t\t\t<div class=\"qodef-e-image\">\n\t<\/div>\n\t\t\t<\/div>\n\t\t\t<div class=\"qodef-e-content-holder\">\n\t\t\t\t\t<div class=\"qodef-e-date\">\n\t\t2012\t<\/div>\n\t\t\t\t\t\t<h4 class=\"qodef-e-title\">\n\t\tNordjyske Medier\t\t<\/h4>\n\t\t\t\t\t\t<p class=\"qodef-e-text\">\n\t\tNordiske Medier blir en integrerad del av Nordjyske Medier-koncernen. Just h\u00e4r v\u00e4ljer vi att b\u00f6rja Nordiske Mediers historiska tidslinje. Detta skifte markerar b\u00f6rjan p\u00e5 en ny epok f\u00f6r Nordiske Medier.\t<\/p>\n\t\t\t\t<\/div>\n\t\t<\/div>\n\t<\/div>\n<\/div>\n<\/div>\n\t\t\t\t<\/div>\n\t\t\t\t<\/div>\n\t\t\t\t\t<\/div>\n\t\t\t\t<\/div>\n\t\t<div class=\"elementor-element elementor-element-ac69987 e-flex e-con-boxed e-con e-parent\" data-id=\"ac69987\" data-element_type=\"container\" data-e-type=\"container\">\n\t\t\t\t\t<div class=\"e-con-inner\">\n\t\t\t\t<div class=\"elementor-element elementor-element-f0c3184 elementor-widget elementor-widget-spacer\" data-id=\"f0c3184\" data-element_type=\"widget\" data-e-type=\"widget\" data-widget_type=\"spacer.default\">\n\t\t\t\t<div class=\"elementor-widget-container\">\n\t\t\t\t\t\t\t<div class=\"elementor-spacer\">\n\t\t\t<div class=\"elementor-spacer-inner\"><\/div>\n\t\t<\/div>\n\t\t\t\t\t\t<\/div>\n\t\t\t\t<\/div>\n\t\t\t\t\t<\/div>\n\t\t\t\t<\/div>\n\t\t<div class=\"elementor-element elementor-element-2d8db4e e-flex e-con-boxed e-con e-parent\" data-id=\"2d8db4e\" data-element_type=\"container\" data-e-type=\"container\">\n\t\t\t\t\t<div class=\"e-con-inner\">\n\t\t\t\t<div class=\"elementor-element elementor-element-43ad973 elementor-widget elementor-widget-text-editor\" data-id=\"43ad973\" data-element_type=\"widget\" data-e-type=\"widget\" data-widget_type=\"text-editor.default\">\n\t\t\t\t<div class=\"elementor-widget-container\">\n\t\t\t\t\t\t\t\t\t<p><strong>Nordiske Medier<\/strong> \u00e4gs av <strong>Det Nordjyske Mediehus.<\/strong> Du kan se den aktuella ESG-rapporten <span style=\"text-decoration: underline;\"><a href=\"https:\/\/detnordjyskemediehus.dk\/om-os\/jura-og-etik\/esg-rapporter\/\" target=\"_blank\" rel=\"noopener\"><strong>h\u00e4r.<\/strong><\/a><\/span><\/p>\t\t\t\t\t\t\t\t<\/div>\n\t\t\t\t<\/div>\n\t\t\t\t\t<\/div>\n\t\t\t\t<\/div>\n\t\t<div class=\"elementor-element elementor-element-12e4845 e-flex e-con-boxed e-con e-parent\" data-id=\"12e4845\" data-element_type=\"container\" data-e-type=\"container\">\n\t\t\t\t\t<div class=\"e-con-inner\">\n\t\t\t\t\t<\/div>\n\t\t\t\t<\/div>\n\t\t<div class=\"elementor-element elementor-element-f42de49 e-flex e-con-boxed e-con e-parent\" data-id=\"f42de49\" data-element_type=\"container\" data-e-type=\"container\">\n\t\t\t\t\t<div class=\"e-con-inner\">\n\t\t\t\t<div class=\"elementor-element elementor-element-56c2c36 elementor-widget elementor-widget-spacer\" data-id=\"56c2c36\" data-element_type=\"widget\" data-e-type=\"widget\" data-widget_type=\"spacer.default\">\n\t\t\t\t<div class=\"elementor-widget-container\">\n\t\t\t\t\t\t\t<div class=\"elementor-spacer\">\n\t\t\t<div class=\"elementor-spacer-inner\"><\/div>\n\t\t<\/div>\n\t\t\t\t\t\t<\/div>\n\t\t\t\t<\/div>\n\t\t\t\t\t<\/div>\n\t\t\t\t<\/div>\n\t\t\t\t<\/div>","protected":false},"excerpt":{"rendered":"<p>Nordens st\u00e6rkeste fagmediehus Nordiske Medier er Skandinaviens st\u00e6rkeste virksomhed inden for fagmedier med flere end 50 faste titler i Danmark, Sverige og Norge \u2013 b\u00e5de print og online. Derudover st\u00e5r vi bag udgivelsen af over 100 forskellige specialmagasiner og nyhedsbreve. Altid med skarpt prioriteret indhold til en defineret og skr\u00e6ddersyet m\u00e5lgruppe. Vi d\u00e6kker nordisk erhvervsliv [&hellip;]<\/p>\n","protected":false},"author":1,"featured_media":0,"parent":0,"menu_order":19,"comment_status":"closed","ping_status":"closed","template":"elementor_header_footer","meta":{"_acf_changed":false,"inline_featured_image":false,"footnotes":"","_links_to":"","_links_to_target":""},"class_list":["post-2120","page","type-page","status-publish","hentry"],"acf":[],"_links":{"self":[{"href":"https:\/\/nordiskemediehus.dk\/se\/wp-json\/wp\/v2\/pages\/2120","targetHints":{"allow":["GET"]}}],"collection":[{"href":"https:\/\/nordiskemediehus.dk\/se\/wp-json\/wp\/v2\/pages"}],"about":[{"href":"https:\/\/nordiskemediehus.dk\/se\/wp-json\/wp\/v2\/types\/page"}],"author":[{"embeddable":true,"href":"https:\/\/nordiskemediehus.dk\/se\/wp-json\/wp\/v2\/users\/1"}],"replies":[{"embeddable":true,"href":"https:\/\/nordiskemediehus.dk\/se\/wp-json\/wp\/v2\/comments?post=2120"}],"version-history":[{"count":10,"href":"https:\/\/nordiskemediehus.dk\/se\/wp-json\/wp\/v2\/pages\/2120\/revisions"}],"predecessor-version":[{"id":55569,"href":"https:\/\/nordiskemediehus.dk\/se\/wp-json\/wp\/v2\/pages\/2120\/revisions\/55569"}],"wp:attachment":[{"href":"https:\/\/nordiskemediehus.dk\/se\/wp-json\/wp\/v2\/media?parent=2120"}],"curies":[{"name":"wp","href":"https:\/\/api.w.org\/{rel}","templated":true}]}}