{"id":34655,"date":"2025-04-07T07:39:54","date_gmt":"2025-04-07T07:39:54","guid":{"rendered":"https:\/\/nordiskemediehus.dk\/?page_id=34655"},"modified":"2026-03-13T06:45:59","modified_gmt":"2026-03-13T06:45:59","slug":"redaktionerne","status":"publish","type":"page","link":"https:\/\/nordiskemediehus.dk\/se\/redaktionerne\/","title":{"rendered":"Redaktionerne"},"content":{"rendered":"<div data-elementor-type=\"wp-page\" data-elementor-id=\"34655\" class=\"elementor elementor-34655\" data-elementor-post-type=\"page\">\n\t\t\t\t<div class=\"elementor-element elementor-element-e002136 e-flex e-con-boxed e-con e-parent\" data-id=\"e002136\" data-element_type=\"container\" data-e-type=\"container\">\n\t\t\t\t\t<div class=\"e-con-inner\">\n\t\t<div class=\"elementor-element elementor-element-0ff5375 e-flex e-con-boxed e-con e-child\" data-id=\"0ff5375\" data-element_type=\"container\" data-e-type=\"container\">\n\t\t\t\t\t<div class=\"e-con-inner\">\n\t\t\t\t<div class=\"elementor-element elementor-element-242efc9 elementor-widget elementor-widget-heading\" data-id=\"242efc9\" data-element_type=\"widget\" data-e-type=\"widget\" data-widget_type=\"heading.default\">\n\t\t\t\t<div class=\"elementor-widget-container\">\n\t\t\t\t\t<h2 class=\"elementor-heading-title elementor-size-default\">Kontakta Nordiske Mediers redaktioner <\/h2>\t\t\t\t<\/div>\n\t\t\t\t<\/div>\n\t\t\t\t\t<\/div>\n\t\t\t\t<\/div>\n\t\t\t\t\t<\/div>\n\t\t\t\t<\/div>\n\t\t<div class=\"elementor-element elementor-element-daf1e54 e-flex e-con-boxed e-con e-parent\" data-id=\"daf1e54\" data-element_type=\"container\" data-e-type=\"container\">\n\t\t\t\t\t<div class=\"e-con-inner\">\n\t\t<div class=\"elementor-element elementor-element-1ceb5e2 e-con-full e-flex e-con e-child\" data-id=\"1ceb5e2\" data-element_type=\"container\" data-e-type=\"container\">\n\t\t<div class=\"elementor-element elementor-element-14953a4 e-flex e-con-boxed e-con e-child\" data-id=\"14953a4\" data-element_type=\"container\" data-e-type=\"container\">\n\t\t\t\t\t<div class=\"e-con-inner\">\n\t\t\t\t<div class=\"elementor-element elementor-element-d391e5d elementor-widget__width-initial elementor-widget elementor-widget-text-editor\" data-id=\"d391e5d\" data-element_type=\"widget\" data-e-type=\"widget\" data-widget_type=\"text-editor.default\">\n\t\t\t\t<div class=\"elementor-widget-container\">\n\t\t\t\t\t\t\t\t\t<h3><strong>Har du en relevant nyhet fr\u00e5n ditt f\u00f6retag?<\/strong><\/h3><p>Tipsa oss g\u00e4rna p\u00e5 nedanst\u00e5ende mejladresser. Vi g\u00e5r igenom alla pressmeddelanden och f\u00f6rfr\u00e5gningar och bed\u00f6mer om \u2013 och n\u00e4r \u2013 historien passar in i v\u00e5ra dagliga branschnyheter.<\/p><p>Du beh\u00f6ver inte skicka ett f\u00e4rdigt pressmeddelande. N\u00e5gra nyckelord r\u00e4cker ofta. Vi tar ocks\u00e5 g\u00e4rna emot bilder. Observera bara att vi anv\u00e4nder bredformat.<\/p><p><b>S\u00f8ren Dietrichsen <\/b>\u00e4r ansvarig chefredakt\u00f6r f\u00f6r alla medier och kan kontaktas p\u00e5 f\u00f6ljande mejl: <span style=\"text-decoration: underline;\"><strong><a href=\"mailto:sd@nordiskemedier.dk\">sd@nordiskemedier.dk<\/a><\/strong><\/span><\/p>\t\t\t\t\t\t\t\t<\/div>\n\t\t\t\t<\/div>\n\t\t\t\t\t<\/div>\n\t\t\t\t<\/div>\n\t\t\t\t<\/div>\n\t\t\t\t\t<\/div>\n\t\t\t\t<\/div>\n\t\t<div class=\"elementor-element elementor-element-ef33945 e-grid e-con-boxed e-con e-parent\" data-id=\"ef33945\" data-element_type=\"container\" data-e-type=\"container\">\n\t\t\t\t\t<div class=\"e-con-inner\">\n\t\t\t\t<div class=\"elementor-element elementor-element-4816e08 elementor-widget elementor-widget-text-editor\" data-id=\"4816e08\" data-element_type=\"widget\" data-e-type=\"widget\" data-widget_type=\"text-editor.default\">\n\t\t\t\t<div class=\"elementor-widget-container\">\n\t\t\t\t\t\t\t\t\t<h3><strong>Stadsredaktionerna\u00a0<\/strong><\/h3><p><strong>Redakt\u00f6r Andrea Jessen Vestergaard\u00a0<br \/><\/strong>E-post: <span style=\"text-decoration: underline;\"><a href=\"mailto:aja@nordiskemedier.dk\">aja@nordiskemedier.dk<\/a><br \/><\/span>Telefon: <a href=\"tel:+4528570911\"><span style=\"text-decoration: underline;\">+45 28 57 09 11<\/span><\/a><\/p><h5><strong>Kontakta redaktionerna direkt\u00a0<\/strong><\/h5><ul><li>Building Supply:\u00a0<span style=\"text-decoration: underline;\"><a href=\"mailto:redaktionen@building-supply.dkmailto:redaktionen@building-supply.dk\">redaktionen@building-supply.dk<\/a><\/span><\/li><li>Licitationen:\u00a0<span style=\"text-decoration: underline;\"><a href=\"mailto:redaktionen@licitationen.dk\">redaktionen@licitationen.dk<\/a><\/span>\u00a0<\/li><li>Wood Supply: <span style=\"text-decoration: underline;\"><a href=\"mailto:redaktionen@wood-supply.dk\">redaktionen@wood-supply.dk<\/a><\/span><\/li><\/ul>\t\t\t\t\t\t\t\t<\/div>\n\t\t\t\t<\/div>\n\t\t\t\t<div class=\"elementor-element elementor-element-99da25e elementor-widget elementor-widget-text-editor\" data-id=\"99da25e\" data-element_type=\"widget\" data-e-type=\"widget\" data-widget_type=\"text-editor.default\">\n\t\t\t\t<div class=\"elementor-widget-container\">\n\t\t\t\t\t\t\t\t\t<h3><strong>Transportredaktionerna<\/strong><\/h3><p><strong>Redakt\u00f6r <!--StartFragment --><span class=\"cf0\">Nicolai \u00d8stergaard<br \/><\/span><\/strong>E-post: <span style=\"text-decoration: underline;\"><a href=\"mailto:nos@nordiskemedier.dk\">nos@nordiskemedier.dk<\/a><br \/><\/span>Telefon: <a href=\"tel:+4526198657\"><span style=\"text-decoration: underline;\">+45 26 19 86 57<\/span><\/a><\/p><p><!--EndFragment --><\/p><h5><strong>Kontakta redaktionerna direkt\u00a0<\/strong><\/h5><ul><li>Lastbil Magasinet: <span style=\"text-decoration: underline;\"><a href=\"mailto:red_lastbilmagasinet@nordiskemedier.dk\">red_lastbilmagasinet@nordiskemedier.dk<\/a><\/span>\u00a0<\/li><li>S\u00f8fart: <span style=\"text-decoration: underline;\"><a href=\"mailto:redaktionen@soefart.dk\">redaktionen@soefart.dk<\/a><\/span>\u00a0<\/li><li>Transportmagasinet: <span style=\"text-decoration: underline;\"><a href=\"mailto:redaktionen@transportmagasinet.dk\">redaktionen@transportmagasinet.dk<\/a><\/span>\u00a0<\/li><\/ul>\t\t\t\t\t\t\t\t<\/div>\n\t\t\t\t<\/div>\n\t\t\t\t<div class=\"elementor-element elementor-element-f73abe5 elementor-widget elementor-widget-text-editor\" data-id=\"f73abe5\" data-element_type=\"widget\" data-e-type=\"widget\" data-widget_type=\"text-editor.default\">\n\t\t\t\t<div class=\"elementor-widget-container\">\n\t\t\t\t\t\t\t\t\t<h3><strong>Motorredaktionen<\/strong><\/h3><p><strong>Redakt\u00f6r Bo Christensen\u00a0<br \/><\/strong>E-post: <span style=\"text-decoration: underline;\"><a href=\"mailto:boch@nordiskemedier.dk\">boch@nordiskemedier.dk<\/a><br \/><\/span>Telefon: <a href=\"tel:+4528588843\"><span style=\"text-decoration: underline;\">+45 28 58 88 43<\/span><\/a><\/p><h5><strong>Kontakta redaktionen direkt\u00a0<\/strong><\/h5><ul><li>Motor-magasinet: <span style=\"text-decoration: underline;\"><a href=\"mailto:redaktionen@motormagasinet.dk\">redaktionen@motormagasinet.dk<\/a><\/span><\/li><\/ul>\t\t\t\t\t\t\t\t<\/div>\n\t\t\t\t<\/div>\n\t\t\t\t\t<\/div>\n\t\t\t\t<\/div>\n\t\t<div class=\"elementor-element elementor-element-4259db3 e-grid e-con-boxed e-con e-parent\" data-id=\"4259db3\" data-element_type=\"container\" data-e-type=\"container\">\n\t\t\t\t\t<div class=\"e-con-inner\">\n\t\t\t\t<div class=\"elementor-element elementor-element-3169468 elementor-widget elementor-widget-text-editor\" data-id=\"3169468\" data-element_type=\"widget\" data-e-type=\"widget\" data-widget_type=\"text-editor.default\">\n\t\t\t\t<div class=\"elementor-widget-container\">\n\t\t\t\t\t\t\t\t\t<h3><strong>Industriredaktionerna<\/strong><\/h3><p><strong>Redakt\u00f6r Jesper Ludvigsen<br \/><\/strong>E-post:\u00a0<span style=\"text-decoration: underline;\"><a href=\"mailto:jelu@nordiskemedier.dk\">jelu@nordiskemedier.dk<\/a><br \/><\/span>Telefon: <a href=\"tel:+4520244111\"><span style=\"text-decoration: underline;\">+45 20 24 41 11<\/span><\/a><\/p><h5><strong>Kontakta redaktionerna direkt<\/strong><\/h5><ul><li>Energy Supply: <span style=\"text-decoration: underline;\"><a href=\"mailto:redaktionen@energy-supply.dk\">redaktionen@energy-supply.dk<\/a><\/span><\/li><li>Food Supply: <span style=\"text-decoration: underline;\"><a href=\"mailto:redaktionen@food-supply.dk\">redaktionen@food-supply.dk<\/a><\/span><\/li><li>Metal Supply: <span style=\"text-decoration: underline;\"><a href=\"mailto:redaktionen@metal-supply.dk\">redaktionen@metal-supply.dk<\/a><\/span>\u00a0<\/li><li>Plastforum: <span style=\"text-decoration: underline;\"><a href=\"mailto:redaktionen@plastforum.dk\">redaktionen@plastforum.dk<\/a><\/span>\u00a0<\/li><li>RetailNews: <span style=\"text-decoration: underline;\"><a href=\"mailto:redaktionen@retailnews.dk\">redaktionen@retailnews.dk<\/a><\/span>\u00a0<\/li><\/ul>\t\t\t\t\t\t\t\t<\/div>\n\t\t\t\t<\/div>\n\t\t\t\t<div class=\"elementor-element elementor-element-54e1b49 elementor-widget elementor-widget-text-editor\" data-id=\"54e1b49\" data-element_type=\"widget\" data-e-type=\"widget\" data-widget_type=\"text-editor.default\">\n\t\t\t\t<div class=\"elementor-widget-container\">\n\t\t\t\t\t\t\t\t\t<h3><strong>Elektronik- och medicinredaktionerna<\/strong><\/h3><p><strong>Redakt\u00f6r Jesper Ludvigsen<br \/><\/strong>E-post: <span style=\"text-decoration: underline;\"><a href=\"mailto:jelu@nordiskemedier.dk\">jelu@nordiskemedier.dk<\/a><br \/><\/span>Telefon: <a href=\"tel:+4520244111\"><span style=\"text-decoration: underline;\">+45 20 24 41 11<\/span><\/a><\/p><h5><strong>Kontakta redaktionerna direkt<\/strong><\/h5><ul><li>Electronic Supply: <span style=\"text-decoration: underline;\"><a href=\"mailto:redaktionen@electronic-supply.dk\">redaktionen@electronic-supply.dk<\/a><\/span>\u00a0<\/li><li>MedTechNews: <span style=\"text-decoration: underline;\"><a href=\"mailto:redaktionen@medtechnews.dk\" target=\"_blank\" rel=\"noopener\">redaktionen@medtechnews.dk<\/a><\/span><\/li><\/ul>\t\t\t\t\t\t\t\t<\/div>\n\t\t\t\t<\/div>\n\t\t\t\t<div class=\"elementor-element elementor-element-9dd1c1a elementor-widget elementor-widget-text-editor\" data-id=\"9dd1c1a\" data-element_type=\"widget\" data-e-type=\"widget\" data-widget_type=\"text-editor.default\">\n\t\t\t\t<div class=\"elementor-widget-container\">\n\t\t\t\t\t\t\t\t\t<h3><strong>F\u00f6rsvars- och s\u00e4kerhetsindustrin<\/strong><\/h3><p><strong>Redakt\u00f6r Jesper Ludvigsen<br \/><\/strong>E-post: <span style=\"text-decoration: underline;\"><a href=\"mailto:jelu@nordiskemedier.dk\">jelu@nordiskemedier.dk<\/a><br \/><\/span>Telefon: <a href=\"tel:+4520244111\"><span style=\"text-decoration: underline;\">+45 20 24 41 11<\/span><\/a><\/p><h5><strong>Kontakta redaktionen direkt\u00a0<\/strong><\/h5><ul><li>Defence Nordic: <span style=\"text-decoration: underline;\"><a href=\"mailto:redaktionen@defencenordic.dk\">redaktionen@defencenordic.dk<\/a><\/span><\/li><\/ul>\t\t\t\t\t\t\t\t<\/div>\n\t\t\t\t<\/div>\n\t\t\t\t\t<\/div>\n\t\t\t\t<\/div>\n\t\t<div class=\"elementor-element elementor-element-90e75d6 e-flex e-con-boxed e-con e-parent\" data-id=\"90e75d6\" data-element_type=\"container\" data-e-type=\"container\">\n\t\t\t\t\t<div class=\"e-con-inner\">\n\t\t\t\t<div class=\"elementor-element elementor-element-0c963cc elementor-widget elementor-widget-spacer\" data-id=\"0c963cc\" data-element_type=\"widget\" data-e-type=\"widget\" data-widget_type=\"spacer.default\">\n\t\t\t\t<div class=\"elementor-widget-container\">\n\t\t\t\t\t\t\t<div class=\"elementor-spacer\">\n\t\t\t<div class=\"elementor-spacer-inner\"><\/div>\n\t\t<\/div>\n\t\t\t\t\t\t<\/div>\n\t\t\t\t<\/div>\n\t\t\t\t\t<\/div>\n\t\t\t\t<\/div>\n\t\t\t\t<\/div>","protected":false},"excerpt":{"rendered":"<p>Kontakt Nordiske Mediers redaktioner Har du en relevant nyhed fra din virksomhed? Tip os gerne p\u00e5 nedenst\u00e5ende mails. Vi gennemg\u00e5r alle pressemeddelelser og henvendelser og vurderer, om &#8211; og hvorn\u00e5r &#8211; historien passer ind i vores daglige branchenyheder. Du beh\u00f8ver ikke at sende en f\u00e6rdig pressemeddelelse. Et par stikord er ofte nok. Vi modtager ogs\u00e5 [&hellip;]<\/p>\n","protected":false},"author":24,"featured_media":0,"parent":0,"menu_order":7,"comment_status":"closed","ping_status":"closed","template":"elementor_header_footer","meta":{"_acf_changed":false,"inline_featured_image":false,"footnotes":"","_links_to":"","_links_to_target":""},"class_list":["post-34655","page","type-page","status-publish","hentry"],"acf":[],"_links":{"self":[{"href":"https:\/\/nordiskemediehus.dk\/se\/wp-json\/wp\/v2\/pages\/34655","targetHints":{"allow":["GET"]}}],"collection":[{"href":"https:\/\/nordiskemediehus.dk\/se\/wp-json\/wp\/v2\/pages"}],"about":[{"href":"https:\/\/nordiskemediehus.dk\/se\/wp-json\/wp\/v2\/types\/page"}],"author":[{"embeddable":true,"href":"https:\/\/nordiskemediehus.dk\/se\/wp-json\/wp\/v2\/users\/24"}],"replies":[{"embeddable":true,"href":"https:\/\/nordiskemediehus.dk\/se\/wp-json\/wp\/v2\/comments?post=34655"}],"version-history":[{"count":25,"href":"https:\/\/nordiskemediehus.dk\/se\/wp-json\/wp\/v2\/pages\/34655\/revisions"}],"predecessor-version":[{"id":61937,"href":"https:\/\/nordiskemediehus.dk\/se\/wp-json\/wp\/v2\/pages\/34655\/revisions\/61937"}],"wp:attachment":[{"href":"https:\/\/nordiskemediehus.dk\/se\/wp-json\/wp\/v2\/media?parent=34655"}],"curies":[{"name":"wp","href":"https:\/\/api.w.org\/{rel}","templated":true}]}}