{"id":44041,"date":"2025-08-06T07:21:20","date_gmt":"2025-08-06T07:21:20","guid":{"rendered":"https:\/\/nordiskemediehus.dk\/?page_id=44041"},"modified":"2026-01-07T08:32:12","modified_gmt":"2026-01-07T08:32:12","slug":"magasiner-2026","status":"publish","type":"page","link":"https:\/\/nordiskemediehus.dk\/se\/motor-magasinet\/magasiner-2026\/","title":{"rendered":"Motor-magasinet | Magasiner 2026"},"content":{"rendered":"<div data-elementor-type=\"wp-page\" data-elementor-id=\"44041\" class=\"elementor elementor-44041\" data-elementor-post-type=\"page\">\n\t\t\t\t<div class=\"elementor-element elementor-element-f550fe8 e-flex e-con-boxed e-con e-parent\" data-id=\"f550fe8\" data-element_type=\"container\" data-e-type=\"container\">\n\t\t\t\t\t<div class=\"e-con-inner\">\n\t\t\t\t<div class=\"elementor-element elementor-element-acda257 elementor-widget elementor-widget-heading\" data-id=\"acda257\" data-element_type=\"widget\" data-e-type=\"widget\" data-widget_type=\"heading.default\">\n\t\t\t\t<div class=\"elementor-widget-container\">\n\t\t\t\t\t<h2 class=\"elementor-heading-title elementor-size-default\">Motor-magasinets magasin<\/h2>\t\t\t\t<\/div>\n\t\t\t\t<\/div>\n\t\t\t\t\t<\/div>\n\t\t\t\t<\/div>\n\t\t<div class=\"elementor-element elementor-element-27473c7 e-flex e-con-boxed e-con e-parent\" data-id=\"27473c7\" data-element_type=\"container\" data-e-type=\"container\">\n\t\t\t\t\t<div class=\"e-con-inner\">\n\t\t<div class=\"elementor-element elementor-element-66bbd85 e-flex e-con-boxed e-con e-child\" data-id=\"66bbd85\" data-element_type=\"container\" data-e-type=\"container\">\n\t\t\t\t\t<div class=\"e-con-inner\">\n\t\t<div class=\"elementor-element elementor-element-b2b5a77 e-grid e-con-boxed e-con e-child\" data-id=\"b2b5a77\" data-element_type=\"container\" data-e-type=\"container\">\n\t\t\t\t\t<div class=\"e-con-inner\">\n\t\t<div class=\"elementor-element elementor-element-db1d850 e-con-full e-flex e-con e-child\" data-id=\"db1d850\" data-element_type=\"container\" data-e-type=\"container\">\n\t\t\t\t<div class=\"elementor-element elementor-element-6346be0 elementor-widget elementor-widget-image\" data-id=\"6346be0\" data-element_type=\"widget\" data-e-type=\"widget\" data-widget_type=\"image.default\">\n\t\t\t\t<div class=\"elementor-widget-container\">\n\t\t\t\t\t\t\t\t\t\t\t\t\t\t\t<img fetchpriority=\"high\" decoding=\"async\" width=\"767\" height=\"1018\" src=\"https:\/\/nordiskemediehus.dk\/wp-content\/uploads\/2024\/05\/Autobranchens-Top-100.png\" class=\"attachment-large size-large wp-image-10928\" alt=\"\" srcset=\"https:\/\/nordiskemediehus.dk\/wp-content\/uploads\/2024\/05\/Autobranchens-Top-100.png 767w, https:\/\/nordiskemediehus.dk\/wp-content\/uploads\/2024\/05\/Autobranchens-Top-100-226x300.png 226w, https:\/\/nordiskemediehus.dk\/wp-content\/uploads\/2024\/05\/Autobranchens-Top-100-9x12.png 9w\" sizes=\"(max-width: 767px) 100vw, 767px\" \/>\t\t\t\t\t\t\t\t\t\t\t\t\t\t\t<\/div>\n\t\t\t\t<\/div>\n\t\t\t\t<\/div>\n\t\t<div class=\"elementor-element elementor-element-016c068 e-con-full e-flex e-con e-child\" data-id=\"016c068\" data-element_type=\"container\" data-e-type=\"container\" data-settings=\"{&quot;background_background&quot;:&quot;slideshow&quot;,&quot;background_slideshow_gallery&quot;:[],&quot;background_slideshow_loop&quot;:&quot;yes&quot;,&quot;background_slideshow_slide_duration&quot;:5000,&quot;background_slideshow_slide_transition&quot;:&quot;fade&quot;,&quot;background_slideshow_transition_duration&quot;:500}\">\n\t\t\t\t<div class=\"elementor-element elementor-element-e8f1661 elementor-widget elementor-widget-image\" data-id=\"e8f1661\" data-element_type=\"widget\" data-e-type=\"widget\" data-widget_type=\"image.default\">\n\t\t\t\t<div class=\"elementor-widget-container\">\n\t\t\t\t\t\t\t\t\t\t\t\t\t\t\t<img decoding=\"async\" width=\"765\" height=\"1017\" src=\"https:\/\/nordiskemediehus.dk\/wp-content\/uploads\/2024\/12\/Hvem-er-Hvem-i-autobranchen-2024.png\" class=\"attachment-medium_large size-medium_large wp-image-30777\" alt=\"\" srcset=\"https:\/\/nordiskemediehus.dk\/wp-content\/uploads\/2024\/12\/Hvem-er-Hvem-i-autobranchen-2024.png 765w, https:\/\/nordiskemediehus.dk\/wp-content\/uploads\/2024\/12\/Hvem-er-Hvem-i-autobranchen-2024-226x300.png 226w, https:\/\/nordiskemediehus.dk\/wp-content\/uploads\/2024\/12\/Hvem-er-Hvem-i-autobranchen-2024-9x12.png 9w\" sizes=\"(max-width: 765px) 100vw, 765px\" \/>\t\t\t\t\t\t\t\t\t\t\t\t\t\t\t<\/div>\n\t\t\t\t<\/div>\n\t\t\t\t<\/div>\n\t\t\t\t\t<\/div>\n\t\t\t\t<\/div>\n\t\t<div class=\"elementor-element elementor-element-a55154c e-grid e-con-boxed e-con e-child\" data-id=\"a55154c\" data-element_type=\"container\" data-e-type=\"container\">\n\t\t\t\t\t<div class=\"e-con-inner\">\n\t\t<div class=\"elementor-element elementor-element-4b7d0d6 e-con-full e-flex e-con e-child\" data-id=\"4b7d0d6\" data-element_type=\"container\" data-e-type=\"container\">\n\t\t\t\t<div class=\"elementor-element elementor-element-a91d509 elementor-widget elementor-widget-heading\" data-id=\"a91d509\" data-element_type=\"widget\" data-e-type=\"widget\" data-widget_type=\"heading.default\">\n\t\t\t\t<div class=\"elementor-widget-container\">\n\t\t\t\t\t<h2 class=\"elementor-heading-title elementor-size-default\">Autobranchens Top 100<\/h2>\t\t\t\t<\/div>\n\t\t\t\t<\/div>\n\t\t\t\t<div class=\"elementor-element elementor-element-db715c9 elementor-widget elementor-widget-text-editor\" data-id=\"db715c9\" data-element_type=\"widget\" data-e-type=\"widget\" data-widget_type=\"text-editor.default\">\n\t\t\t\t<div class=\"elementor-widget-container\">\n\t\t\t\t\t\t\t\t\t<p><span style=\"letter-spacing: 0px; text-align: var(--text-align);\">Udgivelse: 26. september 2026<br \/><\/span>Deadline: 5. september 2026<\/p>\t\t\t\t\t\t\t\t<\/div>\n\t\t\t\t<\/div>\n\t\t\t\t<div class=\"elementor-element elementor-element-8c2c09f elementor-widget elementor-widget-text-editor\" data-id=\"8c2c09f\" data-element_type=\"widget\" data-e-type=\"widget\" data-widget_type=\"text-editor.default\">\n\t\t\t\t<div class=\"elementor-widget-container\">\n\t\t\t\t\t\t\t\t\t<h6><strong>Den \u00e5rliga analysen av bilbranschens st\u00f6rsta akt\u00f6rer<\/strong><\/h6><p>Vilka f\u00f6retag inom den danska bilbranschen tj\u00e4nar mest? Och hur mycket tj\u00e4nar de egentligen?<\/p><p>Autobranchens Top 100 ger en sammanst\u00e4llning av hela branschen och g\u00e5r igenom de starkaste f\u00f6retagen utifr\u00e5n tio delbranscher, inklusive \u00e5terf\u00f6rs\u00e4ljare, leasingf\u00f6retag, verkst\u00e4der och grossister.<\/p><p>I topplistorna g\u00e5r vi igenom de f\u00f6retag som har de b\u00e4sta samlade resultaten, den st\u00f6rsta oms\u00e4ttningen och den starkaste avkastningsgraden, medan vi ocks\u00e5 ser p\u00e5 f\u00f6retagens oms\u00e4ttningstillv\u00e4xt och tillv\u00e4xten i antalet anst\u00e4llda.<\/p>\t\t\t\t\t\t\t\t<\/div>\n\t\t\t\t<\/div>\n\t\t\t\t<div class=\"elementor-element elementor-element-e4b7b76 elementor-widget elementor-widget-heading\" data-id=\"e4b7b76\" data-element_type=\"widget\" data-e-type=\"widget\" data-cta=\"l\u00e6s med\" data-location=\"top 100\" data-site=\"motor-magasinets magasiner\" data-widget_type=\"heading.default\">\n\t\t\t\t<div class=\"elementor-widget-container\">\n\t\t\t\t\t<p class=\"elementor-heading-title elementor-size-default\"><a href=\"https:\/\/www.motormagasinet.dk\/epages\/archive.html\" target=\"_blank\">L\u00e4s med<\/a><\/p>\t\t\t\t<\/div>\n\t\t\t\t<\/div>\n\t\t\t\t<\/div>\n\t\t<div class=\"elementor-element elementor-element-91c1728 e-con-full e-flex e-con e-child\" data-id=\"91c1728\" data-element_type=\"container\" data-e-type=\"container\">\n\t\t\t\t<div class=\"elementor-element elementor-element-43a6596 elementor-widget elementor-widget-heading\" data-id=\"43a6596\" data-element_type=\"widget\" data-e-type=\"widget\" data-widget_type=\"heading.default\">\n\t\t\t\t<div class=\"elementor-widget-container\">\n\t\t\t\t\t<h2 class=\"elementor-heading-title elementor-size-default\">Hvem er Hvem i Autobranchen<\/h2>\t\t\t\t<\/div>\n\t\t\t\t<\/div>\n\t\t\t\t<div class=\"elementor-element elementor-element-d1fac41 elementor-widget elementor-widget-text-editor\" data-id=\"d1fac41\" data-element_type=\"widget\" data-e-type=\"widget\" data-widget_type=\"text-editor.default\">\n\t\t\t\t<div class=\"elementor-widget-container\">\n\t\t\t\t\t\t\t\t\t<p><span style=\"letter-spacing: 0px; text-align: var(--text-align);\">Udgivelse: 30. maj 2026<br \/><\/span>Deadline: 2. maj 2026<\/p>\t\t\t\t\t\t\t\t<\/div>\n\t\t\t\t<\/div>\n\t\t\t\t<div class=\"elementor-element elementor-element-5906ebce elementor-widget elementor-widget-text-editor\" data-id=\"5906ebce\" data-element_type=\"widget\" data-e-type=\"widget\" data-widget_type=\"text-editor.default\">\n\t\t\t\t<div class=\"elementor-widget-container\">\n\t\t\t\t\t\t\t\t\t<h6><strong>Kom n\u00e4ra bilbranschens st\u00f6rsta och mest inflytelserika akt\u00f6rer.<\/strong><\/h6><p>Med en \u00e5rlig miljardoms\u00e4ttning \u00e4r den danska bilbranschen en av de mest betydande i Danmark.<\/p><p>Specialmagasinet Hvem er Hvem s\u00e6tter ansigt p\u00e5 de personer, der st\u00e5r i spidsen for de virksomheder, der klarer sig bedst.<\/p><p>I tidningen kartl\u00e4gger Motor-magasinet de st\u00f6rsta och mest inflytelserika bil\u00e5terf\u00f6rs\u00e4ljarna, bilimport\u00f6rerna, d\u00e4ckakt\u00f6rerna, bilgrossisterna och verkstads-kedjorna i den danska bilbranschen, och presenterar dem med en beskrivning av k\u00e4rnverksamheten samt en \u00f6versikt \u00f6ver ledningen, nyckelpersoner, kontaktinformation och nyckeltal.<\/p>\t\t\t\t\t\t\t\t<\/div>\n\t\t\t\t<\/div>\n\t\t\t\t<div class=\"elementor-element elementor-element-6a505ead elementor-widget elementor-widget-heading\" data-id=\"6a505ead\" data-element_type=\"widget\" data-e-type=\"widget\" data-cta=\"l\u00e6s med\" data-location=\"hvem er hvem\" data-site=\"motor-magasinets magasiner\" data-widget_type=\"heading.default\">\n\t\t\t\t<div class=\"elementor-widget-container\">\n\t\t\t\t\t<p class=\"elementor-heading-title elementor-size-default\"><a href=\"https:\/\/www.motormagasinet.dk\/hvemerhvem\" target=\"_blank\">L\u00e4s med<\/a><\/p>\t\t\t\t<\/div>\n\t\t\t\t<\/div>\n\t\t\t\t<\/div>\n\t\t\t\t\t<\/div>\n\t\t\t\t<\/div>\n\t\t\t\t\t<\/div>\n\t\t\t\t<\/div>\n\t\t\t\t\t<\/div>\n\t\t\t\t<\/div>\n\t\t<div class=\"elementor-element elementor-element-6913280 e-flex e-con-boxed e-con e-parent\" data-id=\"6913280\" data-element_type=\"container\" data-e-type=\"container\" data-settings=\"{&quot;background_background&quot;:&quot;classic&quot;}\">\n\t\t\t\t\t<div class=\"e-con-inner\">\n\t\t\t\t<div class=\"elementor-element elementor-element-7b2b816 elementor-widget elementor-widget-heading\" data-id=\"7b2b816\" data-element_type=\"widget\" data-e-type=\"widget\" data-widget_type=\"heading.default\">\n\t\t\t\t<div class=\"elementor-widget-container\">\n\t\t\t\t\t<h3 class=\"elementor-heading-title elementor-size-default\">Kontakta en av v\u00e5ra s\u00e4ljare direkt<\/h3>\t\t\t\t<\/div>\n\t\t\t\t<\/div>\n\t\t\t\t\t<\/div>\n\t\t\t\t<\/div>\n\t\t<div class=\"elementor-element elementor-element-fed86c9 e-flex e-con-boxed e-con e-parent\" data-id=\"fed86c9\" data-element_type=\"container\" data-e-type=\"container\" data-settings=\"{&quot;background_background&quot;:&quot;classic&quot;}\">\n\t\t\t\t\t<div class=\"e-con-inner\">\n\t\t\t\t<div class=\"elementor-element elementor-element-dccaddd elementor-widget elementor-widget-text-editor\" data-id=\"dccaddd\" data-element_type=\"widget\" data-e-type=\"widget\" data-widget_type=\"text-editor.default\">\n\t\t\t\t<div class=\"elementor-widget-container\">\n\t\t\t\t\t\t\t\t\t<p>Kim Kempf Falkenhard<br \/>F\u00f6rs\u00e4ljningsdirekt\u00f6r <br \/>Telefon: <a href=\"tel:+4555207207\"><span style=\"text-decoration: underline;\">+45 55 20 72 07<\/span><\/a><br \/>E-post: <span style=\"text-decoration: underline;\"><a href=\"mailto:kkf@nordiskemedier.dk\">kkf@nordiskemedier.dk<\/a><\/span><\/p>\t\t\t\t\t\t\t\t<\/div>\n\t\t\t\t<\/div>\n\t\t\t\t<div class=\"elementor-element elementor-element-d47239e elementor-widget elementor-widget-text-editor\" data-id=\"d47239e\" data-element_type=\"widget\" data-e-type=\"widget\" data-widget_type=\"text-editor.default\">\n\t\t\t\t<div class=\"elementor-widget-container\">\n\t\t\t\t\t\t\t\t\t<p>Freddy Bustos<br \/>F\u00f6rs\u00e4ljningschef<br \/>Telefon: <span style=\"text-decoration: underline;\"><a href=\"tel:+4528308939\">+45 28 30 89 39<\/a><\/span><br \/>E-post: <span style=\"text-decoration: underline;\"><a href=\"mailto:freddy.bustos@nordiskemedier.se\">freddy.bustos@nordiskemedier.se<\/a><\/span><\/p>\t\t\t\t\t\t\t\t<\/div>\n\t\t\t\t<\/div>\n\t\t\t\t<div class=\"elementor-element elementor-element-9507cb3 elementor-widget elementor-widget-text-editor\" data-id=\"9507cb3\" data-element_type=\"widget\" data-e-type=\"widget\" data-widget_type=\"text-editor.default\">\n\t\t\t\t<div class=\"elementor-widget-container\">\n\t\t\t\t\t\t\t\t\t<p>Tim Borup J\u00f8rgensen<br \/>Kommerciel koordinator &#8211; Print<br \/>Telefon: <span style=\"text-decoration: underline;\"><a href=\"tel:+4525728383\">+45 25 72 83 83<\/a><\/span><br \/>E-post: <span style=\"text-decoration: underline;\"><a href=\"mailto:tbj@nordiskemedier.dk\">tbj@nordiskemedier.dk<\/a><\/span><\/p>\t\t\t\t\t\t\t\t<\/div>\n\t\t\t\t<\/div>\n\t\t\t\t<div class=\"elementor-element elementor-element-a8cc4bd elementor-widget elementor-widget-text-editor\" data-id=\"a8cc4bd\" data-element_type=\"widget\" data-e-type=\"widget\" data-widget_type=\"text-editor.default\">\n\t\t\t\t<div class=\"elementor-widget-container\">\n\t\t\t\t\t\t\t\t\t<p>Christian Andersen<br \/>Kommersiell koordinator - Online<br \/>Telefon: <a href=\"tel:+4522459845\"><span style=\"text-decoration: underline;\">+45 22 45 98 45<\/span><\/a><br \/>E-post: <span style=\"text-decoration: underline;\"><a href=\"mailto:ca@nordiskemedier.dk\">ca@nordiskemedier.dk<\/a><\/span><\/p>\t\t\t\t\t\t\t\t<\/div>\n\t\t\t\t<\/div>\n\t\t\t\t\t<\/div>\n\t\t\t\t<\/div>\n\t\t\t\t<\/div>","protected":false},"excerpt":{"rendered":"<p>Motor-magasinets magasiner Autobranchens Top 100 Udgivelse: 26. september 2026Deadline: 5. september 2026 Den \u00e5rlige analyse af autobranchens st\u00f8rste akt\u00f8rer Hvilke virksomheder i den danske autobranche tjener mest? Og hvor meget tjener de egentlig? Autobranchens Top 100 giver det samlede overblik for hele branchen og gennemg\u00e5r de st\u00e6rkeste virksomheder ud fra ti delbrancher, herunder forhandlere, leasingselskaber, [&hellip;]<\/p>\n","protected":false},"author":24,"featured_media":0,"parent":36802,"menu_order":10,"comment_status":"closed","ping_status":"closed","template":"elementor_header_footer","meta":{"_acf_changed":false,"inline_featured_image":false,"footnotes":"","_links_to":"","_links_to_target":""},"class_list":["post-44041","page","type-page","status-publish","hentry"],"acf":[],"_links":{"self":[{"href":"https:\/\/nordiskemediehus.dk\/se\/wp-json\/wp\/v2\/pages\/44041","targetHints":{"allow":["GET"]}}],"collection":[{"href":"https:\/\/nordiskemediehus.dk\/se\/wp-json\/wp\/v2\/pages"}],"about":[{"href":"https:\/\/nordiskemediehus.dk\/se\/wp-json\/wp\/v2\/types\/page"}],"author":[{"embeddable":true,"href":"https:\/\/nordiskemediehus.dk\/se\/wp-json\/wp\/v2\/users\/24"}],"replies":[{"embeddable":true,"href":"https:\/\/nordiskemediehus.dk\/se\/wp-json\/wp\/v2\/comments?post=44041"}],"version-history":[{"count":10,"href":"https:\/\/nordiskemediehus.dk\/se\/wp-json\/wp\/v2\/pages\/44041\/revisions"}],"predecessor-version":[{"id":58824,"href":"https:\/\/nordiskemediehus.dk\/se\/wp-json\/wp\/v2\/pages\/44041\/revisions\/58824"}],"up":[{"embeddable":true,"href":"https:\/\/nordiskemediehus.dk\/se\/wp-json\/wp\/v2\/pages\/36802"}],"wp:attachment":[{"href":"https:\/\/nordiskemediehus.dk\/se\/wp-json\/wp\/v2\/media?parent=44041"}],"curies":[{"name":"wp","href":"https:\/\/api.w.org\/{rel}","templated":true}]}}