{"id":44047,"date":"2025-08-06T07:29:11","date_gmt":"2025-08-06T07:29:11","guid":{"rendered":"https:\/\/nordiskemediehus.dk\/?page_id=44047"},"modified":"2026-01-07T08:43:00","modified_gmt":"2026-01-07T08:43:00","slug":"tillaeg-2026","status":"publish","type":"page","link":"https:\/\/nordiskemediehus.dk\/se\/motor-magasinet\/tillaeg-2026\/","title":{"rendered":"Motor-magasinet | S\u00e6rtill\u00e6g 2026"},"content":{"rendered":"<div data-elementor-type=\"wp-page\" data-elementor-id=\"44047\" class=\"elementor elementor-44047\" data-elementor-post-type=\"page\">\n\t\t\t\t<div class=\"elementor-element elementor-element-f8ea901 e-flex e-con-boxed e-con e-parent\" data-id=\"f8ea901\" data-element_type=\"container\" data-e-type=\"container\">\n\t\t\t\t\t<div class=\"e-con-inner\">\n\t\t<div class=\"elementor-element elementor-element-7e038a0 e-flex e-con-boxed e-con e-child\" data-id=\"7e038a0\" data-element_type=\"container\" data-e-type=\"container\">\n\t\t\t\t\t<div class=\"e-con-inner\">\n\t\t\t\t<div class=\"elementor-element elementor-element-8648840 elementor-widget elementor-widget-heading\" data-id=\"8648840\" data-element_type=\"widget\" data-e-type=\"widget\" data-widget_type=\"heading.default\">\n\t\t\t\t<div class=\"elementor-widget-container\">\n\t\t\t\t\t<h2 class=\"elementor-heading-title elementor-size-default\">Motor-magasinets s\u00e6rtill\u00e6g<\/h2>\t\t\t\t<\/div>\n\t\t\t\t<\/div>\n\t\t\t\t\t<\/div>\n\t\t\t\t<\/div>\n\t\t\t\t\t<\/div>\n\t\t\t\t<\/div>\n\t\t<div class=\"elementor-element elementor-element-125e61a e-flex e-con-boxed e-con e-parent\" data-id=\"125e61a\" data-element_type=\"container\" data-e-type=\"container\">\n\t\t\t\t\t<div class=\"e-con-inner\">\n\t\t<div class=\"elementor-element elementor-element-9d202ae e-grid e-con-boxed e-con e-child\" data-id=\"9d202ae\" data-element_type=\"container\" data-e-type=\"container\">\n\t\t\t\t\t<div class=\"e-con-inner\">\n\t\t<div class=\"elementor-element elementor-element-133a5ee e-con-full e-flex e-con e-child\" data-id=\"133a5ee\" data-element_type=\"container\" data-e-type=\"container\">\n\t\t\t\t<div class=\"elementor-element elementor-element-bfaf612 elementor-widget__width-initial elementor-widget elementor-widget-image\" data-id=\"bfaf612\" data-element_type=\"widget\" data-e-type=\"widget\" data-widget_type=\"image.default\">\n\t\t\t\t<div class=\"elementor-widget-container\">\n\t\t\t\t\t\t\t\t\t\t\t\t\t\t\t<img fetchpriority=\"high\" decoding=\"async\" width=\"767\" height=\"1064\" src=\"https:\/\/nordiskemediehus.dk\/wp-content\/uploads\/2024\/05\/Fremtidens-Autobranche-2024.png\" class=\"attachment-medium_large size-medium_large wp-image-10922\" alt=\"\" srcset=\"https:\/\/nordiskemediehus.dk\/wp-content\/uploads\/2024\/05\/Fremtidens-Autobranche-2024.png 767w, https:\/\/nordiskemediehus.dk\/wp-content\/uploads\/2024\/05\/Fremtidens-Autobranche-2024-216x300.png 216w, https:\/\/nordiskemediehus.dk\/wp-content\/uploads\/2024\/05\/Fremtidens-Autobranche-2024-738x1024.png 738w, https:\/\/nordiskemediehus.dk\/wp-content\/uploads\/2024\/05\/Fremtidens-Autobranche-2024-9x12.png 9w\" sizes=\"(max-width: 767px) 100vw, 767px\" \/>\t\t\t\t\t\t\t\t\t\t\t\t\t\t\t<\/div>\n\t\t\t\t<\/div>\n\t\t\t\t<\/div>\n\t\t<div class=\"elementor-element elementor-element-e0d99d7 e-con-full e-flex e-con e-child\" data-id=\"e0d99d7\" data-element_type=\"container\" data-e-type=\"container\">\n\t\t\t\t<div class=\"elementor-element elementor-element-3405c36 elementor-widget elementor-widget-image\" data-id=\"3405c36\" data-element_type=\"widget\" data-e-type=\"widget\" data-widget_type=\"image.default\">\n\t\t\t\t<div class=\"elementor-widget-container\">\n\t\t\t\t\t\t\t\t\t\t\t\t\t\t\t<img decoding=\"async\" width=\"740\" height=\"1024\" src=\"https:\/\/nordiskemediehus.dk\/wp-content\/uploads\/2024\/05\/Autogrossister-og-Vaerksteder-august-2023-740x1024.png\" class=\"attachment-large size-large wp-image-10927\" alt=\"\" srcset=\"https:\/\/nordiskemediehus.dk\/wp-content\/uploads\/2024\/05\/Autogrossister-og-Vaerksteder-august-2023-740x1024.png 740w, https:\/\/nordiskemediehus.dk\/wp-content\/uploads\/2024\/05\/Autogrossister-og-Vaerksteder-august-2023-217x300.png 217w, https:\/\/nordiskemediehus.dk\/wp-content\/uploads\/2024\/05\/Autogrossister-og-Vaerksteder-august-2023-9x12.png 9w, https:\/\/nordiskemediehus.dk\/wp-content\/uploads\/2024\/05\/Autogrossister-og-Vaerksteder-august-2023.png 769w\" sizes=\"(max-width: 740px) 100vw, 740px\" \/>\t\t\t\t\t\t\t\t\t\t\t\t\t\t\t<\/div>\n\t\t\t\t<\/div>\n\t\t\t\t<\/div>\n\t\t\t\t<div class=\"elementor-element elementor-element-55e12e2 elementor-widget elementor-widget-image\" data-id=\"55e12e2\" data-element_type=\"widget\" data-e-type=\"widget\" data-widget_type=\"image.default\">\n\t\t\t\t<div class=\"elementor-widget-container\">\n\t\t\t\t\t\t\t\t\t\t\t\t\t\t\t<img decoding=\"async\" width=\"645\" height=\"856\" src=\"https:\/\/nordiskemediehus.dk\/wp-content\/uploads\/2025\/09\/Classic-Car-Race-2024.png\" class=\"attachment-medium_large size-medium_large wp-image-50716\" alt=\"\" srcset=\"https:\/\/nordiskemediehus.dk\/wp-content\/uploads\/2025\/09\/Classic-Car-Race-2024.png 645w, https:\/\/nordiskemediehus.dk\/wp-content\/uploads\/2025\/09\/Classic-Car-Race-2024-226x300.png 226w, https:\/\/nordiskemediehus.dk\/wp-content\/uploads\/2025\/09\/Classic-Car-Race-2024-9x12.png 9w\" sizes=\"(max-width: 645px) 100vw, 645px\" \/>\t\t\t\t\t\t\t\t\t\t\t\t\t\t\t<\/div>\n\t\t\t\t<\/div>\n\t\t\t\t\t<\/div>\n\t\t\t\t<\/div>\n\t\t<div class=\"elementor-element elementor-element-71e9c15 e-grid e-con-boxed e-con e-child\" data-id=\"71e9c15\" data-element_type=\"container\" data-e-type=\"container\">\n\t\t\t\t\t<div class=\"e-con-inner\">\n\t\t<div class=\"elementor-element elementor-element-12b0e0a e-con-full e-flex e-con e-child\" data-id=\"12b0e0a\" data-element_type=\"container\" data-e-type=\"container\">\n\t\t\t\t<div class=\"elementor-element elementor-element-6812cfc elementor-widget elementor-widget-heading\" data-id=\"6812cfc\" data-element_type=\"widget\" data-e-type=\"widget\" data-widget_type=\"heading.default\">\n\t\t\t\t<div class=\"elementor-widget-container\">\n\t\t\t\t\t<h2 class=\"elementor-heading-title elementor-size-default\">Fremtidens Autobranche<\/h2>\t\t\t\t<\/div>\n\t\t\t\t<\/div>\n\t\t\t\t<div class=\"elementor-element elementor-element-737e5f0 elementor-widget elementor-widget-text-editor\" data-id=\"737e5f0\" data-element_type=\"widget\" data-e-type=\"widget\" data-widget_type=\"text-editor.default\">\n\t\t\t\t<div class=\"elementor-widget-container\">\n\t\t\t\t\t\t\t\t\t<p>Utgivning: 30 januari 2026<br \/>Sista dag: 20 januari 2026<\/p>\t\t\t\t\t\t\t\t<\/div>\n\t\t\t\t<\/div>\n\t\t\t\t<div class=\"elementor-element elementor-element-18a60e0 elementor-widget elementor-widget-text-editor\" data-id=\"18a60e0\" data-element_type=\"widget\" data-e-type=\"widget\" data-widget_type=\"text-editor.default\">\n\t\t\t\t<div class=\"elementor-widget-container\">\n\t\t\t\t\t\t\t\t\t<h6><strong>F\u00e5 insikter om framtidens autobransch.<\/strong><\/h6><p>I till\u00e4gget Fremtidens Autobranche t\u00e4cker vi de senaste trenderna och m\u00f6jligheterna, s\u00e5 att du har de b\u00e4sta f\u00f6ruts\u00e4ttningarna att utveckla din verksamhet.<\/p><p>Vi skriver om bilar, bilhandel och ny teknik samt informerar om politiska \u00e5tg\u00e4rder som p\u00e5verkar branschens framtid.<\/p>\t\t\t\t\t\t\t\t<\/div>\n\t\t\t\t<\/div>\n\t\t\t\t<div class=\"elementor-element elementor-element-b09ebdb elementor-widget elementor-widget-heading\" data-id=\"b09ebdb\" data-element_type=\"widget\" data-e-type=\"widget\" data-cta=\"l\u00e6s med\" data-location=\"fremtidens autobranche\" data-site=\"motor-magasinet s\u00e6rtill\u00e6g\" data-widget_type=\"heading.default\">\n\t\t\t\t<div class=\"elementor-widget-container\">\n\t\t\t\t\t<p class=\"elementor-heading-title elementor-size-default\"><a href=\"https:\/\/www.motormagasinet.dk\/epages\/archive.html\" target=\"_blank\">L\u00e4s med<\/a><\/p>\t\t\t\t<\/div>\n\t\t\t\t<\/div>\n\t\t\t\t<\/div>\n\t\t<div class=\"elementor-element elementor-element-871d1a5 e-con-full e-flex e-con e-child\" data-id=\"871d1a5\" data-element_type=\"container\" data-e-type=\"container\">\n\t\t\t\t<div class=\"elementor-element elementor-element-5d7dee2 elementor-widget elementor-widget-heading\" data-id=\"5d7dee2\" data-element_type=\"widget\" data-e-type=\"widget\" data-widget_type=\"heading.default\">\n\t\t\t\t<div class=\"elementor-widget-container\">\n\t\t\t\t\t<h2 class=\"elementor-heading-title elementor-size-default\">Autogrossister &amp; V\u00e6rkstedsk\u00e6der<\/h2>\t\t\t\t<\/div>\n\t\t\t\t<\/div>\n\t\t\t\t<div class=\"elementor-element elementor-element-4f9099b elementor-widget elementor-widget-text-editor\" data-id=\"4f9099b\" data-element_type=\"widget\" data-e-type=\"widget\" data-widget_type=\"text-editor.default\">\n\t\t\t\t<div class=\"elementor-widget-container\">\n\t\t\t\t\t\t\t\t\t<p>Utgivning: 28 augusti 2026<br \/>Sista dag: 18 augusti 2026<\/p>\t\t\t\t\t\t\t\t<\/div>\n\t\t\t\t<\/div>\n\t\t\t\t<div class=\"elementor-element elementor-element-04937e2 elementor-widget elementor-widget-text-editor\" data-id=\"04937e2\" data-element_type=\"widget\" data-e-type=\"widget\" data-widget_type=\"text-editor.default\">\n\t\t\t\t<div class=\"elementor-widget-container\">\n\t\t\t\t\t\t\t\t\t<h6><strong>Kom n\u00e4ra Danmarks stora och sm\u00e5 autogrossister samt alla deras verkstadskedjor.<\/strong><\/h6><p>Vad h\u00e4nder under verkst\u00e4dernas lyftar? Vad finns p\u00e5 grossisternas hyllor? Och vart tar utvecklingen v\u00e4gen h\u00e4rifr\u00e5n?<\/p><p>Det \u00e4r de centrala fr\u00e5gorna som Autogrossister &amp; Verkst\u00e4der ger svar p\u00e5.<\/p><p>Tidningen \u00e4r uppbyggd kring analyser och intervjuer med ledande akt\u00f6rer inom eftermarknaden. Vi fr\u00e5gar s\u00e5ledes: Vad \u00e4r l\u00e4get? Vilka \u00e4r de centrala fr\u00e5gest\u00e4llningarna just nu? Och vilka \u00e4r m\u00f6jligheterna?<\/p><p>I v\u00e5ra artiklar sammanfattar branschens mest framst\u00e5ende analytiker f\u00f6r n\u00e4rvarande och ger sina synpunkter p\u00e5 hur grossister och verkst\u00e4der b\u00e4st g\u00e5r vidare f\u00f6r att n\u00e5 framg\u00e5ng.<\/p>\t\t\t\t\t\t\t\t<\/div>\n\t\t\t\t<\/div>\n\t\t\t\t<div class=\"elementor-element elementor-element-96de6fb elementor-widget elementor-widget-heading\" data-id=\"96de6fb\" data-element_type=\"widget\" data-e-type=\"widget\" data-cta=\"l\u00e6s med\" data-location=\"autogrossister &amp; v\u00e6rkstedsk\u00e6der\" data-site=\"motor-magasinet s\u00e6rtill\u00e6g\" data-widget_type=\"heading.default\">\n\t\t\t\t<div class=\"elementor-widget-container\">\n\t\t\t\t\t<p class=\"elementor-heading-title elementor-size-default\"><a href=\"https:\/\/www.motormagasinet.dk\/epages\/archive.html\" target=\"_blank\">L\u00e4s med<\/a><\/p>\t\t\t\t<\/div>\n\t\t\t\t<\/div>\n\t\t\t\t<\/div>\n\t\t<div class=\"elementor-element elementor-element-15691d0 e-con-full e-flex e-con e-child\" data-id=\"15691d0\" data-element_type=\"container\" data-e-type=\"container\">\n\t\t\t\t<div class=\"elementor-element elementor-element-fefdbce elementor-widget elementor-widget-heading\" data-id=\"fefdbce\" data-element_type=\"widget\" data-e-type=\"widget\" data-widget_type=\"heading.default\">\n\t\t\t\t<div class=\"elementor-widget-container\">\n\t\t\t\t\t<h2 class=\"elementor-heading-title elementor-size-default\">Classic Car Race<\/h2>\t\t\t\t<\/div>\n\t\t\t\t<\/div>\n\t\t\t\t<div class=\"elementor-element elementor-element-f98a7d3 elementor-widget elementor-widget-text-editor\" data-id=\"f98a7d3\" data-element_type=\"widget\" data-e-type=\"widget\" data-widget_type=\"text-editor.default\">\n\t\t\t\t<div class=\"elementor-widget-container\">\n\t\t\t\t\t\t\t\t\t<p><span style=\"letter-spacing: 0px; text-align: var(--text-align);\">Utgivning: 25 september 2026<br \/><\/span>Sista dag: 15 september 2026<\/p>\t\t\t\t\t\t\t\t<\/div>\n\t\t\t\t<\/div>\n\t\t\t\t<div class=\"elementor-element elementor-element-870acf0 elementor-widget elementor-widget-text-editor\" data-id=\"870acf0\" data-element_type=\"widget\" data-e-type=\"widget\" data-widget_type=\"text-editor.default\">\n\t\t\t\t<div class=\"elementor-widget-container\">\n\t\t\t\t\t\t\t\t\t<h6><strong>Kom n\u00e4ra de snabbaste racerbilarna i motorsportens historia\u00a0<\/strong><\/h6><p>Classic Car Race \u00e4r en lyxtidning d\u00e4r vi intervjuar de snabbaste f\u00f6rarna i motorsportens historia, men det \u00e4r ocks\u00e5 en tidning d\u00e4r vi fokuserar p\u00e5 de m\u00e5nga aff\u00e4rsm\u00f6jligheterna inom den danska autobranschen.<\/p><p>Dessutom har Classic Car Race en stark visuell profil med en samling av de b\u00e4sta bilderna och minnesv\u00e4rda \u00f6gonblick fr\u00e5n motorsportens historia under de senaste \u00e5rtiondena.<\/p>\t\t\t\t\t\t\t\t<\/div>\n\t\t\t\t<\/div>\n\t\t\t\t<div class=\"elementor-element elementor-element-2acc9ea elementor-widget elementor-widget-heading\" data-id=\"2acc9ea\" data-element_type=\"widget\" data-e-type=\"widget\" data-cta=\"l\u00e6s med\" data-location=\"classic car race\" data-site=\"motor-magasinet s\u00e6rtill\u00e6g\" data-widget_type=\"heading.default\">\n\t\t\t\t<div class=\"elementor-widget-container\">\n\t\t\t\t\t<p class=\"elementor-heading-title elementor-size-default\"><a href=\"https:\/\/www.motormagasinet.dk\/epages\/archive.html\" target=\"_blank\">L\u00e4s med<\/a><\/p>\t\t\t\t<\/div>\n\t\t\t\t<\/div>\n\t\t\t\t<\/div>\n\t\t\t\t\t<\/div>\n\t\t\t\t<\/div>\n\t\t\t\t\t<\/div>\n\t\t\t\t<\/div>\n\t\t<div class=\"elementor-element elementor-element-6913280 e-con-full e-flex e-con e-parent\" data-id=\"6913280\" data-element_type=\"container\" data-e-type=\"container\" data-settings=\"{&quot;background_background&quot;:&quot;classic&quot;}\">\n\t\t\t\t<div class=\"elementor-element elementor-element-7b2b816 elementor-widget elementor-widget-heading\" data-id=\"7b2b816\" data-element_type=\"widget\" data-e-type=\"widget\" data-widget_type=\"heading.default\">\n\t\t\t\t<div class=\"elementor-widget-container\">\n\t\t\t\t\t<h3 class=\"elementor-heading-title elementor-size-default\">Kontakta en av v\u00e5ra s\u00e4ljare direkt<\/h3>\t\t\t\t<\/div>\n\t\t\t\t<\/div>\n\t\t\t\t<\/div>\n\t\t<div class=\"elementor-element elementor-element-fed86c9 e-flex e-con-boxed e-con e-parent\" data-id=\"fed86c9\" data-element_type=\"container\" data-e-type=\"container\" data-settings=\"{&quot;background_background&quot;:&quot;classic&quot;}\">\n\t\t\t\t\t<div class=\"e-con-inner\">\n\t\t\t\t<div class=\"elementor-element elementor-element-dccaddd elementor-widget elementor-widget-text-editor\" data-id=\"dccaddd\" data-element_type=\"widget\" data-e-type=\"widget\" data-widget_type=\"text-editor.default\">\n\t\t\t\t<div class=\"elementor-widget-container\">\n\t\t\t\t\t\t\t\t\t<p>Kim Kempf Falkenhard<br \/>F\u00f6rs\u00e4ljningsdirekt\u00f6r <br \/>Telefon: <a href=\"tel:+4555207207\"><span style=\"text-decoration: underline;\">+45 55 20 72 07<\/span><\/a><br \/>E-post: <span style=\"text-decoration: underline;\"><a href=\"mailto:kkf@nordiskemedier.dk\">kkf@nordiskemedier.dk<\/a><\/span><\/p>\t\t\t\t\t\t\t\t<\/div>\n\t\t\t\t<\/div>\n\t\t\t\t<div class=\"elementor-element elementor-element-d47239e elementor-widget elementor-widget-text-editor\" data-id=\"d47239e\" data-element_type=\"widget\" data-e-type=\"widget\" data-widget_type=\"text-editor.default\">\n\t\t\t\t<div class=\"elementor-widget-container\">\n\t\t\t\t\t\t\t\t\t<p>Freddy Bustos<br \/>F\u00f6rs\u00e4ljningschef<br \/>Telefon: <a href=\"tel:+4528308939\"><span style=\"text-decoration: underline;\">+45 28 30 89 39<\/span><\/a><br \/>E-post: <span style=\"text-decoration: underline;\"><a href=\"mailto:freddy.bustos@nordiskemedier.se\">freddy.bustos@nordiskemedier.se<\/a><\/span><\/p>\t\t\t\t\t\t\t\t<\/div>\n\t\t\t\t<\/div>\n\t\t\t\t<div class=\"elementor-element elementor-element-9507cb3 elementor-widget elementor-widget-text-editor\" data-id=\"9507cb3\" data-element_type=\"widget\" data-e-type=\"widget\" data-widget_type=\"text-editor.default\">\n\t\t\t\t<div class=\"elementor-widget-container\">\n\t\t\t\t\t\t\t\t\t<p>Tim Borup J\u00f8rgensen<br \/>Kommerciel koordinator &#8211; Print<br \/>Telefon: <a href=\"tel:+4525728383\"><span style=\"text-decoration: underline;\">+45 25 72 83 83<\/span><\/a><br \/>E-post: <span style=\"text-decoration: underline;\"><a href=\"mailto:tbj@nordiskemedier.dk\">tbj@nordiskemedier.dk<\/a><\/span><\/p>\t\t\t\t\t\t\t\t<\/div>\n\t\t\t\t<\/div>\n\t\t\t\t<div class=\"elementor-element elementor-element-a8cc4bd elementor-widget elementor-widget-text-editor\" data-id=\"a8cc4bd\" data-element_type=\"widget\" data-e-type=\"widget\" data-widget_type=\"text-editor.default\">\n\t\t\t\t<div class=\"elementor-widget-container\">\n\t\t\t\t\t\t\t\t\t<p>Christian Andersen<br \/>Kommersiell koordinator - Online<br \/>Telefon: <a href=\"tel:+4522459845\"><span style=\"text-decoration: underline;\">+45 22 45 98 45<\/span><\/a><br \/>E-post: <span style=\"text-decoration: underline;\"><a href=\"mailto:ca@nordiskemedier.dk\">ca@nordiskemedier.dk<\/a><\/span><\/p>\t\t\t\t\t\t\t\t<\/div>\n\t\t\t\t<\/div>\n\t\t\t\t\t<\/div>\n\t\t\t\t<\/div>\n\t\t\t\t<\/div>","protected":false},"excerpt":{"rendered":"<p>Motor-magasinets s\u00e6rtill\u00e6g Fremtidens Autobranche Udgivelse: 30. januar 2026Deadline: 20. januar 2026 Bliv klogere p\u00e5 autobranchens fremtid I s\u00e6rtill\u00e6gget, Fremtidens Autobranche, d\u00e6kker vi de nyeste tendenser og muligheder, s\u00e5 du har de bedste foruds\u00e6tninger for at udvikle din forretning. Vi skriver om biler, autohandel og ny teknik og informerer om politiske tiltag, der har betydning for [&hellip;]<\/p>\n","protected":false},"author":24,"featured_media":0,"parent":36802,"menu_order":10,"comment_status":"closed","ping_status":"closed","template":"elementor_header_footer","meta":{"_acf_changed":false,"inline_featured_image":false,"footnotes":"","_links_to":"","_links_to_target":""},"class_list":["post-44047","page","type-page","status-publish","hentry"],"acf":[],"_links":{"self":[{"href":"https:\/\/nordiskemediehus.dk\/se\/wp-json\/wp\/v2\/pages\/44047","targetHints":{"allow":["GET"]}}],"collection":[{"href":"https:\/\/nordiskemediehus.dk\/se\/wp-json\/wp\/v2\/pages"}],"about":[{"href":"https:\/\/nordiskemediehus.dk\/se\/wp-json\/wp\/v2\/types\/page"}],"author":[{"embeddable":true,"href":"https:\/\/nordiskemediehus.dk\/se\/wp-json\/wp\/v2\/users\/24"}],"replies":[{"embeddable":true,"href":"https:\/\/nordiskemediehus.dk\/se\/wp-json\/wp\/v2\/comments?post=44047"}],"version-history":[{"count":10,"href":"https:\/\/nordiskemediehus.dk\/se\/wp-json\/wp\/v2\/pages\/44047\/revisions"}],"predecessor-version":[{"id":58833,"href":"https:\/\/nordiskemediehus.dk\/se\/wp-json\/wp\/v2\/pages\/44047\/revisions\/58833"}],"up":[{"embeddable":true,"href":"https:\/\/nordiskemediehus.dk\/se\/wp-json\/wp\/v2\/pages\/36802"}],"wp:attachment":[{"href":"https:\/\/nordiskemediehus.dk\/se\/wp-json\/wp\/v2\/media?parent=44047"}],"curies":[{"name":"wp","href":"https:\/\/api.w.org\/{rel}","templated":true}]}}