{"id":468,"date":"2023-06-14T11:22:48","date_gmt":"2023-06-14T09:22:48","guid":{"rendered":"https:\/\/2023.nordiske-medier.dk\/?page_id=468"},"modified":"2025-11-14T11:57:38","modified_gmt":"2025-11-14T11:57:38","slug":"mediekit","status":"publish","type":"page","link":"https:\/\/nordiskemediehus.dk\/se\/om-os\/mediekit\/","title":{"rendered":"Media kit"},"content":{"rendered":"<div data-elementor-type=\"wp-page\" data-elementor-id=\"468\" class=\"elementor elementor-468\" data-elementor-post-type=\"page\">\n\t\t\t\t<div class=\"elementor-element elementor-element-9809185 e-flex e-con-boxed e-con e-parent\" data-id=\"9809185\" data-element_type=\"container\" data-e-type=\"container\" data-settings=\"{&quot;background_background&quot;:&quot;classic&quot;}\">\n\t\t\t\t\t<div class=\"e-con-inner\">\n\t\t<div class=\"elementor-element elementor-element-f53769d e-con-full e-flex e-con e-child\" data-id=\"f53769d\" data-element_type=\"container\" data-e-type=\"container\">\n\t\t\t\t<div class=\"elementor-element elementor-element-4c79863 elementor-widget elementor-widget-heading\" data-id=\"4c79863\" data-element_type=\"widget\" data-e-type=\"widget\" data-widget_type=\"heading.default\">\n\t\t\t\t<div class=\"elementor-widget-container\">\n\t\t\t\t\t<h2 class=\"elementor-heading-title elementor-size-default\">Nordiske Mediers visuella riktlinjer<\/h2>\t\t\t\t<\/div>\n\t\t\t\t<\/div>\n\t\t\t\t<\/div>\n\t\t<div class=\"elementor-element elementor-element-118e16f e-con-full e-flex e-con e-child\" data-id=\"118e16f\" data-element_type=\"container\" data-e-type=\"container\">\n\t\t\t\t<\/div>\n\t\t\t\t\t<\/div>\n\t\t\t\t<\/div>\n\t\t<div class=\"elementor-element elementor-element-9fa9450 e-flex e-con-boxed e-con e-parent\" data-id=\"9fa9450\" data-element_type=\"container\" data-e-type=\"container\" data-settings=\"{&quot;background_background&quot;:&quot;classic&quot;}\">\n\t\t\t\t\t<div class=\"e-con-inner\">\n\t\t<div class=\"elementor-element elementor-element-0481b87 e-grid e-con-full e-con e-child\" data-id=\"0481b87\" data-element_type=\"container\" data-e-type=\"container\">\n\t\t<div class=\"elementor-element elementor-element-c8d83f4 e-con-full e-flex e-con e-child\" data-id=\"c8d83f4\" data-element_type=\"container\" data-e-type=\"container\">\n\t\t\t\t<\/div>\n\t\t<div class=\"elementor-element elementor-element-a602e78 e-con-full e-flex e-con e-child\" data-id=\"a602e78\" data-element_type=\"container\" data-e-type=\"container\" data-settings=\"{&quot;background_background&quot;:&quot;classic&quot;}\">\n\t\t\t\t<div class=\"elementor-element elementor-element-296b666 elementor-widget elementor-widget-text-editor\" data-id=\"296b666\" data-element_type=\"widget\" data-e-type=\"widget\" data-widget_type=\"text-editor.default\">\n\t\t\t\t<div class=\"elementor-widget-container\">\n\t\t\t\t\t\t\t\t\t<p>Om Nordiske Mediers logotyp ska anv\u00e4ndas i kommersiellt sammanhang, ska de visuella riktlinjerna i manualen f\u00f6ljas.\u00a0<\/p><p>Har du fr\u00e5gor eller beh\u00f6ver du de r\u00e4tta logovarianterna fr\u00e5n Nordiske Mediers medier, kontakta <span style=\"text-decoration: underline;\"><a href=\"mailto:marketing@nordiskemedier.dk\">marketing@nordiskemedier.dk<\/a><\/span><\/p>\t\t\t\t\t\t\t\t<\/div>\n\t\t\t\t<\/div>\n\t\t\t\t<div class=\"elementor-element elementor-element-9935330 elementor-widget elementor-widget-heading\" data-id=\"9935330\" data-element_type=\"widget\" data-e-type=\"widget\" data-cta=\"visuel guide download\" data-location=\"content\" data-site=\"mediekit\" data-widget_type=\"heading.default\">\n\t\t\t\t<div class=\"elementor-widget-container\">\n\t\t\t\t\t<p class=\"elementor-heading-title elementor-size-default\"><a href=\"https:\/\/nordiskemediehus.dk\/wp-content\/uploads\/2024\/08\/Visuel-guide-Nordiske-Medier.pdf\">Ladda ner visuell guide p\u00e5 danska<\/a><\/p>\t\t\t\t<\/div>\n\t\t\t\t<\/div>\n\t\t\t\t<div class=\"elementor-element elementor-element-d9eb5dc elementor-widget elementor-widget-heading\" data-id=\"d9eb5dc\" data-element_type=\"widget\" data-e-type=\"widget\" data-cta=\"logo download\" data-location=\"content\" data-site=\"mediekit\" data-widget_type=\"heading.default\">\n\t\t\t\t<div class=\"elementor-widget-container\">\n\t\t\t\t\t<p class=\"elementor-heading-title elementor-size-default\"><a href=\"https:\/\/nordiskemediehus.dk\/se\/om-os\/mediekit\/logo\/nmlogo\/\">Ladda ner Nordiske Mediers logotyp<\/a><\/p>\t\t\t\t<\/div>\n\t\t\t\t<\/div>\n\t\t\t\t<\/div>\n\t\t\t\t<\/div>\n\t\t\t\t\t<\/div>\n\t\t\t\t<\/div>\n\t\t\t\t<\/div>","protected":false},"excerpt":{"rendered":"<p>Nordiske Mediers visuelle guideline Skal Nordiske Mediers logo bruges i en kommerciel sammenh\u00e6ng, skal de visuelle retningslinjer i manualen f\u00f8lges.\u00a0 Har du sp\u00f8rgsm\u00e5l eller brug for de rette logovarianter fra Nordiske Mediers medier kontakt marketing@nordiskemedier.dk Download visuel guide p\u00e5 dansk Download Nordiske Mediers logo<\/p>","protected":false},"author":1,"featured_media":0,"parent":2120,"menu_order":15,"comment_status":"closed","ping_status":"closed","template":"elementor_header_footer","meta":{"_acf_changed":false,"inline_featured_image":false,"footnotes":"","_links_to":"","_links_to_target":""},"class_list":["post-468","page","type-page","status-publish","hentry"],"acf":[],"_links":{"self":[{"href":"https:\/\/nordiskemediehus.dk\/se\/wp-json\/wp\/v2\/pages\/468","targetHints":{"allow":["GET"]}}],"collection":[{"href":"https:\/\/nordiskemediehus.dk\/se\/wp-json\/wp\/v2\/pages"}],"about":[{"href":"https:\/\/nordiskemediehus.dk\/se\/wp-json\/wp\/v2\/types\/page"}],"author":[{"embeddable":true,"href":"https:\/\/nordiskemediehus.dk\/se\/wp-json\/wp\/v2\/users\/1"}],"replies":[{"embeddable":true,"href":"https:\/\/nordiskemediehus.dk\/se\/wp-json\/wp\/v2\/comments?post=468"}],"version-history":[{"count":10,"href":"https:\/\/nordiskemediehus.dk\/se\/wp-json\/wp\/v2\/pages\/468\/revisions"}],"predecessor-version":[{"id":55497,"href":"https:\/\/nordiskemediehus.dk\/se\/wp-json\/wp\/v2\/pages\/468\/revisions\/55497"}],"up":[{"embeddable":true,"href":"https:\/\/nordiskemediehus.dk\/se\/wp-json\/wp\/v2\/pages\/2120"}],"wp:attachment":[{"href":"https:\/\/nordiskemediehus.dk\/se\/wp-json\/wp\/v2\/media?parent=468"}],"curies":[{"name":"wp","href":"https:\/\/api.w.org\/{rel}","templated":true}]}}