{"id":47528,"date":"2025-09-15T11:41:38","date_gmt":"2025-09-15T11:41:38","guid":{"rendered":"https:\/\/nordiskemediehus.dk\/?page_id=47528"},"modified":"2026-01-07T12:54:46","modified_gmt":"2026-01-07T12:54:46","slug":"licitationen-2-sektion-2026","status":"publish","type":"page","link":"https:\/\/nordiskemediehus.dk\/se\/licitationen\/licitationen-2-sektion-2026\/","title":{"rendered":"Licitationen | 2. sektioner 2026"},"content":{"rendered":"<div data-elementor-type=\"wp-page\" data-elementor-id=\"47528\" class=\"elementor elementor-47528\" data-elementor-post-type=\"page\">\n\t\t\t\t<div class=\"elementor-element elementor-element-e0c26e2 e-flex e-con-boxed e-con e-parent\" data-id=\"e0c26e2\" data-element_type=\"container\" data-e-type=\"container\">\n\t\t\t\t\t<div class=\"e-con-inner\">\n\t\t\t\t<div class=\"elementor-element elementor-element-22dbb95 elementor-widget elementor-widget-heading\" data-id=\"22dbb95\" data-element_type=\"widget\" data-e-type=\"widget\" data-widget_type=\"heading.default\">\n\t\t\t\t<div class=\"elementor-widget-container\">\n\t\t\t\t\t<h2 class=\"elementor-heading-title elementor-size-default\">Licitationens 2 sektioner <\/h2>\t\t\t\t<\/div>\n\t\t\t\t<\/div>\n\t\t\t\t\t<\/div>\n\t\t\t\t<\/div>\n\t\t<div class=\"elementor-element elementor-element-009d114 e-flex e-con-boxed e-con e-parent\" data-id=\"009d114\" data-element_type=\"container\" data-e-type=\"container\">\n\t\t\t\t\t<div class=\"e-con-inner\">\n\t\t<div class=\"elementor-element elementor-element-c57f9de e-grid e-con-boxed e-con e-child\" data-id=\"c57f9de\" data-element_type=\"container\" data-e-type=\"container\">\n\t\t\t\t\t<div class=\"e-con-inner\">\n\t\t\t\t<div class=\"elementor-element elementor-element-0e8433a elementor-widget elementor-widget-image\" data-id=\"0e8433a\" data-element_type=\"widget\" data-e-type=\"widget\" data-widget_type=\"image.default\">\n\t\t\t\t<div class=\"elementor-widget-container\">\n\t\t\t\t\t\t\t\t\t\t\t\t\t\t\t<img fetchpriority=\"high\" decoding=\"async\" width=\"768\" height=\"1017\" src=\"https:\/\/nordiskemediehus.dk\/wp-content\/uploads\/2025\/08\/2-sektion-Byggeri-og-Ejendomme-19-08-2025-768x1017.png\" class=\"attachment-medium_large size-medium_large wp-image-44532\" alt=\"\" srcset=\"https:\/\/nordiskemediehus.dk\/wp-content\/uploads\/2025\/08\/2-sektion-Byggeri-og-Ejendomme-19-08-2025-768x1017.png 768w, https:\/\/nordiskemediehus.dk\/wp-content\/uploads\/2025\/08\/2-sektion-Byggeri-og-Ejendomme-19-08-2025-227x300.png 227w, https:\/\/nordiskemediehus.dk\/wp-content\/uploads\/2025\/08\/2-sektion-Byggeri-og-Ejendomme-19-08-2025-773x1024.png 773w, https:\/\/nordiskemediehus.dk\/wp-content\/uploads\/2025\/08\/2-sektion-Byggeri-og-Ejendomme-19-08-2025-9x12.png 9w, https:\/\/nordiskemediehus.dk\/wp-content\/uploads\/2025\/08\/2-sektion-Byggeri-og-Ejendomme-19-08-2025.png 836w\" sizes=\"(max-width: 768px) 100vw, 768px\" \/>\t\t\t\t\t\t\t\t\t\t\t\t\t\t\t<\/div>\n\t\t\t\t<\/div>\n\t\t\t\t<div class=\"elementor-element elementor-element-059dd84 elementor-widget elementor-widget-image\" data-id=\"059dd84\" data-element_type=\"widget\" data-e-type=\"widget\" data-widget_type=\"image.default\">\n\t\t\t\t<div class=\"elementor-widget-container\">\n\t\t\t\t\t\t\t\t\t\t\t\t\t\t\t<img decoding=\"async\" width=\"768\" height=\"1017\" src=\"https:\/\/nordiskemediehus.dk\/wp-content\/uploads\/2025\/08\/2-sektion-Anlaeg-og-Maskiner-12-06-2025-768x1017.png\" class=\"attachment-medium_large size-medium_large wp-image-44533\" alt=\"\" srcset=\"https:\/\/nordiskemediehus.dk\/wp-content\/uploads\/2025\/08\/2-sektion-Anlaeg-og-Maskiner-12-06-2025-768x1017.png 768w, https:\/\/nordiskemediehus.dk\/wp-content\/uploads\/2025\/08\/2-sektion-Anlaeg-og-Maskiner-12-06-2025-227x300.png 227w, https:\/\/nordiskemediehus.dk\/wp-content\/uploads\/2025\/08\/2-sektion-Anlaeg-og-Maskiner-12-06-2025-774x1024.png 774w, https:\/\/nordiskemediehus.dk\/wp-content\/uploads\/2025\/08\/2-sektion-Anlaeg-og-Maskiner-12-06-2025-9x12.png 9w, https:\/\/nordiskemediehus.dk\/wp-content\/uploads\/2025\/08\/2-sektion-Anlaeg-og-Maskiner-12-06-2025.png 837w\" sizes=\"(max-width: 768px) 100vw, 768px\" \/>\t\t\t\t\t\t\t\t\t\t\t\t\t\t\t<\/div>\n\t\t\t\t<\/div>\n\t\t\t\t\t<\/div>\n\t\t\t\t<\/div>\n\t\t\t\t\t<\/div>\n\t\t\t\t<\/div>\n\t\t<div class=\"elementor-element elementor-element-cf20b4d e-flex e-con-boxed e-con e-parent\" data-id=\"cf20b4d\" data-element_type=\"container\" data-e-type=\"container\">\n\t\t\t\t\t<div class=\"e-con-inner\">\n\t\t<div class=\"elementor-element elementor-element-80e1bb8 e-grid e-con-boxed e-con e-child\" data-id=\"80e1bb8\" data-element_type=\"container\" data-e-type=\"container\">\n\t\t\t\t\t<div class=\"e-con-inner\">\n\t\t<div class=\"elementor-element elementor-element-fa8149f e-flex e-con-boxed e-con e-child\" data-id=\"fa8149f\" data-element_type=\"container\" data-e-type=\"container\">\n\t\t\t\t\t<div class=\"e-con-inner\">\n\t\t\t\t<div class=\"elementor-element elementor-element-49dabe5 elementor-widget elementor-widget-heading\" data-id=\"49dabe5\" data-element_type=\"widget\" data-e-type=\"widget\" data-widget_type=\"heading.default\">\n\t\t\t\t<div class=\"elementor-widget-container\">\n\t\t\t\t\t<h2 class=\"elementor-heading-title elementor-size-default\">Byggeri &amp; Ejendomme<\/h2>\t\t\t\t<\/div>\n\t\t\t\t<\/div>\n\t\t\t\t<div class=\"elementor-element elementor-element-d2c5918 elementor-widget elementor-widget-text-editor\" data-id=\"d2c5918\" data-element_type=\"widget\" data-e-type=\"widget\" data-cta=\"se udgivelsesplan\" data-location=\"byggeri og ejendomme\" data-site=\"licitationen 2. sektioner\" data-widget_type=\"text-editor.default\">\n\t\t\t\t<div class=\"elementor-widget-container\">\n\t\t\t\t\t\t\t\t\t<p><a href=\"https:\/\/nordiskemediehus.dk\/se\/licitationen\/licitationen-byggeri-og-ejendomme-2026\/\"><span style=\"text-decoration: underline;\">Se releaseschema<\/span><\/a><\/p>\t\t\t\t\t\t\t\t<\/div>\n\t\t\t\t<\/div>\n\t\t\t\t<div class=\"elementor-element elementor-element-c103c2b elementor-widget elementor-widget-text-editor\" data-id=\"c103c2b\" data-element_type=\"widget\" data-e-type=\"widget\" data-widget_type=\"text-editor.default\">\n\t\t\t\t<div class=\"elementor-widget-container\">\n\t\t\t\t\t\t\t\t\t<p>I den andra sektionen, Byggeri &amp; Ejendomme, s\u00e4tts fokus p\u00e5 aktuella byggprojekt och den allm\u00e4nna utvecklingen inom bygg- och fastighetsbranschen.<\/p><p>Byggeri &amp; Ejendomme samlar sig kring fasta teman, d\u00e4r vi g\u00e5r p\u00e5 djupet i de olika nischerna. Vi sk\u00e4rper blicken p\u00e5 byggkonstruktioner med fokus p\u00e5 byggande, renovering, inomhusklimat, framtidens byggande, nybyggen och upphandlingar.<\/p><p>Vi f\u00f6rdjupar oss i bost\u00e4der, d\u00e4r vi samlar nyheter, trender och projekt relaterade till \u00e4garbost\u00e4der, bostadsr\u00e4tter, allm\u00e4nnyttiga bost\u00e4der, bostadsr\u00e4ttsf\u00f6reningar, hyresbost\u00e4der, nya boendeformer och inomhusmilj\u00f6 med mera.<\/p>\t\t\t\t\t\t\t\t<\/div>\n\t\t\t\t<\/div>\n\t\t\t\t<div class=\"elementor-element elementor-element-f96fc5d elementor-widget elementor-widget-heading\" data-id=\"f96fc5d\" data-element_type=\"widget\" data-e-type=\"widget\" data-cta=\"l\u00e6s med\" data-location=\"byggeri og ejendomme\" data-site=\"licitationen 2. sektioner\" data-widget_type=\"heading.default\">\n\t\t\t\t<div class=\"elementor-widget-container\">\n\t\t\t\t\t<p class=\"elementor-heading-title elementor-size-default\"><a href=\"https:\/\/www.licitationen.dk\/epages\/archive.html\" target=\"_blank\">L\u00e4s med<\/a><\/p>\t\t\t\t<\/div>\n\t\t\t\t<\/div>\n\t\t\t\t\t<\/div>\n\t\t\t\t<\/div>\n\t\t<div class=\"elementor-element elementor-element-92f335a e-flex e-con-boxed e-con e-child\" data-id=\"92f335a\" data-element_type=\"container\" data-e-type=\"container\">\n\t\t\t\t\t<div class=\"e-con-inner\">\n\t\t\t\t<div class=\"elementor-element elementor-element-54f3eee elementor-widget elementor-widget-heading\" data-id=\"54f3eee\" data-element_type=\"widget\" data-e-type=\"widget\" data-widget_type=\"heading.default\">\n\t\t\t\t<div class=\"elementor-widget-container\">\n\t\t\t\t\t<h2 class=\"elementor-heading-title elementor-size-default\">Anl\u00e6g &amp; Maskiner<\/h2>\t\t\t\t<\/div>\n\t\t\t\t<\/div>\n\t\t\t\t<div class=\"elementor-element elementor-element-cecc88c elementor-widget elementor-widget-text-editor\" data-id=\"cecc88c\" data-element_type=\"widget\" data-e-type=\"widget\" data-cta=\"se udgivelsesplan\" data-location=\"anl\u00e6g og maskiner\" data-site=\"licitationen 2. sektioner\" data-widget_type=\"text-editor.default\">\n\t\t\t\t<div class=\"elementor-widget-container\">\n\t\t\t\t\t\t\t\t\t<p><a href=\"https:\/\/nordiskemediehus.dk\/se\/licitationen\/licitationen-anlaeg-maskiner-2026\/\"><span style=\"text-decoration: underline;\">Se releaseschema<\/span><\/a><\/p>\t\t\t\t\t\t\t\t<\/div>\n\t\t\t\t<\/div>\n\t\t\t\t<div class=\"elementor-element elementor-element-4f9cfae elementor-widget elementor-widget-text-editor\" data-id=\"4f9cfae\" data-element_type=\"widget\" data-e-type=\"widget\" data-widget_type=\"text-editor.default\">\n\t\t\t\t<div class=\"elementor-widget-container\">\n\t\t\t\t\t\t\t\t\t<p>I den andra sektionen, Anl\u00e6g &amp; Maskiner, fokuserar vi specifikt p\u00e5 vad som h\u00e4nder i anl\u00e4ggningsbranschen.<\/p><p>H\u00e4r zoomar vi in p\u00e5 aktuella anl\u00e4ggningsprojekt och den \u00f6vergripande utvecklingen inom anl\u00e4ggning, infrastruktur och f\u00f6rs\u00f6rjning.<\/p><p>De genomg\u00e5ende teman i Anl\u00e6g &amp; Maskiner \u00e4r:<\/p><ul><li>V\u00e4gar och infrastruktur<\/li><li>Klimats\u00e4kring och avloppssystem<\/li><li>Park och Anl\u00e4ggning<\/li><\/ul>\t\t\t\t\t\t\t\t<\/div>\n\t\t\t\t<\/div>\n\t\t\t\t<div class=\"elementor-element elementor-element-6a505ead elementor-widget elementor-widget-heading\" data-id=\"6a505ead\" data-element_type=\"widget\" data-e-type=\"widget\" data-cta=\"l\u00e6s med\" data-location=\"anl\u00e6g og maskiner\" data-site=\"licitationen 2. sektioner\" data-widget_type=\"heading.default\">\n\t\t\t\t<div class=\"elementor-widget-container\">\n\t\t\t\t\t<p class=\"elementor-heading-title elementor-size-default\"><a href=\"https:\/\/www.licitationen.dk\/epages\/archive.html\" target=\"_blank\">L\u00e4s med <\/a><\/p>\t\t\t\t<\/div>\n\t\t\t\t<\/div>\n\t\t\t\t\t<\/div>\n\t\t\t\t<\/div>\n\t\t\t\t\t<\/div>\n\t\t\t\t<\/div>\n\t\t\t\t\t<\/div>\n\t\t\t\t<\/div>\n\t\t<div class=\"elementor-element elementor-element-7aa7bbb e-flex e-con-boxed e-con e-parent\" data-id=\"7aa7bbb\" data-element_type=\"container\" data-e-type=\"container\" data-settings=\"{&quot;background_background&quot;:&quot;classic&quot;}\">\n\t\t\t\t\t<div class=\"e-con-inner\">\n\t\t<div class=\"elementor-element elementor-element-0fea7e9 e-flex e-con-boxed e-con e-child\" data-id=\"0fea7e9\" data-element_type=\"container\" data-e-type=\"container\" data-settings=\"{&quot;background_background&quot;:&quot;classic&quot;}\">\n\t\t\t\t\t<div class=\"e-con-inner\">\n\t\t<div class=\"elementor-element elementor-element-c3b9d9e e-flex e-con-boxed e-con e-child\" data-id=\"c3b9d9e\" data-element_type=\"container\" data-e-type=\"container\" data-settings=\"{&quot;background_background&quot;:&quot;classic&quot;}\">\n\t\t\t\t\t<div class=\"e-con-inner\">\n\t\t<div class=\"elementor-element elementor-element-fe13f86 e-flex e-con-boxed e-con e-child\" data-id=\"fe13f86\" data-element_type=\"container\" data-e-type=\"container\" data-settings=\"{&quot;background_background&quot;:&quot;classic&quot;}\">\n\t\t\t\t\t<div class=\"e-con-inner\">\n\t\t\t\t\t<\/div>\n\t\t\t\t<\/div>\n\t\t\t\t\t<\/div>\n\t\t\t\t<\/div>\n\t\t\t\t\t<\/div>\n\t\t\t\t<\/div>\n\t\t\t\t\t<\/div>\n\t\t\t\t<\/div>\n\t\t\t\t<\/div>","protected":false},"excerpt":{"rendered":"<p>Licitationens 2. sektioner Byggeri &amp; Ejendomme Se udgivelsesplan I 2. sektionen, Byggeri &amp; Ejendomme, s\u00e6ttes der fokus p\u00e5 aktuelle byggesager og den generelle udvikling i bygge- og ejendomsbranchen. Byggeri &amp; Ejendomme samler sig om faste temaer, hvor vi g\u00e5r i dybden med de enkelte nicher. Vi sk\u00e6rper blikket p\u00e5 byggekonstruktioner med fokus p\u00e5 byggeri, renovering, [&hellip;]<\/p>\n","protected":false},"author":24,"featured_media":0,"parent":2764,"menu_order":10,"comment_status":"closed","ping_status":"closed","template":"elementor_header_footer","meta":{"_acf_changed":false,"inline_featured_image":false,"footnotes":"","_links_to":"","_links_to_target":""},"class_list":["post-47528","page","type-page","status-publish","hentry"],"acf":[],"_links":{"self":[{"href":"https:\/\/nordiskemediehus.dk\/se\/wp-json\/wp\/v2\/pages\/47528","targetHints":{"allow":["GET"]}}],"collection":[{"href":"https:\/\/nordiskemediehus.dk\/se\/wp-json\/wp\/v2\/pages"}],"about":[{"href":"https:\/\/nordiskemediehus.dk\/se\/wp-json\/wp\/v2\/types\/page"}],"author":[{"embeddable":true,"href":"https:\/\/nordiskemediehus.dk\/se\/wp-json\/wp\/v2\/users\/24"}],"replies":[{"embeddable":true,"href":"https:\/\/nordiskemediehus.dk\/se\/wp-json\/wp\/v2\/comments?post=47528"}],"version-history":[{"count":10,"href":"https:\/\/nordiskemediehus.dk\/se\/wp-json\/wp\/v2\/pages\/47528\/revisions"}],"predecessor-version":[{"id":59000,"href":"https:\/\/nordiskemediehus.dk\/se\/wp-json\/wp\/v2\/pages\/47528\/revisions\/59000"}],"up":[{"embeddable":true,"href":"https:\/\/nordiskemediehus.dk\/se\/wp-json\/wp\/v2\/pages\/2764"}],"wp:attachment":[{"href":"https:\/\/nordiskemediehus.dk\/se\/wp-json\/wp\/v2\/media?parent=47528"}],"curies":[{"name":"wp","href":"https:\/\/api.w.org\/{rel}","templated":true}]}}