{"id":48503,"date":"2025-09-19T04:57:43","date_gmt":"2025-09-19T04:57:43","guid":{"rendered":"https:\/\/nordiskemediehus.dk\/?page_id=48503"},"modified":"2026-01-30T11:52:38","modified_gmt":"2026-01-30T11:52:38","slug":"udgivelser","status":"publish","type":"page","link":"https:\/\/nordiskemediehus.dk\/se\/maskinregisteret\/udgivelser\/","title":{"rendered":"Maskinregisteret NO | Udgivelsesplan 2026"},"content":{"rendered":"<div data-elementor-type=\"wp-page\" data-elementor-id=\"48503\" class=\"elementor elementor-48503\" data-elementor-post-type=\"page\">\n\t\t\t\t<div class=\"elementor-element elementor-element-367ff41d e-flex e-con-boxed e-con e-parent\" data-id=\"367ff41d\" data-element_type=\"container\" data-e-type=\"container\" data-settings=\"{&quot;background_background&quot;:&quot;classic&quot;}\">\n\t\t\t\t\t<div class=\"e-con-inner\">\n\t\t<div class=\"elementor-element elementor-element-7924dfb6 e-con-full e-flex e-con e-child\" data-id=\"7924dfb6\" data-element_type=\"container\" data-e-type=\"container\">\n\t\t<div class=\"elementor-element elementor-element-c20c34e e-grid e-con-boxed e-con e-child\" data-id=\"c20c34e\" data-element_type=\"container\" data-e-type=\"container\">\n\t\t\t\t\t<div class=\"e-con-inner\">\n\t\t<div class=\"elementor-element elementor-element-deeacb7 e-flex e-con-boxed e-con e-child\" data-id=\"deeacb7\" data-element_type=\"container\" data-e-type=\"container\">\n\t\t\t\t\t<div class=\"e-con-inner\">\n\t\t\t\t<div class=\"elementor-element elementor-element-23c5cf3a elementor-widget elementor-widget-heading\" data-id=\"23c5cf3a\" data-element_type=\"widget\" data-e-type=\"widget\" data-widget_type=\"heading.default\">\n\t\t\t\t<div class=\"elementor-widget-container\">\n\t\t\t\t\t<h2 class=\"elementor-heading-title elementor-size-default\"><a href=\"https:\/\/www.maskinregisteret.no\/\">Maskinregisteret<\/a><\/h2>\t\t\t\t<\/div>\n\t\t\t\t<\/div>\n\t\t\t\t<div class=\"elementor-element elementor-element-5906ebce elementor-widget__width-initial elementor-widget elementor-widget-text-editor\" data-id=\"5906ebce\" data-element_type=\"widget\" data-e-type=\"widget\" data-widget_type=\"text-editor.default\">\n\t\t\t\t<div class=\"elementor-widget-container\">\n\t\t\t\t\t\t\t\t\t<div class=\"ewa-rteLine\" style=\"text-align: center;\"><p style=\"text-align: left;\"><strong>Maskinregisteret<\/strong> \u00e4r Norges st\u00f6rsta medie f\u00f6r maskiner och utrustning inom verkstads- och industrisektorn. Vi skriver om allt fr\u00e5n produktnyheter och teknologiska framsteg till f\u00f6retagens strategier. Vi publicerar de senaste nyheterna fr\u00e5n branschen dygnet runt p\u00e5 v\u00e5r webbplats <a href=\"https:\/\/www.maskinregisteret.no\/\"><strong>maskinregisteret.no<\/strong><\/a>, och tv\u00e5 g\u00e5nger i veckan skickar vi ut ett kurerat nyhetsbrev som samlar branschens h\u00f6jdpunkter. Det g\u00f6r Maskinregisteret till den sj\u00e4lvklara kanalen n\u00e4r du vill g\u00f6ra dig synlig f\u00f6r beslutsfattarna och yrkesfolket i industrin.<\/p><p>\u00a0<\/p><\/div><div><h2 style=\"font-family: 'Titillium Web', sans-serif; font-weight: 600; line-height: 1.2em; color: #e7580e; font-size: 18px; text-align: left;\" data-elementor-setting-key=\"title\" data-pen-placeholder=\"Skriv her...\">Bes\u00f6k <a href=\"https:\/\/www.maskinregisteret.no\/\" target=\"_blank\" rel=\"noopener\"><span style=\"color: #000000;\">maskinregisteret.no<\/span><\/a><\/h2><\/div>\t\t\t\t\t\t\t\t<\/div>\n\t\t\t\t<\/div>\n\t\t\t\t\t<\/div>\n\t\t\t\t<\/div>\n\t\t\t\t<div class=\"elementor-element elementor-element-cb29282 elementor-widget elementor-widget-image\" data-id=\"cb29282\" data-element_type=\"widget\" data-e-type=\"widget\" data-widget_type=\"image.default\">\n\t\t\t\t<div class=\"elementor-widget-container\">\n\t\t\t\t\t\t\t\t\t\t\t\t\t\t\t<img fetchpriority=\"high\" decoding=\"async\" width=\"768\" height=\"479\" src=\"https:\/\/nordiskemediehus.dk\/wp-content\/uploads\/2024\/08\/02-Macbook-Pro-Mockup-Tungt-NO-e1744290073583-768x479.png\" class=\"attachment-medium_large size-medium_large wp-image-18721\" alt=\"\" srcset=\"https:\/\/nordiskemediehus.dk\/wp-content\/uploads\/2024\/08\/02-Macbook-Pro-Mockup-Tungt-NO-e1744290073583-768x479.png 768w, https:\/\/nordiskemediehus.dk\/wp-content\/uploads\/2024\/08\/02-Macbook-Pro-Mockup-Tungt-NO-e1744290073583-300x187.png 300w, https:\/\/nordiskemediehus.dk\/wp-content\/uploads\/2024\/08\/02-Macbook-Pro-Mockup-Tungt-NO-e1744290073583-1024x639.png 1024w, https:\/\/nordiskemediehus.dk\/wp-content\/uploads\/2024\/08\/02-Macbook-Pro-Mockup-Tungt-NO-e1744290073583-1536x958.png 1536w, https:\/\/nordiskemediehus.dk\/wp-content\/uploads\/2024\/08\/02-Macbook-Pro-Mockup-Tungt-NO-e1744290073583-2048x1277.png 2048w, https:\/\/nordiskemediehus.dk\/wp-content\/uploads\/2024\/08\/02-Macbook-Pro-Mockup-Tungt-NO-e1744290073583-18x12.png 18w\" sizes=\"(max-width: 768px) 100vw, 768px\" \/>\t\t\t\t\t\t\t\t\t\t\t\t\t\t\t<\/div>\n\t\t\t\t<\/div>\n\t\t\t\t\t<\/div>\n\t\t\t\t<\/div>\n\t\t\t\t<\/div>\n\t\t\t\t\t<\/div>\n\t\t\t\t<\/div>\n\t\t<div class=\"elementor-element elementor-element-ae87526 e-flex e-con-boxed e-con e-parent\" data-id=\"ae87526\" data-element_type=\"container\" data-e-type=\"container\">\n\t\t\t\t\t<div class=\"e-con-inner\">\n\t\t<div class=\"elementor-element elementor-element-ff0c8f2 e-flex e-con-boxed e-con e-child\" data-id=\"ff0c8f2\" data-element_type=\"container\" data-e-type=\"container\">\n\t\t\t\t\t<div class=\"e-con-inner\">\n\t\t<div class=\"elementor-element elementor-element-8b6d596 custom-graph-section e-flex e-con-boxed e-con e-child\" data-id=\"8b6d596\" data-element_type=\"container\" data-e-type=\"container\">\n\t\t\t\t\t<div class=\"e-con-inner\">\n\t\t<div class=\"elementor-element elementor-element-1148b2c e-flex e-con-boxed e-con e-child\" data-id=\"1148b2c\" data-element_type=\"container\" data-e-type=\"container\">\n\t\t\t\t\t<div class=\"e-con-inner\">\n\t\t<div class=\"elementor-element elementor-element-a433907 e-flex e-con-boxed e-con e-child\" data-id=\"a433907\" data-element_type=\"container\" data-e-type=\"container\">\n\t\t\t\t\t<div class=\"e-con-inner\">\n\t\t<div class=\"elementor-element elementor-element-d7f7eac e-flex e-con-boxed e-con e-child\" data-id=\"d7f7eac\" data-element_type=\"container\" data-e-type=\"container\">\n\t\t\t\t\t<div class=\"e-con-inner\">\n\t\t\t\t<div class=\"elementor-element elementor-element-a21241a .custom-graph-section elementor-widget elementor-widget-image\" data-id=\"a21241a\" data-element_type=\"widget\" data-e-type=\"widget\" data-widget_type=\"image.default\">\n\t\t\t\t<div class=\"elementor-widget-container\">\n\t\t\t\t\t\t\t\t\t\t\t\t\t\t\t\t<a href=\"https:\/\/www.maskinregisteret.no\/\">\n\t\t\t\t\t\t\t<img decoding=\"async\" width=\"292\" height=\"26\" src=\"https:\/\/nordiskemediehus.dk\/wp-content\/uploads\/2024\/03\/MR_WEB-1.png\" class=\"attachment-large size-large wp-image-3417\" alt=\"\" srcset=\"https:\/\/nordiskemediehus.dk\/wp-content\/uploads\/2024\/03\/MR_WEB-1.png 292w, https:\/\/nordiskemediehus.dk\/wp-content\/uploads\/2024\/03\/MR_WEB-1-18x2.png 18w\" sizes=\"(max-width: 292px) 100vw, 292px\" \/>\t\t\t\t\t\t\t\t<\/a>\n\t\t\t\t\t\t\t\t\t\t\t\t\t\t\t<\/div>\n\t\t\t\t<\/div>\n\t\t\t\t<div class=\"elementor-element elementor-element-3bc7269 elementor-widget elementor-widget-text-editor\" data-id=\"3bc7269\" data-element_type=\"widget\" data-e-type=\"widget\" data-widget_type=\"text-editor.default\">\n\t\t\t\t<div class=\"elementor-widget-container\">\n\t\t\t\t\t\t\t\t\t<p style=\"font-size: 18px;\">5.421 onlinebes\u00f6kare, 15 984 sidvisningar, 770 dagliga mottagare av nyhetsbrevet (\u00d6ppningsfrekvens: 35,37 %)<\/p>\t\t\t\t\t\t\t\t<\/div>\n\t\t\t\t<\/div>\n\t\t<div class=\"elementor-element elementor-element-c107f59 e-con-full e-flex e-con e-child\" data-id=\"c107f59\" data-element_type=\"container\" data-e-type=\"container\">\n\t\t\t\t<div class=\"elementor-element elementor-element-cad21a0 elementor-widget elementor-widget-menu-anchor\" data-id=\"cad21a0\" data-element_type=\"widget\" data-e-type=\"widget\" data-widget_type=\"menu-anchor.default\">\n\t\t\t\t<div class=\"elementor-widget-container\">\n\t\t\t\t\t\t\t<div class=\"elementor-menu-anchor\" id=\"Maskinudgivelsesplan\"><\/div>\n\t\t\t\t\t\t<\/div>\n\t\t\t\t<\/div>\n\t\t\t\t<\/div>\n\t\t\t\t<div class=\"elementor-element elementor-element-9a828c0 elementor-widget elementor-widget-heading\" data-id=\"9a828c0\" data-element_type=\"widget\" data-e-type=\"widget\" data-widget_type=\"heading.default\">\n\t\t\t\t<div class=\"elementor-widget-container\">\n\t\t\t\t\t<h2 class=\"elementor-heading-title elementor-size-default\">Utgivningsplan f\u00f6r Maskinregisteret<\/h2>\t\t\t\t<\/div>\n\t\t\t\t<\/div>\n\t\t\t\t<div class=\"elementor-element elementor-element-f8c0496 elementor-widget elementor-widget-text-editor\" data-id=\"f8c0496\" data-element_type=\"widget\" data-e-type=\"widget\" data-widget_type=\"text-editor.default\">\n\t\t\t\t<div class=\"elementor-widget-container\">\n\t\t\t\t\t\t\t\t\t<table width=\"579\"><tbody><tr><td width=\"142\">\u00a0<\/td><td width=\"112\">Materialdag<\/td><td width=\"102\">Utgivningsdatum<\/td><td width=\"223\">M\u00e4ssor 2026<\/td><\/tr><tr><td>Maskinregisteret nr. 1<\/td><td>19-01-2026<\/td><td>04-02-2026<\/td><td>\u00a0<\/td><\/tr><tr><td>Maskinregisteret nr. 2<\/td><td>16-02-2026<\/td><td>04-03-2026<\/td><td>\u00a0<\/td><\/tr><tr><td>Maskinregisteret nr. 3<\/td><td>16-03-2026<\/td><td>01-04-2026<\/td><td>\u00a0<\/td><\/tr><tr><td>\u00a0<\/td><td>\u00a0<\/td><td>\u00a0<\/td><td>Euro Expo: Trondheim 15\/4\u201316\/4<\/td><\/tr><tr><td>Maskinregisteret nr. 4<\/td><td>20-04-2026<\/td><td>06-05-2026<\/td><td>\u00a0<\/td><\/tr><tr><td>Maskinregisteret nr. 5<\/td><td>18-05-2026<\/td><td>03-06-2026<\/td><td>\u00a0<\/td><\/tr><tr><td>Maskinregisteret nr. 6<\/td><td>10-08-2026<\/td><td>26-08-2026<\/td><td>\u00a0<\/td><\/tr><tr><td>Maskinregisteret nr. 7<\/td><td>31-08-2026<\/td><td>16-09-2026<\/td><td>Euro Expo: Kristiansand 2\/9\u20133\/9<\/td><\/tr><tr><td>Maskinregisteret nr. 8<\/td><td>28-09-2026<\/td><td>14-10-2026<\/td><td>\u00a0<\/td><\/tr><tr><td>\u00a0<\/td><td>\u00a0<\/td><td>\u00a0<\/td><td>Euroblech 20\/10-23\/10<\/td><\/tr><tr><td>Maskinregisteret nr. 9<\/td><td>26-10-2026<\/td><td>11-11-2026<\/td><td>\u00a0<\/td><\/tr><tr><td>Maskinregisteret nr. 10<\/td><td>23-10-2026<\/td><td>09-12-2026<\/td><td>Euro Expo: Fredrikstad 25\/11-26\/11<\/td><\/tr><\/tbody><\/table><p>\u00a0<\/p>\t\t\t\t\t\t\t\t<\/div>\n\t\t\t\t<\/div>\n\t\t\t\t\t<\/div>\n\t\t\t\t<\/div>\n\t\t\t\t\t<\/div>\n\t\t\t\t<\/div>\n\t\t\t\t\t<\/div>\n\t\t\t\t<\/div>\n\t\t\t\t\t<\/div>\n\t\t\t\t<\/div>\n\t\t\t\t\t<\/div>\n\t\t\t\t<\/div>\n\t\t\t\t\t<\/div>\n\t\t\t\t<\/div>\n\t\t<div class=\"elementor-element elementor-element-7377e3c e-flex e-con-boxed e-con e-parent\" data-id=\"7377e3c\" data-element_type=\"container\" data-e-type=\"container\">\n\t\t\t\t\t<div class=\"e-con-inner\">\n\t\t\t\t<div class=\"elementor-element elementor-element-d9d3217 elementor-widget elementor-widget-shortcode\" data-id=\"d9d3217\" data-element_type=\"widget\" data-e-type=\"widget\" data-cta=\"print udgivelsesplan\" data-location=\"main\" data-site=\"maskinregisteret\" data-widget_type=\"shortcode.default\">\n\t\t\t\t<div class=\"elementor-widget-container\">\n\t\t\t\t\t\t\t<div class=\"elementor-shortcode\"><button type=\"button\" class=\"pdf-export-btn print-knap\" data-selector=\".custom-graph-section,.custom-table-section\">Print PDF<\/button><\/div>\n\t\t\t\t\t\t<\/div>\n\t\t\t\t<\/div>\n\t\t\t\t\t<\/div>\n\t\t\t\t<\/div>\n\t\t<div class=\"elementor-element elementor-element-e153161 e-flex e-con-boxed e-con e-parent\" data-id=\"e153161\" data-element_type=\"container\" data-e-type=\"container\" data-settings=\"{&quot;background_background&quot;:&quot;classic&quot;}\">\n\t\t\t\t\t<div class=\"e-con-inner\">\n\t\t<div class=\"elementor-element elementor-element-39e581c e-flex e-con-boxed e-con e-child\" data-id=\"39e581c\" data-element_type=\"container\" data-e-type=\"container\" data-settings=\"{&quot;background_background&quot;:&quot;classic&quot;}\">\n\t\t\t\t\t<div class=\"e-con-inner\">\n\t\t<div class=\"elementor-element elementor-element-2593ce4 e-flex e-con-boxed e-con e-child\" data-id=\"2593ce4\" data-element_type=\"container\" data-e-type=\"container\" data-settings=\"{&quot;background_background&quot;:&quot;classic&quot;}\">\n\t\t\t\t\t<div class=\"e-con-inner\">\n\t\t<div class=\"elementor-element elementor-element-5e91a28 e-flex e-con-boxed e-con e-child\" data-id=\"5e91a28\" data-element_type=\"container\" data-e-type=\"container\" data-settings=\"{&quot;background_background&quot;:&quot;classic&quot;}\">\n\t\t\t\t\t<div class=\"e-con-inner\">\n\t\t<div class=\"elementor-element elementor-element-2757a8b e-flex e-con-boxed e-con e-child\" data-id=\"2757a8b\" data-element_type=\"container\" data-e-type=\"container\" data-settings=\"{&quot;background_background&quot;:&quot;classic&quot;}\">\n\t\t\t\t\t<div class=\"e-con-inner\">\n\t\t<div class=\"elementor-element elementor-element-00422cf e-flex e-con-boxed e-con e-child\" data-id=\"00422cf\" data-element_type=\"container\" data-e-type=\"container\" data-settings=\"{&quot;background_background&quot;:&quot;classic&quot;}\">\n\t\t\t\t\t<div class=\"e-con-inner\">\n\t\t<div class=\"elementor-element elementor-element-c65581c e-flex e-con-boxed e-con e-child\" data-id=\"c65581c\" data-element_type=\"container\" data-e-type=\"container\" data-settings=\"{&quot;background_background&quot;:&quot;classic&quot;}\">\n\t\t\t\t\t<div class=\"e-con-inner\">\n\t\t\t\t\t<\/div>\n\t\t\t\t<\/div>\n\t\t\t\t\t<\/div>\n\t\t\t\t<\/div>\n\t\t\t\t\t<\/div>\n\t\t\t\t<\/div>\n\t\t\t\t\t<\/div>\n\t\t\t\t<\/div>\n\t\t\t\t\t<\/div>\n\t\t\t\t<\/div>\n\t\t\t\t\t<\/div>\n\t\t\t\t<\/div>\n\t\t\t\t\t<\/div>\n\t\t\t\t<\/div>\n\t\t\t\t<\/div>","protected":false},"excerpt":{"rendered":"<p>Maskinregisteret Maskinregisteret er Norges st\u00f8rste medie for maskiner og udstyr inden for v\u00e6rksteds- og industrisektoren. Vi skriver om alt fra produktnyheder og teknologiske fremskridt til virksomheders strategier. Vi publicerer de seneste nyheder fra branchen d\u00f8gnet rundt p\u00e5 vores hjemmeside maskinregisteret.no, og to gange om ugen udsender vi et kurateret nyhedsbrev, der samler h\u00f8jdepunkterne fra branchen. [&hellip;]<\/p>\n","protected":false},"author":4,"featured_media":0,"parent":3657,"menu_order":10,"comment_status":"closed","ping_status":"closed","template":"elementor_header_footer","meta":{"_acf_changed":false,"inline_featured_image":false,"footnotes":"","_links_to":"","_links_to_target":""},"class_list":["post-48503","page","type-page","status-publish","hentry"],"acf":[],"_links":{"self":[{"href":"https:\/\/nordiskemediehus.dk\/se\/wp-json\/wp\/v2\/pages\/48503","targetHints":{"allow":["GET"]}}],"collection":[{"href":"https:\/\/nordiskemediehus.dk\/se\/wp-json\/wp\/v2\/pages"}],"about":[{"href":"https:\/\/nordiskemediehus.dk\/se\/wp-json\/wp\/v2\/types\/page"}],"author":[{"embeddable":true,"href":"https:\/\/nordiskemediehus.dk\/se\/wp-json\/wp\/v2\/users\/4"}],"replies":[{"embeddable":true,"href":"https:\/\/nordiskemediehus.dk\/se\/wp-json\/wp\/v2\/comments?post=48503"}],"version-history":[{"count":16,"href":"https:\/\/nordiskemediehus.dk\/se\/wp-json\/wp\/v2\/pages\/48503\/revisions"}],"predecessor-version":[{"id":60130,"href":"https:\/\/nordiskemediehus.dk\/se\/wp-json\/wp\/v2\/pages\/48503\/revisions\/60130"}],"up":[{"embeddable":true,"href":"https:\/\/nordiskemediehus.dk\/se\/wp-json\/wp\/v2\/pages\/3657"}],"wp:attachment":[{"href":"https:\/\/nordiskemediehus.dk\/se\/wp-json\/wp\/v2\/media?parent=48503"}],"curies":[{"name":"wp","href":"https:\/\/api.w.org\/{rel}","templated":true}]}}