{"id":49819,"date":"2025-09-24T07:08:27","date_gmt":"2025-09-24T07:08:27","guid":{"rendered":"https:\/\/nordiskemediehus.dk\/?page_id=49819"},"modified":"2026-03-25T09:58:14","modified_gmt":"2026-03-25T09:58:14","slug":"digital-annoncering-bannerformater-3","status":"publish","type":"page","link":"https:\/\/nordiskemediehus.dk\/se\/digital-annoncering-bannerformater-3\/","title":{"rendered":"Specifikationer digital annoncering &#8211; bannerformater 3"},"content":{"rendered":"\t\t<div data-elementor-type=\"wp-page\" data-elementor-id=\"49819\" class=\"elementor elementor-49819\" data-elementor-post-type=\"page\">\n\t\t\t\t<div class=\"elementor-element elementor-element-33bec157 e-flex e-con-boxed e-con e-parent\" data-id=\"33bec157\" data-element_type=\"container\" data-e-type=\"container\" data-settings=\"{&quot;background_background&quot;:&quot;classic&quot;}\">\n\t\t\t\t\t<div class=\"e-con-inner\">\n\t\t<div class=\"elementor-element elementor-element-904f6d7 e-flex e-con-boxed e-con e-child\" data-id=\"904f6d7\" data-element_type=\"container\" data-e-type=\"container\">\n\t\t\t\t\t<div class=\"e-con-inner\">\n\t\t\t\t<div class=\"elementor-element elementor-element-a9054c6 elementor-widget elementor-widget-heading\" data-id=\"a9054c6\" data-element_type=\"widget\" data-e-type=\"widget\" data-widget_type=\"heading.default\">\n\t\t\t\t<div class=\"elementor-widget-container\">\n\t\t\t\t\t<h2 class=\"elementor-heading-title elementor-size-default\">Bannerformater og priser<\/h2>\t\t\t\t<\/div>\n\t\t\t\t<\/div>\n\t\t\t\t<div class=\"elementor-element elementor-element-290cca2 elementor-widget elementor-widget-text-editor\" data-id=\"290cca2\" data-element_type=\"widget\" data-e-type=\"widget\" data-widget_type=\"text-editor.default\">\n\t\t\t\t<div class=\"elementor-widget-container\">\n\t\t\t\t\t\t\t\t\t<p><span data-teams=\"true\">Priserne p\u00e5 siden er g\u00e6ldende for: RetailNews, Plastforum, Electronic Supply og MedTechNews<\/span><\/p>\t\t\t\t\t\t\t\t<\/div>\n\t\t\t\t<\/div>\n\t\t\t\t\t<\/div>\n\t\t\t\t<\/div>\n\t\t\t\t\t<\/div>\n\t\t\t\t<\/div>\n\t\t<div class=\"elementor-element elementor-element-d703a52 e-flex e-con-boxed e-con e-parent\" data-id=\"d703a52\" data-element_type=\"container\" data-e-type=\"container\">\n\t\t\t\t\t<div class=\"e-con-inner\">\n\t\t\t\t\t<\/div>\n\t\t\t\t<\/div>\n\t\t<div class=\"elementor-element elementor-element-bf8ebbd e-flex e-con-boxed e-con e-parent\" data-id=\"bf8ebbd\" data-element_type=\"container\" data-e-type=\"container\">\n\t\t\t\t\t<div class=\"e-con-inner\">\n\t\t\t\t<div class=\"elementor-element elementor-element-fa0a498 elementor-widget elementor-widget-menu-anchor\" data-id=\"fa0a498\" data-element_type=\"widget\" data-e-type=\"widget\" data-widget_type=\"menu-anchor.default\">\n\t\t\t\t<div class=\"elementor-widget-container\">\n\t\t\t\t\t\t\t<div class=\"elementor-menu-anchor\" id=\"Retningslinjer\"><\/div>\n\t\t\t\t\t\t<\/div>\n\t\t\t\t<\/div>\n\t\t\t\t\t<\/div>\n\t\t\t\t<\/div>\n\t\t<div class=\"elementor-element elementor-element-53ced33 e-flex e-con-boxed e-con e-parent\" data-id=\"53ced33\" data-element_type=\"container\" data-e-type=\"container\">\n\t\t\t\t\t<div class=\"e-con-inner\">\n\t\t<div class=\"elementor-element elementor-element-8aeb3ef e-flex e-con-boxed e-con e-child\" data-id=\"8aeb3ef\" data-element_type=\"container\" data-e-type=\"container\">\n\t\t\t\t\t<div class=\"e-con-inner\">\n\t\t\t\t<div class=\"elementor-element elementor-element-d1c4d92 elementor-widget elementor-widget-heading\" data-id=\"d1c4d92\" data-element_type=\"widget\" data-e-type=\"widget\" data-widget_type=\"heading.default\">\n\t\t\t\t<div class=\"elementor-widget-container\">\n\t\t\t\t\t<h2 class=\"elementor-heading-title elementor-size-default\"><a href=\"#Retningslinjer\">Retningslinjer for annoncering<\/a><\/h2>\t\t\t\t<\/div>\n\t\t\t\t<\/div>\n\t\t\t\t\t<\/div>\n\t\t\t\t<\/div>\n\t\t\t\t\t<\/div>\n\t\t\t\t<\/div>\n\t\t<div class=\"elementor-element elementor-element-0a7a91f e-flex e-con-boxed e-con e-parent\" data-id=\"0a7a91f\" data-element_type=\"container\" data-e-type=\"container\">\n\t\t\t\t\t<div class=\"e-con-inner\">\n\t\t\t\t<div class=\"elementor-element elementor-element-1daed60 elementor-widget elementor-widget-text-editor\" data-id=\"1daed60\" data-element_type=\"widget\" data-e-type=\"widget\" data-widget_type=\"text-editor.default\">\n\t\t\t\t<div class=\"elementor-widget-container\">\n\t\t\t\t\t\t\t\t\t<p>Det skal v\u00e6re tydeligt for l\u00e6serne, hvad der er annoncer, og hvad der er artikler skrevet af redaktionen. Derfor skal annoncer adskille sig fra layoutet \u2013 b\u00e5de p\u00e5 portalen og i nyhedsbrevet, s\u00e5 l\u00e6serne ikke vildledes og tror, at en annonce er en artikel skrevet af redaktionen.<\/p><p>Generelt bedes annonc\u00f8rer bruge en anden font end vores. P\u00e5 websitet fremg\u00e5r ordet \u201dAnnonce\u201d automatisk lige over banneret, men ved annoncering i nyhedsbrevet b\u00f8r ordet \u201dAnnonce\u201d tydeligt fremg\u00e5 \u00f8verst i annoncen, hvis det ikke er uden for enhver tvivl, at der er tale om en annonce \u2013 s\u00e5 vi f\u00f8lger lovgivningen p\u00e5 omr\u00e5det. Hvis vi anser annoncen for at v\u00e6re for t\u00e6t p\u00e5 de redaktionelle tekster, vil vi anmode om at \u00e6ndre font og\/eller tilf\u00f8je firmaets logo, s\u00e5 det er tydeligt, at der er tale om en annonce. Dette sker for at leve op til reglerne udstukket af Forbrugerombudsmanden. Endvidere m\u00e5 der kun markedsf\u00f8res for egen virksomhed og egne produkter \u2013 dvs. ingen vildledende eller d\u00e5rlig omtale af konkurrenterne. Det er alt sammen for at sikre, at der leves op til markedsf\u00f8ringsloven.\u00a0<\/p>\t\t\t\t\t\t\t\t<\/div>\n\t\t\t\t<\/div>\n\t\t\t\t\t<\/div>\n\t\t\t\t<\/div>\n\t\t<div class=\"elementor-element elementor-element-cd1c378 e-flex e-con-boxed e-con e-parent\" data-id=\"cd1c378\" data-element_type=\"container\" data-e-type=\"container\">\n\t\t\t\t\t<div class=\"e-con-inner\">\n\t\t<div class=\"elementor-element elementor-element-ce8f3b2 e-flex e-con-boxed e-con e-child\" data-id=\"ce8f3b2\" data-element_type=\"container\" data-e-type=\"container\">\n\t\t\t\t\t<div class=\"e-con-inner\">\n\t\t\t\t<div class=\"elementor-element elementor-element-8dc3026 elementor-widget elementor-widget-toggle\" data-id=\"8dc3026\" data-element_type=\"widget\" data-e-type=\"widget\" data-widget_type=\"toggle.default\">\n\t\t\t\t<div class=\"elementor-widget-container\">\n\t\t\t\t\t\t\t<div class=\"elementor-toggle\">\n\t\t\t\t\t\t\t<div class=\"elementor-toggle-item\">\n\t\t\t\t\t<div id=\"elementor-tab-title-1481\" class=\"elementor-tab-title\" data-tab=\"1\" role=\"button\" aria-controls=\"elementor-tab-content-1481\" aria-expanded=\"false\">\n\t\t\t\t\t\t\t\t\t\t\t\t<span class=\"elementor-toggle-icon elementor-toggle-icon-right\" aria-hidden=\"true\">\n\t\t\t\t\t\t\t\t\t\t\t\t\t\t\t<span class=\"elementor-toggle-icon-closed\"><svg class=\"e-font-icon-svg e-fas-chevron-right\" viewBox=\"0 0 320 512\" xmlns=\"http:\/\/www.w3.org\/2000\/svg\"><path d=\"M285.476 272.971L91.132 467.314c-9.373 9.373-24.569 9.373-33.941 0l-22.667-22.667c-9.357-9.357-9.375-24.522-.04-33.901L188.505 256 34.484 101.255c-9.335-9.379-9.317-24.544.04-33.901l22.667-22.667c9.373-9.373 24.569-9.373 33.941 0L285.475 239.03c9.373 9.372 9.373 24.568.001 33.941z\"><\/path><\/svg><\/span>\n\t\t\t\t\t\t\t\t<span class=\"elementor-toggle-icon-opened\"><svg class=\"elementor-toggle-icon-opened e-font-icon-svg e-fas-chevron-down\" viewBox=\"0 0 448 512\" xmlns=\"http:\/\/www.w3.org\/2000\/svg\"><path d=\"M207.029 381.476L12.686 187.132c-9.373-9.373-9.373-24.569 0-33.941l22.667-22.667c9.357-9.357 24.522-9.375 33.901-.04L224 284.505l154.745-154.021c9.379-9.335 24.544-9.317 33.901.04l22.667 22.667c9.373 9.373 9.373 24.569 0 33.941L240.971 381.476c-9.373 9.372-24.569 9.372-33.942 0z\"><\/path><\/svg><\/span>\n\t\t\t\t\t\t\t\t\t\t\t\t\t<\/span>\n\t\t\t\t\t\t\t\t\t\t\t\t<a class=\"elementor-toggle-title\" tabindex=\"0\">Bannerannoncering <\/a>\n\t\t\t\t\t<\/div>\n\n\t\t\t\t\t<div id=\"elementor-tab-content-1481\" class=\"elementor-tab-content elementor-clearfix\" data-tab=\"1\" role=\"region\" aria-labelledby=\"elementor-tab-title-1481\"><p>Alle bannere leveres i faste st\u00f8rrelser ud fra vores specifikationer. Det er vigtigt, at retningslinjerne overholdes, s\u00e5 det sikres, at materialet er synligt p\u00e5 alle typer af sk\u00e6rme \u2013 b\u00e5de desktop, tablet og mobil.<\/p><p>Vi underst\u00f8tter f\u00f8lgende filformater: HTML5, JPEG, GIF og PNG.<\/p><p>Alle bannere roterer automatisk hvert 30. sekund.\u00a0<\/p><p><strong>Specifikt for videobannere (HTML5):<\/strong><\/p><p>Ved levering af videomateriale skal vi have tilsendt en zip-fil med hele kildematerialet i. Hertil g\u00e6lder, at filst\u00f8rrelsen maksimalt m\u00e5 v\u00e6re 1 MB, og videoens varighed m\u00e5 h\u00f8jest v\u00e6re 15 sekunder.<\/p><p><span style=\"letter-spacing: 0px;\">HTML5-filer kan kun bruges til bannere p\u00e5 mediesiderne, da filtypen ikke kan h\u00e5ndteres af mailprogrammer.<\/span><\/p><\/div>\n\t\t\t\t<\/div>\n\t\t\t\t\t\t\t<div class=\"elementor-toggle-item\">\n\t\t\t\t\t<div id=\"elementor-tab-title-1482\" class=\"elementor-tab-title\" data-tab=\"2\" role=\"button\" aria-controls=\"elementor-tab-content-1482\" aria-expanded=\"false\">\n\t\t\t\t\t\t\t\t\t\t\t\t<span class=\"elementor-toggle-icon elementor-toggle-icon-right\" aria-hidden=\"true\">\n\t\t\t\t\t\t\t\t\t\t\t\t\t\t\t<span class=\"elementor-toggle-icon-closed\"><svg class=\"e-font-icon-svg e-fas-chevron-right\" viewBox=\"0 0 320 512\" xmlns=\"http:\/\/www.w3.org\/2000\/svg\"><path d=\"M285.476 272.971L91.132 467.314c-9.373 9.373-24.569 9.373-33.941 0l-22.667-22.667c-9.357-9.357-9.375-24.522-.04-33.901L188.505 256 34.484 101.255c-9.335-9.379-9.317-24.544.04-33.901l22.667-22.667c9.373-9.373 24.569-9.373 33.941 0L285.475 239.03c9.373 9.372 9.373 24.568.001 33.941z\"><\/path><\/svg><\/span>\n\t\t\t\t\t\t\t\t<span class=\"elementor-toggle-icon-opened\"><svg class=\"elementor-toggle-icon-opened e-font-icon-svg e-fas-chevron-down\" viewBox=\"0 0 448 512\" xmlns=\"http:\/\/www.w3.org\/2000\/svg\"><path d=\"M207.029 381.476L12.686 187.132c-9.373-9.373-9.373-24.569 0-33.941l22.667-22.667c9.357-9.357 24.522-9.375 33.901-.04L224 284.505l154.745-154.021c9.379-9.335 24.544-9.317 33.901.04l22.667 22.667c9.373 9.373 9.373 24.569 0 33.941L240.971 381.476c-9.373 9.372-24.569 9.372-33.942 0z\"><\/path><\/svg><\/span>\n\t\t\t\t\t\t\t\t\t\t\t\t\t<\/span>\n\t\t\t\t\t\t\t\t\t\t\t\t<a class=\"elementor-toggle-title\" tabindex=\"0\">Kan jeg f\u00e5 hj\u00e6lp til grafikken?<\/a>\n\t\t\t\t\t<\/div>\n\n\t\t\t\t\t<div id=\"elementor-tab-content-1482\" class=\"elementor-tab-content elementor-clearfix\" data-tab=\"2\" role=\"region\" aria-labelledby=\"elementor-tab-title-1482\"><p>Har I brug for en grafiker til at hj\u00e6lpe med jeres udformning, er der f\u00f8lgende krav til billeder, logoer og tekst:<\/p><ul><li>Billeder skal v\u00e6re min. 200 dpi \/ 300 dpi, afh\u00e6ngigt af om det er annoncering i avis- eller magasinudgivelse, og skal v\u00e6re i filformaterne .jpeg, .tiff, .eps, .psd og .png.<\/li><li>Logo og grafiske elementer leveres som .eps eller .ai vektorgrafik.<\/li><li>Teksten sendes separat i et .docx-format eller i mailen med materialet.<\/li><\/ul><div>\u00a0<\/div><p>Materiale til produktion af os skal modtages senest 10 dage f\u00f8r, annoncekampagnen skal starte op.<\/p><p>Bannerne udarbejdes gratis, n\u00e5r der bestilles bannere for min. 2 m\u00e5neder, ellers er prisen 500 kr. pr. banner.<\/p><\/div>\n\t\t\t\t<\/div>\n\t\t\t\t\t\t\t<div class=\"elementor-toggle-item\">\n\t\t\t\t\t<div id=\"elementor-tab-title-1483\" class=\"elementor-tab-title\" data-tab=\"3\" role=\"button\" aria-controls=\"elementor-tab-content-1483\" aria-expanded=\"false\">\n\t\t\t\t\t\t\t\t\t\t\t\t<span class=\"elementor-toggle-icon elementor-toggle-icon-right\" aria-hidden=\"true\">\n\t\t\t\t\t\t\t\t\t\t\t\t\t\t\t<span class=\"elementor-toggle-icon-closed\"><svg class=\"e-font-icon-svg e-fas-chevron-right\" viewBox=\"0 0 320 512\" xmlns=\"http:\/\/www.w3.org\/2000\/svg\"><path d=\"M285.476 272.971L91.132 467.314c-9.373 9.373-24.569 9.373-33.941 0l-22.667-22.667c-9.357-9.357-9.375-24.522-.04-33.901L188.505 256 34.484 101.255c-9.335-9.379-9.317-24.544.04-33.901l22.667-22.667c9.373-9.373 24.569-9.373 33.941 0L285.475 239.03c9.373 9.372 9.373 24.568.001 33.941z\"><\/path><\/svg><\/span>\n\t\t\t\t\t\t\t\t<span class=\"elementor-toggle-icon-opened\"><svg class=\"elementor-toggle-icon-opened e-font-icon-svg e-fas-chevron-down\" viewBox=\"0 0 448 512\" xmlns=\"http:\/\/www.w3.org\/2000\/svg\"><path d=\"M207.029 381.476L12.686 187.132c-9.373-9.373-9.373-24.569 0-33.941l22.667-22.667c9.357-9.357 24.522-9.375 33.901-.04L224 284.505l154.745-154.021c9.379-9.335 24.544-9.317 33.901.04l22.667 22.667c9.373 9.373 9.373 24.569 0 33.941L240.971 381.476c-9.373 9.372-24.569 9.372-33.942 0z\"><\/path><\/svg><\/span>\n\t\t\t\t\t\t\t\t\t\t\t\t\t<\/span>\n\t\t\t\t\t\t\t\t\t\t\t\t<a class=\"elementor-toggle-title\" tabindex=\"0\">Levering af f\u00e6rdigt materiale<\/a>\n\t\t\t\t\t<\/div>\n\n\t\t\t\t\t<div id=\"elementor-tab-content-1483\" class=\"elementor-tab-content elementor-clearfix\" data-tab=\"3\" role=\"region\" aria-labelledby=\"elementor-tab-title-1483\"><p>Levering af f\u00e6rdigt materiale har deadline fem hverdage inden opstart.<\/p>\n<p>Annoncematerialet inkl. link til landingpage sendes direkte til e-mailen:&nbsp;<span style=\"text-decoration: underline;\"><a href=\"mailto:online@nordiskemedier.dk\">online@nordiskemedier.dk<\/a><\/span><\/p><\/div>\n\t\t\t\t<\/div>\n\t\t\t\t\t\t\t\t\t\t<script type=\"application\/ld+json\">{\"@context\":\"https:\\\/\\\/schema.org\",\"@type\":\"FAQPage\",\"mainEntity\":[{\"@type\":\"Question\",\"name\":\"Bannerannoncering\",\"acceptedAnswer\":{\"@type\":\"Answer\",\"text\":\"<p>Alle bannere leveres i faste st\\u00f8rrelser ud fra vores specifikationer. Det er vigtigt, at retningslinjerne overholdes, s\\u00e5 det sikres, at materialet er synligt p\\u00e5 alle typer af sk\\u00e6rme \\u2013 b\\u00e5de desktop, tablet og mobil.<\\\/p><p>Vi underst\\u00f8tter f\\u00f8lgende filformater: HTML5, JPEG, GIF og PNG.<\\\/p><p>Alle bannere roterer automatisk hvert 30. sekund.\\u00a0<\\\/p><p><strong>Specifikt for videobannere (HTML5):<\\\/strong><\\\/p><p>Ved levering af videomateriale skal vi have tilsendt en zip-fil med hele kildematerialet i. Hertil g\\u00e6lder, at filst\\u00f8rrelsen maksimalt m\\u00e5 v\\u00e6re 1 MB, og videoens varighed m\\u00e5 h\\u00f8jest v\\u00e6re 15 sekunder.<\\\/p><p><span style=\\\"letter-spacing: 0px;\\\">HTML5-filer kan kun bruges til bannere p\\u00e5 mediesiderne, da filtypen ikke kan h\\u00e5ndteres af mailprogrammer.<\\\/span><\\\/p>\"}},{\"@type\":\"Question\",\"name\":\"Kan jeg f\\u00e5 hj\\u00e6lp til grafikken?\",\"acceptedAnswer\":{\"@type\":\"Answer\",\"text\":\"<p>Har I brug for en grafiker til at hj\\u00e6lpe med jeres udformning, er der f\\u00f8lgende krav til billeder, logoer og tekst:<\\\/p><ul><li>Billeder skal v\\u00e6re min. 200 dpi \\\/ 300 dpi, afh\\u00e6ngigt af om det er annoncering i avis- eller magasinudgivelse, og skal v\\u00e6re i filformaterne .jpeg, .tiff, .eps, .psd og .png.<\\\/li><li>Logo og grafiske elementer leveres som .eps eller .ai vektorgrafik.<\\\/li><li>Teksten sendes separat i et .docx-format eller i mailen med materialet.<\\\/li><\\\/ul><div>\\u00a0<\\\/div><p>Materiale til produktion af os skal modtages senest 10 dage f\\u00f8r, annoncekampagnen skal starte op.<\\\/p><p>Bannerne udarbejdes gratis, n\\u00e5r der bestilles bannere for min. 2 m\\u00e5neder, ellers er prisen 500 kr. pr. banner.<\\\/p>\"}},{\"@type\":\"Question\",\"name\":\"Levering af f\\u00e6rdigt materiale\",\"acceptedAnswer\":{\"@type\":\"Answer\",\"text\":\"<p>Levering af f\\u00e6rdigt materiale har deadline fem hverdage inden opstart.<\\\/p>\\n<p>Annoncematerialet inkl. link til landingpage sendes direkte til e-mailen:&nbsp;<span style=\\\"text-decoration: underline;\\\"><a href=\\\"mailto:online@nordiskemedier.dk\\\">online@nordiskemedier.dk<\\\/a><\\\/span><\\\/p>\"}}]}<\/script>\n\t\t\t\t\t<\/div>\n\t\t\t\t\t\t<\/div>\n\t\t\t\t<\/div>\n\t\t\t\t\t<\/div>\n\t\t\t\t<\/div>\n\t\t\t\t\t<\/div>\n\t\t\t\t<\/div>\n\t\t<div class=\"elementor-element elementor-element-b3797ae e-flex e-con-boxed e-con e-parent\" data-id=\"b3797ae\" data-element_type=\"container\" data-e-type=\"container\" data-settings=\"{&quot;background_background&quot;:&quot;classic&quot;}\">\n\t\t\t\t\t<div class=\"e-con-inner\">\n\t\t<div class=\"elementor-element elementor-element-11721a9 e-flex e-con-boxed e-con e-child\" data-id=\"11721a9\" data-element_type=\"container\" data-e-type=\"container\" data-settings=\"{&quot;background_background&quot;:&quot;classic&quot;}\">\n\t\t\t\t\t<div class=\"e-con-inner\">\n\t\t<div class=\"elementor-element elementor-element-6e06f92 e-flex e-con-boxed e-con e-child\" data-id=\"6e06f92\" data-element_type=\"container\" data-e-type=\"container\" data-settings=\"{&quot;background_background&quot;:&quot;classic&quot;}\">\n\t\t\t\t\t<div class=\"e-con-inner\">\n\t\t<div class=\"elementor-element elementor-element-37dfee4 e-flex e-con-boxed e-con e-child\" data-id=\"37dfee4\" data-element_type=\"container\" data-e-type=\"container\" data-settings=\"{&quot;background_background&quot;:&quot;classic&quot;}\">\n\t\t\t\t\t<div class=\"e-con-inner\">\n\t\t\t\t\t<\/div>\n\t\t\t\t<\/div>\n\t\t\t\t\t<\/div>\n\t\t\t\t<\/div>\n\t\t\t\t\t<\/div>\n\t\t\t\t<\/div>\n\t\t\t\t\t<\/div>\n\t\t\t\t<\/div>\n\t\t\t\t<\/div>\n\t\t","protected":false},"excerpt":{"rendered":"<p>Bannerformater og priser Priserne p\u00e5 siden er g\u00e6ldende for: RetailNews, Plastforum, Electronic Supply og MedTechNews Online bannerannoncering Billboard banner Billboard banner vises \u00f8verst p\u00e5 mediets hjemmeside. Pris: 9.900 kr. pr. m\u00e5ned Enheder: Desktop, tablet, mobilDesktop-format: 1568 x 864 pixels (BxH)Mindre sk\u00e6rme: 980 x 540 pixels (BxH)Mobil: 300 x 100 pixels (BxH)Filformater: JPEG, GIF, PNG, HTML [&hellip;]<\/p>\n","protected":false},"author":4,"featured_media":0,"parent":0,"menu_order":9,"comment_status":"closed","ping_status":"closed","template":"","meta":{"_acf_changed":false,"inline_featured_image":false,"footnotes":"","_links_to":"","_links_to_target":""},"class_list":["post-49819","page","type-page","status-publish","hentry"],"acf":[],"_links":{"self":[{"href":"https:\/\/nordiskemediehus.dk\/se\/wp-json\/wp\/v2\/pages\/49819","targetHints":{"allow":["GET"]}}],"collection":[{"href":"https:\/\/nordiskemediehus.dk\/se\/wp-json\/wp\/v2\/pages"}],"about":[{"href":"https:\/\/nordiskemediehus.dk\/se\/wp-json\/wp\/v2\/types\/page"}],"author":[{"embeddable":true,"href":"https:\/\/nordiskemediehus.dk\/se\/wp-json\/wp\/v2\/users\/4"}],"replies":[{"embeddable":true,"href":"https:\/\/nordiskemediehus.dk\/se\/wp-json\/wp\/v2\/comments?post=49819"}],"version-history":[{"count":22,"href":"https:\/\/nordiskemediehus.dk\/se\/wp-json\/wp\/v2\/pages\/49819\/revisions"}],"predecessor-version":[{"id":62046,"href":"https:\/\/nordiskemediehus.dk\/se\/wp-json\/wp\/v2\/pages\/49819\/revisions\/62046"}],"wp:attachment":[{"href":"https:\/\/nordiskemediehus.dk\/se\/wp-json\/wp\/v2\/media?parent=49819"}],"curies":[{"name":"wp","href":"https:\/\/api.w.org\/{rel}","templated":true}]}}