{"id":50869,"date":"2025-09-26T09:02:16","date_gmt":"2025-09-26T09:02:16","guid":{"rendered":"https:\/\/nordiskemediehus.dk\/?page_id=50869"},"modified":"2026-01-30T12:57:27","modified_gmt":"2026-01-30T12:57:27","slug":"onlinebanneformater","status":"publish","type":"page","link":"https:\/\/nordiskemediehus.dk\/se\/onlinebanneformater\/","title":{"rendered":"Bannerformater"},"content":{"rendered":"<div data-elementor-type=\"wp-page\" data-elementor-id=\"50869\" class=\"elementor elementor-50869\" data-elementor-post-type=\"page\">\n\t\t\t\t<div class=\"elementor-element elementor-element-9b9fe3f e-flex e-con-boxed e-con e-parent\" data-id=\"9b9fe3f\" data-element_type=\"container\" data-settings=\"{&quot;background_background&quot;:&quot;classic&quot;,&quot;container_type&quot;:&quot;flex&quot;,&quot;content_width&quot;:&quot;boxed&quot;}\" data-core-v316-plus=\"true\">\n\t\t\t\t\t<div class=\"e-con-inner\">\n\t\t<div class=\"elementor-element elementor-element-dcbeb5e e-flex e-con-boxed e-con e-child\" data-id=\"dcbeb5e\" data-element_type=\"container\" data-settings=\"{&quot;background_background&quot;:&quot;classic&quot;,&quot;container_type&quot;:&quot;flex&quot;,&quot;content_width&quot;:&quot;boxed&quot;}\">\n\t\t\t\t\t<div class=\"e-con-inner\">\n\t\t<div class=\"elementor-element elementor-element-ef76dd0 e-flex e-con-boxed e-con e-child\" data-id=\"ef76dd0\" data-element_type=\"container\" data-settings=\"{&quot;background_background&quot;:&quot;classic&quot;,&quot;container_type&quot;:&quot;flex&quot;,&quot;content_width&quot;:&quot;boxed&quot;}\">\n\t\t\t\t\t<div class=\"e-con-inner\">\n\t\t<div class=\"elementor-element elementor-element-02ea3a6 e-flex e-con-boxed e-con e-child\" data-id=\"02ea3a6\" data-element_type=\"container\" data-settings=\"{&quot;container_type&quot;:&quot;flex&quot;,&quot;content_width&quot;:&quot;boxed&quot;}\">\n\t\t\t\t\t<div class=\"e-con-inner\">\n\t\t\t\t<div class=\"elementor-element elementor-element-c62e8e5 elementor-widget elementor-widget-heading\" data-id=\"c62e8e5\" data-element_type=\"widget\" data-widget_type=\"heading.default\">\n\t\t\t\t<div class=\"elementor-widget-container\">\n\t\t\t<style>\/*! elementor - v3.19.0 - 28-02-2024 *\/\n.elementor-heading-title{padding:0;margin:0;line-height:1}.elementor-widget-heading .elementor-heading-title[class*=elementor-size-]>a{color:inherit;font-size:inherit;line-height:inherit}.elementor-widget-heading .elementor-heading-title.elementor-size-small{font-size:15px}.elementor-widget-heading .elementor-heading-title.elementor-size-medium{font-size:19px}.elementor-widget-heading .elementor-heading-title.elementor-size-large{font-size:29px}.elementor-widget-heading .elementor-heading-title.elementor-size-xl{font-size:39px}.elementor-widget-heading .elementor-heading-title.elementor-size-xxl{font-size:59px}<\/style><h2 class=\"elementor-heading-title elementor-size-default\">Online bannerformater<\/h2>\t\t<\/div>\n\t\t\t\t<\/div>\n\t\t\t\t\t<\/div>\n\t\t\t\t<\/div>\n\t\t\t\t\t<\/div>\n\t\t\t\t<\/div>\n\t\t\t\t\t<\/div>\n\t\t\t\t<\/div>\n\t\t\t\t\t<\/div>\n\t\t\t\t<\/div>\n\t\t<div class=\"elementor-element elementor-element-bf8ebbd e-flex e-con-boxed e-con e-parent\" data-id=\"bf8ebbd\" data-element_type=\"container\" data-settings=\"{&quot;container_type&quot;:&quot;flex&quot;,&quot;content_width&quot;:&quot;boxed&quot;}\" data-core-v316-plus=\"true\">\n\t\t\t\t\t<div class=\"e-con-inner\">\n\t\t\t\t<div class=\"elementor-element elementor-element-fa0a498 elementor-widget elementor-widget-menu-anchor\" data-id=\"fa0a498\" data-element_type=\"widget\" data-widget_type=\"menu-anchor.default\">\n\t\t\t\t<div class=\"elementor-widget-container\">\n\t\t\t<style>\/*! elementor - v3.19.0 - 28-02-2024 *\/\nbody.elementor-page .elementor-widget-menu-anchor{margin-bottom:0}<\/style>\t\t<div id=\"Retningslinjer\" class=\"elementor-menu-anchor\"><\/div>\n\t\t\t\t<\/div>\n\t\t\t\t<\/div>\n\t\t\t\t\t<\/div>\n\t\t\t\t<\/div>\n\t\t<div class=\"elementor-element elementor-element-53ced33 e-flex e-con-boxed e-con e-parent\" data-id=\"53ced33\" data-element_type=\"container\" data-settings=\"{&quot;container_type&quot;:&quot;flex&quot;,&quot;content_width&quot;:&quot;boxed&quot;}\" data-core-v316-plus=\"true\">\n\t\t\t\t\t<div class=\"e-con-inner\">\n\t\t<div class=\"elementor-element elementor-element-8aeb3ef e-flex e-con-boxed e-con e-child\" data-id=\"8aeb3ef\" data-element_type=\"container\" data-settings=\"{&quot;container_type&quot;:&quot;flex&quot;,&quot;content_width&quot;:&quot;boxed&quot;}\">\n\t\t\t\t\t<div class=\"e-con-inner\">\n\t\t\t\t<div class=\"elementor-element elementor-element-d1c4d92 elementor-widget elementor-widget-heading\" data-id=\"d1c4d92\" data-element_type=\"widget\" data-widget_type=\"heading.default\">\n\t\t\t\t<div class=\"elementor-widget-container\">\n\t\t\t<h2 class=\"elementor-heading-title elementor-size-default\"><a href=\"#Retningslinjer\">Riktlinjer f\u00f6r annonsering<\/a><\/h2>\t\t<\/div>\n\t\t\t\t<\/div>\n\t\t\t\t\t<\/div>\n\t\t\t\t<\/div>\n\t\t\t\t\t<\/div>\n\t\t\t\t<\/div>\n\t\t<div class=\"elementor-element elementor-element-0a7a91f e-flex e-con-boxed e-con e-parent\" data-id=\"0a7a91f\" data-element_type=\"container\" data-settings=\"{&quot;container_type&quot;:&quot;flex&quot;,&quot;content_width&quot;:&quot;boxed&quot;}\" data-core-v316-plus=\"true\">\n\t\t\t\t\t<div class=\"e-con-inner\">\n\t\t\t\t<div class=\"elementor-element elementor-element-1daed60 elementor-widget elementor-widget-text-editor\" data-id=\"1daed60\" data-element_type=\"widget\" data-widget_type=\"text-editor.default\">\n\t\t\t\t<div class=\"elementor-widget-container\">\n\t\t\t\t\t\t\t<p>Det ska vara tydligt f\u00f6r l\u00e4sarna vad som \u00e4r annonser och vad som \u00e4r artiklar skrivna av redaktionen. D\u00e4rf\u00f6r m\u00e5ste annonser skilja sig fr\u00e5n layouten \u2013 b\u00e5de p\u00e5 portalen och i nyhetsbrevet, s\u00e5 att l\u00e4sarna inte vilseleds och tror att en annons \u00e4r en artikel skriven av redaktionen.<\/p><p>Generellt ombeds annons\u00f6rer att anv\u00e4nda ett annat typsnitt \u00e4n v\u00e5rt. P\u00e5 webbplatsen visas ordet \u201dAnnons\u201d automatiskt precis ovanf\u00f6r bannern, men vid annonsering i nyhetsbrevet b\u00f6r ordet \u201dAnnons\u201d tydligt framg\u00e5 h\u00f6gst upp i annonsen, om det inte redan \u00e4r helt uppenbart att det r\u00f6r sig om en annons \u2013 s\u00e5 att vi f\u00f6ljer lagstiftningen p\u00e5 omr\u00e5det. Om vi bed\u00f6mer att annonsen ligger f\u00f6r n\u00e4ra de redaktionella texterna kommer vi att beg\u00e4ra att typsnittet \u00e4ndras och\/eller att f\u00f6retagets logotyp l\u00e4ggs till, s\u00e5 att det tydligt framg\u00e5r att det \u00e4r en annons. Detta sker f\u00f6r att leva upp till reglerna fr\u00e5n Konsumentombudsmannen. Vidare f\u00e5r det endast marknadsf\u00f6ras f\u00f6r det egna f\u00f6retaget och de egna produkterna \u2013 dvs. ingen vilseledande eller negativ framst\u00e4llning av konkurrenter. Allt detta \u00e4r f\u00f6r att s\u00e4kerst\u00e4lla att vi f\u00f6ljer marknadsf\u00f6ringslagen.\u00a0<\/p>\t\t\t\t\t\t<\/div>\n\t\t\t\t<\/div>\n\t\t\t\t\t<\/div>\n\t\t\t\t<\/div>\n\t\t<div class=\"elementor-element elementor-element-cd1c378 e-flex e-con-boxed e-con e-parent\" data-id=\"cd1c378\" data-element_type=\"container\" data-settings=\"{&quot;container_type&quot;:&quot;flex&quot;,&quot;content_width&quot;:&quot;boxed&quot;}\" data-core-v316-plus=\"true\">\n\t\t\t\t\t<div class=\"e-con-inner\">\n\t\t<div class=\"elementor-element elementor-element-ce8f3b2 e-flex e-con-boxed e-con e-child\" data-id=\"ce8f3b2\" data-element_type=\"container\" data-settings=\"{&quot;container_type&quot;:&quot;flex&quot;,&quot;content_width&quot;:&quot;boxed&quot;}\">\n\t\t\t\t\t<div class=\"e-con-inner\">\n\t\t\t\t<div class=\"elementor-element elementor-element-8dc3026 elementor-widget elementor-widget-toggle\" data-id=\"8dc3026\" data-element_type=\"widget\" data-widget_type=\"toggle.default\">\n\t\t\t\t<div class=\"elementor-widget-container\">\n\t\t\t<style>\/*! elementor - v3.19.0 - 28-02-2024 *\/\n.elementor-toggle{text-align:left}.elementor-toggle .elementor-tab-title{font-weight:700;line-height:1;margin:0;padding:15px;border-bottom:1px solid #d5d8dc;cursor:pointer;outline:none}.elementor-toggle .elementor-tab-title .elementor-toggle-icon{display:inline-block;width:1em}.elementor-toggle .elementor-tab-title .elementor-toggle-icon svg{margin-inline-start:-5px;width:1em;height:1em}.elementor-toggle .elementor-tab-title .elementor-toggle-icon.elementor-toggle-icon-right{float:right;text-align:right}.elementor-toggle .elementor-tab-title .elementor-toggle-icon.elementor-toggle-icon-left{float:left;text-align:left}.elementor-toggle .elementor-tab-title .elementor-toggle-icon .elementor-toggle-icon-closed{display:block}.elementor-toggle .elementor-tab-title .elementor-toggle-icon .elementor-toggle-icon-opened{display:none}.elementor-toggle .elementor-tab-title.elementor-active{border-bottom:none}.elementor-toggle .elementor-tab-title.elementor-active .elementor-toggle-icon-closed{display:none}.elementor-toggle .elementor-tab-title.elementor-active .elementor-toggle-icon-opened{display:block}.elementor-toggle .elementor-tab-content{padding:15px;border-bottom:1px solid #d5d8dc;display:none}@media (max-width:767px){.elementor-toggle .elementor-tab-title{padding:12px}.elementor-toggle .elementor-tab-content{padding:12px 10px}}.e-con-inner>.elementor-widget-toggle,.e-con>.elementor-widget-toggle{width:var(--container-widget-width);--flex-grow:var(--container-widget-flex-grow)}<\/style>\t\t<div class=\"elementor-toggle\">\n\t\t\t\t\t\t\t<div class=\"elementor-toggle-item\">\n\t\t\t\t\t<div id=\"elementor-tab-title-1481\" class=\"elementor-tab-title\" data-tab=\"1\" role=\"button\" aria-controls=\"elementor-tab-content-1481\" aria-expanded=\"false\">\n\t\t\t\t\t\t\t\t\t\t\t\t<span class=\"elementor-toggle-icon elementor-toggle-icon-right\" aria-hidden=\"true\">\n\t\t\t\t\t\t\t\t\t\t\t\t\t\t\t<span class=\"elementor-toggle-icon-closed\"><svg class=\"e-font-icon-svg e-fas-chevron-right\" viewbox=\"0 0 320 512\" xmlns=\"http:\/\/www.w3.org\/2000\/svg\"><path d=\"M285.476 272.971L91.132 467.314c-9.373 9.373-24.569 9.373-33.941 0l-22.667-22.667c-9.357-9.357-9.375-24.522-.04-33.901L188.505 256 34.484 101.255c-9.335-9.379-9.317-24.544.04-33.901l22.667-22.667c9.373-9.373 24.569-9.373 33.941 0L285.475 239.03c9.373 9.372 9.373 24.568.001 33.941z\"><\/path><\/svg><\/span>\n\t\t\t\t\t\t\t\t<span class=\"elementor-toggle-icon-opened\"><svg class=\"elementor-toggle-icon-opened e-font-icon-svg e-fas-chevron-down\" viewbox=\"0 0 448 512\" xmlns=\"http:\/\/www.w3.org\/2000\/svg\"><path d=\"M207.029 381.476L12.686 187.132c-9.373-9.373-9.373-24.569 0-33.941l22.667-22.667c9.357-9.357 24.522-9.375 33.901-.04L224 284.505l154.745-154.021c9.379-9.335 24.544-9.317 33.901.04l22.667 22.667c9.373 9.373 9.373 24.569 0 33.941L240.971 381.476c-9.373 9.372-24.569 9.372-33.942 0z\"><\/path><\/svg><\/span>\n\t\t\t\t\t\t\t\t\t\t\t\t\t<\/span>\n\t\t\t\t\t\t\t\t\t\t\t\t<a class=\"elementor-toggle-title\" tabindex=\"0\">Bannerannonsering <\/a>\n\t\t\t\t\t<\/div>\n\n\t\t\t\t\t<div id=\"elementor-tab-content-1481\" class=\"elementor-tab-content elementor-clearfix\" data-tab=\"1\" role=\"region\" aria-labelledby=\"elementor-tab-title-1481\"><p>Alla banners levereras i fasta storlekar enligt v\u00e5ra specifikationer. Det \u00e4r viktigt att riktlinjerna f\u00f6ljs f\u00f6r att s\u00e4kerst\u00e4lla att materialet \u00e4r synligt p\u00e5 alla typer av sk\u00e4rmar \u2013 b\u00e5de desktop, surfplatta och mobil.<\/p><p>Vi st\u00f6der f\u00f6ljande filformat: HTML5, JPEG, GIF och PNG.<\/p><p>Alla banners roterar automatiskt var 15 sekund.\u00a0<\/p><p><strong>Specifikt f\u00f6r videobanners (HTML5):<\/strong><\/p><p>Vid leverans av videomateriale ska vi f\u00e5 en zip-fil med allt k\u00e4llmaterial. Filstorleken f\u00e5r maximalt vara 1 MB, och videons l\u00e4ngd f\u00e5r h\u00f6gst vara 15 sekunder.<\/p><p><span style=\"letter-spacing: 0px;\">HTML5-filer kan endast anv\u00e4ndas f\u00f6r banners p\u00e5 mediasidorna, eftersom filtypen inte kan hanteras av e-postprogram.<\/span><\/p><\/div>\n\t\t\t\t<\/div>\n\t\t\t\t\t\t\t<div class=\"elementor-toggle-item\">\n\t\t\t\t\t<div id=\"elementor-tab-title-1482\" class=\"elementor-tab-title\" data-tab=\"2\" role=\"button\" aria-controls=\"elementor-tab-content-1482\" aria-expanded=\"false\">\n\t\t\t\t\t\t\t\t\t\t\t\t<span class=\"elementor-toggle-icon elementor-toggle-icon-right\" aria-hidden=\"true\">\n\t\t\t\t\t\t\t\t\t\t\t\t\t\t\t<span class=\"elementor-toggle-icon-closed\"><svg class=\"e-font-icon-svg e-fas-chevron-right\" viewbox=\"0 0 320 512\" xmlns=\"http:\/\/www.w3.org\/2000\/svg\"><path d=\"M285.476 272.971L91.132 467.314c-9.373 9.373-24.569 9.373-33.941 0l-22.667-22.667c-9.357-9.357-9.375-24.522-.04-33.901L188.505 256 34.484 101.255c-9.335-9.379-9.317-24.544.04-33.901l22.667-22.667c9.373-9.373 24.569-9.373 33.941 0L285.475 239.03c9.373 9.372 9.373 24.568.001 33.941z\"><\/path><\/svg><\/span>\n\t\t\t\t\t\t\t\t<span class=\"elementor-toggle-icon-opened\"><svg class=\"elementor-toggle-icon-opened e-font-icon-svg e-fas-chevron-down\" viewbox=\"0 0 448 512\" xmlns=\"http:\/\/www.w3.org\/2000\/svg\"><path d=\"M207.029 381.476L12.686 187.132c-9.373-9.373-9.373-24.569 0-33.941l22.667-22.667c9.357-9.357 24.522-9.375 33.901-.04L224 284.505l154.745-154.021c9.379-9.335 24.544-9.317 33.901.04l22.667 22.667c9.373 9.373 9.373 24.569 0 33.941L240.971 381.476c-9.373 9.372-24.569 9.372-33.942 0z\"><\/path><\/svg><\/span>\n\t\t\t\t\t\t\t\t\t\t\t\t\t<\/span>\n\t\t\t\t\t\t\t\t\t\t\t\t<a class=\"elementor-toggle-title\" tabindex=\"0\">Kan jag f\u00e5 hj\u00e4lp med grafiken?<\/a>\n\t\t\t\t\t<\/div>\n\n\t\t\t\t\t<div id=\"elementor-tab-content-1482\" class=\"elementor-tab-content elementor-clearfix\" data-tab=\"2\" role=\"region\" aria-labelledby=\"elementor-tab-title-1482\"><p>Om ni beh\u00f6ver en grafiker som kan hj\u00e4lpa till med er utformning, g\u00e4ller f\u00f6ljande krav f\u00f6r bilder, logotyper och text:<\/p><p>Bilder ska vara minst 200 DPI \/ 300 DPI, beroende p\u00e5 om det g\u00e4ller annonsering i tidning eller magasin, och ska vara i filformaten .jpg, .tiff, .eps, .psd och .png. Logotyper och grafiska element levereras som .eps- eller .ai-vektorgrafik.<\/p><p>Texten skickas separat i .docx-format eller i e-posten med materialet.<br \/>Material f\u00f6r produktion av oss ska tas emot senast 10 dagar f\u00f6re starten av annonskampanjen.<\/p><p>Banners skapas kostnadsfritt vid best\u00e4llning av banners i minst 2 m\u00e5nader, annars \u00e4r priset 500 kr per banner.<\/p><\/div>\n\t\t\t\t<\/div>\n\t\t\t\t\t\t\t<div class=\"elementor-toggle-item\">\n\t\t\t\t\t<div id=\"elementor-tab-title-1483\" class=\"elementor-tab-title\" data-tab=\"3\" role=\"button\" aria-controls=\"elementor-tab-content-1483\" aria-expanded=\"false\">\n\t\t\t\t\t\t\t\t\t\t\t\t<span class=\"elementor-toggle-icon elementor-toggle-icon-right\" aria-hidden=\"true\">\n\t\t\t\t\t\t\t\t\t\t\t\t\t\t\t<span class=\"elementor-toggle-icon-closed\"><svg class=\"e-font-icon-svg e-fas-chevron-right\" viewbox=\"0 0 320 512\" xmlns=\"http:\/\/www.w3.org\/2000\/svg\"><path d=\"M285.476 272.971L91.132 467.314c-9.373 9.373-24.569 9.373-33.941 0l-22.667-22.667c-9.357-9.357-9.375-24.522-.04-33.901L188.505 256 34.484 101.255c-9.335-9.379-9.317-24.544.04-33.901l22.667-22.667c9.373-9.373 24.569-9.373 33.941 0L285.475 239.03c9.373 9.372 9.373 24.568.001 33.941z\"><\/path><\/svg><\/span>\n\t\t\t\t\t\t\t\t<span class=\"elementor-toggle-icon-opened\"><svg class=\"elementor-toggle-icon-opened e-font-icon-svg e-fas-chevron-down\" viewbox=\"0 0 448 512\" xmlns=\"http:\/\/www.w3.org\/2000\/svg\"><path d=\"M207.029 381.476L12.686 187.132c-9.373-9.373-9.373-24.569 0-33.941l22.667-22.667c9.357-9.357 24.522-9.375 33.901-.04L224 284.505l154.745-154.021c9.379-9.335 24.544-9.317 33.901.04l22.667 22.667c9.373 9.373 9.373 24.569 0 33.941L240.971 381.476c-9.373 9.372-24.569 9.372-33.942 0z\"><\/path><\/svg><\/span>\n\t\t\t\t\t\t\t\t\t\t\t\t\t<\/span>\n\t\t\t\t\t\t\t\t\t\t\t\t<a class=\"elementor-toggle-title\" tabindex=\"0\">Leverans av f\u00e4rdigt material<\/a>\n\t\t\t\t\t<\/div>\n\n\t\t\t\t\t<div id=\"elementor-tab-content-1483\" class=\"elementor-tab-content elementor-clearfix\" data-tab=\"3\" role=\"region\" aria-labelledby=\"elementor-tab-title-1483\"><p>Leverans av f\u00e4rdigt material har deadline tv\u00e5 arbetsdagar f\u00f6re start.<\/p><p>Annonsmaterialet inkl. l\u00e4nk till landningssida skickas direkt till e-postadressen:\u00a0<span style=\"text-decoration: underline;\"><a href=\"mailto:online@nordiskemedier.dk\">online@nordiskemedier.dk<\/a><\/span><\/p><\/div>\n\t\t\t\t<\/div>\n\t\t\t\t\t\t\t\t\t\t<script type=\"application\/ld+json\">{\"@context\":\"https:\\\/\\\/schema.org\",\"@type\":\"FAQPage\",\"mainEntity\":[{\"@type\":\"Question\",\"name\":\"Bannerannoncering\",\"acceptedAnswer\":{\"@type\":\"Answer\",\"text\":\"<p>Alle bannere leveres i faste st\\u00f8rrelser ud fra vores specifikationer. Det er vigtigt, at retningslinjerne overholdes, s\\u00e5 det sikres, at materialet er synligt p\\u00e5 alle typer af sk\\u00e6rme \\u2013 b\\u00e5de desktop, tablet og mobil.<\\\/p><p>Vi underst\\u00f8tter f\\u00f8lgende filformater: HTML5, JPEG, GIF og PNG.<\\\/p><p>Alle bannere roterer automatisk hvert 15. sekund.\\u00a0<\\\/p><p><strong>Specifikt for videobannere (HTML5):<\\\/strong><\\\/p><p>Ved levering af videomateriale skal vi have tilsendt en zip-fil med hele kildematerialet i. Hertil g\\u00e6lder, at filst\\u00f8rrelsen maksimalt m\\u00e5 v\\u00e6re 1 MB, og videoens varighed m\\u00e5 h\\u00f8jest v\\u00e6re 15 sekunder.<\\\/p><p><span style=\\\"letter-spacing: 0px;\\\">HTML5-filer kan kun bruges til bannere p\\u00e5 mediesiderne, da filtypen ikke kan h\\u00e5ndteres af mailprogrammer.<\\\/span><\\\/p>\"}},{\"@type\":\"Question\",\"name\":\"Kan jeg f\\u00e5 hj\\u00e6lp til grafikken?\",\"acceptedAnswer\":{\"@type\":\"Answer\",\"text\":\"<p>Har I brug for en grafiker til at hj\\u00e6lpe med jeres udformning, er der f\\u00f8lgende krav til billeder, logoer og tekst:<\\\/p><p>Billeder skal v\\u00e6re min. 200 DPI \\\/ 300 DPI, afh\\u00e6ngigt af om det er annoncering i avis- eller magasinudgivelse, og skal v\\u00e6re i filformaterne .jpg, .tiff, .eps, .psd og .png. Logo og grafiske elementer leveres som .eps eller .ai vektorgrafik.<\\\/p><p>Teksten sendes separat i et .docx-format eller i mailen med materiale.<br \\\/>Materiale til produktion af os skal modtages senest 10 dage f\\u00f8r, annoncekampagnen skal starte op.<\\\/p><p>Bannerne udarbejdes gratis, n\\u00e5r der bestilles bannere for min. 2 m\\u00e5neder, ellers er prisen 500 kr. pr. banner.<\\\/p>\"}},{\"@type\":\"Question\",\"name\":\"Levering af f\\u00e6rdigt materiale\",\"acceptedAnswer\":{\"@type\":\"Answer\",\"text\":\"<p>Levering af f\\u00e6rdigt materiale har deadline to hverdage inden opstart.<\\\/p><p>Annoncematerialet inkl. link til landingpage sendes direkte til e-mailen:\\u00a0<span style=\\\"text-decoration: underline;\\\"><a href=\\\"mailto:online@nordiskemedier.dk\\\">online@nordiskemedier.dk<\\\/a><\\\/span><\\\/p>\"}}]}<\/script>\n\t\t\t\t\t<\/div>\n\t\t\t\t<\/div>\n\t\t\t\t<\/div>\n\t\t\t\t\t<\/div>\n\t\t\t\t<\/div>\n\t\t\t\t\t<\/div>\n\t\t\t\t<\/div>\n\t\t<div class=\"elementor-element elementor-element-b3797ae e-flex e-con-boxed e-con e-parent\" data-id=\"b3797ae\" data-element_type=\"container\" data-settings=\"{&quot;background_background&quot;:&quot;classic&quot;,&quot;container_type&quot;:&quot;flex&quot;,&quot;content_width&quot;:&quot;boxed&quot;}\" data-core-v316-plus=\"true\">\n\t\t\t\t\t<div class=\"e-con-inner\">\n\t\t<div class=\"elementor-element elementor-element-11721a9 e-flex e-con-boxed e-con e-child\" data-id=\"11721a9\" data-element_type=\"container\" data-settings=\"{&quot;background_background&quot;:&quot;classic&quot;,&quot;container_type&quot;:&quot;flex&quot;,&quot;content_width&quot;:&quot;boxed&quot;}\">\n\t\t\t\t\t<div class=\"e-con-inner\">\n\t\t<div class=\"elementor-element elementor-element-6e06f92 e-flex e-con-boxed e-con e-child\" data-id=\"6e06f92\" data-element_type=\"container\" data-settings=\"{&quot;background_background&quot;:&quot;classic&quot;,&quot;container_type&quot;:&quot;flex&quot;,&quot;content_width&quot;:&quot;boxed&quot;}\">\n\t\t\t\t\t<div class=\"e-con-inner\">\n\t\t<div class=\"elementor-element elementor-element-37dfee4 e-flex e-con-boxed e-con e-child\" data-id=\"37dfee4\" data-element_type=\"container\" data-settings=\"{&quot;background_background&quot;:&quot;classic&quot;,&quot;container_type&quot;:&quot;flex&quot;,&quot;content_width&quot;:&quot;boxed&quot;}\">\n\t\t\t\t\t<div class=\"e-con-inner\">\n\t\t\t\t\t<\/div>\n\t\t\t\t<\/div>\n\t\t\t\t\t<\/div>\n\t\t\t\t<\/div>\n\t\t\t\t\t<\/div>\n\t\t\t\t<\/div>\n\t\t\t\t\t<\/div>\n\t\t\t\t<\/div>\n\t\t\t\t<\/div>","protected":false},"excerpt":{"rendered":"<p>Online bannerformater Billboard banner Billboard banner vises \u00f8verst p\u00e5 mediets hjemmeside. Enheder: Desktop, tablet, mobilDesktop-format: 1568 x 864 pixels (BxH)Mindre sk\u00e6rme: 980 x 540 pixels (BxH)Mobil: 300 x 100 pixels (BxH)Filformater: JPEG, GIF, PNG, HTML eller script Maks. filst\u00f8rrelse:Statisk billede eller animeret GIF: 150 kBHTML5 (ikke komprimeret) eller script: 1 MB Bem\u00e6rk: Ved video anbefales [&hellip;]<\/p>","protected":false},"author":2,"featured_media":0,"parent":0,"menu_order":9,"comment_status":"closed","ping_status":"closed","template":"","meta":{"_acf_changed":false,"inline_featured_image":false,"footnotes":"","_links_to":"","_links_to_target":""},"class_list":["post-50869","page","type-page","status-publish","hentry"],"acf":[],"_links":{"self":[{"href":"https:\/\/nordiskemediehus.dk\/se\/wp-json\/wp\/v2\/pages\/50869","targetHints":{"allow":["GET"]}}],"collection":[{"href":"https:\/\/nordiskemediehus.dk\/se\/wp-json\/wp\/v2\/pages"}],"about":[{"href":"https:\/\/nordiskemediehus.dk\/se\/wp-json\/wp\/v2\/types\/page"}],"author":[{"embeddable":true,"href":"https:\/\/nordiskemediehus.dk\/se\/wp-json\/wp\/v2\/users\/2"}],"replies":[{"embeddable":true,"href":"https:\/\/nordiskemediehus.dk\/se\/wp-json\/wp\/v2\/comments?post=50869"}],"version-history":[{"count":11,"href":"https:\/\/nordiskemediehus.dk\/se\/wp-json\/wp\/v2\/pages\/50869\/revisions"}],"predecessor-version":[{"id":60171,"href":"https:\/\/nordiskemediehus.dk\/se\/wp-json\/wp\/v2\/pages\/50869\/revisions\/60171"}],"wp:attachment":[{"href":"https:\/\/nordiskemediehus.dk\/se\/wp-json\/wp\/v2\/media?parent=50869"}],"curies":[{"name":"wp","href":"https:\/\/api.w.org\/{rel}","templated":true}]}}