{"id":62056,"date":"2026-03-27T06:44:51","date_gmt":"2026-03-27T06:44:51","guid":{"rendered":"https:\/\/nordiskemediehus.dk\/?page_id=62056"},"modified":"2026-03-30T06:12:19","modified_gmt":"2026-03-30T06:12:19","slug":"virksomhedsloesning-kontaktformular","status":"publish","type":"page","link":"https:\/\/nordiskemediehus.dk\/se\/virksomhedsloesning-kontaktformular\/","title":{"rendered":"Virksomhedsl\u00f8sning Kontaktformular"},"content":{"rendered":"<div data-elementor-type=\"wp-page\" data-elementor-id=\"62056\" class=\"elementor elementor-62056\" data-elementor-post-type=\"page\">\n\t\t\t\t<div class=\"elementor-element elementor-element-7ee2f7a e-flex e-con-boxed e-con e-parent\" data-id=\"7ee2f7a\" data-element_type=\"container\" data-settings=\"{&quot;background_background&quot;:&quot;classic&quot;,&quot;container_type&quot;:&quot;flex&quot;,&quot;content_width&quot;:&quot;boxed&quot;}\" data-core-v316-plus=\"true\">\n\t\t\t\t\t<div class=\"e-con-inner\">\n\t\t\t\t\t<\/div>\n\t\t\t\t<\/div>\n\t\t\t\t<\/div>","protected":false},"excerpt":{"rendered":"<p>Overskrift Nordiske Mediers virksomhedsl\u00f8sning F\u00e5 en l\u00f8sning, der passer til jeres virksomhed Udfyld formularen og beskriv dine behov, og du vil blive kontaktet Brugere Branche Virksomhed Kontakt<\/p>","protected":false},"author":4,"featured_media":0,"parent":0,"menu_order":0,"comment_status":"closed","ping_status":"closed","template":"","meta":{"_acf_changed":false,"inline_featured_image":false,"footnotes":"","_links_to":"","_links_to_target":""},"class_list":["post-62056","page","type-page","status-publish","hentry"],"acf":[],"_links":{"self":[{"href":"https:\/\/nordiskemediehus.dk\/se\/wp-json\/wp\/v2\/pages\/62056","targetHints":{"allow":["GET"]}}],"collection":[{"href":"https:\/\/nordiskemediehus.dk\/se\/wp-json\/wp\/v2\/pages"}],"about":[{"href":"https:\/\/nordiskemediehus.dk\/se\/wp-json\/wp\/v2\/types\/page"}],"author":[{"embeddable":true,"href":"https:\/\/nordiskemediehus.dk\/se\/wp-json\/wp\/v2\/users\/4"}],"replies":[{"embeddable":true,"href":"https:\/\/nordiskemediehus.dk\/se\/wp-json\/wp\/v2\/comments?post=62056"}],"version-history":[{"count":31,"href":"https:\/\/nordiskemediehus.dk\/se\/wp-json\/wp\/v2\/pages\/62056\/revisions"}],"predecessor-version":[{"id":62100,"href":"https:\/\/nordiskemediehus.dk\/se\/wp-json\/wp\/v2\/pages\/62056\/revisions\/62100"}],"wp:attachment":[{"href":"https:\/\/nordiskemediehus.dk\/se\/wp-json\/wp\/v2\/media?parent=62056"}],"curies":[{"name":"wp","href":"https:\/\/api.w.org\/{rel}","templated":true}]}}